{"id":8705,"date":"2026-01-20T19:12:37","date_gmt":"2026-01-20T19:12:37","guid":{"rendered":"https:\/\/monsieur-prevention.com\/product\/mug-en-ceramique-monsieur-prevention-33-cl-11-oz\/"},"modified":"2026-01-20T19:13:30","modified_gmt":"2026-01-20T19:13:30","slug":"%d9%83%d9%88%d8%a8-%d8%b3%d9%8a%d8%b1%d8%a7%d9%85%d9%8a%d9%83-%d9%85%d9%86-%d9%85%d8%a7%d8%b1%d9%83%d8%a9-%d9%85%d8%b3%d8%aa%d8%b1-%d8%a8%d8%b1%d9%8a%d9%81%d9%86%d8%b4%d9%86%d8%8c-%d8%b3%d8%b9%d8%a9-3","status":"publish","type":"product","link":"https:\/\/monsieur-prevention.com\/ar\/product\/mug-en-ceramique-monsieur-prevention-33-cl-11-oz\/","title":{"rendered":"\u0643\u0648\u0628 \u0645\u0646 \u0627\u0644\u0633\u064a\u0631\u0627\u0645\u064a\u0643 \u00ab\u0645\u0633\u062a\u0631 \u0628\u0631\u064a\u0641\u0646\u062a\u064a\u0634\u0646\u00bb 33 \u0633\u0644 (11 \u0623\u0648\u0646\u0635\u0629)"},"content":{"rendered":"<p>\u0647\u0630\u0627 \u0627\u0644\u0643\u0648\u0628 \u0627\u0644\u062e\u0632\u0641\u064a \u0627\u0644\u0623\u0646\u064a\u0642 \u0645\u062b\u0627\u0644\u064a \u0644\u0623\u064a \u0648\u0642\u062a \u0645\u0646 \u0627\u0644\u064a\u0648\u0645: \u0642\u0647\u0648\u0629 \u0627\u0644\u0635\u0628\u0627\u062d\u060c \u0623\u0648 \u0627\u0644\u0634\u0648\u0643\u0648\u0644\u0627\u062a\u0629 \u0627\u0644\u0633\u0627\u062e\u0646\u0629\u060c \u0623\u0648 \u0623\u064a \u0645\u0634\u0631\u0648\u0628 \u0633\u0627\u062e\u0646 \u0622\u062e\u0631 \u062a\u0641\u0636\u0644\u0647. \u064a\u062a\u0645\u064a\u0632 \u0628\u0644\u0648\u0646\u0647 \u0627\u0644\u0623\u0628\u064a\u0636 \u0627\u0644\u0646\u0627\u0635\u0639\u060c \u0648\u062d\u0627\u0641\u062a\u0647 \u0627\u0644\u062f\u0627\u062e\u0644\u064a\u0629\u060c \u0648\u0645\u0642\u0628\u0636\u0647 \u0627\u0644\u0645\u0644\u0648\u0646. \u062a\u0628\u0631\u0632 \u0627\u0644\u0631\u0633\u0648\u0645\u0627\u062a \u0628\u0648\u0636\u0648\u062d \u0648\u062f\u0642\u0629 \u0639\u0627\u0644\u064a\u0629\u060c \u0645\u0639 \u062f\u0642\u0629 \u0645\u0645\u062a\u0627\u0632\u0629 \u0641\u064a \u0625\u0639\u0627\u062f\u0629 \u0625\u0646\u062a\u0627\u062c \u0627\u0644\u0623\u0644\u0648\u0627\u0646. \u064a\u062d\u0627\u0641\u0638 \u0627\u0644\u062a\u0635\u0645\u064a\u0645 \u0639\u0644\u0649 \u062c\u0648\u062f\u062a\u0647 \u0648\u0631\u0648\u0646\u0642\u0647 \u062d\u062a\u0649 \u0628\u0639\u062f \u062a\u0633\u062e\u064a\u0646\u0647 \u0641\u064a \u0627\u0644\u0645\u064a\u0643\u0631\u0648\u0648\u064a\u0641 \u0623\u0648 \u063a\u0633\u0644\u0647 \u0641\u064a \u063a\u0633\u0627\u0644\u0629 \u0627\u0644\u0623\u0637\u0628\u0627\u0642.<\/p>\n<\/p>\n<ul>\n<li>\n<p>\u0643\u0648\u0628 \u0633\u064a\u0631\u0627\u0645\u064a\u0643 \u0633\u0639\u0629 33 \u0633\u0646\u062a\u064a\u0644\u062a\u0631 (11 \u0623\u0648\u0646\u0635\u0629)<\/p>\n<\/li>\n<li>\n<p>\u0622\u0645\u0646 \u0644\u0644\u0627\u0633\u062a\u062e\u062f\u0627\u0645 \u0641\u064a \u063a\u0633\u0627\u0644\u0629 \u0627\u0644\u0635\u062d\u0648\u0646 \u0648\u0627\u0644\u0645\u064a\u0643\u0631\u0648\u0648\u064a\u0641<\/p>\n<\/li>\n<li>\n<p>\u0627\u0644\u0632\u062e\u0627\u0631\u0641 \u0627\u0644\u062f\u0627\u062e\u0644\u064a\u0629 \u0648\u0627\u0644\u0645\u0642\u0628\u0636 \u0627\u0644\u0645\u0644\u0648\u0646\u0629<\/p>\n<\/li>\n<li>\n<p>\u0645\u0646\u0637\u0642\u0629 \u0627\u0644\u0637\u0628\u0627\u0639\u0629 \u0627\u0644\u0628\u064a\u0636\u0627\u0621<\/p>\n<\/li>\n<\/ul>","protected":false},"excerpt":{"rendered":"<p>Ce mug en c\u00e9ramique \u00e9l\u00e9gant est parfait \u00e0 tout moment de la journ\u00e9e\u202f: caf\u00e9 du matin, chocolat chaud ou toute autre boisson chaude que [&hellip;]<\/p>\n","protected":false},"featured_media":8704,"template":"","meta":{"_acf_changed":false},"product_brand":[],"product_cat":[255],"product_tag":[],"class_list":{"0":"post-8705","1":"product","2":"type-product","3":"status-publish","4":"has-post-thumbnail","6":"product_cat-goodies","8":"first","9":"instock","10":"shipping-taxable","11":"purchasable","12":"product-type-variable"},"acf":[],"yoast_head":"<!-- This site is optimized with the Yoast SEO plugin v27.6 - https:\/\/yoast.com\/product\/yoast-seo-wordpress\/ -->\n<title>Mug en c\u00e9ramique &quot;Monsieur PREVENTION&quot; 33 cl (11 oz) - Monsieur Pr\u00e9vention<\/title>\n<meta name=\"robots\" content=\"index, follow, max-snippet:-1, max-image-preview:large, max-video-preview:-1\" \/>\n<link rel=\"canonical\" href=\"https:\/\/monsieur-prevention.com\/ar\/\u0645\u0646\u062a\u062c\/\u0643\u0648\u0628-\u0633\u064a\u0631\u0627\u0645\u064a\u0643-\u0645\u0646-\u0645\u0627\u0631\u0643\u0629-\u0645\u0633\u062a\u0631-\u0628\u0631\u064a\u0641\u0646\u0634\u0646\u060c-\u0633\u0639\u0629-3\/\" \/>\n<meta property=\"og:locale\" content=\"ar_AR\" \/>\n<meta property=\"og:type\" content=\"article\" \/>\n<meta property=\"og:title\" content=\"Mug en c\u00e9ramique &quot;Monsieur PREVENTION&quot; 33 cl (11 oz) - Monsieur Pr\u00e9vention\" \/>\n<meta property=\"og:description\" content=\"Ce mug en c\u00e9ramique \u00e9l\u00e9gant est parfait \u00e0 tout moment de la journ\u00e9e\u202f: caf\u00e9 du matin, chocolat chaud ou toute autre boisson chaude que [&hellip;]\" \/>\n<meta property=\"og:url\" content=\"https:\/\/monsieur-prevention.com\/ar\/\u0645\u0646\u062a\u062c\/\u0643\u0648\u0628-\u0633\u064a\u0631\u0627\u0645\u064a\u0643-\u0645\u0646-\u0645\u0627\u0631\u0643\u0629-\u0645\u0633\u062a\u0631-\u0628\u0631\u064a\u0641\u0646\u0634\u0646\u060c-\u0633\u0639\u0629-3\/\" \/>\n<meta property=\"og:site_name\" content=\"Monsieur Pr\u00e9vention\" \/>\n<meta property=\"article:modified_time\" content=\"2026-01-20T19:13:30+00:00\" \/>\n<meta property=\"og:image\" content=\"https:\/\/monsieur-prevention.com\/wp-content\/uploads\/2026\/01\/1200.png\" \/>\n\t<meta property=\"og:image:width\" content=\"1200\" \/>\n\t<meta property=\"og:image:height\" content=\"800\" \/>\n\t<meta property=\"og:image:type\" content=\"image\/png\" \/>\n<meta name=\"twitter:card\" content=\"summary_large_image\" \/>\n<meta name=\"twitter:site\" content=\"@SBrochot\" \/>\n<meta name=\"twitter:label1\" content=\"\u0648\u0642\u062a \u0627\u0644\u0642\u0631\u0627\u0621\u0629 \u0627\u0644\u0645\u064f\u0642\u062f\u0651\u0631\" \/>\n\t<meta name=\"twitter:data1\" content=\"\u062f\u0642\u064a\u0642\u0629 \u0648\u0627\u062d\u062f\u0629\" \/>\n<script type=\"application\/ld+json\" class=\"yoast-schema-graph\">{\"@context\":\"https:\\\/\\\/schema.org\",\"@graph\":[{\"@type\":\"WebPage\",\"@id\":\"https:\\\/\\\/monsieur-prevention.com\\\/product\\\/mug-en-ceramique-monsieur-prevention-33-cl-11-oz\\\/\",\"url\":\"https:\\\/\\\/monsieur-prevention.com\\\/product\\\/mug-en-ceramique-monsieur-prevention-33-cl-11-oz\\\/\",\"name\":\"Mug en c\u00e9ramique \\\"Monsieur PREVENTION\\\" 33 cl (11 oz) - Monsieur Pr\u00e9vention\",\"isPartOf\":{\"@id\":\"https:\\\/\\\/monsieur-prevention.com\\\/#website\"},\"primaryImageOfPage\":{\"@id\":\"https:\\\/\\\/monsieur-prevention.com\\\/product\\\/mug-en-ceramique-monsieur-prevention-33-cl-11-oz\\\/#primaryimage\"},\"image\":{\"@id\":\"https:\\\/\\\/monsieur-prevention.com\\\/product\\\/mug-en-ceramique-monsieur-prevention-33-cl-11-oz\\\/#primaryimage\"},\"thumbnailUrl\":\"https:\\\/\\\/monsieur-prevention.com\\\/wp-content\\\/uploads\\\/2026\\\/01\\\/eab7e87f-9a1e-43db-80d0-dcce3de1127a.jpg\",\"datePublished\":\"2026-01-20T19:12:37+00:00\",\"dateModified\":\"2026-01-20T19:13:30+00:00\",\"breadcrumb\":{\"@id\":\"https:\\\/\\\/monsieur-prevention.com\\\/product\\\/mug-en-ceramique-monsieur-prevention-33-cl-11-oz\\\/#breadcrumb\"},\"inLanguage\":\"ar\",\"potentialAction\":[{\"@type\":\"ReadAction\",\"target\":[\"https:\\\/\\\/monsieur-prevention.com\\\/product\\\/mug-en-ceramique-monsieur-prevention-33-cl-11-oz\\\/\"]}]},{\"@type\":\"ImageObject\",\"inLanguage\":\"ar\",\"@id\":\"https:\\\/\\\/monsieur-prevention.com\\\/product\\\/mug-en-ceramique-monsieur-prevention-33-cl-11-oz\\\/#primaryimage\",\"url\":\"https:\\\/\\\/monsieur-prevention.com\\\/wp-content\\\/uploads\\\/2026\\\/01\\\/eab7e87f-9a1e-43db-80d0-dcce3de1127a.jpg\",\"contentUrl\":\"https:\\\/\\\/monsieur-prevention.com\\\/wp-content\\\/uploads\\\/2026\\\/01\\\/eab7e87f-9a1e-43db-80d0-dcce3de1127a.jpg\",\"width\":2048,\"height\":2048,\"caption\":\"eab7e87f-9a1e-43db-80d0-dcce3de1127a\"},{\"@type\":\"BreadcrumbList\",\"@id\":\"https:\\\/\\\/monsieur-prevention.com\\\/product\\\/mug-en-ceramique-monsieur-prevention-33-cl-11-oz\\\/#breadcrumb\",\"itemListElement\":[{\"@type\":\"ListItem\",\"position\":1,\"name\":\"Home\",\"item\":\"https:\\\/\\\/monsieur-prevention.com\\\/\"},{\"@type\":\"ListItem\",\"position\":2,\"name\":\"Boutique\",\"item\":\"https:\\\/\\\/monsieur-prevention.com\\\/boutique\\\/\"},{\"@type\":\"ListItem\",\"position\":3,\"name\":\"Mug en c\u00e9ramique \u00ab\u00a0Monsieur PREVENTION\u00a0\u00bb 33 cl (11 oz)\"}]},{\"@type\":\"WebSite\",\"@id\":\"https:\\\/\\\/monsieur-prevention.com\\\/#website\",\"url\":\"https:\\\/\\\/monsieur-prevention.com\\\/\",\"name\":\"Monsieur Pr\u00e9vention \u2013 S\u00e9bastien Brochot\",\"description\":\"Des r\u00e9ponses concr\u00e8tes aux enjeux de la pr\u00e9vention des violences\",\"publisher\":{\"@id\":\"https:\\\/\\\/monsieur-prevention.com\\\/#\\\/schema\\\/person\\\/a98adec1ea87e537031f136cbe7ad955\"},\"alternateName\":\"Sebastien Brochot\",\"potentialAction\":[{\"@type\":\"SearchAction\",\"target\":{\"@type\":\"EntryPoint\",\"urlTemplate\":\"https:\\\/\\\/monsieur-prevention.com\\\/?s={search_term_string}\"},\"query-input\":{\"@type\":\"PropertyValueSpecification\",\"valueRequired\":true,\"valueName\":\"search_term_string\"}}],\"inLanguage\":\"ar\"},{\"@type\":[\"Person\",\"Organization\"],\"@id\":\"https:\\\/\\\/monsieur-prevention.com\\\/#\\\/schema\\\/person\\\/a98adec1ea87e537031f136cbe7ad955\",\"name\":\"S\u00e9bastien Brochot\",\"image\":{\"@type\":\"ImageObject\",\"inLanguage\":\"ar\",\"@id\":\"https:\\\/\\\/monsieur-prevention.com\\\/wp-content\\\/uploads\\\/2026\\\/01\\\/favicon.jpg\",\"url\":\"https:\\\/\\\/monsieur-prevention.com\\\/wp-content\\\/uploads\\\/2026\\\/01\\\/favicon.jpg\",\"contentUrl\":\"https:\\\/\\\/monsieur-prevention.com\\\/wp-content\\\/uploads\\\/2026\\\/01\\\/favicon.jpg\",\"width\":1024,\"height\":1024,\"caption\":\"S\u00e9bastien Brochot\"},\"logo\":{\"@id\":\"https:\\\/\\\/monsieur-prevention.com\\\/wp-content\\\/uploads\\\/2026\\\/01\\\/favicon.jpg\"},\"description\":\"Je m'appelle S\u00e9bastien Brochot, je suis sp\u00e9cialiste en strat\u00e9gies de pr\u00e9vention des violences.\",\"sameAs\":[\"https:\\\/\\\/sebastienbrochot.com\\\/\",\"https:\\\/\\\/www.instagram.com\\\/sebastien.brochot\\\/\",\"https:\\\/\\\/www.linkedin.com\\\/in\\\/sebastienbrochot\\\/\",\"https:\\\/\\\/x.com\\\/SBrochot\",\"https:\\\/\\\/www.youtube.com\\\/@preventoriumfr\"]}]}<\/script>\n<!-- \/ Yoast SEO plugin. -->","yoast_head_json":{"title":"\u0643\u0648\u0628 \u0633\u064a\u0631\u0627\u0645\u064a\u0643 &quot;Monsieur Pr\u00e9vention&quot;\u060c 33 \u0633\u0646\u062a\u064a\u0644\u062a\u0631 (11 \u0623\u0648\u0646\u0635\u0629) - Monsieur Pr\u00e9vention","robots":{"index":"index","follow":"follow","max-snippet":"max-snippet:-1","max-image-preview":"max-image-preview:large","max-video-preview":"max-video-preview:-1"},"canonical":"https:\/\/monsieur-prevention.com\/ar\/\u0645\u0646\u062a\u062c\/\u0643\u0648\u0628-\u0633\u064a\u0631\u0627\u0645\u064a\u0643-\u0645\u0646-\u0645\u0627\u0631\u0643\u0629-\u0645\u0633\u062a\u0631-\u0628\u0631\u064a\u0641\u0646\u0634\u0646\u060c-\u0633\u0639\u0629-3\/","og_locale":"ar_AR","og_type":"article","og_title":"Mug en c\u00e9ramique \"Monsieur PREVENTION\" 33 cl (11 oz) - Monsieur Pr\u00e9vention","og_description":"Ce mug en c\u00e9ramique \u00e9l\u00e9gant est parfait \u00e0 tout moment de la journ\u00e9e\u202f: caf\u00e9 du matin, chocolat chaud ou toute autre boisson chaude que [&hellip;]","og_url":"https:\/\/monsieur-prevention.com\/ar\/\u0645\u0646\u062a\u062c\/\u0643\u0648\u0628-\u0633\u064a\u0631\u0627\u0645\u064a\u0643-\u0645\u0646-\u0645\u0627\u0631\u0643\u0629-\u0645\u0633\u062a\u0631-\u0628\u0631\u064a\u0641\u0646\u0634\u0646\u060c-\u0633\u0639\u0629-3\/","og_site_name":"Monsieur Pr\u00e9vention","article_modified_time":"2026-01-20T19:13:30+00:00","og_image":[{"width":1200,"height":800,"url":"https:\/\/monsieur-prevention.com\/wp-content\/uploads\/2026\/01\/1200.png","type":"image\/png"}],"twitter_card":"summary_large_image","twitter_site":"@SBrochot","twitter_misc":{"\u0648\u0642\u062a \u0627\u0644\u0642\u0631\u0627\u0621\u0629 \u0627\u0644\u0645\u064f\u0642\u062f\u0651\u0631":"\u062f\u0642\u064a\u0642\u0629 \u0648\u0627\u062d\u062f\u0629"},"schema":{"@context":"https:\/\/schema.org","@graph":[{"@type":"WebPage","@id":"https:\/\/monsieur-prevention.com\/product\/mug-en-ceramique-monsieur-prevention-33-cl-11-oz\/","url":"https:\/\/monsieur-prevention.com\/product\/mug-en-ceramique-monsieur-prevention-33-cl-11-oz\/","name":"\u0643\u0648\u0628 \u0633\u064a\u0631\u0627\u0645\u064a\u0643 &quot;Monsieur Pr\u00e9vention&quot;\u060c 33 \u0633\u0646\u062a\u064a\u0644\u062a\u0631 (11 \u0623\u0648\u0646\u0635\u0629) - Monsieur Pr\u00e9vention","isPartOf":{"@id":"https:\/\/monsieur-prevention.com\/#website"},"primaryImageOfPage":{"@id":"https:\/\/monsieur-prevention.com\/product\/mug-en-ceramique-monsieur-prevention-33-cl-11-oz\/#primaryimage"},"image":{"@id":"https:\/\/monsieur-prevention.com\/product\/mug-en-ceramique-monsieur-prevention-33-cl-11-oz\/#primaryimage"},"thumbnailUrl":"https:\/\/monsieur-prevention.com\/wp-content\/uploads\/2026\/01\/eab7e87f-9a1e-43db-80d0-dcce3de1127a.jpg","datePublished":"2026-01-20T19:12:37+00:00","dateModified":"2026-01-20T19:13:30+00:00","breadcrumb":{"@id":"https:\/\/monsieur-prevention.com\/product\/mug-en-ceramique-monsieur-prevention-33-cl-11-oz\/#breadcrumb"},"inLanguage":"ar","potentialAction":[{"@type":"ReadAction","target":["https:\/\/monsieur-prevention.com\/product\/mug-en-ceramique-monsieur-prevention-33-cl-11-oz\/"]}]},{"@type":"ImageObject","inLanguage":"ar","@id":"https:\/\/monsieur-prevention.com\/product\/mug-en-ceramique-monsieur-prevention-33-cl-11-oz\/#primaryimage","url":"https:\/\/monsieur-prevention.com\/wp-content\/uploads\/2026\/01\/eab7e87f-9a1e-43db-80d0-dcce3de1127a.jpg","contentUrl":"https:\/\/monsieur-prevention.com\/wp-content\/uploads\/2026\/01\/eab7e87f-9a1e-43db-80d0-dcce3de1127a.jpg","width":2048,"height":2048,"caption":"eab7e87f-9a1e-43db-80d0-dcce3de1127a"},{"@type":"BreadcrumbList","@id":"https:\/\/monsieur-prevention.com\/product\/mug-en-ceramique-monsieur-prevention-33-cl-11-oz\/#breadcrumb","itemListElement":[{"@type":"ListItem","position":1,"name":"Home","item":"https:\/\/monsieur-prevention.com\/"},{"@type":"ListItem","position":2,"name":"Boutique","item":"https:\/\/monsieur-prevention.com\/boutique\/"},{"@type":"ListItem","position":3,"name":"Mug en c\u00e9ramique \u00ab\u00a0Monsieur PREVENTION\u00a0\u00bb 33 cl (11 oz)"}]},{"@type":"WebSite","@id":"https:\/\/monsieur-prevention.com\/#website","url":"https:\/\/monsieur-prevention.com\/","name":"\u0627\u0644\u0633\u064a\u062f \u0627\u0644\u0648\u0642\u0627\u064a\u0629 - \u0633\u064a\u0628\u0627\u0633\u062a\u064a\u0627\u0646 \u0628\u0631\u0648\u0634\u0648","description":"\u0627\u0644\u0627\u0633\u062a\u062c\u0627\u0628\u0627\u062a \u0627\u0644\u0639\u0645\u0644\u064a\u0629 \u0644\u062a\u062d\u062f\u064a\u0627\u062a \u0645\u0646\u0639 \u0627\u0644\u0639\u0646\u0641","publisher":{"@id":"https:\/\/monsieur-prevention.com\/#\/schema\/person\/a98adec1ea87e537031f136cbe7ad955"},"alternateName":"Sebastien Brochot","potentialAction":[{"@type":"SearchAction","target":{"@type":"EntryPoint","urlTemplate":"https:\/\/monsieur-prevention.com\/?s={search_term_string}"},"query-input":{"@type":"PropertyValueSpecification","valueRequired":true,"valueName":"search_term_string"}}],"inLanguage":"ar"},{"@type":["Person","Organization"],"@id":"https:\/\/monsieur-prevention.com\/#\/schema\/person\/a98adec1ea87e537031f136cbe7ad955","name":"\u0633\u064a\u0628\u0627\u0633\u062a\u064a\u0627\u0646 \u0628\u0631\u0648\u0634\u0648","image":{"@type":"ImageObject","inLanguage":"ar","@id":"https:\/\/monsieur-prevention.com\/wp-content\/uploads\/2026\/01\/favicon.jpg","url":"https:\/\/monsieur-prevention.com\/wp-content\/uploads\/2026\/01\/favicon.jpg","contentUrl":"https:\/\/monsieur-prevention.com\/wp-content\/uploads\/2026\/01\/favicon.jpg","width":1024,"height":1024,"caption":"S\u00e9bastien Brochot"},"logo":{"@id":"https:\/\/monsieur-prevention.com\/wp-content\/uploads\/2026\/01\/favicon.jpg"},"description":"\u0627\u0633\u0645\u064a \u0633\u064a\u0628\u0627\u0633\u062a\u064a\u0627\u0646 \u0628\u0631\u0648\u0634\u0648 \u0648\u0623\u0646\u0627 \u0645\u062a\u062e\u0635\u0635 \u0641\u064a \u0627\u0633\u062a\u0631\u0627\u062a\u064a\u062c\u064a\u0627\u062a \u0645\u0646\u0639 \u0627\u0644\u0639\u0646\u0641.","sameAs":["https:\/\/sebastienbrochot.com\/","https:\/\/www.instagram.com\/sebastien.brochot\/","https:\/\/www.linkedin.com\/in\/sebastienbrochot\/","https:\/\/x.com\/SBrochot","https:\/\/www.youtube.com\/@preventoriumfr"]}]}},"_links":{"self":[{"href":"https:\/\/monsieur-prevention.com\/ar\/wp-json\/wp\/v2\/product\/8705","targetHints":{"allow":["GET"]}}],"collection":[{"href":"https:\/\/monsieur-prevention.com\/ar\/wp-json\/wp\/v2\/product"}],"about":[{"href":"https:\/\/monsieur-prevention.com\/ar\/wp-json\/wp\/v2\/types\/product"}],"wp:featuredmedia":[{"embeddable":true,"href":"https:\/\/monsieur-prevention.com\/ar\/wp-json\/wp\/v2\/media\/8704"}],"wp:attachment":[{"href":"https:\/\/monsieur-prevention.com\/ar\/wp-json\/wp\/v2\/media?parent=8705"}],"wp:term":[{"taxonomy":"product_brand","embeddable":true,"href":"https:\/\/monsieur-prevention.com\/ar\/wp-json\/wp\/v2\/product_brand?post=8705"},{"taxonomy":"product_cat","embeddable":true,"href":"https:\/\/monsieur-prevention.com\/ar\/wp-json\/wp\/v2\/product_cat?post=8705"},{"taxonomy":"product_tag","embeddable":true,"href":"https:\/\/monsieur-prevention.com\/ar\/wp-json\/wp\/v2\/product_tag?post=8705"}],"curies":[{"name":"wp","href":"https:\/\/api.w.org\/{rel}","templated":true}]}}