{"id":8834,"date":"2026-02-10T19:49:02","date_gmt":"2026-02-10T19:49:02","guid":{"rendered":"https:\/\/monsieur-prevention.com\/product\/affiche-de-prevention-en-francais-dans-un-cadre-en-bois-4-couleurs\/"},"modified":"2026-02-11T18:53:29","modified_gmt":"2026-02-11T18:53:29","slug":"%d9%85%d9%84%d8%b5%d9%82-%d9%88%d9%82%d8%a7%d8%a6%d9%8a-%d8%a8%d8%a7%d9%84%d9%84%d8%ba%d8%a9-%d8%a7%d9%84%d9%81%d8%b1%d9%86%d8%b3%d9%8a%d8%a9-%d9%81%d9%8a-%d8%a5%d8%b7%d8%a7%d8%b1-%d8%ae%d8%b4%d8%a8-2","status":"publish","type":"product","link":"https:\/\/monsieur-prevention.com\/ar\/product\/affiche-de-prevention-en-francais-dans-un-cadre-en-bois-4-couleurs\/","title":{"rendered":"\u0645\u0644\u0635\u0642 \u0648\u0642\u0627\u0626\u064a \u0628\u0627\u0644\u0644\u063a\u0629 \u0627\u0644\u0641\u0631\u0646\u0633\u064a\u0629 \u0641\u064a \u0625\u0637\u0627\u0631 \u062e\u0634\u0628\u064a (4 \u0623\u0644\u0648\u0627\u0646)"},"content":{"rendered":"<p>\u0645\u0644\u0635\u0642\u0627\u062a\u0646\u0627 \u0627\u0644\u0645\u0624\u0637\u0631\u0629 \u0627\u0644\u0645\u062a\u064a\u0646\u0629 \u0648\u0627\u0644\u0635\u0644\u0628\u0629 \u062c\u0627\u0647\u0632\u0629 \u0644\u0644\u062a\u0639\u0644\u064a\u0642. \u0627\u0633\u062a\u0645\u062a\u0639 \u0628\u0645\u0637\u0628\u0648\u0639\u0627\u062a \u0641\u0646\u064a\u0629 \u0639\u0627\u0644\u064a\u0629 \u0627\u0644\u062c\u0648\u062f\u0629 \u0639\u0644\u0649 \u0648\u0631\u0642 \u0643\u0644\u0627\u0633\u064a\u0643\u064a \u062e\u0641\u064a\u0641 \u0627\u0644\u0648\u0632\u0646 \u0648\u0623\u0646\u064a\u0642 \u0634\u0628\u0647 \u0644\u0627\u0645\u0639.<\/p>\n<ul>\n<li>\u0645\u0632\u0648\u062f \u0628\u0645\u062c\u0645\u0648\u0639\u0629 \u0623\u062f\u0648\u0627\u062a \u062a\u062b\u0628\u064a\u062a\u060c \u0644\u0644\u062a\u0631\u0643\u064a\u0628 \u0627\u0644\u0645\u0628\u0627\u0634\u0631 \u0639\u0644\u0649 \u0627\u0644\u062d\u0627\u0626\u0637.<\/li>\n<li>\u0645\u0627\u062f\u0629 \u0627\u0644\u0625\u0637\u0627\u0631: \u062e\u0634\u0628 \u0627\u0644\u0635\u0646\u0648\u0628\u0631 \u0627\u0644\u0645\u062a\u064a\u0646.<\/li>\n<li>\u0623\u0644\u0648\u0627\u0646 \u0627\u0644\u0625\u0637\u0627\u0631: \u0627\u0644\u0623\u0633\u0648\u062f\u060c \u0627\u0644\u0623\u0628\u064a\u0636 (\u0644\u0645\u0633\u0629 \u0646\u0647\u0627\u0626\u064a\u0629 \u0646\u0627\u0639\u0645\u0629)\u060c \u0627\u0644\u062e\u0634\u0628 \u0627\u0644\u0637\u0628\u064a\u0639\u064a \u0648\u0627\u0644\u0628\u0646\u064a \u0627\u0644\u062f\u0627\u0643\u0646 (\u062d\u0628\u064a\u0628\u0627\u062a \u0645\u0631\u0626\u064a\u0629).<\/li>\n<li>\u0623\u0628\u0639\u0627\u062f \u0627\u0644\u0625\u0637\u0627\u0631: \u0633\u0645\u0643 \u0645\u0646 20 \u0625\u0644\u0649 25 \u0645\u0645 (0.79 \u0628\u0648\u0635\u0629 \u0625\u0644\u0649 0.98 \u0628\u0648\u0635\u0629)\u060c \u0639\u0631\u0636 \u0645\u0646 10 \u0625\u0644\u0649 14 \u0645\u0645 (0.4 \u0628\u0648\u0635\u0629 \u0625\u0644\u0649 0.6 \u0628\u0648\u0635\u0629).<\/li>\n<li>\u0648\u0632\u0646 \u0627\u0644\u0648\u0631\u0642: 170 \u062c\u0645\/\u0645\u00b2 (65 \u0631\u0637\u0644)\u060c \u0627\u0644\u0633\u0645\u0627\u0643\u0629: 0.19 \u0645\u0645 (7.5 \u0645\u0644).<\/li>\n<li>\u062a\u0634\u0637\u064a\u0628 \u0627\u0644\u0648\u0631\u0642: \u0634\u0628\u0647 \u0644\u0627\u0645\u0639\u060c \u064a\u0639\u0632\u0632 \u0627\u0644\u0623\u0644\u0648\u0627\u0646 \u0628\u0644\u0645\u0639\u0627\u0646 \u062e\u0641\u064a\u0641.<\/li>\n<li>\u0627\u0644\u062d\u0645\u0627\u064a\u0629: \u0632\u062c\u0627\u062c \u0634\u0628\u0643\u064a \u063a\u064a\u0631 \u0642\u0627\u0628\u0644 \u0644\u0644\u0643\u0633\u0631 \u064a\u062d\u0645\u064a \u0627\u0644\u0645\u0644\u0635\u0642.<\/li>\n<li>\u0648\u0631\u0642 \u0645\u0633\u062a\u062f\u0627\u0645: \u0645\u0648\u0627\u062f \u0645\u0639\u062a\u0645\u062f\u0629 \u0645\u0646 \u0645\u062c\u0644\u0633 \u0631\u0639\u0627\u064a\u0629 \u0627\u0644\u063a\u0627\u0628\u0627\u062a (FSC) \u0623\u0648 \u0645\u0627 \u064a\u0639\u0627\u062f\u0644\u0647\u0627.<\/li>\n<\/ul>\n<p>\u0644\u0627 \u064a\u0648\u062c\u062f \u062d\u062f \u0623\u062f\u0646\u0649 \u0644\u0644\u0637\u0644\u0628. \u0627\u0644\u0637\u0628\u0627\u0639\u0629 \u0648\u0627\u0644\u0634\u062d\u0646 \u062d\u0633\u0628 \u0627\u0644\u0637\u0644\u0628.<\/p>","protected":false},"excerpt":{"rendered":"<p>Nos affiches encadr\u00e9es en bois, solides et durables, sont pr\u00eates \u00e0 \u00eatre accroch\u00e9es. Profitez d\u2019impressions artistiques de haute qualit\u00e9 sur un papier semi-brillant classique, [&hellip;]<\/p>\n","protected":false},"featured_media":8852,"template":"","meta":{"_acf_changed":false},"product_brand":[],"product_cat":[436],"product_tag":[],"class_list":{"0":"post-8834","1":"product","2":"type-product","3":"status-publish","4":"has-post-thumbnail","6":"product_cat-posters","8":"first","9":"instock","10":"shipping-taxable","11":"purchasable","12":"product-type-variable"},"acf":[],"yoast_head":"<!-- This site is optimized with the Yoast SEO plugin v27.6 - https:\/\/yoast.com\/product\/yoast-seo-wordpress\/ -->\n<title>Affiche de pr\u00e9vention en fran\u00e7ais dans un cadre en bois (4 couleurs) - Monsieur Pr\u00e9vention<\/title>\n<meta name=\"robots\" content=\"index, follow, max-snippet:-1, max-image-preview:large, max-video-preview:-1\" \/>\n<link rel=\"canonical\" href=\"https:\/\/monsieur-prevention.com\/ar\/\u0645\u0646\u062a\u062c\/\u0645\u0644\u0635\u0642-\u0648\u0642\u0627\u0626\u064a-\u0628\u0627\u0644\u0644\u063a\u0629-\u0627\u0644\u0641\u0631\u0646\u0633\u064a\u0629-\u0641\u064a-\u0625\u0637\u0627\u0631-\u062e\u0634\u0628-2\/\" \/>\n<meta property=\"og:locale\" content=\"ar_AR\" \/>\n<meta property=\"og:type\" content=\"article\" \/>\n<meta property=\"og:title\" content=\"Affiche de pr\u00e9vention en fran\u00e7ais dans un cadre en bois (4 couleurs) - Monsieur Pr\u00e9vention\" \/>\n<meta property=\"og:description\" content=\"Nos affiches encadr\u00e9es en bois, solides et durables, sont pr\u00eates \u00e0 \u00eatre accroch\u00e9es. Profitez d\u2019impressions artistiques de haute qualit\u00e9 sur un papier semi-brillant classique, [&hellip;]\" \/>\n<meta property=\"og:url\" content=\"https:\/\/monsieur-prevention.com\/ar\/\u0645\u0646\u062a\u062c\/\u0645\u0644\u0635\u0642-\u0648\u0642\u0627\u0626\u064a-\u0628\u0627\u0644\u0644\u063a\u0629-\u0627\u0644\u0641\u0631\u0646\u0633\u064a\u0629-\u0641\u064a-\u0625\u0637\u0627\u0631-\u062e\u0634\u0628-2\/\" \/>\n<meta property=\"og:site_name\" content=\"Monsieur Pr\u00e9vention\" \/>\n<meta property=\"article:modified_time\" content=\"2026-02-11T18:53:29+00:00\" \/>\n<meta property=\"og:image\" content=\"https:\/\/monsieur-prevention.com\/wp-content\/uploads\/2026\/02\/6aba765c-0a05-4e32-b722-f49de3869f59.jpg\" \/>\n\t<meta property=\"og:image:width\" content=\"2048\" \/>\n\t<meta property=\"og:image:height\" content=\"2048\" \/>\n\t<meta property=\"og:image:type\" content=\"image\/jpeg\" \/>\n<meta name=\"twitter:card\" content=\"summary_large_image\" \/>\n<meta name=\"twitter:site\" content=\"@SBrochot\" \/>\n<meta name=\"twitter:label1\" content=\"\u0648\u0642\u062a \u0627\u0644\u0642\u0631\u0627\u0621\u0629 \u0627\u0644\u0645\u064f\u0642\u062f\u0651\u0631\" \/>\n\t<meta name=\"twitter:data1\" content=\"\u062f\u0642\u064a\u0642\u0629 \u0648\u0627\u062d\u062f\u0629\" \/>\n<script type=\"application\/ld+json\" class=\"yoast-schema-graph\">{\"@context\":\"https:\\\/\\\/schema.org\",\"@graph\":[{\"@type\":\"WebPage\",\"@id\":\"https:\\\/\\\/monsieur-prevention.com\\\/product\\\/affiche-de-prevention-en-francais-dans-un-cadre-en-bois-4-couleurs\\\/\",\"url\":\"https:\\\/\\\/monsieur-prevention.com\\\/product\\\/affiche-de-prevention-en-francais-dans-un-cadre-en-bois-4-couleurs\\\/\",\"name\":\"Affiche de pr\u00e9vention en fran\u00e7ais dans un cadre en bois (4 couleurs) - Monsieur Pr\u00e9vention\",\"isPartOf\":{\"@id\":\"https:\\\/\\\/monsieur-prevention.com\\\/#website\"},\"primaryImageOfPage\":{\"@id\":\"https:\\\/\\\/monsieur-prevention.com\\\/product\\\/affiche-de-prevention-en-francais-dans-un-cadre-en-bois-4-couleurs\\\/#primaryimage\"},\"image\":{\"@id\":\"https:\\\/\\\/monsieur-prevention.com\\\/product\\\/affiche-de-prevention-en-francais-dans-un-cadre-en-bois-4-couleurs\\\/#primaryimage\"},\"thumbnailUrl\":\"https:\\\/\\\/monsieur-prevention.com\\\/wp-content\\\/uploads\\\/2026\\\/02\\\/6aba765c-0a05-4e32-b722-f49de3869f59.jpg\",\"datePublished\":\"2026-02-10T19:49:02+00:00\",\"dateModified\":\"2026-02-11T18:53:29+00:00\",\"breadcrumb\":{\"@id\":\"https:\\\/\\\/monsieur-prevention.com\\\/product\\\/affiche-de-prevention-en-francais-dans-un-cadre-en-bois-4-couleurs\\\/#breadcrumb\"},\"inLanguage\":\"ar\",\"potentialAction\":[{\"@type\":\"ReadAction\",\"target\":[\"https:\\\/\\\/monsieur-prevention.com\\\/product\\\/affiche-de-prevention-en-francais-dans-un-cadre-en-bois-4-couleurs\\\/\"]}]},{\"@type\":\"ImageObject\",\"inLanguage\":\"ar\",\"@id\":\"https:\\\/\\\/monsieur-prevention.com\\\/product\\\/affiche-de-prevention-en-francais-dans-un-cadre-en-bois-4-couleurs\\\/#primaryimage\",\"url\":\"https:\\\/\\\/monsieur-prevention.com\\\/wp-content\\\/uploads\\\/2026\\\/02\\\/6aba765c-0a05-4e32-b722-f49de3869f59.jpg\",\"contentUrl\":\"https:\\\/\\\/monsieur-prevention.com\\\/wp-content\\\/uploads\\\/2026\\\/02\\\/6aba765c-0a05-4e32-b722-f49de3869f59.jpg\",\"width\":2048,\"height\":2048,\"caption\":\"6aba765c-0a05-4e32-b722-f49de3869f59\"},{\"@type\":\"BreadcrumbList\",\"@id\":\"https:\\\/\\\/monsieur-prevention.com\\\/product\\\/affiche-de-prevention-en-francais-dans-un-cadre-en-bois-4-couleurs\\\/#breadcrumb\",\"itemListElement\":[{\"@type\":\"ListItem\",\"position\":1,\"name\":\"Home\",\"item\":\"https:\\\/\\\/monsieur-prevention.com\\\/\"},{\"@type\":\"ListItem\",\"position\":2,\"name\":\"Boutique\",\"item\":\"https:\\\/\\\/monsieur-prevention.com\\\/boutique\\\/\"},{\"@type\":\"ListItem\",\"position\":3,\"name\":\"Affiche de pr\u00e9vention en fran\u00e7ais dans un cadre en bois (4 couleurs)\"}]},{\"@type\":\"WebSite\",\"@id\":\"https:\\\/\\\/monsieur-prevention.com\\\/#website\",\"url\":\"https:\\\/\\\/monsieur-prevention.com\\\/\",\"name\":\"Monsieur Pr\u00e9vention \u2013 S\u00e9bastien Brochot\",\"description\":\"Des r\u00e9ponses concr\u00e8tes aux enjeux de la pr\u00e9vention des violences\",\"publisher\":{\"@id\":\"https:\\\/\\\/monsieur-prevention.com\\\/#\\\/schema\\\/person\\\/a98adec1ea87e537031f136cbe7ad955\"},\"alternateName\":\"Sebastien Brochot\",\"potentialAction\":[{\"@type\":\"SearchAction\",\"target\":{\"@type\":\"EntryPoint\",\"urlTemplate\":\"https:\\\/\\\/monsieur-prevention.com\\\/?s={search_term_string}\"},\"query-input\":{\"@type\":\"PropertyValueSpecification\",\"valueRequired\":true,\"valueName\":\"search_term_string\"}}],\"inLanguage\":\"ar\"},{\"@type\":[\"Person\",\"Organization\"],\"@id\":\"https:\\\/\\\/monsieur-prevention.com\\\/#\\\/schema\\\/person\\\/a98adec1ea87e537031f136cbe7ad955\",\"name\":\"S\u00e9bastien Brochot\",\"image\":{\"@type\":\"ImageObject\",\"inLanguage\":\"ar\",\"@id\":\"https:\\\/\\\/monsieur-prevention.com\\\/wp-content\\\/uploads\\\/2026\\\/01\\\/favicon.jpg\",\"url\":\"https:\\\/\\\/monsieur-prevention.com\\\/wp-content\\\/uploads\\\/2026\\\/01\\\/favicon.jpg\",\"contentUrl\":\"https:\\\/\\\/monsieur-prevention.com\\\/wp-content\\\/uploads\\\/2026\\\/01\\\/favicon.jpg\",\"width\":1024,\"height\":1024,\"caption\":\"S\u00e9bastien Brochot\"},\"logo\":{\"@id\":\"https:\\\/\\\/monsieur-prevention.com\\\/wp-content\\\/uploads\\\/2026\\\/01\\\/favicon.jpg\"},\"description\":\"Je m'appelle S\u00e9bastien Brochot, je suis sp\u00e9cialiste en strat\u00e9gies de pr\u00e9vention des violences.\",\"sameAs\":[\"https:\\\/\\\/sebastienbrochot.com\\\/\",\"https:\\\/\\\/www.instagram.com\\\/sebastien.brochot\\\/\",\"https:\\\/\\\/www.linkedin.com\\\/in\\\/sebastienbrochot\\\/\",\"https:\\\/\\\/x.com\\\/SBrochot\",\"https:\\\/\\\/www.youtube.com\\\/@preventoriumfr\"]}]}<\/script>\n<!-- \/ Yoast SEO plugin. -->","yoast_head_json":{"title":"\u0645\u0644\u0635\u0642 \u0648\u0642\u0627\u0626\u064a \u0628\u0627\u0644\u0644\u063a\u0629 \u0627\u0644\u0641\u0631\u0646\u0633\u064a\u0629 \u0641\u064a \u0625\u0637\u0627\u0631 \u062e\u0634\u0628\u064a (4 \u0623\u0644\u0648\u0627\u0646) - \u0627\u0644\u0633\u064a\u062f \u0627\u0644\u0648\u0642\u0627\u064a\u0629","robots":{"index":"index","follow":"follow","max-snippet":"max-snippet:-1","max-image-preview":"max-image-preview:large","max-video-preview":"max-video-preview:-1"},"canonical":"https:\/\/monsieur-prevention.com\/ar\/\u0645\u0646\u062a\u062c\/\u0645\u0644\u0635\u0642-\u0648\u0642\u0627\u0626\u064a-\u0628\u0627\u0644\u0644\u063a\u0629-\u0627\u0644\u0641\u0631\u0646\u0633\u064a\u0629-\u0641\u064a-\u0625\u0637\u0627\u0631-\u062e\u0634\u0628-2\/","og_locale":"ar_AR","og_type":"article","og_title":"Affiche de pr\u00e9vention en fran\u00e7ais dans un cadre en bois (4 couleurs) - Monsieur Pr\u00e9vention","og_description":"Nos affiches encadr\u00e9es en bois, solides et durables, sont pr\u00eates \u00e0 \u00eatre accroch\u00e9es. Profitez d\u2019impressions artistiques de haute qualit\u00e9 sur un papier semi-brillant classique, [&hellip;]","og_url":"https:\/\/monsieur-prevention.com\/ar\/\u0645\u0646\u062a\u062c\/\u0645\u0644\u0635\u0642-\u0648\u0642\u0627\u0626\u064a-\u0628\u0627\u0644\u0644\u063a\u0629-\u0627\u0644\u0641\u0631\u0646\u0633\u064a\u0629-\u0641\u064a-\u0625\u0637\u0627\u0631-\u062e\u0634\u0628-2\/","og_site_name":"Monsieur Pr\u00e9vention","article_modified_time":"2026-02-11T18:53:29+00:00","og_image":[{"width":2048,"height":2048,"url":"https:\/\/monsieur-prevention.com\/wp-content\/uploads\/2026\/02\/6aba765c-0a05-4e32-b722-f49de3869f59.jpg","type":"image\/jpeg"}],"twitter_card":"summary_large_image","twitter_site":"@SBrochot","twitter_misc":{"\u0648\u0642\u062a \u0627\u0644\u0642\u0631\u0627\u0621\u0629 \u0627\u0644\u0645\u064f\u0642\u062f\u0651\u0631":"\u062f\u0642\u064a\u0642\u0629 \u0648\u0627\u062d\u062f\u0629"},"schema":{"@context":"https:\/\/schema.org","@graph":[{"@type":"WebPage","@id":"https:\/\/monsieur-prevention.com\/product\/affiche-de-prevention-en-francais-dans-un-cadre-en-bois-4-couleurs\/","url":"https:\/\/monsieur-prevention.com\/product\/affiche-de-prevention-en-francais-dans-un-cadre-en-bois-4-couleurs\/","name":"\u0645\u0644\u0635\u0642 \u0648\u0642\u0627\u0626\u064a \u0628\u0627\u0644\u0644\u063a\u0629 \u0627\u0644\u0641\u0631\u0646\u0633\u064a\u0629 \u0641\u064a \u0625\u0637\u0627\u0631 \u062e\u0634\u0628\u064a (4 \u0623\u0644\u0648\u0627\u0646) - \u0627\u0644\u0633\u064a\u062f \u0627\u0644\u0648\u0642\u0627\u064a\u0629","isPartOf":{"@id":"https:\/\/monsieur-prevention.com\/#website"},"primaryImageOfPage":{"@id":"https:\/\/monsieur-prevention.com\/product\/affiche-de-prevention-en-francais-dans-un-cadre-en-bois-4-couleurs\/#primaryimage"},"image":{"@id":"https:\/\/monsieur-prevention.com\/product\/affiche-de-prevention-en-francais-dans-un-cadre-en-bois-4-couleurs\/#primaryimage"},"thumbnailUrl":"https:\/\/monsieur-prevention.com\/wp-content\/uploads\/2026\/02\/6aba765c-0a05-4e32-b722-f49de3869f59.jpg","datePublished":"2026-02-10T19:49:02+00:00","dateModified":"2026-02-11T18:53:29+00:00","breadcrumb":{"@id":"https:\/\/monsieur-prevention.com\/product\/affiche-de-prevention-en-francais-dans-un-cadre-en-bois-4-couleurs\/#breadcrumb"},"inLanguage":"ar","potentialAction":[{"@type":"ReadAction","target":["https:\/\/monsieur-prevention.com\/product\/affiche-de-prevention-en-francais-dans-un-cadre-en-bois-4-couleurs\/"]}]},{"@type":"ImageObject","inLanguage":"ar","@id":"https:\/\/monsieur-prevention.com\/product\/affiche-de-prevention-en-francais-dans-un-cadre-en-bois-4-couleurs\/#primaryimage","url":"https:\/\/monsieur-prevention.com\/wp-content\/uploads\/2026\/02\/6aba765c-0a05-4e32-b722-f49de3869f59.jpg","contentUrl":"https:\/\/monsieur-prevention.com\/wp-content\/uploads\/2026\/02\/6aba765c-0a05-4e32-b722-f49de3869f59.jpg","width":2048,"height":2048,"caption":"6aba765c-0a05-4e32-b722-f49de3869f59"},{"@type":"BreadcrumbList","@id":"https:\/\/monsieur-prevention.com\/product\/affiche-de-prevention-en-francais-dans-un-cadre-en-bois-4-couleurs\/#breadcrumb","itemListElement":[{"@type":"ListItem","position":1,"name":"Home","item":"https:\/\/monsieur-prevention.com\/"},{"@type":"ListItem","position":2,"name":"Boutique","item":"https:\/\/monsieur-prevention.com\/boutique\/"},{"@type":"ListItem","position":3,"name":"Affiche de pr\u00e9vention en fran\u00e7ais dans un cadre en bois (4 couleurs)"}]},{"@type":"WebSite","@id":"https:\/\/monsieur-prevention.com\/#website","url":"https:\/\/monsieur-prevention.com\/","name":"\u0627\u0644\u0633\u064a\u062f \u0627\u0644\u0648\u0642\u0627\u064a\u0629 - \u0633\u064a\u0628\u0627\u0633\u062a\u064a\u0627\u0646 \u0628\u0631\u0648\u0634\u0648","description":"\u0627\u0644\u0627\u0633\u062a\u062c\u0627\u0628\u0627\u062a \u0627\u0644\u0639\u0645\u0644\u064a\u0629 \u0644\u062a\u062d\u062f\u064a\u0627\u062a \u0645\u0646\u0639 \u0627\u0644\u0639\u0646\u0641","publisher":{"@id":"https:\/\/monsieur-prevention.com\/#\/schema\/person\/a98adec1ea87e537031f136cbe7ad955"},"alternateName":"Sebastien Brochot","potentialAction":[{"@type":"SearchAction","target":{"@type":"EntryPoint","urlTemplate":"https:\/\/monsieur-prevention.com\/?s={search_term_string}"},"query-input":{"@type":"PropertyValueSpecification","valueRequired":true,"valueName":"search_term_string"}}],"inLanguage":"ar"},{"@type":["Person","Organization"],"@id":"https:\/\/monsieur-prevention.com\/#\/schema\/person\/a98adec1ea87e537031f136cbe7ad955","name":"\u0633\u064a\u0628\u0627\u0633\u062a\u064a\u0627\u0646 \u0628\u0631\u0648\u0634\u0648","image":{"@type":"ImageObject","inLanguage":"ar","@id":"https:\/\/monsieur-prevention.com\/wp-content\/uploads\/2026\/01\/favicon.jpg","url":"https:\/\/monsieur-prevention.com\/wp-content\/uploads\/2026\/01\/favicon.jpg","contentUrl":"https:\/\/monsieur-prevention.com\/wp-content\/uploads\/2026\/01\/favicon.jpg","width":1024,"height":1024,"caption":"S\u00e9bastien Brochot"},"logo":{"@id":"https:\/\/monsieur-prevention.com\/wp-content\/uploads\/2026\/01\/favicon.jpg"},"description":"\u0627\u0633\u0645\u064a \u0633\u064a\u0628\u0627\u0633\u062a\u064a\u0627\u0646 \u0628\u0631\u0648\u0634\u0648 \u0648\u0623\u0646\u0627 \u0645\u062a\u062e\u0635\u0635 \u0641\u064a \u0627\u0633\u062a\u0631\u0627\u062a\u064a\u062c\u064a\u0627\u062a \u0645\u0646\u0639 \u0627\u0644\u0639\u0646\u0641.","sameAs":["https:\/\/sebastienbrochot.com\/","https:\/\/www.instagram.com\/sebastien.brochot\/","https:\/\/www.linkedin.com\/in\/sebastienbrochot\/","https:\/\/x.com\/SBrochot","https:\/\/www.youtube.com\/@preventoriumfr"]}]}},"_links":{"self":[{"href":"https:\/\/monsieur-prevention.com\/ar\/wp-json\/wp\/v2\/product\/8834","targetHints":{"allow":["GET"]}}],"collection":[{"href":"https:\/\/monsieur-prevention.com\/ar\/wp-json\/wp\/v2\/product"}],"about":[{"href":"https:\/\/monsieur-prevention.com\/ar\/wp-json\/wp\/v2\/types\/product"}],"wp:featuredmedia":[{"embeddable":true,"href":"https:\/\/monsieur-prevention.com\/ar\/wp-json\/wp\/v2\/media\/8852"}],"wp:attachment":[{"href":"https:\/\/monsieur-prevention.com\/ar\/wp-json\/wp\/v2\/media?parent=8834"}],"wp:term":[{"taxonomy":"product_brand","embeddable":true,"href":"https:\/\/monsieur-prevention.com\/ar\/wp-json\/wp\/v2\/product_brand?post=8834"},{"taxonomy":"product_cat","embeddable":true,"href":"https:\/\/monsieur-prevention.com\/ar\/wp-json\/wp\/v2\/product_cat?post=8834"},{"taxonomy":"product_tag","embeddable":true,"href":"https:\/\/monsieur-prevention.com\/ar\/wp-json\/wp\/v2\/product_tag?post=8834"}],"curies":[{"name":"wp","href":"https:\/\/api.w.org\/{rel}","templated":true}]}}