{"id":8804,"date":"2026-02-10T19:37:34","date_gmt":"2026-02-10T19:37:34","guid":{"rendered":"https:\/\/monsieur-prevention.com\/product\/affiche-de-prevention-en-anglais-dans-un-cadre-en-bois-4-couleurs-2\/"},"modified":"2026-02-11T18:53:19","modified_gmt":"2026-02-11T18:53:19","slug":"praventionsposter-in-englischer-sprache-im-holzrahmen-4-farben-2","status":"publish","type":"product","link":"https:\/\/monsieur-prevention.com\/de\/product\/affiche-de-prevention-en-anglais-dans-un-cadre-en-bois-4-couleurs-2\/","title":{"rendered":"Pr\u00e4ventionsplakat in englischer Sprache im Holzrahmen (4 Farben)"},"content":{"rendered":"<p>Unsere robusten und langlebigen Poster mit Holzrahmen sind sofort aufh\u00e4ngefertig. Genie\u00dfen Sie hochwertige Kunstdrucke auf klassischem, leichtem und elegantem seidenmattem Papier.<\/p>\n<\/p>\n<ul>\n<li>Wird mit einem Befestigungsset zur direkten Wandmontage geliefert.<\/li>\n<li>Rahmenmaterial: robustes Kiefernholz.<\/li>\n<li>Rahmenfarben: Schwarz, Wei\u00df (glatte Oberfl\u00e4che), Naturholz und Dunkelbraun (sichtbare Maserung).<\/li>\n<li>Rahmenabmessungen: Dicke 20 bis 25 mm (0,79\u2033 bis 0,98\u2033), Breite 10 bis 14 mm (0,4\u2033 bis 0,6\u2033).<\/li>\n<li>Papiergewicht: 170 g\/m\u00b2 (65 lb), Dicke: 0,19 mm (7,5 mil).<\/li>\n<li>Papieroberfl\u00e4che: seidenmatt, verst\u00e4rkt die Farben durch einen leichten Schimmer.<\/li>\n<li>Schutz: Unzerbrechliches Plexiglas sch\u00fctzt das Poster.<\/li>\n<li>Nachhaltiges Papier: FSC-zertifizierte Materialien oder gleichwertige Alternativen.<\/li>\n<\/ul>\n<p>Keine Mindestbestellmenge. Druck und Versand auf Anfrage.<\/p>","protected":false},"excerpt":{"rendered":"<p>Nos affiches encadr\u00e9es en bois, solides et durables, sont pr\u00eates \u00e0 \u00eatre accroch\u00e9es. Profitez d\u2019impressions artistiques de haute qualit\u00e9 sur un papier semi-brillant classique, [&hellip;]<\/p>\n","protected":false},"featured_media":8823,"template":"","meta":{"_acf_changed":false},"product_brand":[],"product_cat":[436],"product_tag":[],"class_list":{"0":"post-8804","1":"product","2":"type-product","3":"status-publish","4":"has-post-thumbnail","6":"product_cat-posters","8":"first","9":"instock","10":"shipping-taxable","11":"purchasable","12":"product-type-variable"},"acf":[],"yoast_head":"<!-- This site is optimized with the Yoast SEO plugin v27.5 - https:\/\/yoast.com\/product\/yoast-seo-wordpress\/ -->\n<title>Affiche de pr\u00e9vention en anglais dans un cadre en bois (4 couleurs) - Monsieur Pr\u00e9vention<\/title>\n<meta name=\"robots\" content=\"index, follow, max-snippet:-1, max-image-preview:large, max-video-preview:-1\" \/>\n<link rel=\"canonical\" href=\"https:\/\/monsieur-prevention.com\/de\/product\/praventionsposter-in-englischer-sprache-im-holzrahmen-4-farben-2\/\" \/>\n<meta property=\"og:locale\" content=\"de_DE\" \/>\n<meta property=\"og:type\" content=\"article\" \/>\n<meta property=\"og:title\" content=\"Affiche de pr\u00e9vention en anglais dans un cadre en bois (4 couleurs) - Monsieur Pr\u00e9vention\" \/>\n<meta property=\"og:description\" content=\"Nos affiches encadr\u00e9es en bois, solides et durables, sont pr\u00eates \u00e0 \u00eatre accroch\u00e9es. Profitez d\u2019impressions artistiques de haute qualit\u00e9 sur un papier semi-brillant classique, [&hellip;]\" \/>\n<meta property=\"og:url\" content=\"https:\/\/monsieur-prevention.com\/de\/product\/praventionsposter-in-englischer-sprache-im-holzrahmen-4-farben-2\/\" \/>\n<meta property=\"og:site_name\" content=\"Monsieur Pr\u00e9vention\" \/>\n<meta property=\"article:modified_time\" content=\"2026-02-11T18:53:19+00:00\" \/>\n<meta property=\"og:image\" content=\"https:\/\/monsieur-prevention.com\/wp-content\/uploads\/2026\/02\/5051d28f-dcc5-404d-bac7-d9cf1e66fd8b.jpg\" \/>\n\t<meta property=\"og:image:width\" content=\"2048\" \/>\n\t<meta property=\"og:image:height\" content=\"2048\" \/>\n\t<meta property=\"og:image:type\" content=\"image\/jpeg\" \/>\n<meta name=\"twitter:card\" content=\"summary_large_image\" \/>\n<meta name=\"twitter:site\" content=\"@SBrochot\" \/>\n<meta name=\"twitter:label1\" content=\"Gesch\u00e4tzte Lesezeit\" \/>\n\t<meta name=\"twitter:data1\" content=\"1\u00a0Minute\" \/>\n<script type=\"application\/ld+json\" class=\"yoast-schema-graph\">{\"@context\":\"https:\\\/\\\/schema.org\",\"@graph\":[{\"@type\":\"WebPage\",\"@id\":\"https:\\\/\\\/monsieur-prevention.com\\\/product\\\/affiche-de-prevention-en-anglais-dans-un-cadre-en-bois-4-couleurs-2\\\/\",\"url\":\"https:\\\/\\\/monsieur-prevention.com\\\/product\\\/affiche-de-prevention-en-anglais-dans-un-cadre-en-bois-4-couleurs-2\\\/\",\"name\":\"Affiche de pr\u00e9vention en anglais dans un cadre en bois (4 couleurs) - Monsieur Pr\u00e9vention\",\"isPartOf\":{\"@id\":\"https:\\\/\\\/monsieur-prevention.com\\\/#website\"},\"primaryImageOfPage\":{\"@id\":\"https:\\\/\\\/monsieur-prevention.com\\\/product\\\/affiche-de-prevention-en-anglais-dans-un-cadre-en-bois-4-couleurs-2\\\/#primaryimage\"},\"image\":{\"@id\":\"https:\\\/\\\/monsieur-prevention.com\\\/product\\\/affiche-de-prevention-en-anglais-dans-un-cadre-en-bois-4-couleurs-2\\\/#primaryimage\"},\"thumbnailUrl\":\"https:\\\/\\\/monsieur-prevention.com\\\/wp-content\\\/uploads\\\/2026\\\/02\\\/5051d28f-dcc5-404d-bac7-d9cf1e66fd8b.jpg\",\"datePublished\":\"2026-02-10T19:37:34+00:00\",\"dateModified\":\"2026-02-11T18:53:19+00:00\",\"breadcrumb\":{\"@id\":\"https:\\\/\\\/monsieur-prevention.com\\\/product\\\/affiche-de-prevention-en-anglais-dans-un-cadre-en-bois-4-couleurs-2\\\/#breadcrumb\"},\"inLanguage\":\"de\",\"potentialAction\":[{\"@type\":\"ReadAction\",\"target\":[\"https:\\\/\\\/monsieur-prevention.com\\\/product\\\/affiche-de-prevention-en-anglais-dans-un-cadre-en-bois-4-couleurs-2\\\/\"]}]},{\"@type\":\"ImageObject\",\"inLanguage\":\"de\",\"@id\":\"https:\\\/\\\/monsieur-prevention.com\\\/product\\\/affiche-de-prevention-en-anglais-dans-un-cadre-en-bois-4-couleurs-2\\\/#primaryimage\",\"url\":\"https:\\\/\\\/monsieur-prevention.com\\\/wp-content\\\/uploads\\\/2026\\\/02\\\/5051d28f-dcc5-404d-bac7-d9cf1e66fd8b.jpg\",\"contentUrl\":\"https:\\\/\\\/monsieur-prevention.com\\\/wp-content\\\/uploads\\\/2026\\\/02\\\/5051d28f-dcc5-404d-bac7-d9cf1e66fd8b.jpg\",\"width\":2048,\"height\":2048,\"caption\":\"5051d28f-dcc5-404d-bac7-d9cf1e66fd8b\"},{\"@type\":\"BreadcrumbList\",\"@id\":\"https:\\\/\\\/monsieur-prevention.com\\\/product\\\/affiche-de-prevention-en-anglais-dans-un-cadre-en-bois-4-couleurs-2\\\/#breadcrumb\",\"itemListElement\":[{\"@type\":\"ListItem\",\"position\":1,\"name\":\"Home\",\"item\":\"https:\\\/\\\/monsieur-prevention.com\\\/\"},{\"@type\":\"ListItem\",\"position\":2,\"name\":\"Boutique\",\"item\":\"https:\\\/\\\/monsieur-prevention.com\\\/boutique\\\/\"},{\"@type\":\"ListItem\",\"position\":3,\"name\":\"Affiche de pr\u00e9vention en anglais dans un cadre en bois (4 couleurs)\"}]},{\"@type\":\"WebSite\",\"@id\":\"https:\\\/\\\/monsieur-prevention.com\\\/#website\",\"url\":\"https:\\\/\\\/monsieur-prevention.com\\\/\",\"name\":\"Monsieur Pr\u00e9vention \u2013 S\u00e9bastien Brochot\",\"description\":\"Des r\u00e9ponses concr\u00e8tes aux enjeux de la pr\u00e9vention des violences\",\"publisher\":{\"@id\":\"https:\\\/\\\/monsieur-prevention.com\\\/#\\\/schema\\\/person\\\/a98adec1ea87e537031f136cbe7ad955\"},\"alternateName\":\"Sebastien Brochot\",\"potentialAction\":[{\"@type\":\"SearchAction\",\"target\":{\"@type\":\"EntryPoint\",\"urlTemplate\":\"https:\\\/\\\/monsieur-prevention.com\\\/?s={search_term_string}\"},\"query-input\":{\"@type\":\"PropertyValueSpecification\",\"valueRequired\":true,\"valueName\":\"search_term_string\"}}],\"inLanguage\":\"de\"},{\"@type\":[\"Person\",\"Organization\"],\"@id\":\"https:\\\/\\\/monsieur-prevention.com\\\/#\\\/schema\\\/person\\\/a98adec1ea87e537031f136cbe7ad955\",\"name\":\"S\u00e9bastien Brochot\",\"image\":{\"@type\":\"ImageObject\",\"inLanguage\":\"de\",\"@id\":\"https:\\\/\\\/monsieur-prevention.com\\\/wp-content\\\/uploads\\\/2026\\\/01\\\/favicon.jpg\",\"url\":\"https:\\\/\\\/monsieur-prevention.com\\\/wp-content\\\/uploads\\\/2026\\\/01\\\/favicon.jpg\",\"contentUrl\":\"https:\\\/\\\/monsieur-prevention.com\\\/wp-content\\\/uploads\\\/2026\\\/01\\\/favicon.jpg\",\"width\":1024,\"height\":1024,\"caption\":\"S\u00e9bastien Brochot\"},\"logo\":{\"@id\":\"https:\\\/\\\/monsieur-prevention.com\\\/wp-content\\\/uploads\\\/2026\\\/01\\\/favicon.jpg\"},\"description\":\"Je m'appelle S\u00e9bastien Brochot, je suis sp\u00e9cialiste en strat\u00e9gies de pr\u00e9vention des violences.\",\"sameAs\":[\"https:\\\/\\\/sebastienbrochot.com\\\/\",\"https:\\\/\\\/www.instagram.com\\\/sebastien.brochot\\\/\",\"https:\\\/\\\/www.linkedin.com\\\/in\\\/sebastienbrochot\\\/\",\"https:\\\/\\\/x.com\\\/SBrochot\",\"https:\\\/\\\/www.youtube.com\\\/@preventoriumfr\"]}]}<\/script>\n<!-- \/ Yoast SEO plugin. -->","yoast_head_json":{"title":"Pr\u00e4ventionsposter in englischer Sprache im Holzrahmen (4 Farben) \u2013 Herr Pr\u00e4vention","robots":{"index":"index","follow":"follow","max-snippet":"max-snippet:-1","max-image-preview":"max-image-preview:large","max-video-preview":"max-video-preview:-1"},"canonical":"https:\/\/monsieur-prevention.com\/de\/product\/praventionsposter-in-englischer-sprache-im-holzrahmen-4-farben-2\/","og_locale":"de_DE","og_type":"article","og_title":"Affiche de pr\u00e9vention en anglais dans un cadre en bois (4 couleurs) - Monsieur Pr\u00e9vention","og_description":"Nos affiches encadr\u00e9es en bois, solides et durables, sont pr\u00eates \u00e0 \u00eatre accroch\u00e9es. Profitez d\u2019impressions artistiques de haute qualit\u00e9 sur un papier semi-brillant classique, [&hellip;]","og_url":"https:\/\/monsieur-prevention.com\/de\/product\/praventionsposter-in-englischer-sprache-im-holzrahmen-4-farben-2\/","og_site_name":"Monsieur Pr\u00e9vention","article_modified_time":"2026-02-11T18:53:19+00:00","og_image":[{"width":2048,"height":2048,"url":"https:\/\/monsieur-prevention.com\/wp-content\/uploads\/2026\/02\/5051d28f-dcc5-404d-bac7-d9cf1e66fd8b.jpg","type":"image\/jpeg"}],"twitter_card":"summary_large_image","twitter_site":"@SBrochot","twitter_misc":{"Gesch\u00e4tzte Lesezeit":"1\u00a0Minute"},"schema":{"@context":"https:\/\/schema.org","@graph":[{"@type":"WebPage","@id":"https:\/\/monsieur-prevention.com\/product\/affiche-de-prevention-en-anglais-dans-un-cadre-en-bois-4-couleurs-2\/","url":"https:\/\/monsieur-prevention.com\/product\/affiche-de-prevention-en-anglais-dans-un-cadre-en-bois-4-couleurs-2\/","name":"Pr\u00e4ventionsposter in englischer Sprache im Holzrahmen (4 Farben) \u2013 Herr Pr\u00e4vention","isPartOf":{"@id":"https:\/\/monsieur-prevention.com\/#website"},"primaryImageOfPage":{"@id":"https:\/\/monsieur-prevention.com\/product\/affiche-de-prevention-en-anglais-dans-un-cadre-en-bois-4-couleurs-2\/#primaryimage"},"image":{"@id":"https:\/\/monsieur-prevention.com\/product\/affiche-de-prevention-en-anglais-dans-un-cadre-en-bois-4-couleurs-2\/#primaryimage"},"thumbnailUrl":"https:\/\/monsieur-prevention.com\/wp-content\/uploads\/2026\/02\/5051d28f-dcc5-404d-bac7-d9cf1e66fd8b.jpg","datePublished":"2026-02-10T19:37:34+00:00","dateModified":"2026-02-11T18:53:19+00:00","breadcrumb":{"@id":"https:\/\/monsieur-prevention.com\/product\/affiche-de-prevention-en-anglais-dans-un-cadre-en-bois-4-couleurs-2\/#breadcrumb"},"inLanguage":"de","potentialAction":[{"@type":"ReadAction","target":["https:\/\/monsieur-prevention.com\/product\/affiche-de-prevention-en-anglais-dans-un-cadre-en-bois-4-couleurs-2\/"]}]},{"@type":"ImageObject","inLanguage":"de","@id":"https:\/\/monsieur-prevention.com\/product\/affiche-de-prevention-en-anglais-dans-un-cadre-en-bois-4-couleurs-2\/#primaryimage","url":"https:\/\/monsieur-prevention.com\/wp-content\/uploads\/2026\/02\/5051d28f-dcc5-404d-bac7-d9cf1e66fd8b.jpg","contentUrl":"https:\/\/monsieur-prevention.com\/wp-content\/uploads\/2026\/02\/5051d28f-dcc5-404d-bac7-d9cf1e66fd8b.jpg","width":2048,"height":2048,"caption":"5051d28f-dcc5-404d-bac7-d9cf1e66fd8b"},{"@type":"BreadcrumbList","@id":"https:\/\/monsieur-prevention.com\/product\/affiche-de-prevention-en-anglais-dans-un-cadre-en-bois-4-couleurs-2\/#breadcrumb","itemListElement":[{"@type":"ListItem","position":1,"name":"Home","item":"https:\/\/monsieur-prevention.com\/"},{"@type":"ListItem","position":2,"name":"Boutique","item":"https:\/\/monsieur-prevention.com\/boutique\/"},{"@type":"ListItem","position":3,"name":"Affiche de pr\u00e9vention en anglais dans un cadre en bois (4 couleurs)"}]},{"@type":"WebSite","@id":"https:\/\/monsieur-prevention.com\/#website","url":"https:\/\/monsieur-prevention.com\/","name":"Monsieur Pr\u00e9vention - S\u00e9bastien Brochot","description":"Konkrete Antworten auf die Herausforderungen der Gewaltpr\u00e4vention","publisher":{"@id":"https:\/\/monsieur-prevention.com\/#\/schema\/person\/a98adec1ea87e537031f136cbe7ad955"},"alternateName":"Sebastien Brochot","potentialAction":[{"@type":"SearchAction","target":{"@type":"EntryPoint","urlTemplate":"https:\/\/monsieur-prevention.com\/?s={search_term_string}"},"query-input":{"@type":"PropertyValueSpecification","valueRequired":true,"valueName":"search_term_string"}}],"inLanguage":"de"},{"@type":["Person","Organization"],"@id":"https:\/\/monsieur-prevention.com\/#\/schema\/person\/a98adec1ea87e537031f136cbe7ad955","name":"S\u00e9bastien Brochot","image":{"@type":"ImageObject","inLanguage":"de","@id":"https:\/\/monsieur-prevention.com\/wp-content\/uploads\/2026\/01\/favicon.jpg","url":"https:\/\/monsieur-prevention.com\/wp-content\/uploads\/2026\/01\/favicon.jpg","contentUrl":"https:\/\/monsieur-prevention.com\/wp-content\/uploads\/2026\/01\/favicon.jpg","width":1024,"height":1024,"caption":"S\u00e9bastien Brochot"},"logo":{"@id":"https:\/\/monsieur-prevention.com\/wp-content\/uploads\/2026\/01\/favicon.jpg"},"description":"Mein Name ist S\u00e9bastien Brochot, ich bin Spezialist f\u00fcr Strategien zur Gewaltpr\u00e4vention.","sameAs":["https:\/\/sebastienbrochot.com\/","https:\/\/www.instagram.com\/sebastien.brochot\/","https:\/\/www.linkedin.com\/in\/sebastienbrochot\/","https:\/\/x.com\/SBrochot","https:\/\/www.youtube.com\/@preventoriumfr"]}]}},"_links":{"self":[{"href":"https:\/\/monsieur-prevention.com\/de\/wp-json\/wp\/v2\/product\/8804","targetHints":{"allow":["GET"]}}],"collection":[{"href":"https:\/\/monsieur-prevention.com\/de\/wp-json\/wp\/v2\/product"}],"about":[{"href":"https:\/\/monsieur-prevention.com\/de\/wp-json\/wp\/v2\/types\/product"}],"wp:featuredmedia":[{"embeddable":true,"href":"https:\/\/monsieur-prevention.com\/de\/wp-json\/wp\/v2\/media\/8823"}],"wp:attachment":[{"href":"https:\/\/monsieur-prevention.com\/de\/wp-json\/wp\/v2\/media?parent=8804"}],"wp:term":[{"taxonomy":"product_brand","embeddable":true,"href":"https:\/\/monsieur-prevention.com\/de\/wp-json\/wp\/v2\/product_brand?post=8804"},{"taxonomy":"product_cat","embeddable":true,"href":"https:\/\/monsieur-prevention.com\/de\/wp-json\/wp\/v2\/product_cat?post=8804"},{"taxonomy":"product_tag","embeddable":true,"href":"https:\/\/monsieur-prevention.com\/de\/wp-json\/wp\/v2\/product_tag?post=8804"}],"curies":[{"name":"wp","href":"https:\/\/api.w.org\/{rel}","templated":true}]}}