{"id":8700,"date":"2026-01-20T18:21:10","date_gmt":"2026-01-20T18:21:10","guid":{"rendered":"https:\/\/monsieur-prevention.com\/product\/mug-de-voyage-isotherme-monsieur-prevention-en-acier-inoxydable-blanc-45-cl-15-oz\/"},"modified":"2026-01-20T18:21:10","modified_gmt":"2026-01-20T18:21:10","slug":"monsieur-prevention-insulated-travel-mug-in-white-stainless-steel-45-cl-15-oz","status":"publish","type":"product","link":"https:\/\/monsieur-prevention.com\/en\/product\/mug-de-voyage-isotherme-monsieur-prevention-en-acier-inoxydable-blanc-45-cl-15-oz\/","title":{"rendered":"&quot;Monsieur PREVENTION&quot; insulated travel mug in white stainless steel \u2013 45 cl (15 oz)"},"content":{"rendered":"<p>This 45 cl (15 oz) stainless steel insulated travel mug keeps your drinks at the desired temperature for hours. Its leak-proof lid prevents spills, wherever you take it.<\/p>\n<ul>\n<li><span>Height: 180 mm (7.08 inches) with lid, 160 mm (6.29 inches) without lid.<\/span><\/li>\n<li><span>Base diameter: 61 mm (2.4 inches).\u00a0<\/span><span>Top diameter: 84 mm (3.3 inches).<\/span><\/li>\n<\/ul>","protected":false},"excerpt":{"rendered":"<p>Ce mug de voyage isotherme en acier inoxydable de 45 cl (15 oz) maintient tes boissons \u00e0 la temp\u00e9rature souhait\u00e9e pendant des heures. Son [&hellip;]<\/p>\n","protected":false},"featured_media":8699,"template":"","meta":{"_acf_changed":false},"product_brand":[],"product_cat":[255],"product_tag":[],"class_list":{"0":"post-8700","1":"product","2":"type-product","3":"status-publish","4":"has-post-thumbnail","6":"product_cat-goodies","8":"first","9":"instock","10":"shipping-taxable","11":"purchasable","12":"product-type-simple"},"acf":[],"yoast_head":"<!-- This site is optimized with the Yoast SEO plugin v27.5 - https:\/\/yoast.com\/product\/yoast-seo-wordpress\/ -->\n<title>Mug de voyage isotherme &quot;Monsieur PREVENTION&quot; en acier inoxydable blanc \u2013 45 cl (15 oz) - Monsieur Pr\u00e9vention<\/title>\n<meta name=\"robots\" content=\"index, follow, max-snippet:-1, max-image-preview:large, max-video-preview:-1\" \/>\n<link rel=\"canonical\" href=\"https:\/\/monsieur-prevention.com\/en\/product\/monsieur-prevention-insulated-travel-mug-in-white-stainless-steel-45-cl-15-oz\/\" \/>\n<meta property=\"og:locale\" content=\"en_US\" \/>\n<meta property=\"og:type\" content=\"article\" \/>\n<meta property=\"og:title\" content=\"Mug de voyage isotherme &quot;Monsieur PREVENTION&quot; en acier inoxydable blanc \u2013 45 cl (15 oz) - Monsieur Pr\u00e9vention\" \/>\n<meta property=\"og:description\" content=\"Ce mug de voyage isotherme en acier inoxydable de 45 cl (15 oz) maintient tes boissons \u00e0 la temp\u00e9rature souhait\u00e9e pendant des heures. Son [&hellip;]\" \/>\n<meta property=\"og:url\" content=\"https:\/\/monsieur-prevention.com\/en\/product\/monsieur-prevention-insulated-travel-mug-in-white-stainless-steel-45-cl-15-oz\/\" \/>\n<meta property=\"og:site_name\" content=\"Monsieur Pr\u00e9vention\" \/>\n<meta property=\"og:image\" content=\"https:\/\/monsieur-prevention.com\/wp-content\/uploads\/2026\/01\/1200.png\" \/>\n\t<meta property=\"og:image:width\" content=\"1200\" \/>\n\t<meta property=\"og:image:height\" content=\"800\" \/>\n\t<meta property=\"og:image:type\" content=\"image\/png\" \/>\n<meta name=\"twitter:card\" content=\"summary_large_image\" \/>\n<meta name=\"twitter:site\" content=\"@SBrochot\" \/>\n<script type=\"application\/ld+json\" class=\"yoast-schema-graph\">{\"@context\":\"https:\\\/\\\/schema.org\",\"@graph\":[{\"@type\":\"WebPage\",\"@id\":\"https:\\\/\\\/monsieur-prevention.com\\\/product\\\/mug-de-voyage-isotherme-monsieur-prevention-en-acier-inoxydable-blanc-45-cl-15-oz\\\/\",\"url\":\"https:\\\/\\\/monsieur-prevention.com\\\/product\\\/mug-de-voyage-isotherme-monsieur-prevention-en-acier-inoxydable-blanc-45-cl-15-oz\\\/\",\"name\":\"Mug de voyage isotherme \\\"Monsieur PREVENTION\\\" en acier inoxydable blanc \u2013 45 cl (15 oz) - Monsieur Pr\u00e9vention\",\"isPartOf\":{\"@id\":\"https:\\\/\\\/monsieur-prevention.com\\\/#website\"},\"primaryImageOfPage\":{\"@id\":\"https:\\\/\\\/monsieur-prevention.com\\\/product\\\/mug-de-voyage-isotherme-monsieur-prevention-en-acier-inoxydable-blanc-45-cl-15-oz\\\/#primaryimage\"},\"image\":{\"@id\":\"https:\\\/\\\/monsieur-prevention.com\\\/product\\\/mug-de-voyage-isotherme-monsieur-prevention-en-acier-inoxydable-blanc-45-cl-15-oz\\\/#primaryimage\"},\"thumbnailUrl\":\"https:\\\/\\\/monsieur-prevention.com\\\/wp-content\\\/uploads\\\/2026\\\/01\\\/88211a17-3384-4ffb-bf63-9c8c41722c75.jpg\",\"datePublished\":\"2026-01-20T18:21:10+00:00\",\"breadcrumb\":{\"@id\":\"https:\\\/\\\/monsieur-prevention.com\\\/product\\\/mug-de-voyage-isotherme-monsieur-prevention-en-acier-inoxydable-blanc-45-cl-15-oz\\\/#breadcrumb\"},\"inLanguage\":\"en-US\",\"potentialAction\":[{\"@type\":\"ReadAction\",\"target\":[\"https:\\\/\\\/monsieur-prevention.com\\\/product\\\/mug-de-voyage-isotherme-monsieur-prevention-en-acier-inoxydable-blanc-45-cl-15-oz\\\/\"]}]},{\"@type\":\"ImageObject\",\"inLanguage\":\"en-US\",\"@id\":\"https:\\\/\\\/monsieur-prevention.com\\\/product\\\/mug-de-voyage-isotherme-monsieur-prevention-en-acier-inoxydable-blanc-45-cl-15-oz\\\/#primaryimage\",\"url\":\"https:\\\/\\\/monsieur-prevention.com\\\/wp-content\\\/uploads\\\/2026\\\/01\\\/88211a17-3384-4ffb-bf63-9c8c41722c75.jpg\",\"contentUrl\":\"https:\\\/\\\/monsieur-prevention.com\\\/wp-content\\\/uploads\\\/2026\\\/01\\\/88211a17-3384-4ffb-bf63-9c8c41722c75.jpg\",\"width\":2048,\"height\":2048},{\"@type\":\"BreadcrumbList\",\"@id\":\"https:\\\/\\\/monsieur-prevention.com\\\/product\\\/mug-de-voyage-isotherme-monsieur-prevention-en-acier-inoxydable-blanc-45-cl-15-oz\\\/#breadcrumb\",\"itemListElement\":[{\"@type\":\"ListItem\",\"position\":1,\"name\":\"Home\",\"item\":\"https:\\\/\\\/monsieur-prevention.com\\\/\"},{\"@type\":\"ListItem\",\"position\":2,\"name\":\"Boutique\",\"item\":\"https:\\\/\\\/monsieur-prevention.com\\\/boutique\\\/\"},{\"@type\":\"ListItem\",\"position\":3,\"name\":\"Mug de voyage isotherme \u00ab\u00a0Monsieur PREVENTION\u00a0\u00bb en acier inoxydable blanc \u2013 45 cl (15 oz)\"}]},{\"@type\":\"WebSite\",\"@id\":\"https:\\\/\\\/monsieur-prevention.com\\\/#website\",\"url\":\"https:\\\/\\\/monsieur-prevention.com\\\/\",\"name\":\"Monsieur Pr\u00e9vention \u2013 S\u00e9bastien Brochot\",\"description\":\"Des r\u00e9ponses concr\u00e8tes aux enjeux de la pr\u00e9vention des violences\",\"publisher\":{\"@id\":\"https:\\\/\\\/monsieur-prevention.com\\\/#\\\/schema\\\/person\\\/a98adec1ea87e537031f136cbe7ad955\"},\"alternateName\":\"Sebastien Brochot\",\"potentialAction\":[{\"@type\":\"SearchAction\",\"target\":{\"@type\":\"EntryPoint\",\"urlTemplate\":\"https:\\\/\\\/monsieur-prevention.com\\\/?s={search_term_string}\"},\"query-input\":{\"@type\":\"PropertyValueSpecification\",\"valueRequired\":true,\"valueName\":\"search_term_string\"}}],\"inLanguage\":\"en-US\"},{\"@type\":[\"Person\",\"Organization\"],\"@id\":\"https:\\\/\\\/monsieur-prevention.com\\\/#\\\/schema\\\/person\\\/a98adec1ea87e537031f136cbe7ad955\",\"name\":\"S\u00e9bastien Brochot\",\"image\":{\"@type\":\"ImageObject\",\"inLanguage\":\"en-US\",\"@id\":\"https:\\\/\\\/monsieur-prevention.com\\\/wp-content\\\/uploads\\\/2026\\\/01\\\/favicon.jpg\",\"url\":\"https:\\\/\\\/monsieur-prevention.com\\\/wp-content\\\/uploads\\\/2026\\\/01\\\/favicon.jpg\",\"contentUrl\":\"https:\\\/\\\/monsieur-prevention.com\\\/wp-content\\\/uploads\\\/2026\\\/01\\\/favicon.jpg\",\"width\":1024,\"height\":1024,\"caption\":\"S\u00e9bastien Brochot\"},\"logo\":{\"@id\":\"https:\\\/\\\/monsieur-prevention.com\\\/wp-content\\\/uploads\\\/2026\\\/01\\\/favicon.jpg\"},\"description\":\"Je m'appelle S\u00e9bastien Brochot, je suis sp\u00e9cialiste en strat\u00e9gies de pr\u00e9vention des violences.\",\"sameAs\":[\"https:\\\/\\\/sebastienbrochot.com\\\/\",\"https:\\\/\\\/www.instagram.com\\\/sebastien.brochot\\\/\",\"https:\\\/\\\/www.linkedin.com\\\/in\\\/sebastienbrochot\\\/\",\"https:\\\/\\\/x.com\\\/SBrochot\",\"https:\\\/\\\/www.youtube.com\\\/@preventoriumfr\"]}]}<\/script>\n<!-- \/ Yoast SEO plugin. -->","yoast_head_json":{"title":"&quot;Monsieur PREVENTION&quot; insulated travel mug in white stainless steel \u2013 45 cl (15 oz) - Monsieur Pr\u00e9vention","robots":{"index":"index","follow":"follow","max-snippet":"max-snippet:-1","max-image-preview":"max-image-preview:large","max-video-preview":"max-video-preview:-1"},"canonical":"https:\/\/monsieur-prevention.com\/en\/product\/monsieur-prevention-insulated-travel-mug-in-white-stainless-steel-45-cl-15-oz\/","og_locale":"en_US","og_type":"article","og_title":"Mug de voyage isotherme \"Monsieur PREVENTION\" en acier inoxydable blanc \u2013 45 cl (15 oz) - Monsieur Pr\u00e9vention","og_description":"Ce mug de voyage isotherme en acier inoxydable de 45 cl (15 oz) maintient tes boissons \u00e0 la temp\u00e9rature souhait\u00e9e pendant des heures. Son [&hellip;]","og_url":"https:\/\/monsieur-prevention.com\/en\/product\/monsieur-prevention-insulated-travel-mug-in-white-stainless-steel-45-cl-15-oz\/","og_site_name":"Monsieur Pr\u00e9vention","og_image":[{"width":1200,"height":800,"url":"https:\/\/monsieur-prevention.com\/wp-content\/uploads\/2026\/01\/1200.png","type":"image\/png"}],"twitter_card":"summary_large_image","twitter_site":"@SBrochot","schema":{"@context":"https:\/\/schema.org","@graph":[{"@type":"WebPage","@id":"https:\/\/monsieur-prevention.com\/product\/mug-de-voyage-isotherme-monsieur-prevention-en-acier-inoxydable-blanc-45-cl-15-oz\/","url":"https:\/\/monsieur-prevention.com\/product\/mug-de-voyage-isotherme-monsieur-prevention-en-acier-inoxydable-blanc-45-cl-15-oz\/","name":"&quot;Monsieur PREVENTION&quot; insulated travel mug in white stainless steel \u2013 45 cl (15 oz) - Monsieur Pr\u00e9vention","isPartOf":{"@id":"https:\/\/monsieur-prevention.com\/#website"},"primaryImageOfPage":{"@id":"https:\/\/monsieur-prevention.com\/product\/mug-de-voyage-isotherme-monsieur-prevention-en-acier-inoxydable-blanc-45-cl-15-oz\/#primaryimage"},"image":{"@id":"https:\/\/monsieur-prevention.com\/product\/mug-de-voyage-isotherme-monsieur-prevention-en-acier-inoxydable-blanc-45-cl-15-oz\/#primaryimage"},"thumbnailUrl":"https:\/\/monsieur-prevention.com\/wp-content\/uploads\/2026\/01\/88211a17-3384-4ffb-bf63-9c8c41722c75.jpg","datePublished":"2026-01-20T18:21:10+00:00","breadcrumb":{"@id":"https:\/\/monsieur-prevention.com\/product\/mug-de-voyage-isotherme-monsieur-prevention-en-acier-inoxydable-blanc-45-cl-15-oz\/#breadcrumb"},"inLanguage":"en-US","potentialAction":[{"@type":"ReadAction","target":["https:\/\/monsieur-prevention.com\/product\/mug-de-voyage-isotherme-monsieur-prevention-en-acier-inoxydable-blanc-45-cl-15-oz\/"]}]},{"@type":"ImageObject","inLanguage":"en-US","@id":"https:\/\/monsieur-prevention.com\/product\/mug-de-voyage-isotherme-monsieur-prevention-en-acier-inoxydable-blanc-45-cl-15-oz\/#primaryimage","url":"https:\/\/monsieur-prevention.com\/wp-content\/uploads\/2026\/01\/88211a17-3384-4ffb-bf63-9c8c41722c75.jpg","contentUrl":"https:\/\/monsieur-prevention.com\/wp-content\/uploads\/2026\/01\/88211a17-3384-4ffb-bf63-9c8c41722c75.jpg","width":2048,"height":2048},{"@type":"BreadcrumbList","@id":"https:\/\/monsieur-prevention.com\/product\/mug-de-voyage-isotherme-monsieur-prevention-en-acier-inoxydable-blanc-45-cl-15-oz\/#breadcrumb","itemListElement":[{"@type":"ListItem","position":1,"name":"Home","item":"https:\/\/monsieur-prevention.com\/"},{"@type":"ListItem","position":2,"name":"Boutique","item":"https:\/\/monsieur-prevention.com\/boutique\/"},{"@type":"ListItem","position":3,"name":"Mug de voyage isotherme \u00ab\u00a0Monsieur PREVENTION\u00a0\u00bb en acier inoxydable blanc \u2013 45 cl (15 oz)"}]},{"@type":"WebSite","@id":"https:\/\/monsieur-prevention.com\/#website","url":"https:\/\/monsieur-prevention.com\/","name":"Mr Prevention - S\u00e9bastien Brochot","description":"Concrete responses to the challenges of violence prevention","publisher":{"@id":"https:\/\/monsieur-prevention.com\/#\/schema\/person\/a98adec1ea87e537031f136cbe7ad955"},"alternateName":"Sebastien Brochot","potentialAction":[{"@type":"SearchAction","target":{"@type":"EntryPoint","urlTemplate":"https:\/\/monsieur-prevention.com\/?s={search_term_string}"},"query-input":{"@type":"PropertyValueSpecification","valueRequired":true,"valueName":"search_term_string"}}],"inLanguage":"en-US"},{"@type":["Person","Organization"],"@id":"https:\/\/monsieur-prevention.com\/#\/schema\/person\/a98adec1ea87e537031f136cbe7ad955","name":"S\u00e9bastien Brochot","image":{"@type":"ImageObject","inLanguage":"en-US","@id":"https:\/\/monsieur-prevention.com\/wp-content\/uploads\/2026\/01\/favicon.jpg","url":"https:\/\/monsieur-prevention.com\/wp-content\/uploads\/2026\/01\/favicon.jpg","contentUrl":"https:\/\/monsieur-prevention.com\/wp-content\/uploads\/2026\/01\/favicon.jpg","width":1024,"height":1024,"caption":"S\u00e9bastien Brochot"},"logo":{"@id":"https:\/\/monsieur-prevention.com\/wp-content\/uploads\/2026\/01\/favicon.jpg"},"description":"My name is S\u00e9bastien Brochot, and I specialize in violence prevention strategies.","sameAs":["https:\/\/sebastienbrochot.com\/","https:\/\/www.instagram.com\/sebastien.brochot\/","https:\/\/www.linkedin.com\/in\/sebastienbrochot\/","https:\/\/x.com\/SBrochot","https:\/\/www.youtube.com\/@preventoriumfr"]}]}},"_links":{"self":[{"href":"https:\/\/monsieur-prevention.com\/en\/wp-json\/wp\/v2\/product\/8700","targetHints":{"allow":["GET"]}}],"collection":[{"href":"https:\/\/monsieur-prevention.com\/en\/wp-json\/wp\/v2\/product"}],"about":[{"href":"https:\/\/monsieur-prevention.com\/en\/wp-json\/wp\/v2\/types\/product"}],"wp:featuredmedia":[{"embeddable":true,"href":"https:\/\/monsieur-prevention.com\/en\/wp-json\/wp\/v2\/media\/8699"}],"wp:attachment":[{"href":"https:\/\/monsieur-prevention.com\/en\/wp-json\/wp\/v2\/media?parent=8700"}],"wp:term":[{"taxonomy":"product_brand","embeddable":true,"href":"https:\/\/monsieur-prevention.com\/en\/wp-json\/wp\/v2\/product_brand?post=8700"},{"taxonomy":"product_cat","embeddable":true,"href":"https:\/\/monsieur-prevention.com\/en\/wp-json\/wp\/v2\/product_cat?post=8700"},{"taxonomy":"product_tag","embeddable":true,"href":"https:\/\/monsieur-prevention.com\/en\/wp-json\/wp\/v2\/product_tag?post=8700"}],"curies":[{"name":"wp","href":"https:\/\/api.w.org\/{rel}","templated":true}]}}