{"id":8705,"date":"2026-01-20T19:12:37","date_gmt":"2026-01-20T19:12:37","guid":{"rendered":"https:\/\/monsieur-prevention.com\/product\/mug-en-ceramique-monsieur-prevention-33-cl-11-oz\/"},"modified":"2026-01-20T19:13:30","modified_gmt":"2026-01-20T19:13:30","slug":"mr-prevention-ceramic-mug-33-cl-11-oz","status":"publish","type":"product","link":"https:\/\/monsieur-prevention.com\/en\/product\/mug-en-ceramique-monsieur-prevention-33-cl-11-oz\/","title":{"rendered":"&quot;Monsieur PREVENTION&quot; ceramic mug, 33 cl (11 oz)"},"content":{"rendered":"<p>This stylish ceramic mug is perfect for any time of day: morning coffee, hot chocolate, or any other hot beverage you enjoy. Brilliant white in color, it features a colored rim, interior, and handle. The prints stand out crisply and brightly, with excellent color reproduction. The design retains its quality and vibrancy, even after being microwaved or washed in the dishwasher.<\/p>\n<\/p>\n<ul>\n<li>\n<p>33 cl (11 oz) ceramic mug<\/p>\n<\/li>\n<li>\n<p>Dishwasher and microwave safe<\/p>\n<\/li>\n<li>\n<p>Colored trim, interior and handle<\/p>\n<\/li>\n<li>\n<p>White printing area<\/p>\n<\/li>\n<\/ul>","protected":false},"excerpt":{"rendered":"<p>Ce mug en c\u00e9ramique \u00e9l\u00e9gant est parfait \u00e0 tout moment de la journ\u00e9e\u202f: caf\u00e9 du matin, chocolat chaud ou toute autre boisson chaude que [&hellip;]<\/p>\n","protected":false},"featured_media":8704,"template":"","meta":{"_acf_changed":false},"product_brand":[],"product_cat":[255],"product_tag":[],"class_list":{"0":"post-8705","1":"product","2":"type-product","3":"status-publish","4":"has-post-thumbnail","6":"product_cat-goodies","8":"first","9":"instock","10":"shipping-taxable","11":"purchasable","12":"product-type-variable"},"acf":[],"yoast_head":"<!-- This site is optimized with the Yoast SEO plugin v27.6 - https:\/\/yoast.com\/product\/yoast-seo-wordpress\/ -->\n<title>Mug en c\u00e9ramique &quot;Monsieur PREVENTION&quot; 33 cl (11 oz) - Monsieur Pr\u00e9vention<\/title>\n<meta name=\"robots\" content=\"index, follow, max-snippet:-1, max-image-preview:large, max-video-preview:-1\" \/>\n<link rel=\"canonical\" href=\"https:\/\/monsieur-prevention.com\/en\/product-2\/mr-prevention-ceramic-mug-33-cl-11-oz\/\" \/>\n<meta property=\"og:locale\" content=\"en_US\" \/>\n<meta property=\"og:type\" content=\"article\" \/>\n<meta property=\"og:title\" content=\"Mug en c\u00e9ramique &quot;Monsieur PREVENTION&quot; 33 cl (11 oz) - Monsieur Pr\u00e9vention\" \/>\n<meta property=\"og:description\" content=\"Ce mug en c\u00e9ramique \u00e9l\u00e9gant est parfait \u00e0 tout moment de la journ\u00e9e\u202f: caf\u00e9 du matin, chocolat chaud ou toute autre boisson chaude que [&hellip;]\" \/>\n<meta property=\"og:url\" content=\"https:\/\/monsieur-prevention.com\/en\/product-2\/mr-prevention-ceramic-mug-33-cl-11-oz\/\" \/>\n<meta property=\"og:site_name\" content=\"Monsieur Pr\u00e9vention\" \/>\n<meta property=\"article:modified_time\" content=\"2026-01-20T19:13:30+00:00\" \/>\n<meta property=\"og:image\" content=\"https:\/\/monsieur-prevention.com\/wp-content\/uploads\/2026\/01\/1200.png\" \/>\n\t<meta property=\"og:image:width\" content=\"1200\" \/>\n\t<meta property=\"og:image:height\" content=\"800\" \/>\n\t<meta property=\"og:image:type\" content=\"image\/png\" \/>\n<meta name=\"twitter:card\" content=\"summary_large_image\" \/>\n<meta name=\"twitter:site\" content=\"@SBrochot\" \/>\n<meta name=\"twitter:label1\" content=\"Est. reading time\" \/>\n\t<meta name=\"twitter:data1\" content=\"1 minute\" \/>\n<script type=\"application\/ld+json\" class=\"yoast-schema-graph\">{\"@context\":\"https:\\\/\\\/schema.org\",\"@graph\":[{\"@type\":\"WebPage\",\"@id\":\"https:\\\/\\\/monsieur-prevention.com\\\/product\\\/mug-en-ceramique-monsieur-prevention-33-cl-11-oz\\\/\",\"url\":\"https:\\\/\\\/monsieur-prevention.com\\\/product\\\/mug-en-ceramique-monsieur-prevention-33-cl-11-oz\\\/\",\"name\":\"Mug en c\u00e9ramique \\\"Monsieur PREVENTION\\\" 33 cl (11 oz) - Monsieur Pr\u00e9vention\",\"isPartOf\":{\"@id\":\"https:\\\/\\\/monsieur-prevention.com\\\/#website\"},\"primaryImageOfPage\":{\"@id\":\"https:\\\/\\\/monsieur-prevention.com\\\/product\\\/mug-en-ceramique-monsieur-prevention-33-cl-11-oz\\\/#primaryimage\"},\"image\":{\"@id\":\"https:\\\/\\\/monsieur-prevention.com\\\/product\\\/mug-en-ceramique-monsieur-prevention-33-cl-11-oz\\\/#primaryimage\"},\"thumbnailUrl\":\"https:\\\/\\\/monsieur-prevention.com\\\/wp-content\\\/uploads\\\/2026\\\/01\\\/eab7e87f-9a1e-43db-80d0-dcce3de1127a.jpg\",\"datePublished\":\"2026-01-20T19:12:37+00:00\",\"dateModified\":\"2026-01-20T19:13:30+00:00\",\"breadcrumb\":{\"@id\":\"https:\\\/\\\/monsieur-prevention.com\\\/product\\\/mug-en-ceramique-monsieur-prevention-33-cl-11-oz\\\/#breadcrumb\"},\"inLanguage\":\"en-US\",\"potentialAction\":[{\"@type\":\"ReadAction\",\"target\":[\"https:\\\/\\\/monsieur-prevention.com\\\/product\\\/mug-en-ceramique-monsieur-prevention-33-cl-11-oz\\\/\"]}]},{\"@type\":\"ImageObject\",\"inLanguage\":\"en-US\",\"@id\":\"https:\\\/\\\/monsieur-prevention.com\\\/product\\\/mug-en-ceramique-monsieur-prevention-33-cl-11-oz\\\/#primaryimage\",\"url\":\"https:\\\/\\\/monsieur-prevention.com\\\/wp-content\\\/uploads\\\/2026\\\/01\\\/eab7e87f-9a1e-43db-80d0-dcce3de1127a.jpg\",\"contentUrl\":\"https:\\\/\\\/monsieur-prevention.com\\\/wp-content\\\/uploads\\\/2026\\\/01\\\/eab7e87f-9a1e-43db-80d0-dcce3de1127a.jpg\",\"width\":2048,\"height\":2048,\"caption\":\"eab7e87f-9a1e-43db-80d0-dcce3de1127a\"},{\"@type\":\"BreadcrumbList\",\"@id\":\"https:\\\/\\\/monsieur-prevention.com\\\/product\\\/mug-en-ceramique-monsieur-prevention-33-cl-11-oz\\\/#breadcrumb\",\"itemListElement\":[{\"@type\":\"ListItem\",\"position\":1,\"name\":\"Home\",\"item\":\"https:\\\/\\\/monsieur-prevention.com\\\/\"},{\"@type\":\"ListItem\",\"position\":2,\"name\":\"Boutique\",\"item\":\"https:\\\/\\\/monsieur-prevention.com\\\/boutique\\\/\"},{\"@type\":\"ListItem\",\"position\":3,\"name\":\"Mug en c\u00e9ramique \u00ab\u00a0Monsieur PREVENTION\u00a0\u00bb 33 cl (11 oz)\"}]},{\"@type\":\"WebSite\",\"@id\":\"https:\\\/\\\/monsieur-prevention.com\\\/#website\",\"url\":\"https:\\\/\\\/monsieur-prevention.com\\\/\",\"name\":\"Monsieur Pr\u00e9vention \u2013 S\u00e9bastien Brochot\",\"description\":\"Des r\u00e9ponses concr\u00e8tes aux enjeux de la pr\u00e9vention des violences\",\"publisher\":{\"@id\":\"https:\\\/\\\/monsieur-prevention.com\\\/#\\\/schema\\\/person\\\/a98adec1ea87e537031f136cbe7ad955\"},\"alternateName\":\"Sebastien Brochot\",\"potentialAction\":[{\"@type\":\"SearchAction\",\"target\":{\"@type\":\"EntryPoint\",\"urlTemplate\":\"https:\\\/\\\/monsieur-prevention.com\\\/?s={search_term_string}\"},\"query-input\":{\"@type\":\"PropertyValueSpecification\",\"valueRequired\":true,\"valueName\":\"search_term_string\"}}],\"inLanguage\":\"en-US\"},{\"@type\":[\"Person\",\"Organization\"],\"@id\":\"https:\\\/\\\/monsieur-prevention.com\\\/#\\\/schema\\\/person\\\/a98adec1ea87e537031f136cbe7ad955\",\"name\":\"S\u00e9bastien Brochot\",\"image\":{\"@type\":\"ImageObject\",\"inLanguage\":\"en-US\",\"@id\":\"https:\\\/\\\/monsieur-prevention.com\\\/wp-content\\\/uploads\\\/2026\\\/01\\\/favicon.jpg\",\"url\":\"https:\\\/\\\/monsieur-prevention.com\\\/wp-content\\\/uploads\\\/2026\\\/01\\\/favicon.jpg\",\"contentUrl\":\"https:\\\/\\\/monsieur-prevention.com\\\/wp-content\\\/uploads\\\/2026\\\/01\\\/favicon.jpg\",\"width\":1024,\"height\":1024,\"caption\":\"S\u00e9bastien Brochot\"},\"logo\":{\"@id\":\"https:\\\/\\\/monsieur-prevention.com\\\/wp-content\\\/uploads\\\/2026\\\/01\\\/favicon.jpg\"},\"description\":\"Je m'appelle S\u00e9bastien Brochot, je suis sp\u00e9cialiste en strat\u00e9gies de pr\u00e9vention des violences.\",\"sameAs\":[\"https:\\\/\\\/sebastienbrochot.com\\\/\",\"https:\\\/\\\/www.instagram.com\\\/sebastien.brochot\\\/\",\"https:\\\/\\\/www.linkedin.com\\\/in\\\/sebastienbrochot\\\/\",\"https:\\\/\\\/x.com\\\/SBrochot\",\"https:\\\/\\\/www.youtube.com\\\/@preventoriumfr\"]}]}<\/script>\n<!-- \/ Yoast SEO plugin. -->","yoast_head_json":{"title":"&quot;Monsieur PREVENTION&quot; ceramic mug, 33 cl (11 oz) - Monsieur Pr\u00e9vention","robots":{"index":"index","follow":"follow","max-snippet":"max-snippet:-1","max-image-preview":"max-image-preview:large","max-video-preview":"max-video-preview:-1"},"canonical":"https:\/\/monsieur-prevention.com\/en\/product-2\/mr-prevention-ceramic-mug-33-cl-11-oz\/","og_locale":"en_US","og_type":"article","og_title":"Mug en c\u00e9ramique \"Monsieur PREVENTION\" 33 cl (11 oz) - Monsieur Pr\u00e9vention","og_description":"Ce mug en c\u00e9ramique \u00e9l\u00e9gant est parfait \u00e0 tout moment de la journ\u00e9e\u202f: caf\u00e9 du matin, chocolat chaud ou toute autre boisson chaude que [&hellip;]","og_url":"https:\/\/monsieur-prevention.com\/en\/product-2\/mr-prevention-ceramic-mug-33-cl-11-oz\/","og_site_name":"Monsieur Pr\u00e9vention","article_modified_time":"2026-01-20T19:13:30+00:00","og_image":[{"width":1200,"height":800,"url":"https:\/\/monsieur-prevention.com\/wp-content\/uploads\/2026\/01\/1200.png","type":"image\/png"}],"twitter_card":"summary_large_image","twitter_site":"@SBrochot","twitter_misc":{"Est. reading time":"1 minute"},"schema":{"@context":"https:\/\/schema.org","@graph":[{"@type":"WebPage","@id":"https:\/\/monsieur-prevention.com\/product\/mug-en-ceramique-monsieur-prevention-33-cl-11-oz\/","url":"https:\/\/monsieur-prevention.com\/product\/mug-en-ceramique-monsieur-prevention-33-cl-11-oz\/","name":"&quot;Monsieur PREVENTION&quot; ceramic mug, 33 cl (11 oz) - Monsieur Pr\u00e9vention","isPartOf":{"@id":"https:\/\/monsieur-prevention.com\/#website"},"primaryImageOfPage":{"@id":"https:\/\/monsieur-prevention.com\/product\/mug-en-ceramique-monsieur-prevention-33-cl-11-oz\/#primaryimage"},"image":{"@id":"https:\/\/monsieur-prevention.com\/product\/mug-en-ceramique-monsieur-prevention-33-cl-11-oz\/#primaryimage"},"thumbnailUrl":"https:\/\/monsieur-prevention.com\/wp-content\/uploads\/2026\/01\/eab7e87f-9a1e-43db-80d0-dcce3de1127a.jpg","datePublished":"2026-01-20T19:12:37+00:00","dateModified":"2026-01-20T19:13:30+00:00","breadcrumb":{"@id":"https:\/\/monsieur-prevention.com\/product\/mug-en-ceramique-monsieur-prevention-33-cl-11-oz\/#breadcrumb"},"inLanguage":"en-US","potentialAction":[{"@type":"ReadAction","target":["https:\/\/monsieur-prevention.com\/product\/mug-en-ceramique-monsieur-prevention-33-cl-11-oz\/"]}]},{"@type":"ImageObject","inLanguage":"en-US","@id":"https:\/\/monsieur-prevention.com\/product\/mug-en-ceramique-monsieur-prevention-33-cl-11-oz\/#primaryimage","url":"https:\/\/monsieur-prevention.com\/wp-content\/uploads\/2026\/01\/eab7e87f-9a1e-43db-80d0-dcce3de1127a.jpg","contentUrl":"https:\/\/monsieur-prevention.com\/wp-content\/uploads\/2026\/01\/eab7e87f-9a1e-43db-80d0-dcce3de1127a.jpg","width":2048,"height":2048,"caption":"eab7e87f-9a1e-43db-80d0-dcce3de1127a"},{"@type":"BreadcrumbList","@id":"https:\/\/monsieur-prevention.com\/product\/mug-en-ceramique-monsieur-prevention-33-cl-11-oz\/#breadcrumb","itemListElement":[{"@type":"ListItem","position":1,"name":"Home","item":"https:\/\/monsieur-prevention.com\/"},{"@type":"ListItem","position":2,"name":"Boutique","item":"https:\/\/monsieur-prevention.com\/boutique\/"},{"@type":"ListItem","position":3,"name":"Mug en c\u00e9ramique \u00ab\u00a0Monsieur PREVENTION\u00a0\u00bb 33 cl (11 oz)"}]},{"@type":"WebSite","@id":"https:\/\/monsieur-prevention.com\/#website","url":"https:\/\/monsieur-prevention.com\/","name":"Mr Prevention - S\u00e9bastien Brochot","description":"Concrete responses to the challenges of violence prevention","publisher":{"@id":"https:\/\/monsieur-prevention.com\/#\/schema\/person\/a98adec1ea87e537031f136cbe7ad955"},"alternateName":"Sebastien Brochot","potentialAction":[{"@type":"SearchAction","target":{"@type":"EntryPoint","urlTemplate":"https:\/\/monsieur-prevention.com\/?s={search_term_string}"},"query-input":{"@type":"PropertyValueSpecification","valueRequired":true,"valueName":"search_term_string"}}],"inLanguage":"en-US"},{"@type":["Person","Organization"],"@id":"https:\/\/monsieur-prevention.com\/#\/schema\/person\/a98adec1ea87e537031f136cbe7ad955","name":"S\u00e9bastien Brochot","image":{"@type":"ImageObject","inLanguage":"en-US","@id":"https:\/\/monsieur-prevention.com\/wp-content\/uploads\/2026\/01\/favicon.jpg","url":"https:\/\/monsieur-prevention.com\/wp-content\/uploads\/2026\/01\/favicon.jpg","contentUrl":"https:\/\/monsieur-prevention.com\/wp-content\/uploads\/2026\/01\/favicon.jpg","width":1024,"height":1024,"caption":"S\u00e9bastien Brochot"},"logo":{"@id":"https:\/\/monsieur-prevention.com\/wp-content\/uploads\/2026\/01\/favicon.jpg"},"description":"My name is S\u00e9bastien Brochot, and I specialize in violence prevention strategies.","sameAs":["https:\/\/sebastienbrochot.com\/","https:\/\/www.instagram.com\/sebastien.brochot\/","https:\/\/www.linkedin.com\/in\/sebastienbrochot\/","https:\/\/x.com\/SBrochot","https:\/\/www.youtube.com\/@preventoriumfr"]}]}},"_links":{"self":[{"href":"https:\/\/monsieur-prevention.com\/en\/wp-json\/wp\/v2\/product\/8705","targetHints":{"allow":["GET"]}}],"collection":[{"href":"https:\/\/monsieur-prevention.com\/en\/wp-json\/wp\/v2\/product"}],"about":[{"href":"https:\/\/monsieur-prevention.com\/en\/wp-json\/wp\/v2\/types\/product"}],"wp:featuredmedia":[{"embeddable":true,"href":"https:\/\/monsieur-prevention.com\/en\/wp-json\/wp\/v2\/media\/8704"}],"wp:attachment":[{"href":"https:\/\/monsieur-prevention.com\/en\/wp-json\/wp\/v2\/media?parent=8705"}],"wp:term":[{"taxonomy":"product_brand","embeddable":true,"href":"https:\/\/monsieur-prevention.com\/en\/wp-json\/wp\/v2\/product_brand?post=8705"},{"taxonomy":"product_cat","embeddable":true,"href":"https:\/\/monsieur-prevention.com\/en\/wp-json\/wp\/v2\/product_cat?post=8705"},{"taxonomy":"product_tag","embeddable":true,"href":"https:\/\/monsieur-prevention.com\/en\/wp-json\/wp\/v2\/product_tag?post=8705"}],"curies":[{"name":"wp","href":"https:\/\/api.w.org\/{rel}","templated":true}]}}