{"id":8700,"date":"2026-01-20T18:21:10","date_gmt":"2026-01-20T18:21:10","guid":{"rendered":"https:\/\/monsieur-prevention.com\/product\/mug-de-voyage-isotherme-monsieur-prevention-en-acier-inoxydable-blanc-45-cl-15-oz\/"},"modified":"2026-01-20T18:21:10","modified_gmt":"2026-01-20T18:21:10","slug":"%e0%a4%ae%e0%a5%89%e0%a4%a8%e0%a5%8d%e0%a4%b8%e0%a4%bf%e0%a4%af%e0%a4%b0-%e0%a4%aa%e0%a5%8d%e0%a4%b0%e0%a4%bf%e0%a4%b5%e0%a5%87%e0%a4%82%e0%a4%b6%e0%a4%a8-%e0%a4%87%e0%a4%82%e0%a4%b8%e0%a5%81%e0%a4%b2","status":"publish","type":"product","link":"https:\/\/monsieur-prevention.com\/hi\/product\/mug-de-voyage-isotherme-monsieur-prevention-en-acier-inoxydable-blanc-45-cl-15-oz\/","title":{"rendered":"\u0938\u092b\u0947\u0926 \u0938\u094d\u091f\u0947\u0928\u0932\u0947\u0938 \u0938\u094d\u091f\u0940\u0932 \u092e\u0947\u0902 \u092c\u0928\u093e &quot;\u092e\u094b\u0902\u0938\u093f\u092f\u0930 \u092a\u094d\u0930\u093f\u0935\u0947\u0902\u0936\u0928&quot; \u0907\u0902\u0938\u0941\u0932\u0947\u091f\u0947\u0921 \u091f\u094d\u0930\u0948\u0935\u0932 \u092e\u0917 \u2013 45 cl (15 \u0914\u0902\u0938)"},"content":{"rendered":"<p>\u092f\u0939 45 cl (15 \u0914\u0902\u0938) \u0938\u094d\u091f\u0947\u0928\u0932\u0947\u0938 \u0938\u094d\u091f\u0940\u0932 \u0915\u093e \u0907\u0902\u0938\u0941\u0932\u0947\u091f\u0947\u0921 \u091f\u094d\u0930\u0948\u0935\u0932 \u092e\u0917 \u0906\u092a\u0915\u0947 \u092a\u0947\u092f \u092a\u0926\u093e\u0930\u094d\u0925\u094b\u0902 \u0915\u094b \u0918\u0902\u091f\u094b\u0902 \u0924\u0915 \u092e\u0928\u091a\u093e\u0939\u0947 \u0924\u093e\u092a\u092e\u093e\u0928 \u092a\u0930 \u0930\u0916\u0924\u093e \u0939\u0948\u0964 \u0907\u0938\u0915\u093e \u0932\u0940\u0915-\u092a\u094d\u0930\u0942\u092b \u0922\u0915\u094d\u0915\u0928 \u0907\u0938\u0947 \u0915\u0939\u0940\u0902 \u092d\u0940 \u0932\u0947 \u091c\u093e\u0928\u0947 \u092a\u0930 \u092a\u0947\u092f \u092a\u0926\u093e\u0930\u094d\u0925 \u0915\u094b \u0917\u093f\u0930\u0928\u0947 \u0938\u0947 \u0930\u094b\u0915\u0924\u093e \u0939\u0948\u0964.<\/p>\n<ul>\n<li><span>\u090a\u0902\u091a\u093e\u0908: \u0922\u0915\u094d\u0915\u0928 \u0938\u0939\u093f\u0924 180 \u092e\u093f\u092e\u0940 (7.08 \u0907\u0902\u091a), \u0922\u0915\u094d\u0915\u0928 \u0930\u0939\u093f\u0924 160 \u092e\u093f\u092e\u0940 (6.29 \u0907\u0902\u091a)\u0964.<\/span><\/li>\n<li><span>\u0906\u0927\u093e\u0930 \u0915\u093e \u0935\u094d\u092f\u093e\u0938: 61 \u092e\u093f\u092e\u0940 (2.4 \u0907\u0902\u091a)\u0964.\u00a0<\/span><span>\u090a\u092a\u0930\u0940 \u0935\u094d\u092f\u093e\u0938: 84 \u092e\u093f\u092e\u0940 (3.3 \u0907\u0902\u091a)\u0964.<\/span><\/li>\n<\/ul>","protected":false},"excerpt":{"rendered":"<p>Ce mug de voyage isotherme en acier inoxydable de 45 cl (15 oz) maintient tes boissons \u00e0 la temp\u00e9rature souhait\u00e9e pendant des heures. Son [&hellip;]<\/p>\n","protected":false},"featured_media":8699,"template":"","meta":{"_acf_changed":false},"product_brand":[],"product_cat":[255],"product_tag":[],"class_list":{"0":"post-8700","1":"product","2":"type-product","3":"status-publish","4":"has-post-thumbnail","6":"product_cat-goodies","8":"first","9":"instock","10":"shipping-taxable","11":"purchasable","12":"product-type-simple"},"acf":[],"yoast_head":"<!-- This site is optimized with the Yoast SEO plugin v27.6 - https:\/\/yoast.com\/product\/yoast-seo-wordpress\/ -->\n<title>Mug de voyage isotherme &quot;Monsieur PREVENTION&quot; en acier inoxydable blanc \u2013 45 cl (15 oz) - Monsieur Pr\u00e9vention<\/title>\n<meta name=\"robots\" content=\"index, follow, max-snippet:-1, max-image-preview:large, max-video-preview:-1\" \/>\n<link rel=\"canonical\" href=\"https:\/\/monsieur-prevention.com\/hi\/\u0909\u0924\u094d\u092a\u093e\u0926\/\u092e\u0949\u0928\u094d\u0938\u093f\u092f\u0930-\u092a\u094d\u0930\u093f\u0935\u0947\u0902\u0936\u0928-\u0907\u0902\u0938\u0941\u0932\/\" \/>\n<meta property=\"og:locale\" content=\"hi_IN\" \/>\n<meta property=\"og:type\" content=\"article\" \/>\n<meta property=\"og:title\" content=\"Mug de voyage isotherme &quot;Monsieur PREVENTION&quot; en acier inoxydable blanc \u2013 45 cl (15 oz) - Monsieur Pr\u00e9vention\" \/>\n<meta property=\"og:description\" content=\"Ce mug de voyage isotherme en acier inoxydable de 45 cl (15 oz) maintient tes boissons \u00e0 la temp\u00e9rature souhait\u00e9e pendant des heures. Son [&hellip;]\" \/>\n<meta property=\"og:url\" content=\"https:\/\/monsieur-prevention.com\/hi\/\u0909\u0924\u094d\u092a\u093e\u0926\/\u092e\u0949\u0928\u094d\u0938\u093f\u092f\u0930-\u092a\u094d\u0930\u093f\u0935\u0947\u0902\u0936\u0928-\u0907\u0902\u0938\u0941\u0932\/\" \/>\n<meta property=\"og:site_name\" content=\"Monsieur Pr\u00e9vention\" \/>\n<meta property=\"og:image\" content=\"https:\/\/monsieur-prevention.com\/wp-content\/uploads\/2026\/01\/1200.png\" \/>\n\t<meta property=\"og:image:width\" content=\"1200\" \/>\n\t<meta property=\"og:image:height\" content=\"800\" \/>\n\t<meta property=\"og:image:type\" content=\"image\/png\" \/>\n<meta name=\"twitter:card\" content=\"summary_large_image\" \/>\n<meta name=\"twitter:site\" content=\"@SBrochot\" \/>\n<script type=\"application\/ld+json\" class=\"yoast-schema-graph\">{\"@context\":\"https:\\\/\\\/schema.org\",\"@graph\":[{\"@type\":\"WebPage\",\"@id\":\"https:\\\/\\\/monsieur-prevention.com\\\/product\\\/mug-de-voyage-isotherme-monsieur-prevention-en-acier-inoxydable-blanc-45-cl-15-oz\\\/\",\"url\":\"https:\\\/\\\/monsieur-prevention.com\\\/product\\\/mug-de-voyage-isotherme-monsieur-prevention-en-acier-inoxydable-blanc-45-cl-15-oz\\\/\",\"name\":\"Mug de voyage isotherme \\\"Monsieur PREVENTION\\\" en acier inoxydable blanc \u2013 45 cl (15 oz) - Monsieur Pr\u00e9vention\",\"isPartOf\":{\"@id\":\"https:\\\/\\\/monsieur-prevention.com\\\/#website\"},\"primaryImageOfPage\":{\"@id\":\"https:\\\/\\\/monsieur-prevention.com\\\/product\\\/mug-de-voyage-isotherme-monsieur-prevention-en-acier-inoxydable-blanc-45-cl-15-oz\\\/#primaryimage\"},\"image\":{\"@id\":\"https:\\\/\\\/monsieur-prevention.com\\\/product\\\/mug-de-voyage-isotherme-monsieur-prevention-en-acier-inoxydable-blanc-45-cl-15-oz\\\/#primaryimage\"},\"thumbnailUrl\":\"https:\\\/\\\/monsieur-prevention.com\\\/wp-content\\\/uploads\\\/2026\\\/01\\\/88211a17-3384-4ffb-bf63-9c8c41722c75.jpg\",\"datePublished\":\"2026-01-20T18:21:10+00:00\",\"breadcrumb\":{\"@id\":\"https:\\\/\\\/monsieur-prevention.com\\\/product\\\/mug-de-voyage-isotherme-monsieur-prevention-en-acier-inoxydable-blanc-45-cl-15-oz\\\/#breadcrumb\"},\"inLanguage\":\"hi-IN\",\"potentialAction\":[{\"@type\":\"ReadAction\",\"target\":[\"https:\\\/\\\/monsieur-prevention.com\\\/product\\\/mug-de-voyage-isotherme-monsieur-prevention-en-acier-inoxydable-blanc-45-cl-15-oz\\\/\"]}]},{\"@type\":\"ImageObject\",\"inLanguage\":\"hi-IN\",\"@id\":\"https:\\\/\\\/monsieur-prevention.com\\\/product\\\/mug-de-voyage-isotherme-monsieur-prevention-en-acier-inoxydable-blanc-45-cl-15-oz\\\/#primaryimage\",\"url\":\"https:\\\/\\\/monsieur-prevention.com\\\/wp-content\\\/uploads\\\/2026\\\/01\\\/88211a17-3384-4ffb-bf63-9c8c41722c75.jpg\",\"contentUrl\":\"https:\\\/\\\/monsieur-prevention.com\\\/wp-content\\\/uploads\\\/2026\\\/01\\\/88211a17-3384-4ffb-bf63-9c8c41722c75.jpg\",\"width\":2048,\"height\":2048},{\"@type\":\"BreadcrumbList\",\"@id\":\"https:\\\/\\\/monsieur-prevention.com\\\/product\\\/mug-de-voyage-isotherme-monsieur-prevention-en-acier-inoxydable-blanc-45-cl-15-oz\\\/#breadcrumb\",\"itemListElement\":[{\"@type\":\"ListItem\",\"position\":1,\"name\":\"Home\",\"item\":\"https:\\\/\\\/monsieur-prevention.com\\\/\"},{\"@type\":\"ListItem\",\"position\":2,\"name\":\"Boutique\",\"item\":\"https:\\\/\\\/monsieur-prevention.com\\\/boutique\\\/\"},{\"@type\":\"ListItem\",\"position\":3,\"name\":\"Mug de voyage isotherme \u00ab\u00a0Monsieur PREVENTION\u00a0\u00bb en acier inoxydable blanc \u2013 45 cl (15 oz)\"}]},{\"@type\":\"WebSite\",\"@id\":\"https:\\\/\\\/monsieur-prevention.com\\\/#website\",\"url\":\"https:\\\/\\\/monsieur-prevention.com\\\/\",\"name\":\"Monsieur Pr\u00e9vention \u2013 S\u00e9bastien Brochot\",\"description\":\"Des r\u00e9ponses concr\u00e8tes aux enjeux de la pr\u00e9vention des violences\",\"publisher\":{\"@id\":\"https:\\\/\\\/monsieur-prevention.com\\\/#\\\/schema\\\/person\\\/a98adec1ea87e537031f136cbe7ad955\"},\"alternateName\":\"Sebastien Brochot\",\"potentialAction\":[{\"@type\":\"SearchAction\",\"target\":{\"@type\":\"EntryPoint\",\"urlTemplate\":\"https:\\\/\\\/monsieur-prevention.com\\\/?s={search_term_string}\"},\"query-input\":{\"@type\":\"PropertyValueSpecification\",\"valueRequired\":true,\"valueName\":\"search_term_string\"}}],\"inLanguage\":\"hi-IN\"},{\"@type\":[\"Person\",\"Organization\"],\"@id\":\"https:\\\/\\\/monsieur-prevention.com\\\/#\\\/schema\\\/person\\\/a98adec1ea87e537031f136cbe7ad955\",\"name\":\"S\u00e9bastien Brochot\",\"image\":{\"@type\":\"ImageObject\",\"inLanguage\":\"hi-IN\",\"@id\":\"https:\\\/\\\/monsieur-prevention.com\\\/wp-content\\\/uploads\\\/2026\\\/01\\\/favicon.jpg\",\"url\":\"https:\\\/\\\/monsieur-prevention.com\\\/wp-content\\\/uploads\\\/2026\\\/01\\\/favicon.jpg\",\"contentUrl\":\"https:\\\/\\\/monsieur-prevention.com\\\/wp-content\\\/uploads\\\/2026\\\/01\\\/favicon.jpg\",\"width\":1024,\"height\":1024,\"caption\":\"S\u00e9bastien Brochot\"},\"logo\":{\"@id\":\"https:\\\/\\\/monsieur-prevention.com\\\/wp-content\\\/uploads\\\/2026\\\/01\\\/favicon.jpg\"},\"description\":\"Je m'appelle S\u00e9bastien Brochot, je suis sp\u00e9cialiste en strat\u00e9gies de pr\u00e9vention des violences.\",\"sameAs\":[\"https:\\\/\\\/sebastienbrochot.com\\\/\",\"https:\\\/\\\/www.instagram.com\\\/sebastien.brochot\\\/\",\"https:\\\/\\\/www.linkedin.com\\\/in\\\/sebastienbrochot\\\/\",\"https:\\\/\\\/x.com\\\/SBrochot\",\"https:\\\/\\\/www.youtube.com\\\/@preventoriumfr\"]}]}<\/script>\n<!-- \/ Yoast SEO plugin. -->","yoast_head_json":{"title":"\u0938\u092b\u0947\u0926 \u0938\u094d\u091f\u0947\u0928\u0932\u0947\u0938 \u0938\u094d\u091f\u0940\u0932 \u092e\u0947\u0902 &quot;\u092e\u094b\u0902\u0938\u093f\u092f\u0930 \u092a\u094d\u0930\u093f\u0935\u0947\u0902\u0936\u0928&quot; \u0907\u0902\u0938\u0941\u0932\u0947\u091f\u0947\u0921 \u091f\u094d\u0930\u0948\u0935\u0932 \u092e\u0917 - 45 cl (15 oz) - \u092e\u094b\u0902\u0938\u093f\u092f\u0930 \u092a\u094d\u0930\u093f\u0935\u0947\u0902\u0936\u0928","robots":{"index":"index","follow":"follow","max-snippet":"max-snippet:-1","max-image-preview":"max-image-preview:large","max-video-preview":"max-video-preview:-1"},"canonical":"https:\/\/monsieur-prevention.com\/hi\/\u0909\u0924\u094d\u092a\u093e\u0926\/\u092e\u0949\u0928\u094d\u0938\u093f\u092f\u0930-\u092a\u094d\u0930\u093f\u0935\u0947\u0902\u0936\u0928-\u0907\u0902\u0938\u0941\u0932\/","og_locale":"hi_IN","og_type":"article","og_title":"Mug de voyage isotherme \"Monsieur PREVENTION\" en acier inoxydable blanc \u2013 45 cl (15 oz) - Monsieur Pr\u00e9vention","og_description":"Ce mug de voyage isotherme en acier inoxydable de 45 cl (15 oz) maintient tes boissons \u00e0 la temp\u00e9rature souhait\u00e9e pendant des heures. Son [&hellip;]","og_url":"https:\/\/monsieur-prevention.com\/hi\/\u0909\u0924\u094d\u092a\u093e\u0926\/\u092e\u0949\u0928\u094d\u0938\u093f\u092f\u0930-\u092a\u094d\u0930\u093f\u0935\u0947\u0902\u0936\u0928-\u0907\u0902\u0938\u0941\u0932\/","og_site_name":"Monsieur Pr\u00e9vention","og_image":[{"width":1200,"height":800,"url":"https:\/\/monsieur-prevention.com\/wp-content\/uploads\/2026\/01\/1200.png","type":"image\/png"}],"twitter_card":"summary_large_image","twitter_site":"@SBrochot","schema":{"@context":"https:\/\/schema.org","@graph":[{"@type":"WebPage","@id":"https:\/\/monsieur-prevention.com\/product\/mug-de-voyage-isotherme-monsieur-prevention-en-acier-inoxydable-blanc-45-cl-15-oz\/","url":"https:\/\/monsieur-prevention.com\/product\/mug-de-voyage-isotherme-monsieur-prevention-en-acier-inoxydable-blanc-45-cl-15-oz\/","name":"\u0938\u092b\u0947\u0926 \u0938\u094d\u091f\u0947\u0928\u0932\u0947\u0938 \u0938\u094d\u091f\u0940\u0932 \u092e\u0947\u0902 &quot;\u092e\u094b\u0902\u0938\u093f\u092f\u0930 \u092a\u094d\u0930\u093f\u0935\u0947\u0902\u0936\u0928&quot; \u0907\u0902\u0938\u0941\u0932\u0947\u091f\u0947\u0921 \u091f\u094d\u0930\u0948\u0935\u0932 \u092e\u0917 - 45 cl (15 oz) - \u092e\u094b\u0902\u0938\u093f\u092f\u0930 \u092a\u094d\u0930\u093f\u0935\u0947\u0902\u0936\u0928","isPartOf":{"@id":"https:\/\/monsieur-prevention.com\/#website"},"primaryImageOfPage":{"@id":"https:\/\/monsieur-prevention.com\/product\/mug-de-voyage-isotherme-monsieur-prevention-en-acier-inoxydable-blanc-45-cl-15-oz\/#primaryimage"},"image":{"@id":"https:\/\/monsieur-prevention.com\/product\/mug-de-voyage-isotherme-monsieur-prevention-en-acier-inoxydable-blanc-45-cl-15-oz\/#primaryimage"},"thumbnailUrl":"https:\/\/monsieur-prevention.com\/wp-content\/uploads\/2026\/01\/88211a17-3384-4ffb-bf63-9c8c41722c75.jpg","datePublished":"2026-01-20T18:21:10+00:00","breadcrumb":{"@id":"https:\/\/monsieur-prevention.com\/product\/mug-de-voyage-isotherme-monsieur-prevention-en-acier-inoxydable-blanc-45-cl-15-oz\/#breadcrumb"},"inLanguage":"hi-IN","potentialAction":[{"@type":"ReadAction","target":["https:\/\/monsieur-prevention.com\/product\/mug-de-voyage-isotherme-monsieur-prevention-en-acier-inoxydable-blanc-45-cl-15-oz\/"]}]},{"@type":"ImageObject","inLanguage":"hi-IN","@id":"https:\/\/monsieur-prevention.com\/product\/mug-de-voyage-isotherme-monsieur-prevention-en-acier-inoxydable-blanc-45-cl-15-oz\/#primaryimage","url":"https:\/\/monsieur-prevention.com\/wp-content\/uploads\/2026\/01\/88211a17-3384-4ffb-bf63-9c8c41722c75.jpg","contentUrl":"https:\/\/monsieur-prevention.com\/wp-content\/uploads\/2026\/01\/88211a17-3384-4ffb-bf63-9c8c41722c75.jpg","width":2048,"height":2048},{"@type":"BreadcrumbList","@id":"https:\/\/monsieur-prevention.com\/product\/mug-de-voyage-isotherme-monsieur-prevention-en-acier-inoxydable-blanc-45-cl-15-oz\/#breadcrumb","itemListElement":[{"@type":"ListItem","position":1,"name":"Home","item":"https:\/\/monsieur-prevention.com\/"},{"@type":"ListItem","position":2,"name":"Boutique","item":"https:\/\/monsieur-prevention.com\/boutique\/"},{"@type":"ListItem","position":3,"name":"Mug de voyage isotherme \u00ab\u00a0Monsieur PREVENTION\u00a0\u00bb en acier inoxydable blanc \u2013 45 cl (15 oz)"}]},{"@type":"WebSite","@id":"https:\/\/monsieur-prevention.com\/#website","url":"https:\/\/monsieur-prevention.com\/","name":"\u092e\u093f\u0938\u094d\u091f\u0930 \u092a\u094d\u0930\u093f\u0935\u0947\u0902\u0936\u0928 - \u0938\u0947\u092c\u0947\u0938\u094d\u091f\u093f\u092f\u0928 \u092c\u094d\u0930\u094b\u091a\u094b\u091f","description":"\u0939\u093f\u0902\u0938\u093e \u0915\u0940 \u0930\u094b\u0915\u0925\u093e\u092e \u0915\u0940 \u091a\u0941\u0928\u094c\u0924\u093f\u092f\u094b\u0902 \u0915\u0947 \u0932\u093f\u090f \u0920\u094b\u0938 \u0938\u092e\u093e\u0927\u093e\u0928","publisher":{"@id":"https:\/\/monsieur-prevention.com\/#\/schema\/person\/a98adec1ea87e537031f136cbe7ad955"},"alternateName":"Sebastien Brochot","potentialAction":[{"@type":"SearchAction","target":{"@type":"EntryPoint","urlTemplate":"https:\/\/monsieur-prevention.com\/?s={search_term_string}"},"query-input":{"@type":"PropertyValueSpecification","valueRequired":true,"valueName":"search_term_string"}}],"inLanguage":"hi-IN"},{"@type":["Person","Organization"],"@id":"https:\/\/monsieur-prevention.com\/#\/schema\/person\/a98adec1ea87e537031f136cbe7ad955","name":"\u0938\u0947\u092c\u0947\u0938\u094d\u091f\u093f\u092f\u0928 \u092c\u094d\u0930\u094b\u091a\u094b\u091f","image":{"@type":"ImageObject","inLanguage":"hi-IN","@id":"https:\/\/monsieur-prevention.com\/wp-content\/uploads\/2026\/01\/favicon.jpg","url":"https:\/\/monsieur-prevention.com\/wp-content\/uploads\/2026\/01\/favicon.jpg","contentUrl":"https:\/\/monsieur-prevention.com\/wp-content\/uploads\/2026\/01\/favicon.jpg","width":1024,"height":1024,"caption":"S\u00e9bastien Brochot"},"logo":{"@id":"https:\/\/monsieur-prevention.com\/wp-content\/uploads\/2026\/01\/favicon.jpg"},"description":"\u092e\u0947\u0930\u093e \u0928\u093e\u092e \u0938\u0947\u092c\u0947\u0938\u094d\u091f\u093f\u092f\u0928 \u092c\u094d\u0930\u094b\u091a\u094b\u091f \u0939\u0948, \u092e\u0948\u0902 \u0939\u093f\u0902\u0938\u093e \u0930\u094b\u0915\u0925\u093e\u092e \u0930\u0923\u0928\u0940\u0924\u093f\u092f\u094b\u0902 \u0915\u093e \u0935\u093f\u0936\u0947\u0937\u091c\u094d\u091e \u0939\u0942\u0902\u0964.","sameAs":["https:\/\/sebastienbrochot.com\/","https:\/\/www.instagram.com\/sebastien.brochot\/","https:\/\/www.linkedin.com\/in\/sebastienbrochot\/","https:\/\/x.com\/SBrochot","https:\/\/www.youtube.com\/@preventoriumfr"]}]}},"_links":{"self":[{"href":"https:\/\/monsieur-prevention.com\/hi\/wp-json\/wp\/v2\/product\/8700","targetHints":{"allow":["GET"]}}],"collection":[{"href":"https:\/\/monsieur-prevention.com\/hi\/wp-json\/wp\/v2\/product"}],"about":[{"href":"https:\/\/monsieur-prevention.com\/hi\/wp-json\/wp\/v2\/types\/product"}],"wp:featuredmedia":[{"embeddable":true,"href":"https:\/\/monsieur-prevention.com\/hi\/wp-json\/wp\/v2\/media\/8699"}],"wp:attachment":[{"href":"https:\/\/monsieur-prevention.com\/hi\/wp-json\/wp\/v2\/media?parent=8700"}],"wp:term":[{"taxonomy":"product_brand","embeddable":true,"href":"https:\/\/monsieur-prevention.com\/hi\/wp-json\/wp\/v2\/product_brand?post=8700"},{"taxonomy":"product_cat","embeddable":true,"href":"https:\/\/monsieur-prevention.com\/hi\/wp-json\/wp\/v2\/product_cat?post=8700"},{"taxonomy":"product_tag","embeddable":true,"href":"https:\/\/monsieur-prevention.com\/hi\/wp-json\/wp\/v2\/product_tag?post=8700"}],"curies":[{"name":"\u0921\u092c\u094d\u0932\u094d\u092f\u0942\u092a\u0940","href":"https:\/\/api.w.org\/{rel}","templated":true}]}}