{"id":8705,"date":"2026-01-20T19:12:37","date_gmt":"2026-01-20T19:12:37","guid":{"rendered":"https:\/\/monsieur-prevention.com\/product\/mug-en-ceramique-monsieur-prevention-33-cl-11-oz\/"},"modified":"2026-01-20T19:13:30","modified_gmt":"2026-01-20T19:13:30","slug":"%e0%a4%ae%e0%a4%bf%e0%a4%b8%e0%a5%8d%e0%a4%9f%e0%a4%b0-%e0%a4%aa%e0%a5%8d%e0%a4%b0%e0%a4%bf%e0%a4%b5%e0%a5%87%e0%a4%82%e0%a4%b6%e0%a4%a8-%e0%a4%b8%e0%a4%bf%e0%a4%b0%e0%a5%87%e0%a4%ae%e0%a4%bf%e0%a4%95","status":"publish","type":"product","link":"https:\/\/monsieur-prevention.com\/hi\/product\/mug-en-ceramique-monsieur-prevention-33-cl-11-oz\/","title":{"rendered":"&quot;\u092e\u094b\u0902\u0938\u093f\u092f\u0930 \u092a\u094d\u0930\u093f\u0935\u0947\u0902\u0936\u0928&quot; \u0938\u093f\u0930\u0947\u092e\u093f\u0915 \u092e\u0917, 33 \u0938\u0940\u090f\u0932 (11 \u0914\u0902\u0938)"},"content":{"rendered":"<p>\u092f\u0939 \u0938\u094d\u091f\u093e\u0907\u0932\u093f\u0936 \u0938\u093f\u0930\u0947\u092e\u093f\u0915 \u092e\u0917 \u0926\u093f\u0928 \u0915\u0947 \u0915\u093f\u0938\u0940 \u092d\u0940 \u0938\u092e\u092f \u0915\u0947 \u0932\u093f\u090f \u090f\u0915\u0926\u092e \u0938\u0939\u0940 \u0939\u0948: \u0938\u0941\u092c\u0939 \u0915\u0940 \u0915\u0949\u092b\u0940, \u0939\u0949\u091f \u091a\u0949\u0915\u0932\u0947\u091f \u092f\u093e \u0915\u094b\u0908 \u092d\u0940 \u0905\u0928\u094d\u092f \u0917\u0930\u094d\u092e \u092a\u0947\u092f \u091c\u093f\u0938\u0915\u093e \u0906\u092a \u0906\u0928\u0902\u0926 \u0932\u0947\u0924\u0947 \u0939\u0948\u0902\u0964 \u091a\u092e\u0915\u0926\u093e\u0930 \u0938\u092b\u0947\u0926 \u0930\u0902\u0917 \u0915\u093e \u092f\u0939 \u092e\u0917 \u0930\u0902\u0917\u0940\u0928 \u0930\u093f\u092e, \u0905\u0902\u0926\u0930\u0942\u0928\u0940 \u092d\u093e\u0917 \u0914\u0930 \u0939\u0948\u0902\u0921\u0932 \u0915\u0947 \u0938\u093e\u0925 \u0906\u0924\u093e \u0939\u0948\u0964 \u0907\u0938 \u092a\u0930 \u091b\u092a\u0947 \u092a\u094d\u0930\u093f\u0902\u091f \u0938\u094d\u092a\u0937\u094d\u091f \u0914\u0930 \u091a\u092e\u0915\u0940\u0932\u0947 \u0939\u0948\u0902, \u0914\u0930 \u0930\u0902\u0917\u094b\u0902 \u0915\u093e \u0909\u0924\u094d\u0915\u0943\u0937\u094d\u091f \u092a\u094d\u0930\u0926\u0930\u094d\u0936\u0928 \u0939\u0948\u0964 \u092e\u093e\u0907\u0915\u094d\u0930\u094b\u0935\u0947\u0935 \u092f\u093e \u0921\u093f\u0936\u0935\u0949\u0936\u0930 \u092e\u0947\u0902 \u0927\u094b\u0928\u0947 \u0915\u0947 \u092c\u093e\u0926 \u092d\u0940 \u0907\u0938\u0915\u093e \u0921\u093f\u091c\u093c\u093e\u0907\u0928 \u0905\u092a\u0928\u0940 \u0917\u0941\u0923\u0935\u0924\u094d\u0924\u093e \u0914\u0930 \u091c\u0940\u0935\u0902\u0924\u0924\u093e \u092c\u0930\u0915\u0930\u093e\u0930 \u0930\u0916\u0924\u093e \u0939\u0948\u0964.<\/p>\n<\/p>\n<ul>\n<li>\n<p>33 \u0938\u0940\u090f\u0932 (11 \u0914\u0902\u0938) \u0938\u093f\u0930\u0947\u092e\u093f\u0915 \u092e\u0917<\/p>\n<\/li>\n<li>\n<p>\u0921\u093f\u0936\u0935\u0949\u0936\u0930 \u0914\u0930 \u092e\u093e\u0907\u0915\u094d\u0930\u094b\u0935\u0947\u0935 \u092e\u0947\u0902 \u0907\u0938\u094d\u0924\u0947\u092e\u093e\u0932 \u0915\u093f\u092f\u093e \u091c\u093e \u0938\u0915\u0924\u093e \u0939\u0948\u0964<\/p>\n<\/li>\n<li>\n<p>\u0930\u0902\u0917\u0940\u0928 \u091f\u094d\u0930\u093f\u092e, \u0907\u0902\u091f\u0940\u0930\u093f\u092f\u0930 \u0914\u0930 \u0939\u0948\u0902\u0921\u0932<\/p>\n<\/li>\n<li>\n<p>\u0938\u092b\u0947\u0926 \u092e\u0941\u0926\u094d\u0930\u0923 \u0915\u094d\u0937\u0947\u0924\u094d\u0930<\/p>\n<\/li>\n<\/ul>","protected":false},"excerpt":{"rendered":"<p>Ce mug en c\u00e9ramique \u00e9l\u00e9gant est parfait \u00e0 tout moment de la journ\u00e9e\u202f: caf\u00e9 du matin, chocolat chaud ou toute autre boisson chaude que [&hellip;]<\/p>\n","protected":false},"featured_media":8704,"template":"","meta":{"_acf_changed":false},"product_brand":[],"product_cat":[255],"product_tag":[],"class_list":{"0":"post-8705","1":"product","2":"type-product","3":"status-publish","4":"has-post-thumbnail","6":"product_cat-goodies","8":"first","9":"instock","10":"shipping-taxable","11":"purchasable","12":"product-type-variable"},"acf":[],"yoast_head":"<!-- This site is optimized with the Yoast SEO plugin v27.6 - https:\/\/yoast.com\/product\/yoast-seo-wordpress\/ -->\n<title>Mug en c\u00e9ramique &quot;Monsieur PREVENTION&quot; 33 cl (11 oz) - Monsieur Pr\u00e9vention<\/title>\n<meta name=\"robots\" content=\"index, follow, max-snippet:-1, max-image-preview:large, max-video-preview:-1\" \/>\n<link rel=\"canonical\" href=\"https:\/\/monsieur-prevention.com\/hi\/\u0909\u0924\u094d\u092a\u093e\u0926\/\u092e\u093f\u0938\u094d\u091f\u0930-\u092a\u094d\u0930\u093f\u0935\u0947\u0902\u0936\u0928-\u0938\u093f\u0930\u0947\u092e\u093f\u0915\/\" \/>\n<meta property=\"og:locale\" content=\"hi_IN\" \/>\n<meta property=\"og:type\" content=\"article\" \/>\n<meta property=\"og:title\" content=\"Mug en c\u00e9ramique &quot;Monsieur PREVENTION&quot; 33 cl (11 oz) - Monsieur Pr\u00e9vention\" \/>\n<meta property=\"og:description\" content=\"Ce mug en c\u00e9ramique \u00e9l\u00e9gant est parfait \u00e0 tout moment de la journ\u00e9e\u202f: caf\u00e9 du matin, chocolat chaud ou toute autre boisson chaude que [&hellip;]\" \/>\n<meta property=\"og:url\" content=\"https:\/\/monsieur-prevention.com\/hi\/\u0909\u0924\u094d\u092a\u093e\u0926\/\u092e\u093f\u0938\u094d\u091f\u0930-\u092a\u094d\u0930\u093f\u0935\u0947\u0902\u0936\u0928-\u0938\u093f\u0930\u0947\u092e\u093f\u0915\/\" \/>\n<meta property=\"og:site_name\" content=\"Monsieur Pr\u00e9vention\" \/>\n<meta property=\"article:modified_time\" content=\"2026-01-20T19:13:30+00:00\" \/>\n<meta property=\"og:image\" content=\"https:\/\/monsieur-prevention.com\/wp-content\/uploads\/2026\/01\/1200.png\" \/>\n\t<meta property=\"og:image:width\" content=\"1200\" \/>\n\t<meta property=\"og:image:height\" content=\"800\" \/>\n\t<meta property=\"og:image:type\" content=\"image\/png\" \/>\n<meta name=\"twitter:card\" content=\"summary_large_image\" \/>\n<meta name=\"twitter:site\" content=\"@SBrochot\" \/>\n<meta name=\"twitter:label1\" content=\"\u0905\u0928\u0941\u092e\u093e\u0928\u093f\u0924 \u092a\u0922\u093c\u0928\u0947 \u0915\u093e \u0938\u092e\u092f\" \/>\n\t<meta name=\"twitter:data1\" content=\"1 \u092e\u093f\u0928\u091f\" \/>\n<script type=\"application\/ld+json\" class=\"yoast-schema-graph\">{\"@context\":\"https:\\\/\\\/schema.org\",\"@graph\":[{\"@type\":\"WebPage\",\"@id\":\"https:\\\/\\\/monsieur-prevention.com\\\/product\\\/mug-en-ceramique-monsieur-prevention-33-cl-11-oz\\\/\",\"url\":\"https:\\\/\\\/monsieur-prevention.com\\\/product\\\/mug-en-ceramique-monsieur-prevention-33-cl-11-oz\\\/\",\"name\":\"Mug en c\u00e9ramique \\\"Monsieur PREVENTION\\\" 33 cl (11 oz) - Monsieur Pr\u00e9vention\",\"isPartOf\":{\"@id\":\"https:\\\/\\\/monsieur-prevention.com\\\/#website\"},\"primaryImageOfPage\":{\"@id\":\"https:\\\/\\\/monsieur-prevention.com\\\/product\\\/mug-en-ceramique-monsieur-prevention-33-cl-11-oz\\\/#primaryimage\"},\"image\":{\"@id\":\"https:\\\/\\\/monsieur-prevention.com\\\/product\\\/mug-en-ceramique-monsieur-prevention-33-cl-11-oz\\\/#primaryimage\"},\"thumbnailUrl\":\"https:\\\/\\\/monsieur-prevention.com\\\/wp-content\\\/uploads\\\/2026\\\/01\\\/eab7e87f-9a1e-43db-80d0-dcce3de1127a.jpg\",\"datePublished\":\"2026-01-20T19:12:37+00:00\",\"dateModified\":\"2026-01-20T19:13:30+00:00\",\"breadcrumb\":{\"@id\":\"https:\\\/\\\/monsieur-prevention.com\\\/product\\\/mug-en-ceramique-monsieur-prevention-33-cl-11-oz\\\/#breadcrumb\"},\"inLanguage\":\"hi-IN\",\"potentialAction\":[{\"@type\":\"ReadAction\",\"target\":[\"https:\\\/\\\/monsieur-prevention.com\\\/product\\\/mug-en-ceramique-monsieur-prevention-33-cl-11-oz\\\/\"]}]},{\"@type\":\"ImageObject\",\"inLanguage\":\"hi-IN\",\"@id\":\"https:\\\/\\\/monsieur-prevention.com\\\/product\\\/mug-en-ceramique-monsieur-prevention-33-cl-11-oz\\\/#primaryimage\",\"url\":\"https:\\\/\\\/monsieur-prevention.com\\\/wp-content\\\/uploads\\\/2026\\\/01\\\/eab7e87f-9a1e-43db-80d0-dcce3de1127a.jpg\",\"contentUrl\":\"https:\\\/\\\/monsieur-prevention.com\\\/wp-content\\\/uploads\\\/2026\\\/01\\\/eab7e87f-9a1e-43db-80d0-dcce3de1127a.jpg\",\"width\":2048,\"height\":2048,\"caption\":\"eab7e87f-9a1e-43db-80d0-dcce3de1127a\"},{\"@type\":\"BreadcrumbList\",\"@id\":\"https:\\\/\\\/monsieur-prevention.com\\\/product\\\/mug-en-ceramique-monsieur-prevention-33-cl-11-oz\\\/#breadcrumb\",\"itemListElement\":[{\"@type\":\"ListItem\",\"position\":1,\"name\":\"Home\",\"item\":\"https:\\\/\\\/monsieur-prevention.com\\\/\"},{\"@type\":\"ListItem\",\"position\":2,\"name\":\"Boutique\",\"item\":\"https:\\\/\\\/monsieur-prevention.com\\\/boutique\\\/\"},{\"@type\":\"ListItem\",\"position\":3,\"name\":\"Mug en c\u00e9ramique \u00ab\u00a0Monsieur PREVENTION\u00a0\u00bb 33 cl (11 oz)\"}]},{\"@type\":\"WebSite\",\"@id\":\"https:\\\/\\\/monsieur-prevention.com\\\/#website\",\"url\":\"https:\\\/\\\/monsieur-prevention.com\\\/\",\"name\":\"Monsieur Pr\u00e9vention \u2013 S\u00e9bastien Brochot\",\"description\":\"Des r\u00e9ponses concr\u00e8tes aux enjeux de la pr\u00e9vention des violences\",\"publisher\":{\"@id\":\"https:\\\/\\\/monsieur-prevention.com\\\/#\\\/schema\\\/person\\\/a98adec1ea87e537031f136cbe7ad955\"},\"alternateName\":\"Sebastien Brochot\",\"potentialAction\":[{\"@type\":\"SearchAction\",\"target\":{\"@type\":\"EntryPoint\",\"urlTemplate\":\"https:\\\/\\\/monsieur-prevention.com\\\/?s={search_term_string}\"},\"query-input\":{\"@type\":\"PropertyValueSpecification\",\"valueRequired\":true,\"valueName\":\"search_term_string\"}}],\"inLanguage\":\"hi-IN\"},{\"@type\":[\"Person\",\"Organization\"],\"@id\":\"https:\\\/\\\/monsieur-prevention.com\\\/#\\\/schema\\\/person\\\/a98adec1ea87e537031f136cbe7ad955\",\"name\":\"S\u00e9bastien Brochot\",\"image\":{\"@type\":\"ImageObject\",\"inLanguage\":\"hi-IN\",\"@id\":\"https:\\\/\\\/monsieur-prevention.com\\\/wp-content\\\/uploads\\\/2026\\\/01\\\/favicon.jpg\",\"url\":\"https:\\\/\\\/monsieur-prevention.com\\\/wp-content\\\/uploads\\\/2026\\\/01\\\/favicon.jpg\",\"contentUrl\":\"https:\\\/\\\/monsieur-prevention.com\\\/wp-content\\\/uploads\\\/2026\\\/01\\\/favicon.jpg\",\"width\":1024,\"height\":1024,\"caption\":\"S\u00e9bastien Brochot\"},\"logo\":{\"@id\":\"https:\\\/\\\/monsieur-prevention.com\\\/wp-content\\\/uploads\\\/2026\\\/01\\\/favicon.jpg\"},\"description\":\"Je m'appelle S\u00e9bastien Brochot, je suis sp\u00e9cialiste en strat\u00e9gies de pr\u00e9vention des violences.\",\"sameAs\":[\"https:\\\/\\\/sebastienbrochot.com\\\/\",\"https:\\\/\\\/www.instagram.com\\\/sebastien.brochot\\\/\",\"https:\\\/\\\/www.linkedin.com\\\/in\\\/sebastienbrochot\\\/\",\"https:\\\/\\\/x.com\\\/SBrochot\",\"https:\\\/\\\/www.youtube.com\\\/@preventoriumfr\"]}]}<\/script>\n<!-- \/ Yoast SEO plugin. -->","yoast_head_json":{"title":"&quot;\u092e\u0939\u093e\u0936\u092f \u0930\u094b\u0915\u0925\u093e\u092e&quot; \u0938\u093f\u0930\u0947\u092e\u093f\u0915 \u092e\u0917, 33 \u0938\u0940\u090f\u0932 (11 \u0914\u0902\u0938) - \u092e\u0939\u093e\u0936\u092f \u0930\u094b\u0915\u0925\u093e\u092e","robots":{"index":"index","follow":"follow","max-snippet":"max-snippet:-1","max-image-preview":"max-image-preview:large","max-video-preview":"max-video-preview:-1"},"canonical":"https:\/\/monsieur-prevention.com\/hi\/\u0909\u0924\u094d\u092a\u093e\u0926\/\u092e\u093f\u0938\u094d\u091f\u0930-\u092a\u094d\u0930\u093f\u0935\u0947\u0902\u0936\u0928-\u0938\u093f\u0930\u0947\u092e\u093f\u0915\/","og_locale":"hi_IN","og_type":"article","og_title":"Mug en c\u00e9ramique \"Monsieur PREVENTION\" 33 cl (11 oz) - Monsieur Pr\u00e9vention","og_description":"Ce mug en c\u00e9ramique \u00e9l\u00e9gant est parfait \u00e0 tout moment de la journ\u00e9e\u202f: caf\u00e9 du matin, chocolat chaud ou toute autre boisson chaude que [&hellip;]","og_url":"https:\/\/monsieur-prevention.com\/hi\/\u0909\u0924\u094d\u092a\u093e\u0926\/\u092e\u093f\u0938\u094d\u091f\u0930-\u092a\u094d\u0930\u093f\u0935\u0947\u0902\u0936\u0928-\u0938\u093f\u0930\u0947\u092e\u093f\u0915\/","og_site_name":"Monsieur Pr\u00e9vention","article_modified_time":"2026-01-20T19:13:30+00:00","og_image":[{"width":1200,"height":800,"url":"https:\/\/monsieur-prevention.com\/wp-content\/uploads\/2026\/01\/1200.png","type":"image\/png"}],"twitter_card":"summary_large_image","twitter_site":"@SBrochot","twitter_misc":{"\u0905\u0928\u0941\u092e\u093e\u0928\u093f\u0924 \u092a\u0922\u093c\u0928\u0947 \u0915\u093e \u0938\u092e\u092f":"1 \u092e\u093f\u0928\u091f"},"schema":{"@context":"https:\/\/schema.org","@graph":[{"@type":"WebPage","@id":"https:\/\/monsieur-prevention.com\/product\/mug-en-ceramique-monsieur-prevention-33-cl-11-oz\/","url":"https:\/\/monsieur-prevention.com\/product\/mug-en-ceramique-monsieur-prevention-33-cl-11-oz\/","name":"&quot;\u092e\u0939\u093e\u0936\u092f \u0930\u094b\u0915\u0925\u093e\u092e&quot; \u0938\u093f\u0930\u0947\u092e\u093f\u0915 \u092e\u0917, 33 \u0938\u0940\u090f\u0932 (11 \u0914\u0902\u0938) - \u092e\u0939\u093e\u0936\u092f \u0930\u094b\u0915\u0925\u093e\u092e","isPartOf":{"@id":"https:\/\/monsieur-prevention.com\/#website"},"primaryImageOfPage":{"@id":"https:\/\/monsieur-prevention.com\/product\/mug-en-ceramique-monsieur-prevention-33-cl-11-oz\/#primaryimage"},"image":{"@id":"https:\/\/monsieur-prevention.com\/product\/mug-en-ceramique-monsieur-prevention-33-cl-11-oz\/#primaryimage"},"thumbnailUrl":"https:\/\/monsieur-prevention.com\/wp-content\/uploads\/2026\/01\/eab7e87f-9a1e-43db-80d0-dcce3de1127a.jpg","datePublished":"2026-01-20T19:12:37+00:00","dateModified":"2026-01-20T19:13:30+00:00","breadcrumb":{"@id":"https:\/\/monsieur-prevention.com\/product\/mug-en-ceramique-monsieur-prevention-33-cl-11-oz\/#breadcrumb"},"inLanguage":"hi-IN","potentialAction":[{"@type":"ReadAction","target":["https:\/\/monsieur-prevention.com\/product\/mug-en-ceramique-monsieur-prevention-33-cl-11-oz\/"]}]},{"@type":"ImageObject","inLanguage":"hi-IN","@id":"https:\/\/monsieur-prevention.com\/product\/mug-en-ceramique-monsieur-prevention-33-cl-11-oz\/#primaryimage","url":"https:\/\/monsieur-prevention.com\/wp-content\/uploads\/2026\/01\/eab7e87f-9a1e-43db-80d0-dcce3de1127a.jpg","contentUrl":"https:\/\/monsieur-prevention.com\/wp-content\/uploads\/2026\/01\/eab7e87f-9a1e-43db-80d0-dcce3de1127a.jpg","width":2048,"height":2048,"caption":"eab7e87f-9a1e-43db-80d0-dcce3de1127a"},{"@type":"BreadcrumbList","@id":"https:\/\/monsieur-prevention.com\/product\/mug-en-ceramique-monsieur-prevention-33-cl-11-oz\/#breadcrumb","itemListElement":[{"@type":"ListItem","position":1,"name":"Home","item":"https:\/\/monsieur-prevention.com\/"},{"@type":"ListItem","position":2,"name":"Boutique","item":"https:\/\/monsieur-prevention.com\/boutique\/"},{"@type":"ListItem","position":3,"name":"Mug en c\u00e9ramique \u00ab\u00a0Monsieur PREVENTION\u00a0\u00bb 33 cl (11 oz)"}]},{"@type":"WebSite","@id":"https:\/\/monsieur-prevention.com\/#website","url":"https:\/\/monsieur-prevention.com\/","name":"\u092e\u093f\u0938\u094d\u091f\u0930 \u092a\u094d\u0930\u093f\u0935\u0947\u0902\u0936\u0928 - \u0938\u0947\u092c\u0947\u0938\u094d\u091f\u093f\u092f\u0928 \u092c\u094d\u0930\u094b\u091a\u094b\u091f","description":"\u0939\u093f\u0902\u0938\u093e \u0915\u0940 \u0930\u094b\u0915\u0925\u093e\u092e \u0915\u0940 \u091a\u0941\u0928\u094c\u0924\u093f\u092f\u094b\u0902 \u0915\u0947 \u0932\u093f\u090f \u0920\u094b\u0938 \u0938\u092e\u093e\u0927\u093e\u0928","publisher":{"@id":"https:\/\/monsieur-prevention.com\/#\/schema\/person\/a98adec1ea87e537031f136cbe7ad955"},"alternateName":"Sebastien Brochot","potentialAction":[{"@type":"SearchAction","target":{"@type":"EntryPoint","urlTemplate":"https:\/\/monsieur-prevention.com\/?s={search_term_string}"},"query-input":{"@type":"PropertyValueSpecification","valueRequired":true,"valueName":"search_term_string"}}],"inLanguage":"hi-IN"},{"@type":["Person","Organization"],"@id":"https:\/\/monsieur-prevention.com\/#\/schema\/person\/a98adec1ea87e537031f136cbe7ad955","name":"\u0938\u0947\u092c\u0947\u0938\u094d\u091f\u093f\u092f\u0928 \u092c\u094d\u0930\u094b\u091a\u094b\u091f","image":{"@type":"ImageObject","inLanguage":"hi-IN","@id":"https:\/\/monsieur-prevention.com\/wp-content\/uploads\/2026\/01\/favicon.jpg","url":"https:\/\/monsieur-prevention.com\/wp-content\/uploads\/2026\/01\/favicon.jpg","contentUrl":"https:\/\/monsieur-prevention.com\/wp-content\/uploads\/2026\/01\/favicon.jpg","width":1024,"height":1024,"caption":"S\u00e9bastien Brochot"},"logo":{"@id":"https:\/\/monsieur-prevention.com\/wp-content\/uploads\/2026\/01\/favicon.jpg"},"description":"\u092e\u0947\u0930\u093e \u0928\u093e\u092e \u0938\u0947\u092c\u0947\u0938\u094d\u091f\u093f\u092f\u0928 \u092c\u094d\u0930\u094b\u091a\u094b\u091f \u0939\u0948, \u092e\u0948\u0902 \u0939\u093f\u0902\u0938\u093e \u0930\u094b\u0915\u0925\u093e\u092e \u0930\u0923\u0928\u0940\u0924\u093f\u092f\u094b\u0902 \u0915\u093e \u0935\u093f\u0936\u0947\u0937\u091c\u094d\u091e \u0939\u0942\u0902\u0964.","sameAs":["https:\/\/sebastienbrochot.com\/","https:\/\/www.instagram.com\/sebastien.brochot\/","https:\/\/www.linkedin.com\/in\/sebastienbrochot\/","https:\/\/x.com\/SBrochot","https:\/\/www.youtube.com\/@preventoriumfr"]}]}},"_links":{"self":[{"href":"https:\/\/monsieur-prevention.com\/hi\/wp-json\/wp\/v2\/product\/8705","targetHints":{"allow":["GET"]}}],"collection":[{"href":"https:\/\/monsieur-prevention.com\/hi\/wp-json\/wp\/v2\/product"}],"about":[{"href":"https:\/\/monsieur-prevention.com\/hi\/wp-json\/wp\/v2\/types\/product"}],"wp:featuredmedia":[{"embeddable":true,"href":"https:\/\/monsieur-prevention.com\/hi\/wp-json\/wp\/v2\/media\/8704"}],"wp:attachment":[{"href":"https:\/\/monsieur-prevention.com\/hi\/wp-json\/wp\/v2\/media?parent=8705"}],"wp:term":[{"taxonomy":"product_brand","embeddable":true,"href":"https:\/\/monsieur-prevention.com\/hi\/wp-json\/wp\/v2\/product_brand?post=8705"},{"taxonomy":"product_cat","embeddable":true,"href":"https:\/\/monsieur-prevention.com\/hi\/wp-json\/wp\/v2\/product_cat?post=8705"},{"taxonomy":"product_tag","embeddable":true,"href":"https:\/\/monsieur-prevention.com\/hi\/wp-json\/wp\/v2\/product_tag?post=8705"}],"curies":[{"name":"\u0921\u092c\u094d\u0932\u094d\u092f\u0942\u092a\u0940","href":"https:\/\/api.w.org\/{rel}","templated":true}]}}