{"id":8834,"date":"2026-02-10T19:49:02","date_gmt":"2026-02-10T19:49:02","guid":{"rendered":"https:\/\/monsieur-prevention.com\/product\/affiche-de-prevention-en-francais-dans-un-cadre-en-bois-4-couleurs\/"},"modified":"2026-02-11T18:53:29","modified_gmt":"2026-02-11T18:53:29","slug":"%e0%a4%9a%e0%a4%be%e0%a4%b0-%e0%a4%b0%e0%a4%82%e0%a4%97%e0%a5%8b%e0%a4%82-%e0%a4%b5%e0%a4%be%e0%a4%b2%e0%a5%87-%e0%a4%b2%e0%a4%95%e0%a4%a1%e0%a4%bc%e0%a5%80-%e0%a4%95%e0%a5%87-%e0%a4%ab%e0%a5%8d","status":"publish","type":"product","link":"https:\/\/monsieur-prevention.com\/hi\/product\/affiche-de-prevention-en-francais-dans-un-cadre-en-bois-4-couleurs\/","title":{"rendered":"\u0932\u0915\u0921\u093c\u0940 \u0915\u0947 \u092b\u094d\u0930\u0947\u092e \u092e\u0947\u0902 \u092b\u094d\u0930\u0947\u0902\u091a \u092d\u093e\u0937\u093e \u092e\u0947\u0902 \u0930\u094b\u0915\u0925\u093e\u092e \u0915\u093e \u092a\u094b\u0938\u094d\u091f\u0930 (4 \u0930\u0902\u0917)"},"content":{"rendered":"<p>\u0939\u092e\u093e\u0930\u0947 \u092e\u091c\u092c\u0942\u0924 \u0914\u0930 \u091f\u093f\u0915\u093e\u090a \u092b\u094d\u0930\u0947\u092e \u0935\u093e\u0932\u0947 \u092a\u094b\u0938\u094d\u091f\u0930 \u091f\u093e\u0902\u0917\u0928\u0947 \u0915\u0947 \u0932\u093f\u090f \u0924\u0948\u092f\u093e\u0930 \u0939\u0948\u0902\u0964 \u0915\u094d\u0932\u093e\u0938\u093f\u0915, \u0939\u0932\u094d\u0915\u0947 \u0914\u0930 \u0906\u0915\u0930\u094d\u0937\u0915 \u0938\u0947\u092e\u0940-\u0917\u094d\u0932\u0949\u0938 \u092a\u0947\u092a\u0930 \u092a\u0930 \u0909\u091a\u094d\u091a \u0917\u0941\u0923\u0935\u0924\u094d\u0924\u093e \u0935\u093e\u0932\u0947 \u0906\u0930\u094d\u091f \u092a\u094d\u0930\u093f\u0902\u091f \u0915\u093e \u0906\u0928\u0902\u0926 \u0932\u0947\u0902\u0964.<\/p>\n<ul>\n<li>\u0926\u0940\u0935\u093e\u0930 \u092a\u0930 \u0938\u0940\u0927\u0947 \u0932\u0917\u093e\u0928\u0947 \u0915\u0947 \u0932\u093f\u090f \u092b\u093f\u0915\u094d\u0938\u093f\u0902\u0917 \u0915\u093f\u091f \u0915\u0947 \u0938\u093e\u0925 \u0906\u0924\u093e \u0939\u0948\u0964.<\/li>\n<li>\u092b\u094d\u0930\u0947\u092e \u0915\u0940 \u0938\u093e\u092e\u0917\u094d\u0930\u0940: \u091f\u093f\u0915\u093e\u090a \u092a\u093e\u0907\u0928 \u0915\u0940 \u0932\u0915\u0921\u093c\u0940\u0964.<\/li>\n<li>\u092b\u094d\u0930\u0947\u092e \u0915\u0947 \u0930\u0902\u0917: \u0915\u093e\u0932\u093e, \u0938\u092b\u0947\u0926 (\u091a\u093f\u0915\u0928\u0940 \u0938\u0924\u0939), \u092a\u094d\u0930\u093e\u0915\u0943\u0924\u093f\u0915 \u0932\u0915\u0921\u093c\u0940 \u0914\u0930 \u0917\u0939\u0930\u093e \u092d\u0942\u0930\u093e (\u0938\u094d\u092a\u0937\u094d\u091f \u0926\u093e\u0928\u0947)\u0964.<\/li>\n<li>\u092b\u094d\u0930\u0947\u092e \u0915\u0947 \u0906\u092f\u093e\u092e: \u092e\u094b\u091f\u093e\u0908 20 \u0938\u0947 25 \u092e\u093f\u092e\u0940 (0.79\u2033 \u0938\u0947 0.98\u2033), \u091a\u094c\u0921\u093c\u093e\u0908 10 \u0938\u0947 14 \u092e\u093f\u092e\u0940 (0.4\u2033 \u0938\u0947 0.6\u2033)\u0964.<\/li>\n<li>\u0915\u093e\u0917\u091c \u0915\u093e \u0935\u091c\u0928: 170 \u0917\u094d\u0930\u093e\u092e\/\u092e\u0940\u091f\u0930\u00b2 (65 \u092a\u093e\u0909\u0902\u0921), \u092e\u094b\u091f\u093e\u0908: 0.19 \u092e\u093f\u092e\u0940 (7.5 \u092e\u093f\u0932)\u0964.<\/li>\n<li>\u092a\u0947\u092a\u0930 \u092b\u093f\u0928\u093f\u0936: \u0938\u0947\u092e\u0940-\u0917\u094d\u0932\u0949\u0938, \u0939\u0932\u094d\u0915\u0940 \u091a\u092e\u0915 \u0915\u0947 \u0938\u093e\u0925 \u0930\u0902\u0917\u094b\u0902 \u0915\u094b \u0928\u093f\u0916\u093e\u0930\u0924\u093e \u0939\u0948\u0964.<\/li>\n<li>\u0938\u0941\u0930\u0915\u094d\u0937\u093e: \u092a\u094b\u0938\u094d\u091f\u0930 \u0915\u094b \u0905\u091f\u0942\u091f \u092a\u094d\u0932\u0947\u0915\u094d\u0938\u0940\u0917\u094d\u0932\u093e\u0938 \u0938\u0947 \u0938\u0941\u0930\u0915\u094d\u0937\u093f\u0924 \u0930\u0916\u093e \u0917\u092f\u093e \u0939\u0948\u0964.<\/li>\n<li>\u091f\u093f\u0915\u093e\u090a \u0915\u093e\u0917\u091c: \u090f\u092b\u090f\u0938\u0938\u0940 \u092a\u094d\u0930\u092e\u093e\u0923\u093f\u0924 \u0938\u093e\u092e\u0917\u094d\u0930\u0940 \u092f\u093e \u0938\u092e\u0915\u0915\u094d\u0937\u0964.<\/li>\n<\/ul>\n<p>\u0915\u094b\u0908 \u0928\u094d\u092f\u0942\u0928\u0924\u092e \u0911\u0930\u094d\u0921\u0930 \u0928\u0939\u0940\u0902\u0964 \u092e\u093e\u0902\u0917 \u092a\u0930 \u092a\u094d\u0930\u093f\u0902\u091f\u093f\u0902\u0917 \u0914\u0930 \u0936\u093f\u092a\u093f\u0902\u0917\u0964.<\/p>","protected":false},"excerpt":{"rendered":"<p>Nos affiches encadr\u00e9es en bois, solides et durables, sont pr\u00eates \u00e0 \u00eatre accroch\u00e9es. Profitez d\u2019impressions artistiques de haute qualit\u00e9 sur un papier semi-brillant classique, [&hellip;]<\/p>\n","protected":false},"featured_media":8852,"template":"","meta":{"_acf_changed":false},"product_brand":[],"product_cat":[436],"product_tag":[],"class_list":{"0":"post-8834","1":"product","2":"type-product","3":"status-publish","4":"has-post-thumbnail","6":"product_cat-posters","8":"first","9":"instock","10":"shipping-taxable","11":"purchasable","12":"product-type-variable"},"acf":[],"yoast_head":"<!-- This site is optimized with the Yoast SEO plugin v27.6 - https:\/\/yoast.com\/product\/yoast-seo-wordpress\/ -->\n<title>Affiche de pr\u00e9vention en fran\u00e7ais dans un cadre en bois (4 couleurs) - Monsieur Pr\u00e9vention<\/title>\n<meta name=\"robots\" content=\"index, follow, max-snippet:-1, max-image-preview:large, max-video-preview:-1\" \/>\n<link rel=\"canonical\" href=\"https:\/\/monsieur-prevention.com\/hi\/\u0909\u0924\u094d\u092a\u093e\u0926\/\u091a\u093e\u0930-\u0930\u0902\u0917\u094b\u0902-\u0935\u093e\u0932\u0947-\u0932\u0915\u0921\u093c\u0940-\u0915\u0947-\u092b\u094d\/\" \/>\n<meta property=\"og:locale\" content=\"hi_IN\" \/>\n<meta property=\"og:type\" content=\"article\" \/>\n<meta property=\"og:title\" content=\"Affiche de pr\u00e9vention en fran\u00e7ais dans un cadre en bois (4 couleurs) - Monsieur Pr\u00e9vention\" \/>\n<meta property=\"og:description\" content=\"Nos affiches encadr\u00e9es en bois, solides et durables, sont pr\u00eates \u00e0 \u00eatre accroch\u00e9es. Profitez d\u2019impressions artistiques de haute qualit\u00e9 sur un papier semi-brillant classique, [&hellip;]\" \/>\n<meta property=\"og:url\" content=\"https:\/\/monsieur-prevention.com\/hi\/\u0909\u0924\u094d\u092a\u093e\u0926\/\u091a\u093e\u0930-\u0930\u0902\u0917\u094b\u0902-\u0935\u093e\u0932\u0947-\u0932\u0915\u0921\u093c\u0940-\u0915\u0947-\u092b\u094d\/\" \/>\n<meta property=\"og:site_name\" content=\"Monsieur Pr\u00e9vention\" \/>\n<meta property=\"article:modified_time\" content=\"2026-02-11T18:53:29+00:00\" \/>\n<meta property=\"og:image\" content=\"https:\/\/monsieur-prevention.com\/wp-content\/uploads\/2026\/02\/6aba765c-0a05-4e32-b722-f49de3869f59.jpg\" \/>\n\t<meta property=\"og:image:width\" content=\"2048\" \/>\n\t<meta property=\"og:image:height\" content=\"2048\" \/>\n\t<meta property=\"og:image:type\" content=\"image\/jpeg\" \/>\n<meta name=\"twitter:card\" content=\"summary_large_image\" \/>\n<meta name=\"twitter:site\" content=\"@SBrochot\" \/>\n<meta name=\"twitter:label1\" content=\"\u0905\u0928\u0941\u092e\u093e\u0928\u093f\u0924 \u092a\u0922\u093c\u0928\u0947 \u0915\u093e \u0938\u092e\u092f\" \/>\n\t<meta name=\"twitter:data1\" content=\"1 \u092e\u093f\u0928\u091f\" \/>\n<script type=\"application\/ld+json\" class=\"yoast-schema-graph\">{\"@context\":\"https:\\\/\\\/schema.org\",\"@graph\":[{\"@type\":\"WebPage\",\"@id\":\"https:\\\/\\\/monsieur-prevention.com\\\/product\\\/affiche-de-prevention-en-francais-dans-un-cadre-en-bois-4-couleurs\\\/\",\"url\":\"https:\\\/\\\/monsieur-prevention.com\\\/product\\\/affiche-de-prevention-en-francais-dans-un-cadre-en-bois-4-couleurs\\\/\",\"name\":\"Affiche de pr\u00e9vention en fran\u00e7ais dans un cadre en bois (4 couleurs) - Monsieur Pr\u00e9vention\",\"isPartOf\":{\"@id\":\"https:\\\/\\\/monsieur-prevention.com\\\/#website\"},\"primaryImageOfPage\":{\"@id\":\"https:\\\/\\\/monsieur-prevention.com\\\/product\\\/affiche-de-prevention-en-francais-dans-un-cadre-en-bois-4-couleurs\\\/#primaryimage\"},\"image\":{\"@id\":\"https:\\\/\\\/monsieur-prevention.com\\\/product\\\/affiche-de-prevention-en-francais-dans-un-cadre-en-bois-4-couleurs\\\/#primaryimage\"},\"thumbnailUrl\":\"https:\\\/\\\/monsieur-prevention.com\\\/wp-content\\\/uploads\\\/2026\\\/02\\\/6aba765c-0a05-4e32-b722-f49de3869f59.jpg\",\"datePublished\":\"2026-02-10T19:49:02+00:00\",\"dateModified\":\"2026-02-11T18:53:29+00:00\",\"breadcrumb\":{\"@id\":\"https:\\\/\\\/monsieur-prevention.com\\\/product\\\/affiche-de-prevention-en-francais-dans-un-cadre-en-bois-4-couleurs\\\/#breadcrumb\"},\"inLanguage\":\"hi-IN\",\"potentialAction\":[{\"@type\":\"ReadAction\",\"target\":[\"https:\\\/\\\/monsieur-prevention.com\\\/product\\\/affiche-de-prevention-en-francais-dans-un-cadre-en-bois-4-couleurs\\\/\"]}]},{\"@type\":\"ImageObject\",\"inLanguage\":\"hi-IN\",\"@id\":\"https:\\\/\\\/monsieur-prevention.com\\\/product\\\/affiche-de-prevention-en-francais-dans-un-cadre-en-bois-4-couleurs\\\/#primaryimage\",\"url\":\"https:\\\/\\\/monsieur-prevention.com\\\/wp-content\\\/uploads\\\/2026\\\/02\\\/6aba765c-0a05-4e32-b722-f49de3869f59.jpg\",\"contentUrl\":\"https:\\\/\\\/monsieur-prevention.com\\\/wp-content\\\/uploads\\\/2026\\\/02\\\/6aba765c-0a05-4e32-b722-f49de3869f59.jpg\",\"width\":2048,\"height\":2048,\"caption\":\"6aba765c-0a05-4e32-b722-f49de3869f59\"},{\"@type\":\"BreadcrumbList\",\"@id\":\"https:\\\/\\\/monsieur-prevention.com\\\/product\\\/affiche-de-prevention-en-francais-dans-un-cadre-en-bois-4-couleurs\\\/#breadcrumb\",\"itemListElement\":[{\"@type\":\"ListItem\",\"position\":1,\"name\":\"Home\",\"item\":\"https:\\\/\\\/monsieur-prevention.com\\\/\"},{\"@type\":\"ListItem\",\"position\":2,\"name\":\"Boutique\",\"item\":\"https:\\\/\\\/monsieur-prevention.com\\\/boutique\\\/\"},{\"@type\":\"ListItem\",\"position\":3,\"name\":\"Affiche de pr\u00e9vention en fran\u00e7ais dans un cadre en bois (4 couleurs)\"}]},{\"@type\":\"WebSite\",\"@id\":\"https:\\\/\\\/monsieur-prevention.com\\\/#website\",\"url\":\"https:\\\/\\\/monsieur-prevention.com\\\/\",\"name\":\"Monsieur Pr\u00e9vention \u2013 S\u00e9bastien Brochot\",\"description\":\"Des r\u00e9ponses concr\u00e8tes aux enjeux de la pr\u00e9vention des violences\",\"publisher\":{\"@id\":\"https:\\\/\\\/monsieur-prevention.com\\\/#\\\/schema\\\/person\\\/a98adec1ea87e537031f136cbe7ad955\"},\"alternateName\":\"Sebastien Brochot\",\"potentialAction\":[{\"@type\":\"SearchAction\",\"target\":{\"@type\":\"EntryPoint\",\"urlTemplate\":\"https:\\\/\\\/monsieur-prevention.com\\\/?s={search_term_string}\"},\"query-input\":{\"@type\":\"PropertyValueSpecification\",\"valueRequired\":true,\"valueName\":\"search_term_string\"}}],\"inLanguage\":\"hi-IN\"},{\"@type\":[\"Person\",\"Organization\"],\"@id\":\"https:\\\/\\\/monsieur-prevention.com\\\/#\\\/schema\\\/person\\\/a98adec1ea87e537031f136cbe7ad955\",\"name\":\"S\u00e9bastien Brochot\",\"image\":{\"@type\":\"ImageObject\",\"inLanguage\":\"hi-IN\",\"@id\":\"https:\\\/\\\/monsieur-prevention.com\\\/wp-content\\\/uploads\\\/2026\\\/01\\\/favicon.jpg\",\"url\":\"https:\\\/\\\/monsieur-prevention.com\\\/wp-content\\\/uploads\\\/2026\\\/01\\\/favicon.jpg\",\"contentUrl\":\"https:\\\/\\\/monsieur-prevention.com\\\/wp-content\\\/uploads\\\/2026\\\/01\\\/favicon.jpg\",\"width\":1024,\"height\":1024,\"caption\":\"S\u00e9bastien Brochot\"},\"logo\":{\"@id\":\"https:\\\/\\\/monsieur-prevention.com\\\/wp-content\\\/uploads\\\/2026\\\/01\\\/favicon.jpg\"},\"description\":\"Je m'appelle S\u00e9bastien Brochot, je suis sp\u00e9cialiste en strat\u00e9gies de pr\u00e9vention des violences.\",\"sameAs\":[\"https:\\\/\\\/sebastienbrochot.com\\\/\",\"https:\\\/\\\/www.instagram.com\\\/sebastien.brochot\\\/\",\"https:\\\/\\\/www.linkedin.com\\\/in\\\/sebastienbrochot\\\/\",\"https:\\\/\\\/x.com\\\/SBrochot\",\"https:\\\/\\\/www.youtube.com\\\/@preventoriumfr\"]}]}<\/script>\n<!-- \/ Yoast SEO plugin. -->","yoast_head_json":{"title":"\u0932\u0915\u0921\u093c\u0940 \u0915\u0947 \u092b\u094d\u0930\u0947\u092e \u092e\u0947\u0902 \u092b\u094d\u0930\u0947\u0902\u091a \u092d\u093e\u0937\u093e \u092e\u0947\u0902 \u0930\u094b\u0915\u0925\u093e\u092e \u092a\u094b\u0938\u094d\u091f\u0930 (4 \u0930\u0902\u0917) - \u0930\u094b\u0915\u0925\u093e\u092e \u0915\u0947 \u0932\u093f\u090f \u0936\u094d\u0930\u0940\u092e\u093e\u0928","robots":{"index":"index","follow":"follow","max-snippet":"max-snippet:-1","max-image-preview":"max-image-preview:large","max-video-preview":"max-video-preview:-1"},"canonical":"https:\/\/monsieur-prevention.com\/hi\/\u0909\u0924\u094d\u092a\u093e\u0926\/\u091a\u093e\u0930-\u0930\u0902\u0917\u094b\u0902-\u0935\u093e\u0932\u0947-\u0932\u0915\u0921\u093c\u0940-\u0915\u0947-\u092b\u094d\/","og_locale":"hi_IN","og_type":"article","og_title":"Affiche de pr\u00e9vention en fran\u00e7ais dans un cadre en bois (4 couleurs) - Monsieur Pr\u00e9vention","og_description":"Nos affiches encadr\u00e9es en bois, solides et durables, sont pr\u00eates \u00e0 \u00eatre accroch\u00e9es. Profitez d\u2019impressions artistiques de haute qualit\u00e9 sur un papier semi-brillant classique, [&hellip;]","og_url":"https:\/\/monsieur-prevention.com\/hi\/\u0909\u0924\u094d\u092a\u093e\u0926\/\u091a\u093e\u0930-\u0930\u0902\u0917\u094b\u0902-\u0935\u093e\u0932\u0947-\u0932\u0915\u0921\u093c\u0940-\u0915\u0947-\u092b\u094d\/","og_site_name":"Monsieur Pr\u00e9vention","article_modified_time":"2026-02-11T18:53:29+00:00","og_image":[{"width":2048,"height":2048,"url":"https:\/\/monsieur-prevention.com\/wp-content\/uploads\/2026\/02\/6aba765c-0a05-4e32-b722-f49de3869f59.jpg","type":"image\/jpeg"}],"twitter_card":"summary_large_image","twitter_site":"@SBrochot","twitter_misc":{"\u0905\u0928\u0941\u092e\u093e\u0928\u093f\u0924 \u092a\u0922\u093c\u0928\u0947 \u0915\u093e \u0938\u092e\u092f":"1 \u092e\u093f\u0928\u091f"},"schema":{"@context":"https:\/\/schema.org","@graph":[{"@type":"WebPage","@id":"https:\/\/monsieur-prevention.com\/product\/affiche-de-prevention-en-francais-dans-un-cadre-en-bois-4-couleurs\/","url":"https:\/\/monsieur-prevention.com\/product\/affiche-de-prevention-en-francais-dans-un-cadre-en-bois-4-couleurs\/","name":"\u0932\u0915\u0921\u093c\u0940 \u0915\u0947 \u092b\u094d\u0930\u0947\u092e \u092e\u0947\u0902 \u092b\u094d\u0930\u0947\u0902\u091a \u092d\u093e\u0937\u093e \u092e\u0947\u0902 \u0930\u094b\u0915\u0925\u093e\u092e \u092a\u094b\u0938\u094d\u091f\u0930 (4 \u0930\u0902\u0917) - \u0930\u094b\u0915\u0925\u093e\u092e \u0915\u0947 \u0932\u093f\u090f \u0936\u094d\u0930\u0940\u092e\u093e\u0928","isPartOf":{"@id":"https:\/\/monsieur-prevention.com\/#website"},"primaryImageOfPage":{"@id":"https:\/\/monsieur-prevention.com\/product\/affiche-de-prevention-en-francais-dans-un-cadre-en-bois-4-couleurs\/#primaryimage"},"image":{"@id":"https:\/\/monsieur-prevention.com\/product\/affiche-de-prevention-en-francais-dans-un-cadre-en-bois-4-couleurs\/#primaryimage"},"thumbnailUrl":"https:\/\/monsieur-prevention.com\/wp-content\/uploads\/2026\/02\/6aba765c-0a05-4e32-b722-f49de3869f59.jpg","datePublished":"2026-02-10T19:49:02+00:00","dateModified":"2026-02-11T18:53:29+00:00","breadcrumb":{"@id":"https:\/\/monsieur-prevention.com\/product\/affiche-de-prevention-en-francais-dans-un-cadre-en-bois-4-couleurs\/#breadcrumb"},"inLanguage":"hi-IN","potentialAction":[{"@type":"ReadAction","target":["https:\/\/monsieur-prevention.com\/product\/affiche-de-prevention-en-francais-dans-un-cadre-en-bois-4-couleurs\/"]}]},{"@type":"ImageObject","inLanguage":"hi-IN","@id":"https:\/\/monsieur-prevention.com\/product\/affiche-de-prevention-en-francais-dans-un-cadre-en-bois-4-couleurs\/#primaryimage","url":"https:\/\/monsieur-prevention.com\/wp-content\/uploads\/2026\/02\/6aba765c-0a05-4e32-b722-f49de3869f59.jpg","contentUrl":"https:\/\/monsieur-prevention.com\/wp-content\/uploads\/2026\/02\/6aba765c-0a05-4e32-b722-f49de3869f59.jpg","width":2048,"height":2048,"caption":"6aba765c-0a05-4e32-b722-f49de3869f59"},{"@type":"BreadcrumbList","@id":"https:\/\/monsieur-prevention.com\/product\/affiche-de-prevention-en-francais-dans-un-cadre-en-bois-4-couleurs\/#breadcrumb","itemListElement":[{"@type":"ListItem","position":1,"name":"Home","item":"https:\/\/monsieur-prevention.com\/"},{"@type":"ListItem","position":2,"name":"Boutique","item":"https:\/\/monsieur-prevention.com\/boutique\/"},{"@type":"ListItem","position":3,"name":"Affiche de pr\u00e9vention en fran\u00e7ais dans un cadre en bois (4 couleurs)"}]},{"@type":"WebSite","@id":"https:\/\/monsieur-prevention.com\/#website","url":"https:\/\/monsieur-prevention.com\/","name":"\u092e\u093f\u0938\u094d\u091f\u0930 \u092a\u094d\u0930\u093f\u0935\u0947\u0902\u0936\u0928 - \u0938\u0947\u092c\u0947\u0938\u094d\u091f\u093f\u092f\u0928 \u092c\u094d\u0930\u094b\u091a\u094b\u091f","description":"\u0939\u093f\u0902\u0938\u093e \u0915\u0940 \u0930\u094b\u0915\u0925\u093e\u092e \u0915\u0940 \u091a\u0941\u0928\u094c\u0924\u093f\u092f\u094b\u0902 \u0915\u0947 \u0932\u093f\u090f \u0920\u094b\u0938 \u0938\u092e\u093e\u0927\u093e\u0928","publisher":{"@id":"https:\/\/monsieur-prevention.com\/#\/schema\/person\/a98adec1ea87e537031f136cbe7ad955"},"alternateName":"Sebastien Brochot","potentialAction":[{"@type":"SearchAction","target":{"@type":"EntryPoint","urlTemplate":"https:\/\/monsieur-prevention.com\/?s={search_term_string}"},"query-input":{"@type":"PropertyValueSpecification","valueRequired":true,"valueName":"search_term_string"}}],"inLanguage":"hi-IN"},{"@type":["Person","Organization"],"@id":"https:\/\/monsieur-prevention.com\/#\/schema\/person\/a98adec1ea87e537031f136cbe7ad955","name":"\u0938\u0947\u092c\u0947\u0938\u094d\u091f\u093f\u092f\u0928 \u092c\u094d\u0930\u094b\u091a\u094b\u091f","image":{"@type":"ImageObject","inLanguage":"hi-IN","@id":"https:\/\/monsieur-prevention.com\/wp-content\/uploads\/2026\/01\/favicon.jpg","url":"https:\/\/monsieur-prevention.com\/wp-content\/uploads\/2026\/01\/favicon.jpg","contentUrl":"https:\/\/monsieur-prevention.com\/wp-content\/uploads\/2026\/01\/favicon.jpg","width":1024,"height":1024,"caption":"S\u00e9bastien Brochot"},"logo":{"@id":"https:\/\/monsieur-prevention.com\/wp-content\/uploads\/2026\/01\/favicon.jpg"},"description":"\u092e\u0947\u0930\u093e \u0928\u093e\u092e \u0938\u0947\u092c\u0947\u0938\u094d\u091f\u093f\u092f\u0928 \u092c\u094d\u0930\u094b\u091a\u094b\u091f \u0939\u0948, \u092e\u0948\u0902 \u0939\u093f\u0902\u0938\u093e \u0930\u094b\u0915\u0925\u093e\u092e \u0930\u0923\u0928\u0940\u0924\u093f\u092f\u094b\u0902 \u0915\u093e \u0935\u093f\u0936\u0947\u0937\u091c\u094d\u091e \u0939\u0942\u0902\u0964.","sameAs":["https:\/\/sebastienbrochot.com\/","https:\/\/www.instagram.com\/sebastien.brochot\/","https:\/\/www.linkedin.com\/in\/sebastienbrochot\/","https:\/\/x.com\/SBrochot","https:\/\/www.youtube.com\/@preventoriumfr"]}]}},"_links":{"self":[{"href":"https:\/\/monsieur-prevention.com\/hi\/wp-json\/wp\/v2\/product\/8834","targetHints":{"allow":["GET"]}}],"collection":[{"href":"https:\/\/monsieur-prevention.com\/hi\/wp-json\/wp\/v2\/product"}],"about":[{"href":"https:\/\/monsieur-prevention.com\/hi\/wp-json\/wp\/v2\/types\/product"}],"wp:featuredmedia":[{"embeddable":true,"href":"https:\/\/monsieur-prevention.com\/hi\/wp-json\/wp\/v2\/media\/8852"}],"wp:attachment":[{"href":"https:\/\/monsieur-prevention.com\/hi\/wp-json\/wp\/v2\/media?parent=8834"}],"wp:term":[{"taxonomy":"product_brand","embeddable":true,"href":"https:\/\/monsieur-prevention.com\/hi\/wp-json\/wp\/v2\/product_brand?post=8834"},{"taxonomy":"product_cat","embeddable":true,"href":"https:\/\/monsieur-prevention.com\/hi\/wp-json\/wp\/v2\/product_cat?post=8834"},{"taxonomy":"product_tag","embeddable":true,"href":"https:\/\/monsieur-prevention.com\/hi\/wp-json\/wp\/v2\/product_tag?post=8834"}],"curies":[{"name":"\u0921\u092c\u094d\u0932\u094d\u092f\u0942\u092a\u0940","href":"https:\/\/api.w.org\/{rel}","templated":true}]}}