{"id":250,"date":"2024-11-30T10:37:12","date_gmt":"2024-11-30T10:37:12","guid":{"rendered":"https:\/\/theme.madsparrow.me\/fanky\/my-account\/"},"modified":"2026-01-20T14:29:17","modified_gmt":"2026-01-20T14:29:17","slug":"%e7%a7%81%e3%81%ae%e3%82%a2%e3%82%ab%e3%82%a6%e3%83%b3%e3%83%88","status":"publish","type":"page","link":"https:\/\/monsieur-prevention.com\/ja\/mon-compte\/","title":{"rendered":"\u30de\u30a4\u30a2\u30ab\u30a6\u30f3\u30c8"},"content":{"rendered":"<div class=\"woocommerce\"><\/div>","protected":false},"excerpt":{"rendered":"","protected":false},"author":1,"featured_media":0,"parent":0,"menu_order":0,"comment_status":"closed","ping_status":"closed","template":"","meta":{"_acf_changed":false,"footnotes":""},"class_list":["post-250","page","type-page","status-publish","hentry"],"acf":{"choi\u0441e_menu_page":false,"full_width":false,"header_transparent":false,"header_white":false,"menu_align_page":"default","menu_style":""},"yoast_head":"<!-- This site is optimized with the Yoast SEO plugin v27.5 - https:\/\/yoast.com\/product\/yoast-seo-wordpress\/ -->\n<title>Mon compte - Monsieur Pr\u00e9vention<\/title>\n<meta name=\"description\" content=\"Des r\u00e9ponses concr\u00e8tes aux enjeux de la pr\u00e9vention des violences\" \/>\n<meta name=\"robots\" content=\"index, follow, max-snippet:-1, max-image-preview:large, max-video-preview:-1\" \/>\n<link rel=\"canonical\" href=\"https:\/\/monsieur-prevention.com\/ja\/\u79c1\u306e\u30a2\u30ab\u30a6\u30f3\u30c8\/\" \/>\n<meta property=\"og:locale\" content=\"ja_JP\" \/>\n<meta property=\"og:type\" content=\"article\" \/>\n<meta property=\"og:title\" content=\"Mon compte - Monsieur Pr\u00e9vention\" \/>\n<meta property=\"og:description\" content=\"Des r\u00e9ponses concr\u00e8tes aux enjeux de la pr\u00e9vention des violences\" \/>\n<meta property=\"og:url\" content=\"https:\/\/monsieur-prevention.com\/ja\/\u79c1\u306e\u30a2\u30ab\u30a6\u30f3\u30c8\/\" \/>\n<meta property=\"og:site_name\" content=\"Monsieur Pr\u00e9vention\" \/>\n<meta property=\"article:modified_time\" content=\"2026-01-20T14:29:17+00:00\" \/>\n<meta property=\"og:image\" content=\"https:\/\/monsieur-prevention.com\/wp-content\/uploads\/2026\/01\/1200.png\" \/>\n\t<meta property=\"og:image:width\" content=\"1200\" \/>\n\t<meta property=\"og:image:height\" content=\"800\" \/>\n\t<meta property=\"og:image:type\" content=\"image\/png\" \/>\n<meta name=\"twitter:card\" content=\"summary_large_image\" \/>\n<meta name=\"twitter:site\" content=\"@SBrochot\" \/>\n<script type=\"application\/ld+json\" class=\"yoast-schema-graph\">{\"@context\":\"https:\\\/\\\/schema.org\",\"@graph\":[{\"@type\":\"WebPage\",\"@id\":\"https:\\\/\\\/monsieur-prevention.com\\\/mon-compte\\\/\",\"url\":\"https:\\\/\\\/monsieur-prevention.com\\\/mon-compte\\\/\",\"name\":\"Mon compte - Monsieur Pr\u00e9vention\",\"isPartOf\":{\"@id\":\"https:\\\/\\\/monsieur-prevention.com\\\/#website\"},\"datePublished\":\"2024-11-30T10:37:12+00:00\",\"dateModified\":\"2026-01-20T14:29:17+00:00\",\"description\":\"Des r\u00e9ponses concr\u00e8tes aux enjeux de la pr\u00e9vention des violences\",\"breadcrumb\":{\"@id\":\"https:\\\/\\\/monsieur-prevention.com\\\/mon-compte\\\/#breadcrumb\"},\"inLanguage\":\"ja\",\"potentialAction\":[{\"@type\":\"ReadAction\",\"target\":[\"https:\\\/\\\/monsieur-prevention.com\\\/mon-compte\\\/\"]}]},{\"@type\":\"BreadcrumbList\",\"@id\":\"https:\\\/\\\/monsieur-prevention.com\\\/mon-compte\\\/#breadcrumb\",\"itemListElement\":[{\"@type\":\"ListItem\",\"position\":1,\"name\":\"Home\",\"item\":\"https:\\\/\\\/monsieur-prevention.com\\\/\"},{\"@type\":\"ListItem\",\"position\":2,\"name\":\"Mon compte\"}]},{\"@type\":\"WebSite\",\"@id\":\"https:\\\/\\\/monsieur-prevention.com\\\/#website\",\"url\":\"https:\\\/\\\/monsieur-prevention.com\\\/\",\"name\":\"Monsieur Pr\u00e9vention \u2013 S\u00e9bastien Brochot\",\"description\":\"Des r\u00e9ponses concr\u00e8tes aux enjeux de la pr\u00e9vention des violences\",\"publisher\":{\"@id\":\"https:\\\/\\\/monsieur-prevention.com\\\/#\\\/schema\\\/person\\\/a98adec1ea87e537031f136cbe7ad955\"},\"alternateName\":\"Sebastien Brochot\",\"potentialAction\":[{\"@type\":\"SearchAction\",\"target\":{\"@type\":\"EntryPoint\",\"urlTemplate\":\"https:\\\/\\\/monsieur-prevention.com\\\/?s={search_term_string}\"},\"query-input\":{\"@type\":\"PropertyValueSpecification\",\"valueRequired\":true,\"valueName\":\"search_term_string\"}}],\"inLanguage\":\"ja\"},{\"@type\":[\"Person\",\"Organization\"],\"@id\":\"https:\\\/\\\/monsieur-prevention.com\\\/#\\\/schema\\\/person\\\/a98adec1ea87e537031f136cbe7ad955\",\"name\":\"S\u00e9bastien Brochot\",\"image\":{\"@type\":\"ImageObject\",\"inLanguage\":\"ja\",\"@id\":\"https:\\\/\\\/monsieur-prevention.com\\\/wp-content\\\/uploads\\\/2026\\\/01\\\/favicon.jpg\",\"url\":\"https:\\\/\\\/monsieur-prevention.com\\\/wp-content\\\/uploads\\\/2026\\\/01\\\/favicon.jpg\",\"contentUrl\":\"https:\\\/\\\/monsieur-prevention.com\\\/wp-content\\\/uploads\\\/2026\\\/01\\\/favicon.jpg\",\"width\":1024,\"height\":1024,\"caption\":\"S\u00e9bastien Brochot\"},\"logo\":{\"@id\":\"https:\\\/\\\/monsieur-prevention.com\\\/wp-content\\\/uploads\\\/2026\\\/01\\\/favicon.jpg\"},\"description\":\"Je m'appelle S\u00e9bastien Brochot, je suis sp\u00e9cialiste en strat\u00e9gies de pr\u00e9vention des violences.\",\"sameAs\":[\"https:\\\/\\\/sebastienbrochot.com\\\/\",\"https:\\\/\\\/www.instagram.com\\\/sebastien.brochot\\\/\",\"https:\\\/\\\/www.linkedin.com\\\/in\\\/sebastienbrochot\\\/\",\"https:\\\/\\\/x.com\\\/SBrochot\",\"https:\\\/\\\/www.youtube.com\\\/@preventoriumfr\"]}]}<\/script>\n<!-- \/ Yoast SEO plugin. -->","yoast_head_json":{"title":"\u30de\u30a4\u30a2\u30ab\u30a6\u30f3\u30c8 - \u30df\u30b9\u30bf\u30fc\u30d7\u30ea\u30d9\u30f3\u30b7\u30e7\u30f3","description":"\u66b4\u529b\u9632\u6b62\u306e\u8ab2\u984c\u3078\u306e\u5b9f\u8df5\u7684\u5bfe\u5fdc","robots":{"index":"index","follow":"follow","max-snippet":"max-snippet:-1","max-image-preview":"max-image-preview:large","max-video-preview":"max-video-preview:-1"},"canonical":"https:\/\/monsieur-prevention.com\/ja\/\u79c1\u306e\u30a2\u30ab\u30a6\u30f3\u30c8\/","og_locale":"ja_JP","og_type":"article","og_title":"Mon compte - Monsieur Pr\u00e9vention","og_description":"Des r\u00e9ponses concr\u00e8tes aux enjeux de la pr\u00e9vention des violences","og_url":"https:\/\/monsieur-prevention.com\/ja\/\u79c1\u306e\u30a2\u30ab\u30a6\u30f3\u30c8\/","og_site_name":"Monsieur Pr\u00e9vention","article_modified_time":"2026-01-20T14:29:17+00:00","og_image":[{"width":1200,"height":800,"url":"https:\/\/monsieur-prevention.com\/wp-content\/uploads\/2026\/01\/1200.png","type":"image\/png"}],"twitter_card":"summary_large_image","twitter_site":"@SBrochot","schema":{"@context":"https:\/\/schema.org","@graph":[{"@type":"WebPage","@id":"https:\/\/monsieur-prevention.com\/mon-compte\/","url":"https:\/\/monsieur-prevention.com\/mon-compte\/","name":"\u30de\u30a4\u30a2\u30ab\u30a6\u30f3\u30c8 - \u30df\u30b9\u30bf\u30fc\u30d7\u30ea\u30d9\u30f3\u30b7\u30e7\u30f3","isPartOf":{"@id":"https:\/\/monsieur-prevention.com\/#website"},"datePublished":"2024-11-30T10:37:12+00:00","dateModified":"2026-01-20T14:29:17+00:00","description":"\u66b4\u529b\u9632\u6b62\u306e\u8ab2\u984c\u3078\u306e\u5b9f\u8df5\u7684\u5bfe\u5fdc","breadcrumb":{"@id":"https:\/\/monsieur-prevention.com\/mon-compte\/#breadcrumb"},"inLanguage":"ja","potentialAction":[{"@type":"ReadAction","target":["https:\/\/monsieur-prevention.com\/mon-compte\/"]}]},{"@type":"BreadcrumbList","@id":"https:\/\/monsieur-prevention.com\/mon-compte\/#breadcrumb","itemListElement":[{"@type":"ListItem","position":1,"name":"Home","item":"https:\/\/monsieur-prevention.com\/"},{"@type":"ListItem","position":2,"name":"Mon compte"}]},{"@type":"WebSite","@id":"https:\/\/monsieur-prevention.com\/#website","url":"https:\/\/monsieur-prevention.com\/","name":"\u30df\u30b9\u30bf\u30fc\u30fb\u30d7\u30ea\u30d9\u30f3\u30b7\u30e7\u30f3 - \u30bb\u30d0\u30b9\u30c1\u30e3\u30f3\u30fb\u30d6\u30ed\u30b7\u30e7","description":"\u66b4\u529b\u9632\u6b62\u306e\u8ab2\u984c\u3078\u306e\u5b9f\u8df5\u7684\u5bfe\u5fdc","publisher":{"@id":"https:\/\/monsieur-prevention.com\/#\/schema\/person\/a98adec1ea87e537031f136cbe7ad955"},"alternateName":"Sebastien Brochot","potentialAction":[{"@type":"SearchAction","target":{"@type":"EntryPoint","urlTemplate":"https:\/\/monsieur-prevention.com\/?s={search_term_string}"},"query-input":{"@type":"PropertyValueSpecification","valueRequired":true,"valueName":"search_term_string"}}],"inLanguage":"ja"},{"@type":["Person","Organization"],"@id":"https:\/\/monsieur-prevention.com\/#\/schema\/person\/a98adec1ea87e537031f136cbe7ad955","name":"\u30bb\u30d0\u30b9\u30c1\u30e3\u30f3\u30fb\u30d6\u30ed\u30b7\u30e7","image":{"@type":"ImageObject","inLanguage":"ja","@id":"https:\/\/monsieur-prevention.com\/wp-content\/uploads\/2026\/01\/favicon.jpg","url":"https:\/\/monsieur-prevention.com\/wp-content\/uploads\/2026\/01\/favicon.jpg","contentUrl":"https:\/\/monsieur-prevention.com\/wp-content\/uploads\/2026\/01\/favicon.jpg","width":1024,"height":1024,"caption":"S\u00e9bastien Brochot"},"logo":{"@id":"https:\/\/monsieur-prevention.com\/wp-content\/uploads\/2026\/01\/favicon.jpg"},"description":"\u79c1\u306e\u540d\u524d\u306f\u30bb\u30d0\u30b9\u30c1\u30e3\u30f3\u30fb\u30d6\u30ed\u30b7\u30e7\u3067\u3001\u5c02\u9580\u306f\u66b4\u529b\u9632\u6b62\u6226\u7565\u3067\u3059\u3002.","sameAs":["https:\/\/sebastienbrochot.com\/","https:\/\/www.instagram.com\/sebastien.brochot\/","https:\/\/www.linkedin.com\/in\/sebastienbrochot\/","https:\/\/x.com\/SBrochot","https:\/\/www.youtube.com\/@preventoriumfr"]}]}},"_links":{"self":[{"href":"https:\/\/monsieur-prevention.com\/ja\/wp-json\/wp\/v2\/pages\/250","targetHints":{"allow":["GET"]}}],"collection":[{"href":"https:\/\/monsieur-prevention.com\/ja\/wp-json\/wp\/v2\/pages"}],"about":[{"href":"https:\/\/monsieur-prevention.com\/ja\/wp-json\/wp\/v2\/types\/page"}],"author":[{"embeddable":true,"href":"https:\/\/monsieur-prevention.com\/ja\/wp-json\/wp\/v2\/users\/1"}],"replies":[{"embeddable":true,"href":"https:\/\/monsieur-prevention.com\/ja\/wp-json\/wp\/v2\/comments?post=250"}],"version-history":[{"count":1,"href":"https:\/\/monsieur-prevention.com\/ja\/wp-json\/wp\/v2\/pages\/250\/revisions"}],"predecessor-version":[{"id":8642,"href":"https:\/\/monsieur-prevention.com\/ja\/wp-json\/wp\/v2\/pages\/250\/revisions\/8642"}],"wp:attachment":[{"href":"https:\/\/monsieur-prevention.com\/ja\/wp-json\/wp\/v2\/media?parent=250"}],"curies":[{"name":"wp","href":"https:\/\/api.w.org\/{rel}","templated":true}]}}