{"id":8700,"date":"2026-01-20T18:21:10","date_gmt":"2026-01-20T18:21:10","guid":{"rendered":"https:\/\/monsieur-prevention.com\/product\/mug-de-voyage-isotherme-monsieur-prevention-en-acier-inoxydable-blanc-45-cl-15-oz\/"},"modified":"2026-01-20T18:21:10","modified_gmt":"2026-01-20T18:21:10","slug":"%e3%83%a0%e3%83%83%e3%82%b7%e3%83%a5%e3%83%bb%e3%83%97%e3%83%aa%e3%83%99%e3%83%b3%e3%82%b7%e3%83%a7%e3%83%b3-%e4%bf%9d%e6%b8%a9%e3%83%88%e3%83%a9%e3%83%99%e3%83%ab%e3%83%9e%e3%82%b0%ef%bc%88%e3%83%9b","status":"publish","type":"product","link":"https:\/\/monsieur-prevention.com\/ja\/product\/mug-de-voyage-isotherme-monsieur-prevention-en-acier-inoxydable-blanc-45-cl-15-oz\/","title":{"rendered":"Mr.PREVENTION\u300d\u7b49\u6e29\u30c8\u30e9\u30d9\u30eb\u30de\u30b0\uff08\u30db\u30ef\u30a4\u30c8\u30fb\u30b9\u30c6\u30f3\u30ec\u30b9\u30b9\u30c1\u30fc\u30eb\uff09-45 cl\uff0815\u30aa\u30f3\u30b9"},"content":{"rendered":"<p>\u3053\u306e45cl\uff0815\u30aa\u30f3\u30b9\uff09\u306e\u30b9\u30c6\u30f3\u30ec\u30b9\u88fd\u65ad\u71b1\u30c8\u30e9\u30d9\u30eb\u30de\u30b0\u306f\u3001\u98f2\u307f\u7269\u3092\u4f55\u6642\u9593\u3082\u9069\u6e29\u306b\u4fdd\u3061\u307e\u3059\u3002\u6f0f\u308c\u9632\u6b62\u306e\u84cb\u304c\u4ed8\u3044\u3066\u3044\u308b\u306e\u3067\u3001\u3069\u3053\u3078\u6301\u3061\u904b\u3093\u3067\u3082\u3053\u307c\u308c\u308b\u5fc3\u914d\u306f\u3042\u308a\u307e\u305b\u3093\u3002.<\/p>\n<ul>\n<li><span>\u9ad8\u3055\uff1a\u84cb\u4ed8\u304d\u3067180mm\uff087.08\u30a4\u30f3\u30c1\uff09\u3001\u84cb\u306a\u3057\u3067160mm\uff086.29\u30a4\u30f3\u30c1\uff09\u3002.<\/span><\/li>\n<li><span>\u5e95\u9762\u306e\u76f4\u5f84\uff1a61mm\uff082.4\u30a4\u30f3\u30c1\uff09\u3002.\u00a0<\/span><span>\u4e0a\u90e8\u76f4\u5f84\uff1a84mm\uff083.3\u30a4\u30f3\u30c1\uff09\u3002.<\/span><\/li>\n<\/ul>","protected":false},"excerpt":{"rendered":"<p>Ce mug de voyage isotherme en acier inoxydable de 45 cl (15 oz) maintient tes boissons \u00e0 la temp\u00e9rature souhait\u00e9e pendant des heures. Son [&hellip;]<\/p>\n","protected":false},"featured_media":8699,"template":"","meta":{"_acf_changed":false},"product_brand":[],"product_cat":[255],"product_tag":[],"class_list":{"0":"post-8700","1":"product","2":"type-product","3":"status-publish","4":"has-post-thumbnail","6":"product_cat-goodies","8":"first","9":"instock","10":"shipping-taxable","11":"purchasable","12":"product-type-simple"},"acf":[],"yoast_head":"<!-- This site is optimized with the Yoast SEO plugin v27.6 - https:\/\/yoast.com\/product\/yoast-seo-wordpress\/ -->\n<title>Mug de voyage isotherme &quot;Monsieur PREVENTION&quot; en acier inoxydable blanc \u2013 45 cl (15 oz) - Monsieur Pr\u00e9vention<\/title>\n<meta name=\"robots\" content=\"index, follow, max-snippet:-1, max-image-preview:large, max-video-preview:-1\" \/>\n<link rel=\"canonical\" href=\"https:\/\/monsieur-prevention.com\/ja\/\u88fd\u54c1\/\u30e0\u30c3\u30b7\u30e5\u30fb\u30d7\u30ea\u30d9\u30f3\u30b7\u30e7\u30f3-\u4fdd\u6e29\u30c8\u30e9\u30d9\u30eb\u30de\u30b0\uff08\u30db\/\" \/>\n<meta property=\"og:locale\" content=\"ja_JP\" \/>\n<meta property=\"og:type\" content=\"article\" \/>\n<meta property=\"og:title\" content=\"Mug de voyage isotherme &quot;Monsieur PREVENTION&quot; en acier inoxydable blanc \u2013 45 cl (15 oz) - Monsieur Pr\u00e9vention\" \/>\n<meta property=\"og:description\" content=\"Ce mug de voyage isotherme en acier inoxydable de 45 cl (15 oz) maintient tes boissons \u00e0 la temp\u00e9rature souhait\u00e9e pendant des heures. Son [&hellip;]\" \/>\n<meta property=\"og:url\" content=\"https:\/\/monsieur-prevention.com\/ja\/\u88fd\u54c1\/\u30e0\u30c3\u30b7\u30e5\u30fb\u30d7\u30ea\u30d9\u30f3\u30b7\u30e7\u30f3-\u4fdd\u6e29\u30c8\u30e9\u30d9\u30eb\u30de\u30b0\uff08\u30db\/\" \/>\n<meta property=\"og:site_name\" content=\"Monsieur Pr\u00e9vention\" \/>\n<meta property=\"og:image\" content=\"https:\/\/monsieur-prevention.com\/wp-content\/uploads\/2026\/01\/1200.png\" \/>\n\t<meta property=\"og:image:width\" content=\"1200\" \/>\n\t<meta property=\"og:image:height\" content=\"800\" \/>\n\t<meta property=\"og:image:type\" content=\"image\/png\" \/>\n<meta name=\"twitter:card\" content=\"summary_large_image\" \/>\n<meta name=\"twitter:site\" content=\"@SBrochot\" \/>\n<script type=\"application\/ld+json\" class=\"yoast-schema-graph\">{\"@context\":\"https:\\\/\\\/schema.org\",\"@graph\":[{\"@type\":\"WebPage\",\"@id\":\"https:\\\/\\\/monsieur-prevention.com\\\/product\\\/mug-de-voyage-isotherme-monsieur-prevention-en-acier-inoxydable-blanc-45-cl-15-oz\\\/\",\"url\":\"https:\\\/\\\/monsieur-prevention.com\\\/product\\\/mug-de-voyage-isotherme-monsieur-prevention-en-acier-inoxydable-blanc-45-cl-15-oz\\\/\",\"name\":\"Mug de voyage isotherme \\\"Monsieur PREVENTION\\\" en acier inoxydable blanc \u2013 45 cl (15 oz) - Monsieur Pr\u00e9vention\",\"isPartOf\":{\"@id\":\"https:\\\/\\\/monsieur-prevention.com\\\/#website\"},\"primaryImageOfPage\":{\"@id\":\"https:\\\/\\\/monsieur-prevention.com\\\/product\\\/mug-de-voyage-isotherme-monsieur-prevention-en-acier-inoxydable-blanc-45-cl-15-oz\\\/#primaryimage\"},\"image\":{\"@id\":\"https:\\\/\\\/monsieur-prevention.com\\\/product\\\/mug-de-voyage-isotherme-monsieur-prevention-en-acier-inoxydable-blanc-45-cl-15-oz\\\/#primaryimage\"},\"thumbnailUrl\":\"https:\\\/\\\/monsieur-prevention.com\\\/wp-content\\\/uploads\\\/2026\\\/01\\\/88211a17-3384-4ffb-bf63-9c8c41722c75.jpg\",\"datePublished\":\"2026-01-20T18:21:10+00:00\",\"breadcrumb\":{\"@id\":\"https:\\\/\\\/monsieur-prevention.com\\\/product\\\/mug-de-voyage-isotherme-monsieur-prevention-en-acier-inoxydable-blanc-45-cl-15-oz\\\/#breadcrumb\"},\"inLanguage\":\"ja\",\"potentialAction\":[{\"@type\":\"ReadAction\",\"target\":[\"https:\\\/\\\/monsieur-prevention.com\\\/product\\\/mug-de-voyage-isotherme-monsieur-prevention-en-acier-inoxydable-blanc-45-cl-15-oz\\\/\"]}]},{\"@type\":\"ImageObject\",\"inLanguage\":\"ja\",\"@id\":\"https:\\\/\\\/monsieur-prevention.com\\\/product\\\/mug-de-voyage-isotherme-monsieur-prevention-en-acier-inoxydable-blanc-45-cl-15-oz\\\/#primaryimage\",\"url\":\"https:\\\/\\\/monsieur-prevention.com\\\/wp-content\\\/uploads\\\/2026\\\/01\\\/88211a17-3384-4ffb-bf63-9c8c41722c75.jpg\",\"contentUrl\":\"https:\\\/\\\/monsieur-prevention.com\\\/wp-content\\\/uploads\\\/2026\\\/01\\\/88211a17-3384-4ffb-bf63-9c8c41722c75.jpg\",\"width\":2048,\"height\":2048},{\"@type\":\"BreadcrumbList\",\"@id\":\"https:\\\/\\\/monsieur-prevention.com\\\/product\\\/mug-de-voyage-isotherme-monsieur-prevention-en-acier-inoxydable-blanc-45-cl-15-oz\\\/#breadcrumb\",\"itemListElement\":[{\"@type\":\"ListItem\",\"position\":1,\"name\":\"Home\",\"item\":\"https:\\\/\\\/monsieur-prevention.com\\\/\"},{\"@type\":\"ListItem\",\"position\":2,\"name\":\"Boutique\",\"item\":\"https:\\\/\\\/monsieur-prevention.com\\\/boutique\\\/\"},{\"@type\":\"ListItem\",\"position\":3,\"name\":\"Mug de voyage isotherme \u00ab\u00a0Monsieur PREVENTION\u00a0\u00bb en acier inoxydable blanc \u2013 45 cl (15 oz)\"}]},{\"@type\":\"WebSite\",\"@id\":\"https:\\\/\\\/monsieur-prevention.com\\\/#website\",\"url\":\"https:\\\/\\\/monsieur-prevention.com\\\/\",\"name\":\"Monsieur Pr\u00e9vention \u2013 S\u00e9bastien Brochot\",\"description\":\"Des r\u00e9ponses concr\u00e8tes aux enjeux de la pr\u00e9vention des violences\",\"publisher\":{\"@id\":\"https:\\\/\\\/monsieur-prevention.com\\\/#\\\/schema\\\/person\\\/a98adec1ea87e537031f136cbe7ad955\"},\"alternateName\":\"Sebastien Brochot\",\"potentialAction\":[{\"@type\":\"SearchAction\",\"target\":{\"@type\":\"EntryPoint\",\"urlTemplate\":\"https:\\\/\\\/monsieur-prevention.com\\\/?s={search_term_string}\"},\"query-input\":{\"@type\":\"PropertyValueSpecification\",\"valueRequired\":true,\"valueName\":\"search_term_string\"}}],\"inLanguage\":\"ja\"},{\"@type\":[\"Person\",\"Organization\"],\"@id\":\"https:\\\/\\\/monsieur-prevention.com\\\/#\\\/schema\\\/person\\\/a98adec1ea87e537031f136cbe7ad955\",\"name\":\"S\u00e9bastien Brochot\",\"image\":{\"@type\":\"ImageObject\",\"inLanguage\":\"ja\",\"@id\":\"https:\\\/\\\/monsieur-prevention.com\\\/wp-content\\\/uploads\\\/2026\\\/01\\\/favicon.jpg\",\"url\":\"https:\\\/\\\/monsieur-prevention.com\\\/wp-content\\\/uploads\\\/2026\\\/01\\\/favicon.jpg\",\"contentUrl\":\"https:\\\/\\\/monsieur-prevention.com\\\/wp-content\\\/uploads\\\/2026\\\/01\\\/favicon.jpg\",\"width\":1024,\"height\":1024,\"caption\":\"S\u00e9bastien Brochot\"},\"logo\":{\"@id\":\"https:\\\/\\\/monsieur-prevention.com\\\/wp-content\\\/uploads\\\/2026\\\/01\\\/favicon.jpg\"},\"description\":\"Je m'appelle S\u00e9bastien Brochot, je suis sp\u00e9cialiste en strat\u00e9gies de pr\u00e9vention des violences.\",\"sameAs\":[\"https:\\\/\\\/sebastienbrochot.com\\\/\",\"https:\\\/\\\/www.instagram.com\\\/sebastien.brochot\\\/\",\"https:\\\/\\\/www.linkedin.com\\\/in\\\/sebastienbrochot\\\/\",\"https:\\\/\\\/x.com\\\/SBrochot\",\"https:\\\/\\\/www.youtube.com\\\/@preventoriumfr\"]}]}<\/script>\n<!-- \/ Yoast SEO plugin. -->","yoast_head_json":{"title":"\u300cMonsieur PREVENTION\u300d\u30db\u30ef\u30a4\u30c8\u30b9\u30c6\u30f3\u30ec\u30b9\u30b9\u30c1\u30fc\u30eb\u88fd\u65ad\u71b1\u30c8\u30e9\u30d9\u30eb\u30de\u30b0 \u2013 45 cl (15 oz) - Monsieur Pr\u00e9vention","robots":{"index":"index","follow":"follow","max-snippet":"max-snippet:-1","max-image-preview":"max-image-preview:large","max-video-preview":"max-video-preview:-1"},"canonical":"https:\/\/monsieur-prevention.com\/ja\/\u88fd\u54c1\/\u30e0\u30c3\u30b7\u30e5\u30fb\u30d7\u30ea\u30d9\u30f3\u30b7\u30e7\u30f3-\u4fdd\u6e29\u30c8\u30e9\u30d9\u30eb\u30de\u30b0\uff08\u30db\/","og_locale":"ja_JP","og_type":"article","og_title":"Mug de voyage isotherme \"Monsieur PREVENTION\" en acier inoxydable blanc \u2013 45 cl (15 oz) - Monsieur Pr\u00e9vention","og_description":"Ce mug de voyage isotherme en acier inoxydable de 45 cl (15 oz) maintient tes boissons \u00e0 la temp\u00e9rature souhait\u00e9e pendant des heures. Son [&hellip;]","og_url":"https:\/\/monsieur-prevention.com\/ja\/\u88fd\u54c1\/\u30e0\u30c3\u30b7\u30e5\u30fb\u30d7\u30ea\u30d9\u30f3\u30b7\u30e7\u30f3-\u4fdd\u6e29\u30c8\u30e9\u30d9\u30eb\u30de\u30b0\uff08\u30db\/","og_site_name":"Monsieur Pr\u00e9vention","og_image":[{"width":1200,"height":800,"url":"https:\/\/monsieur-prevention.com\/wp-content\/uploads\/2026\/01\/1200.png","type":"image\/png"}],"twitter_card":"summary_large_image","twitter_site":"@SBrochot","schema":{"@context":"https:\/\/schema.org","@graph":[{"@type":"WebPage","@id":"https:\/\/monsieur-prevention.com\/product\/mug-de-voyage-isotherme-monsieur-prevention-en-acier-inoxydable-blanc-45-cl-15-oz\/","url":"https:\/\/monsieur-prevention.com\/product\/mug-de-voyage-isotherme-monsieur-prevention-en-acier-inoxydable-blanc-45-cl-15-oz\/","name":"\u300cMonsieur PREVENTION\u300d\u30db\u30ef\u30a4\u30c8\u30b9\u30c6\u30f3\u30ec\u30b9\u30b9\u30c1\u30fc\u30eb\u88fd\u65ad\u71b1\u30c8\u30e9\u30d9\u30eb\u30de\u30b0 \u2013 45 cl (15 oz) - Monsieur Pr\u00e9vention","isPartOf":{"@id":"https:\/\/monsieur-prevention.com\/#website"},"primaryImageOfPage":{"@id":"https:\/\/monsieur-prevention.com\/product\/mug-de-voyage-isotherme-monsieur-prevention-en-acier-inoxydable-blanc-45-cl-15-oz\/#primaryimage"},"image":{"@id":"https:\/\/monsieur-prevention.com\/product\/mug-de-voyage-isotherme-monsieur-prevention-en-acier-inoxydable-blanc-45-cl-15-oz\/#primaryimage"},"thumbnailUrl":"https:\/\/monsieur-prevention.com\/wp-content\/uploads\/2026\/01\/88211a17-3384-4ffb-bf63-9c8c41722c75.jpg","datePublished":"2026-01-20T18:21:10+00:00","breadcrumb":{"@id":"https:\/\/monsieur-prevention.com\/product\/mug-de-voyage-isotherme-monsieur-prevention-en-acier-inoxydable-blanc-45-cl-15-oz\/#breadcrumb"},"inLanguage":"ja","potentialAction":[{"@type":"ReadAction","target":["https:\/\/monsieur-prevention.com\/product\/mug-de-voyage-isotherme-monsieur-prevention-en-acier-inoxydable-blanc-45-cl-15-oz\/"]}]},{"@type":"ImageObject","inLanguage":"ja","@id":"https:\/\/monsieur-prevention.com\/product\/mug-de-voyage-isotherme-monsieur-prevention-en-acier-inoxydable-blanc-45-cl-15-oz\/#primaryimage","url":"https:\/\/monsieur-prevention.com\/wp-content\/uploads\/2026\/01\/88211a17-3384-4ffb-bf63-9c8c41722c75.jpg","contentUrl":"https:\/\/monsieur-prevention.com\/wp-content\/uploads\/2026\/01\/88211a17-3384-4ffb-bf63-9c8c41722c75.jpg","width":2048,"height":2048},{"@type":"BreadcrumbList","@id":"https:\/\/monsieur-prevention.com\/product\/mug-de-voyage-isotherme-monsieur-prevention-en-acier-inoxydable-blanc-45-cl-15-oz\/#breadcrumb","itemListElement":[{"@type":"ListItem","position":1,"name":"Home","item":"https:\/\/monsieur-prevention.com\/"},{"@type":"ListItem","position":2,"name":"Boutique","item":"https:\/\/monsieur-prevention.com\/boutique\/"},{"@type":"ListItem","position":3,"name":"Mug de voyage isotherme \u00ab\u00a0Monsieur PREVENTION\u00a0\u00bb en acier inoxydable blanc \u2013 45 cl (15 oz)"}]},{"@type":"WebSite","@id":"https:\/\/monsieur-prevention.com\/#website","url":"https:\/\/monsieur-prevention.com\/","name":"\u30df\u30b9\u30bf\u30fc\u30fb\u30d7\u30ea\u30d9\u30f3\u30b7\u30e7\u30f3 - \u30bb\u30d0\u30b9\u30c1\u30e3\u30f3\u30fb\u30d6\u30ed\u30b7\u30e7","description":"\u66b4\u529b\u9632\u6b62\u306e\u8ab2\u984c\u3078\u306e\u5b9f\u8df5\u7684\u5bfe\u5fdc","publisher":{"@id":"https:\/\/monsieur-prevention.com\/#\/schema\/person\/a98adec1ea87e537031f136cbe7ad955"},"alternateName":"Sebastien Brochot","potentialAction":[{"@type":"SearchAction","target":{"@type":"EntryPoint","urlTemplate":"https:\/\/monsieur-prevention.com\/?s={search_term_string}"},"query-input":{"@type":"PropertyValueSpecification","valueRequired":true,"valueName":"search_term_string"}}],"inLanguage":"ja"},{"@type":["Person","Organization"],"@id":"https:\/\/monsieur-prevention.com\/#\/schema\/person\/a98adec1ea87e537031f136cbe7ad955","name":"\u30bb\u30d0\u30b9\u30c1\u30e3\u30f3\u30fb\u30d6\u30ed\u30b7\u30e7","image":{"@type":"ImageObject","inLanguage":"ja","@id":"https:\/\/monsieur-prevention.com\/wp-content\/uploads\/2026\/01\/favicon.jpg","url":"https:\/\/monsieur-prevention.com\/wp-content\/uploads\/2026\/01\/favicon.jpg","contentUrl":"https:\/\/monsieur-prevention.com\/wp-content\/uploads\/2026\/01\/favicon.jpg","width":1024,"height":1024,"caption":"S\u00e9bastien Brochot"},"logo":{"@id":"https:\/\/monsieur-prevention.com\/wp-content\/uploads\/2026\/01\/favicon.jpg"},"description":"\u79c1\u306e\u540d\u524d\u306f\u30bb\u30d0\u30b9\u30c1\u30e3\u30f3\u30fb\u30d6\u30ed\u30b7\u30e7\u3067\u3001\u5c02\u9580\u306f\u66b4\u529b\u9632\u6b62\u6226\u7565\u3067\u3059\u3002.","sameAs":["https:\/\/sebastienbrochot.com\/","https:\/\/www.instagram.com\/sebastien.brochot\/","https:\/\/www.linkedin.com\/in\/sebastienbrochot\/","https:\/\/x.com\/SBrochot","https:\/\/www.youtube.com\/@preventoriumfr"]}]}},"_links":{"self":[{"href":"https:\/\/monsieur-prevention.com\/ja\/wp-json\/wp\/v2\/product\/8700","targetHints":{"allow":["GET"]}}],"collection":[{"href":"https:\/\/monsieur-prevention.com\/ja\/wp-json\/wp\/v2\/product"}],"about":[{"href":"https:\/\/monsieur-prevention.com\/ja\/wp-json\/wp\/v2\/types\/product"}],"wp:featuredmedia":[{"embeddable":true,"href":"https:\/\/monsieur-prevention.com\/ja\/wp-json\/wp\/v2\/media\/8699"}],"wp:attachment":[{"href":"https:\/\/monsieur-prevention.com\/ja\/wp-json\/wp\/v2\/media?parent=8700"}],"wp:term":[{"taxonomy":"product_brand","embeddable":true,"href":"https:\/\/monsieur-prevention.com\/ja\/wp-json\/wp\/v2\/product_brand?post=8700"},{"taxonomy":"product_cat","embeddable":true,"href":"https:\/\/monsieur-prevention.com\/ja\/wp-json\/wp\/v2\/product_cat?post=8700"},{"taxonomy":"product_tag","embeddable":true,"href":"https:\/\/monsieur-prevention.com\/ja\/wp-json\/wp\/v2\/product_tag?post=8700"}],"curies":[{"name":"wp","href":"https:\/\/api.w.org\/{rel}","templated":true}]}}