{"id":8705,"date":"2026-01-20T19:12:37","date_gmt":"2026-01-20T19:12:37","guid":{"rendered":"https:\/\/monsieur-prevention.com\/product\/mug-en-ceramique-monsieur-prevention-33-cl-11-oz\/"},"modified":"2026-01-20T19:13:30","modified_gmt":"2026-01-20T19:13:30","slug":"%e3%83%9f%e3%82%b9%e3%82%bf%e3%83%bc%e3%83%bb%e3%83%97%e3%83%aa%e3%83%99%e3%83%b3%e3%82%b7%e3%83%a7%e3%83%b3-%e3%82%bb%e3%83%a9%e3%83%9f%e3%83%83%e3%82%af%e3%83%9e%e3%82%b0%e3%82%ab%e3%83%83%e3%83%97","status":"publish","type":"product","link":"https:\/\/monsieur-prevention.com\/ja\/product\/mug-en-ceramique-monsieur-prevention-33-cl-11-oz\/","title":{"rendered":"Mr.PREVENTION\u300d\u30bb\u30e9\u30df\u30c3\u30af\u30fb\u30de\u30b0\u30ab\u30c3\u30d7 33 cl\uff0811\u30aa\u30f3\u30b9\uff09"},"content":{"rendered":"<p>\u3053\u306e\u30b9\u30bf\u30a4\u30ea\u30c3\u30b7\u30e5\u306a\u30bb\u30e9\u30df\u30c3\u30af\u30de\u30b0\u306f\u3001\u671d\u306e\u30b3\u30fc\u30d2\u30fc\u3001\u30db\u30c3\u30c8\u30c1\u30e7\u30b3\u30ec\u30fc\u30c8\u3001\u305d\u306e\u4ed6\u304a\u597d\u307f\u306e\u6e29\u304b\u3044\u98f2\u307f\u7269\u306a\u3069\u3001\u3069\u3093\u306a\u30b7\u30fc\u30f3\u306b\u3082\u6700\u9069\u3067\u3059\u3002\u9bae\u3084\u304b\u306a\u30db\u30ef\u30a4\u30c8\u30ab\u30e9\u30fc\u306b\u3001\u7e01\u3001\u5185\u5074\u3001\u53d6\u3063\u624b\u306b\u306f\u30ab\u30e9\u30fc\u304c\u65bd\u3055\u308c\u3066\u3044\u307e\u3059\u3002\u30d7\u30ea\u30f3\u30c8\u306f\u304f\u3063\u304d\u308a\u3068\u9bae\u3084\u304b\u3067\u3001\u512a\u308c\u305f\u8272\u518d\u73fe\u6027\u3067\u969b\u7acb\u3061\u307e\u3059\u3002\u96fb\u5b50\u30ec\u30f3\u30b8\u3084\u98df\u6d17\u6a5f\u3067\u6d17\u3063\u3066\u3082\u3001\u30c7\u30b6\u30a4\u30f3\u306e\u54c1\u8cea\u3068\u9bae\u3084\u304b\u3055\u306f\u640d\u306a\u308f\u308c\u307e\u305b\u3093\u3002.<\/p>\n<\/p>\n<ul>\n<li>\n<p>33cl\uff0811\u30aa\u30f3\u30b9\uff09\u30bb\u30e9\u30df\u30c3\u30af\u30de\u30b0\u30ab\u30c3\u30d7<\/p>\n<\/li>\n<li>\n<p>\u98df\u6d17\u6a5f\u30fb\u96fb\u5b50\u30ec\u30f3\u30b8\u5bfe\u5fdc<\/p>\n<\/li>\n<li>\n<p>\u30ab\u30e9\u30fc\u306e\u30c8\u30ea\u30e0\u3001\u5185\u88c5\u3001\u30cf\u30f3\u30c9\u30eb<\/p>\n<\/li>\n<li>\n<p>\u767d\u3044\u5370\u5237\u9818\u57df<\/p>\n<\/li>\n<\/ul>","protected":false},"excerpt":{"rendered":"<p>Ce mug en c\u00e9ramique \u00e9l\u00e9gant est parfait \u00e0 tout moment de la journ\u00e9e\u202f: caf\u00e9 du matin, chocolat chaud ou toute autre boisson chaude que [&hellip;]<\/p>\n","protected":false},"featured_media":8704,"template":"","meta":{"_acf_changed":false},"product_brand":[],"product_cat":[255],"product_tag":[],"class_list":{"0":"post-8705","1":"product","2":"type-product","3":"status-publish","4":"has-post-thumbnail","6":"product_cat-goodies","8":"first","9":"instock","10":"shipping-taxable","11":"purchasable","12":"product-type-variable"},"acf":[],"yoast_head":"<!-- This site is optimized with the Yoast SEO plugin v27.6 - https:\/\/yoast.com\/product\/yoast-seo-wordpress\/ -->\n<title>Mug en c\u00e9ramique &quot;Monsieur PREVENTION&quot; 33 cl (11 oz) - Monsieur Pr\u00e9vention<\/title>\n<meta name=\"robots\" content=\"index, follow, max-snippet:-1, max-image-preview:large, max-video-preview:-1\" \/>\n<link rel=\"canonical\" href=\"https:\/\/monsieur-prevention.com\/ja\/\u88fd\u54c1\/\u30df\u30b9\u30bf\u30fc\u30fb\u30d7\u30ea\u30d9\u30f3\u30b7\u30e7\u30f3-\u30bb\u30e9\u30df\u30c3\u30af\u30de\u30b0\u30ab\u30c3\u30d7\/\" \/>\n<meta property=\"og:locale\" content=\"ja_JP\" \/>\n<meta property=\"og:type\" content=\"article\" \/>\n<meta property=\"og:title\" content=\"Mug en c\u00e9ramique &quot;Monsieur PREVENTION&quot; 33 cl (11 oz) - Monsieur Pr\u00e9vention\" \/>\n<meta property=\"og:description\" content=\"Ce mug en c\u00e9ramique \u00e9l\u00e9gant est parfait \u00e0 tout moment de la journ\u00e9e\u202f: caf\u00e9 du matin, chocolat chaud ou toute autre boisson chaude que [&hellip;]\" \/>\n<meta property=\"og:url\" content=\"https:\/\/monsieur-prevention.com\/ja\/\u88fd\u54c1\/\u30df\u30b9\u30bf\u30fc\u30fb\u30d7\u30ea\u30d9\u30f3\u30b7\u30e7\u30f3-\u30bb\u30e9\u30df\u30c3\u30af\u30de\u30b0\u30ab\u30c3\u30d7\/\" \/>\n<meta property=\"og:site_name\" content=\"Monsieur Pr\u00e9vention\" \/>\n<meta property=\"article:modified_time\" content=\"2026-01-20T19:13:30+00:00\" \/>\n<meta property=\"og:image\" content=\"https:\/\/monsieur-prevention.com\/wp-content\/uploads\/2026\/01\/1200.png\" \/>\n\t<meta property=\"og:image:width\" content=\"1200\" \/>\n\t<meta property=\"og:image:height\" content=\"800\" \/>\n\t<meta property=\"og:image:type\" content=\"image\/png\" \/>\n<meta name=\"twitter:card\" content=\"summary_large_image\" \/>\n<meta name=\"twitter:site\" content=\"@SBrochot\" \/>\n<meta name=\"twitter:label1\" content=\"\u63a8\u5b9a\u8aad\u307f\u53d6\u308a\u6642\u9593\" \/>\n\t<meta name=\"twitter:data1\" content=\"1\u5206\" \/>\n<script type=\"application\/ld+json\" class=\"yoast-schema-graph\">{\"@context\":\"https:\\\/\\\/schema.org\",\"@graph\":[{\"@type\":\"WebPage\",\"@id\":\"https:\\\/\\\/monsieur-prevention.com\\\/product\\\/mug-en-ceramique-monsieur-prevention-33-cl-11-oz\\\/\",\"url\":\"https:\\\/\\\/monsieur-prevention.com\\\/product\\\/mug-en-ceramique-monsieur-prevention-33-cl-11-oz\\\/\",\"name\":\"Mug en c\u00e9ramique \\\"Monsieur PREVENTION\\\" 33 cl (11 oz) - Monsieur Pr\u00e9vention\",\"isPartOf\":{\"@id\":\"https:\\\/\\\/monsieur-prevention.com\\\/#website\"},\"primaryImageOfPage\":{\"@id\":\"https:\\\/\\\/monsieur-prevention.com\\\/product\\\/mug-en-ceramique-monsieur-prevention-33-cl-11-oz\\\/#primaryimage\"},\"image\":{\"@id\":\"https:\\\/\\\/monsieur-prevention.com\\\/product\\\/mug-en-ceramique-monsieur-prevention-33-cl-11-oz\\\/#primaryimage\"},\"thumbnailUrl\":\"https:\\\/\\\/monsieur-prevention.com\\\/wp-content\\\/uploads\\\/2026\\\/01\\\/eab7e87f-9a1e-43db-80d0-dcce3de1127a.jpg\",\"datePublished\":\"2026-01-20T19:12:37+00:00\",\"dateModified\":\"2026-01-20T19:13:30+00:00\",\"breadcrumb\":{\"@id\":\"https:\\\/\\\/monsieur-prevention.com\\\/product\\\/mug-en-ceramique-monsieur-prevention-33-cl-11-oz\\\/#breadcrumb\"},\"inLanguage\":\"ja\",\"potentialAction\":[{\"@type\":\"ReadAction\",\"target\":[\"https:\\\/\\\/monsieur-prevention.com\\\/product\\\/mug-en-ceramique-monsieur-prevention-33-cl-11-oz\\\/\"]}]},{\"@type\":\"ImageObject\",\"inLanguage\":\"ja\",\"@id\":\"https:\\\/\\\/monsieur-prevention.com\\\/product\\\/mug-en-ceramique-monsieur-prevention-33-cl-11-oz\\\/#primaryimage\",\"url\":\"https:\\\/\\\/monsieur-prevention.com\\\/wp-content\\\/uploads\\\/2026\\\/01\\\/eab7e87f-9a1e-43db-80d0-dcce3de1127a.jpg\",\"contentUrl\":\"https:\\\/\\\/monsieur-prevention.com\\\/wp-content\\\/uploads\\\/2026\\\/01\\\/eab7e87f-9a1e-43db-80d0-dcce3de1127a.jpg\",\"width\":2048,\"height\":2048,\"caption\":\"eab7e87f-9a1e-43db-80d0-dcce3de1127a\"},{\"@type\":\"BreadcrumbList\",\"@id\":\"https:\\\/\\\/monsieur-prevention.com\\\/product\\\/mug-en-ceramique-monsieur-prevention-33-cl-11-oz\\\/#breadcrumb\",\"itemListElement\":[{\"@type\":\"ListItem\",\"position\":1,\"name\":\"Home\",\"item\":\"https:\\\/\\\/monsieur-prevention.com\\\/\"},{\"@type\":\"ListItem\",\"position\":2,\"name\":\"Boutique\",\"item\":\"https:\\\/\\\/monsieur-prevention.com\\\/boutique\\\/\"},{\"@type\":\"ListItem\",\"position\":3,\"name\":\"Mug en c\u00e9ramique \u00ab\u00a0Monsieur PREVENTION\u00a0\u00bb 33 cl (11 oz)\"}]},{\"@type\":\"WebSite\",\"@id\":\"https:\\\/\\\/monsieur-prevention.com\\\/#website\",\"url\":\"https:\\\/\\\/monsieur-prevention.com\\\/\",\"name\":\"Monsieur Pr\u00e9vention \u2013 S\u00e9bastien Brochot\",\"description\":\"Des r\u00e9ponses concr\u00e8tes aux enjeux de la pr\u00e9vention des violences\",\"publisher\":{\"@id\":\"https:\\\/\\\/monsieur-prevention.com\\\/#\\\/schema\\\/person\\\/a98adec1ea87e537031f136cbe7ad955\"},\"alternateName\":\"Sebastien Brochot\",\"potentialAction\":[{\"@type\":\"SearchAction\",\"target\":{\"@type\":\"EntryPoint\",\"urlTemplate\":\"https:\\\/\\\/monsieur-prevention.com\\\/?s={search_term_string}\"},\"query-input\":{\"@type\":\"PropertyValueSpecification\",\"valueRequired\":true,\"valueName\":\"search_term_string\"}}],\"inLanguage\":\"ja\"},{\"@type\":[\"Person\",\"Organization\"],\"@id\":\"https:\\\/\\\/monsieur-prevention.com\\\/#\\\/schema\\\/person\\\/a98adec1ea87e537031f136cbe7ad955\",\"name\":\"S\u00e9bastien Brochot\",\"image\":{\"@type\":\"ImageObject\",\"inLanguage\":\"ja\",\"@id\":\"https:\\\/\\\/monsieur-prevention.com\\\/wp-content\\\/uploads\\\/2026\\\/01\\\/favicon.jpg\",\"url\":\"https:\\\/\\\/monsieur-prevention.com\\\/wp-content\\\/uploads\\\/2026\\\/01\\\/favicon.jpg\",\"contentUrl\":\"https:\\\/\\\/monsieur-prevention.com\\\/wp-content\\\/uploads\\\/2026\\\/01\\\/favicon.jpg\",\"width\":1024,\"height\":1024,\"caption\":\"S\u00e9bastien Brochot\"},\"logo\":{\"@id\":\"https:\\\/\\\/monsieur-prevention.com\\\/wp-content\\\/uploads\\\/2026\\\/01\\\/favicon.jpg\"},\"description\":\"Je m'appelle S\u00e9bastien Brochot, je suis sp\u00e9cialiste en strat\u00e9gies de pr\u00e9vention des violences.\",\"sameAs\":[\"https:\\\/\\\/sebastienbrochot.com\\\/\",\"https:\\\/\\\/www.instagram.com\\\/sebastien.brochot\\\/\",\"https:\\\/\\\/www.linkedin.com\\\/in\\\/sebastienbrochot\\\/\",\"https:\\\/\\\/x.com\\\/SBrochot\",\"https:\\\/\\\/www.youtube.com\\\/@preventoriumfr\"]}]}<\/script>\n<!-- \/ Yoast SEO plugin. -->","yoast_head_json":{"title":"\u300c\u30e0\u30c3\u30b7\u30e5 \u30d7\u30ea\u30d9\u30f3\u30b7\u30e7\u30f3\u300d\u30bb\u30e9\u30df\u30c3\u30af \u30de\u30b0\u300133 cl (11 \u30aa\u30f3\u30b9) - Monsieur Pr\u00e9vention","robots":{"index":"index","follow":"follow","max-snippet":"max-snippet:-1","max-image-preview":"max-image-preview:large","max-video-preview":"max-video-preview:-1"},"canonical":"https:\/\/monsieur-prevention.com\/ja\/\u88fd\u54c1\/\u30df\u30b9\u30bf\u30fc\u30fb\u30d7\u30ea\u30d9\u30f3\u30b7\u30e7\u30f3-\u30bb\u30e9\u30df\u30c3\u30af\u30de\u30b0\u30ab\u30c3\u30d7\/","og_locale":"ja_JP","og_type":"article","og_title":"Mug en c\u00e9ramique \"Monsieur PREVENTION\" 33 cl (11 oz) - Monsieur Pr\u00e9vention","og_description":"Ce mug en c\u00e9ramique \u00e9l\u00e9gant est parfait \u00e0 tout moment de la journ\u00e9e\u202f: caf\u00e9 du matin, chocolat chaud ou toute autre boisson chaude que [&hellip;]","og_url":"https:\/\/monsieur-prevention.com\/ja\/\u88fd\u54c1\/\u30df\u30b9\u30bf\u30fc\u30fb\u30d7\u30ea\u30d9\u30f3\u30b7\u30e7\u30f3-\u30bb\u30e9\u30df\u30c3\u30af\u30de\u30b0\u30ab\u30c3\u30d7\/","og_site_name":"Monsieur Pr\u00e9vention","article_modified_time":"2026-01-20T19:13:30+00:00","og_image":[{"width":1200,"height":800,"url":"https:\/\/monsieur-prevention.com\/wp-content\/uploads\/2026\/01\/1200.png","type":"image\/png"}],"twitter_card":"summary_large_image","twitter_site":"@SBrochot","twitter_misc":{"\u63a8\u5b9a\u8aad\u307f\u53d6\u308a\u6642\u9593":"1\u5206"},"schema":{"@context":"https:\/\/schema.org","@graph":[{"@type":"WebPage","@id":"https:\/\/monsieur-prevention.com\/product\/mug-en-ceramique-monsieur-prevention-33-cl-11-oz\/","url":"https:\/\/monsieur-prevention.com\/product\/mug-en-ceramique-monsieur-prevention-33-cl-11-oz\/","name":"\u300c\u30e0\u30c3\u30b7\u30e5 \u30d7\u30ea\u30d9\u30f3\u30b7\u30e7\u30f3\u300d\u30bb\u30e9\u30df\u30c3\u30af \u30de\u30b0\u300133 cl (11 \u30aa\u30f3\u30b9) - Monsieur Pr\u00e9vention","isPartOf":{"@id":"https:\/\/monsieur-prevention.com\/#website"},"primaryImageOfPage":{"@id":"https:\/\/monsieur-prevention.com\/product\/mug-en-ceramique-monsieur-prevention-33-cl-11-oz\/#primaryimage"},"image":{"@id":"https:\/\/monsieur-prevention.com\/product\/mug-en-ceramique-monsieur-prevention-33-cl-11-oz\/#primaryimage"},"thumbnailUrl":"https:\/\/monsieur-prevention.com\/wp-content\/uploads\/2026\/01\/eab7e87f-9a1e-43db-80d0-dcce3de1127a.jpg","datePublished":"2026-01-20T19:12:37+00:00","dateModified":"2026-01-20T19:13:30+00:00","breadcrumb":{"@id":"https:\/\/monsieur-prevention.com\/product\/mug-en-ceramique-monsieur-prevention-33-cl-11-oz\/#breadcrumb"},"inLanguage":"ja","potentialAction":[{"@type":"ReadAction","target":["https:\/\/monsieur-prevention.com\/product\/mug-en-ceramique-monsieur-prevention-33-cl-11-oz\/"]}]},{"@type":"ImageObject","inLanguage":"ja","@id":"https:\/\/monsieur-prevention.com\/product\/mug-en-ceramique-monsieur-prevention-33-cl-11-oz\/#primaryimage","url":"https:\/\/monsieur-prevention.com\/wp-content\/uploads\/2026\/01\/eab7e87f-9a1e-43db-80d0-dcce3de1127a.jpg","contentUrl":"https:\/\/monsieur-prevention.com\/wp-content\/uploads\/2026\/01\/eab7e87f-9a1e-43db-80d0-dcce3de1127a.jpg","width":2048,"height":2048,"caption":"eab7e87f-9a1e-43db-80d0-dcce3de1127a"},{"@type":"BreadcrumbList","@id":"https:\/\/monsieur-prevention.com\/product\/mug-en-ceramique-monsieur-prevention-33-cl-11-oz\/#breadcrumb","itemListElement":[{"@type":"ListItem","position":1,"name":"Home","item":"https:\/\/monsieur-prevention.com\/"},{"@type":"ListItem","position":2,"name":"Boutique","item":"https:\/\/monsieur-prevention.com\/boutique\/"},{"@type":"ListItem","position":3,"name":"Mug en c\u00e9ramique \u00ab\u00a0Monsieur PREVENTION\u00a0\u00bb 33 cl (11 oz)"}]},{"@type":"WebSite","@id":"https:\/\/monsieur-prevention.com\/#website","url":"https:\/\/monsieur-prevention.com\/","name":"\u30df\u30b9\u30bf\u30fc\u30fb\u30d7\u30ea\u30d9\u30f3\u30b7\u30e7\u30f3 - \u30bb\u30d0\u30b9\u30c1\u30e3\u30f3\u30fb\u30d6\u30ed\u30b7\u30e7","description":"\u66b4\u529b\u9632\u6b62\u306e\u8ab2\u984c\u3078\u306e\u5b9f\u8df5\u7684\u5bfe\u5fdc","publisher":{"@id":"https:\/\/monsieur-prevention.com\/#\/schema\/person\/a98adec1ea87e537031f136cbe7ad955"},"alternateName":"Sebastien Brochot","potentialAction":[{"@type":"SearchAction","target":{"@type":"EntryPoint","urlTemplate":"https:\/\/monsieur-prevention.com\/?s={search_term_string}"},"query-input":{"@type":"PropertyValueSpecification","valueRequired":true,"valueName":"search_term_string"}}],"inLanguage":"ja"},{"@type":["Person","Organization"],"@id":"https:\/\/monsieur-prevention.com\/#\/schema\/person\/a98adec1ea87e537031f136cbe7ad955","name":"\u30bb\u30d0\u30b9\u30c1\u30e3\u30f3\u30fb\u30d6\u30ed\u30b7\u30e7","image":{"@type":"ImageObject","inLanguage":"ja","@id":"https:\/\/monsieur-prevention.com\/wp-content\/uploads\/2026\/01\/favicon.jpg","url":"https:\/\/monsieur-prevention.com\/wp-content\/uploads\/2026\/01\/favicon.jpg","contentUrl":"https:\/\/monsieur-prevention.com\/wp-content\/uploads\/2026\/01\/favicon.jpg","width":1024,"height":1024,"caption":"S\u00e9bastien Brochot"},"logo":{"@id":"https:\/\/monsieur-prevention.com\/wp-content\/uploads\/2026\/01\/favicon.jpg"},"description":"\u79c1\u306e\u540d\u524d\u306f\u30bb\u30d0\u30b9\u30c1\u30e3\u30f3\u30fb\u30d6\u30ed\u30b7\u30e7\u3067\u3001\u5c02\u9580\u306f\u66b4\u529b\u9632\u6b62\u6226\u7565\u3067\u3059\u3002.","sameAs":["https:\/\/sebastienbrochot.com\/","https:\/\/www.instagram.com\/sebastien.brochot\/","https:\/\/www.linkedin.com\/in\/sebastienbrochot\/","https:\/\/x.com\/SBrochot","https:\/\/www.youtube.com\/@preventoriumfr"]}]}},"_links":{"self":[{"href":"https:\/\/monsieur-prevention.com\/ja\/wp-json\/wp\/v2\/product\/8705","targetHints":{"allow":["GET"]}}],"collection":[{"href":"https:\/\/monsieur-prevention.com\/ja\/wp-json\/wp\/v2\/product"}],"about":[{"href":"https:\/\/monsieur-prevention.com\/ja\/wp-json\/wp\/v2\/types\/product"}],"wp:featuredmedia":[{"embeddable":true,"href":"https:\/\/monsieur-prevention.com\/ja\/wp-json\/wp\/v2\/media\/8704"}],"wp:attachment":[{"href":"https:\/\/monsieur-prevention.com\/ja\/wp-json\/wp\/v2\/media?parent=8705"}],"wp:term":[{"taxonomy":"product_brand","embeddable":true,"href":"https:\/\/monsieur-prevention.com\/ja\/wp-json\/wp\/v2\/product_brand?post=8705"},{"taxonomy":"product_cat","embeddable":true,"href":"https:\/\/monsieur-prevention.com\/ja\/wp-json\/wp\/v2\/product_cat?post=8705"},{"taxonomy":"product_tag","embeddable":true,"href":"https:\/\/monsieur-prevention.com\/ja\/wp-json\/wp\/v2\/product_tag?post=8705"}],"curies":[{"name":"wp","href":"https:\/\/api.w.org\/{rel}","templated":true}]}}