{"id":8834,"date":"2026-02-10T19:49:02","date_gmt":"2026-02-10T19:49:02","guid":{"rendered":"https:\/\/monsieur-prevention.com\/product\/affiche-de-prevention-en-francais-dans-un-cadre-en-bois-4-couleurs\/"},"modified":"2026-02-11T18:53:29","modified_gmt":"2026-02-11T18:53:29","slug":"%e3%83%95%e3%83%a9%e3%83%b3%e3%82%b9%e8%aa%9e%e3%81%ae%e4%ba%88%e9%98%b2%e3%83%9d%e3%82%b9%e3%82%bf%e3%83%bc%ef%bc%884%e8%89%b2%e5%88%b7%e3%82%8a%e3%81%ae%e6%9c%a8%e8%a3%bd%e3%83%95%e3%83%ac%e3%83%bc","status":"publish","type":"product","link":"https:\/\/monsieur-prevention.com\/ja\/product\/affiche-de-prevention-en-francais-dans-un-cadre-en-bois-4-couleurs\/","title":{"rendered":"\u4e88\u9632\u30dd\u30b9\u30bf\u30fc\uff08\u30d5\u30e9\u30f3\u30b9\u8a9e\uff09\u6728\u88fd\u30d5\u30ec\u30fc\u30e0\u5165\u308a\uff084\u8272"},"content":{"rendered":"<p>\u4e08\u592b\u3067\u8010\u4e45\u6027\u306b\u512a\u308c\u305f\u984d\u5165\u308a\u30dd\u30b9\u30bf\u30fc\u306f\u3001\u3059\u3050\u306b\u98fe\u308b\u3053\u3068\u304c\u3067\u304d\u307e\u3059\u3002\u30af\u30e9\u30b7\u30c3\u30af\u3067\u8efd\u91cf\u3001\u305d\u3057\u3066\u4e0a\u54c1\u306a\u534a\u5149\u6ca2\u7d19\u306b\u3001\u9ad8\u54c1\u8cea\u306e\u30a2\u30fc\u30c8\u30d7\u30ea\u30f3\u30c8\u3092\u304a\u697d\u3057\u307f\u304f\u3060\u3055\u3044\u3002.<\/p>\n<ul>\n<li>\u58c1\u9762\u306b\u76f4\u63a5\u53d6\u308a\u4ed8\u3051\u308b\u305f\u3081\u306e\u56fa\u5b9a\u30ad\u30c3\u30c8\u304c\u4ed8\u5c5e\u3057\u3066\u3044\u307e\u3059\u3002.<\/li>\n<li>\u30d5\u30ec\u30fc\u30e0\u7d20\u6750\uff1a\u8010\u4e45\u6027\u306b\u512a\u308c\u305f\u30d1\u30a4\u30f3\u6750\u3002.<\/li>\n<li>\u30d5\u30ec\u30fc\u30e0\u30ab\u30e9\u30fc\uff1a\u30d6\u30e9\u30c3\u30af\u3001\u30db\u30ef\u30a4\u30c8\uff08\u6ed1\u3089\u304b\u306a\u4ed5\u4e0a\u3052\uff09\u3001\u30ca\u30c1\u30e5\u30e9\u30eb\u30a6\u30c3\u30c9\u3001\u30c0\u30fc\u30af\u30d6\u30e9\u30a6\u30f3\uff08\u6728\u76ee\u304c\u898b\u3048\u308b\u4ed5\u4e0a\u3052\uff09\u3002.<\/li>\n<li>\u30d5\u30ec\u30fc\u30e0\u306e\u5bf8\u6cd5\uff1a\u539a\u305520\uff5e25mm\uff080.79\uff5e0.98\u30a4\u30f3\u30c1\uff09\u3001\u5e4510\uff5e14mm\uff080.4\uff5e0.6\u30a4\u30f3\u30c1\uff09\u3002.<\/li>\n<li>\u7d19\u306e\u576a\u91cf\uff1a170g\/m\u00b2\uff0865\u30dd\u30f3\u30c9\uff09\u3001\u539a\u3055\uff1a0.19mm\uff087.5\u30df\u30eb\uff09\u3002.<\/li>\n<li>\u7d19\u306e\u4ed5\u4e0a\u3052\uff1a\u534a\u5149\u6ca2\u3067\u3001\u308f\u305a\u304b\u306a\u5149\u6ca2\u304c\u8272\u3092\u5f15\u304d\u7acb\u3066\u307e\u3059\u3002.<\/li>\n<li>\u4fdd\u8b77\uff1a\u5272\u308c\u306b\u304f\u3044\u30d7\u30ec\u30ad\u30b7\u30ac\u30e9\u30b9\u3067\u30dd\u30b9\u30bf\u30fc\u3092\u4fdd\u8b77\u3057\u3066\u3044\u307e\u3059\u3002.<\/li>\n<li>\u6301\u7d9a\u53ef\u80fd\u306a\u7d19\uff1aFSC\u8a8d\u8a3c\u3092\u53d7\u3051\u305f\u7d20\u6750\u3001\u307e\u305f\u306f\u540c\u7b49\u306e\u3082\u306e\u3002.<\/li>\n<\/ul>\n<p>\u6700\u4f4e\u6ce8\u6587\u6570\u306a\u3057\u3002\u30aa\u30f3\u30c7\u30de\u30f3\u30c9\u5370\u5237\u30fb\u767a\u9001\u3002.<\/p>","protected":false},"excerpt":{"rendered":"<p>Nos affiches encadr\u00e9es en bois, solides et durables, sont pr\u00eates \u00e0 \u00eatre accroch\u00e9es. Profitez d\u2019impressions artistiques de haute qualit\u00e9 sur un papier semi-brillant classique, [&hellip;]<\/p>\n","protected":false},"featured_media":8852,"template":"","meta":{"_acf_changed":false},"product_brand":[],"product_cat":[436],"product_tag":[],"class_list":{"0":"post-8834","1":"product","2":"type-product","3":"status-publish","4":"has-post-thumbnail","6":"product_cat-posters","8":"first","9":"instock","10":"shipping-taxable","11":"purchasable","12":"product-type-variable"},"acf":[],"yoast_head":"<!-- This site is optimized with the Yoast SEO plugin v27.6 - https:\/\/yoast.com\/product\/yoast-seo-wordpress\/ -->\n<title>Affiche de pr\u00e9vention en fran\u00e7ais dans un cadre en bois (4 couleurs) - Monsieur Pr\u00e9vention<\/title>\n<meta name=\"robots\" content=\"index, follow, max-snippet:-1, max-image-preview:large, max-video-preview:-1\" \/>\n<link rel=\"canonical\" href=\"https:\/\/monsieur-prevention.com\/ja\/\u88fd\u54c1\/\u30d5\u30e9\u30f3\u30b9\u8a9e\u306e\u4e88\u9632\u30dd\u30b9\u30bf\u30fc\uff084\u8272\u5237\u308a\u306e\u6728\u88fd\u30d5\u30ec\u30fc\/\" \/>\n<meta property=\"og:locale\" content=\"ja_JP\" \/>\n<meta property=\"og:type\" content=\"article\" \/>\n<meta property=\"og:title\" content=\"Affiche de pr\u00e9vention en fran\u00e7ais dans un cadre en bois (4 couleurs) - Monsieur Pr\u00e9vention\" \/>\n<meta property=\"og:description\" content=\"Nos affiches encadr\u00e9es en bois, solides et durables, sont pr\u00eates \u00e0 \u00eatre accroch\u00e9es. Profitez d\u2019impressions artistiques de haute qualit\u00e9 sur un papier semi-brillant classique, [&hellip;]\" \/>\n<meta property=\"og:url\" content=\"https:\/\/monsieur-prevention.com\/ja\/\u88fd\u54c1\/\u30d5\u30e9\u30f3\u30b9\u8a9e\u306e\u4e88\u9632\u30dd\u30b9\u30bf\u30fc\uff084\u8272\u5237\u308a\u306e\u6728\u88fd\u30d5\u30ec\u30fc\/\" \/>\n<meta property=\"og:site_name\" content=\"Monsieur Pr\u00e9vention\" \/>\n<meta property=\"article:modified_time\" content=\"2026-02-11T18:53:29+00:00\" \/>\n<meta property=\"og:image\" content=\"https:\/\/monsieur-prevention.com\/wp-content\/uploads\/2026\/02\/6aba765c-0a05-4e32-b722-f49de3869f59.jpg\" \/>\n\t<meta property=\"og:image:width\" content=\"2048\" \/>\n\t<meta property=\"og:image:height\" content=\"2048\" \/>\n\t<meta property=\"og:image:type\" content=\"image\/jpeg\" \/>\n<meta name=\"twitter:card\" content=\"summary_large_image\" \/>\n<meta name=\"twitter:site\" content=\"@SBrochot\" \/>\n<meta name=\"twitter:label1\" content=\"\u63a8\u5b9a\u8aad\u307f\u53d6\u308a\u6642\u9593\" \/>\n\t<meta name=\"twitter:data1\" content=\"1\u5206\" \/>\n<script type=\"application\/ld+json\" class=\"yoast-schema-graph\">{\"@context\":\"https:\\\/\\\/schema.org\",\"@graph\":[{\"@type\":\"WebPage\",\"@id\":\"https:\\\/\\\/monsieur-prevention.com\\\/product\\\/affiche-de-prevention-en-francais-dans-un-cadre-en-bois-4-couleurs\\\/\",\"url\":\"https:\\\/\\\/monsieur-prevention.com\\\/product\\\/affiche-de-prevention-en-francais-dans-un-cadre-en-bois-4-couleurs\\\/\",\"name\":\"Affiche de pr\u00e9vention en fran\u00e7ais dans un cadre en bois (4 couleurs) - Monsieur Pr\u00e9vention\",\"isPartOf\":{\"@id\":\"https:\\\/\\\/monsieur-prevention.com\\\/#website\"},\"primaryImageOfPage\":{\"@id\":\"https:\\\/\\\/monsieur-prevention.com\\\/product\\\/affiche-de-prevention-en-francais-dans-un-cadre-en-bois-4-couleurs\\\/#primaryimage\"},\"image\":{\"@id\":\"https:\\\/\\\/monsieur-prevention.com\\\/product\\\/affiche-de-prevention-en-francais-dans-un-cadre-en-bois-4-couleurs\\\/#primaryimage\"},\"thumbnailUrl\":\"https:\\\/\\\/monsieur-prevention.com\\\/wp-content\\\/uploads\\\/2026\\\/02\\\/6aba765c-0a05-4e32-b722-f49de3869f59.jpg\",\"datePublished\":\"2026-02-10T19:49:02+00:00\",\"dateModified\":\"2026-02-11T18:53:29+00:00\",\"breadcrumb\":{\"@id\":\"https:\\\/\\\/monsieur-prevention.com\\\/product\\\/affiche-de-prevention-en-francais-dans-un-cadre-en-bois-4-couleurs\\\/#breadcrumb\"},\"inLanguage\":\"ja\",\"potentialAction\":[{\"@type\":\"ReadAction\",\"target\":[\"https:\\\/\\\/monsieur-prevention.com\\\/product\\\/affiche-de-prevention-en-francais-dans-un-cadre-en-bois-4-couleurs\\\/\"]}]},{\"@type\":\"ImageObject\",\"inLanguage\":\"ja\",\"@id\":\"https:\\\/\\\/monsieur-prevention.com\\\/product\\\/affiche-de-prevention-en-francais-dans-un-cadre-en-bois-4-couleurs\\\/#primaryimage\",\"url\":\"https:\\\/\\\/monsieur-prevention.com\\\/wp-content\\\/uploads\\\/2026\\\/02\\\/6aba765c-0a05-4e32-b722-f49de3869f59.jpg\",\"contentUrl\":\"https:\\\/\\\/monsieur-prevention.com\\\/wp-content\\\/uploads\\\/2026\\\/02\\\/6aba765c-0a05-4e32-b722-f49de3869f59.jpg\",\"width\":2048,\"height\":2048,\"caption\":\"6aba765c-0a05-4e32-b722-f49de3869f59\"},{\"@type\":\"BreadcrumbList\",\"@id\":\"https:\\\/\\\/monsieur-prevention.com\\\/product\\\/affiche-de-prevention-en-francais-dans-un-cadre-en-bois-4-couleurs\\\/#breadcrumb\",\"itemListElement\":[{\"@type\":\"ListItem\",\"position\":1,\"name\":\"Home\",\"item\":\"https:\\\/\\\/monsieur-prevention.com\\\/\"},{\"@type\":\"ListItem\",\"position\":2,\"name\":\"Boutique\",\"item\":\"https:\\\/\\\/monsieur-prevention.com\\\/boutique\\\/\"},{\"@type\":\"ListItem\",\"position\":3,\"name\":\"Affiche de pr\u00e9vention en fran\u00e7ais dans un cadre en bois (4 couleurs)\"}]},{\"@type\":\"WebSite\",\"@id\":\"https:\\\/\\\/monsieur-prevention.com\\\/#website\",\"url\":\"https:\\\/\\\/monsieur-prevention.com\\\/\",\"name\":\"Monsieur Pr\u00e9vention \u2013 S\u00e9bastien Brochot\",\"description\":\"Des r\u00e9ponses concr\u00e8tes aux enjeux de la pr\u00e9vention des violences\",\"publisher\":{\"@id\":\"https:\\\/\\\/monsieur-prevention.com\\\/#\\\/schema\\\/person\\\/a98adec1ea87e537031f136cbe7ad955\"},\"alternateName\":\"Sebastien Brochot\",\"potentialAction\":[{\"@type\":\"SearchAction\",\"target\":{\"@type\":\"EntryPoint\",\"urlTemplate\":\"https:\\\/\\\/monsieur-prevention.com\\\/?s={search_term_string}\"},\"query-input\":{\"@type\":\"PropertyValueSpecification\",\"valueRequired\":true,\"valueName\":\"search_term_string\"}}],\"inLanguage\":\"ja\"},{\"@type\":[\"Person\",\"Organization\"],\"@id\":\"https:\\\/\\\/monsieur-prevention.com\\\/#\\\/schema\\\/person\\\/a98adec1ea87e537031f136cbe7ad955\",\"name\":\"S\u00e9bastien Brochot\",\"image\":{\"@type\":\"ImageObject\",\"inLanguage\":\"ja\",\"@id\":\"https:\\\/\\\/monsieur-prevention.com\\\/wp-content\\\/uploads\\\/2026\\\/01\\\/favicon.jpg\",\"url\":\"https:\\\/\\\/monsieur-prevention.com\\\/wp-content\\\/uploads\\\/2026\\\/01\\\/favicon.jpg\",\"contentUrl\":\"https:\\\/\\\/monsieur-prevention.com\\\/wp-content\\\/uploads\\\/2026\\\/01\\\/favicon.jpg\",\"width\":1024,\"height\":1024,\"caption\":\"S\u00e9bastien Brochot\"},\"logo\":{\"@id\":\"https:\\\/\\\/monsieur-prevention.com\\\/wp-content\\\/uploads\\\/2026\\\/01\\\/favicon.jpg\"},\"description\":\"Je m'appelle S\u00e9bastien Brochot, je suis sp\u00e9cialiste en strat\u00e9gies de pr\u00e9vention des violences.\",\"sameAs\":[\"https:\\\/\\\/sebastienbrochot.com\\\/\",\"https:\\\/\\\/www.instagram.com\\\/sebastien.brochot\\\/\",\"https:\\\/\\\/www.linkedin.com\\\/in\\\/sebastienbrochot\\\/\",\"https:\\\/\\\/x.com\\\/SBrochot\",\"https:\\\/\\\/www.youtube.com\\\/@preventoriumfr\"]}]}<\/script>\n<!-- \/ Yoast SEO plugin. -->","yoast_head_json":{"title":"\u30d5\u30e9\u30f3\u30b9\u8a9e\u306e\u4e88\u9632\u30dd\u30b9\u30bf\u30fc\uff08\u6728\u88fd\u30d5\u30ec\u30fc\u30e0\u5165\u308a\u30014\u8272\uff09 - \u30df\u30b9\u30bf\u30fc\u30fb\u30d7\u30ea\u30d9\u30f3\u30b7\u30e7\u30f3","robots":{"index":"index","follow":"follow","max-snippet":"max-snippet:-1","max-image-preview":"max-image-preview:large","max-video-preview":"max-video-preview:-1"},"canonical":"https:\/\/monsieur-prevention.com\/ja\/\u88fd\u54c1\/\u30d5\u30e9\u30f3\u30b9\u8a9e\u306e\u4e88\u9632\u30dd\u30b9\u30bf\u30fc\uff084\u8272\u5237\u308a\u306e\u6728\u88fd\u30d5\u30ec\u30fc\/","og_locale":"ja_JP","og_type":"article","og_title":"Affiche de pr\u00e9vention en fran\u00e7ais dans un cadre en bois (4 couleurs) - Monsieur Pr\u00e9vention","og_description":"Nos affiches encadr\u00e9es en bois, solides et durables, sont pr\u00eates \u00e0 \u00eatre accroch\u00e9es. Profitez d\u2019impressions artistiques de haute qualit\u00e9 sur un papier semi-brillant classique, [&hellip;]","og_url":"https:\/\/monsieur-prevention.com\/ja\/\u88fd\u54c1\/\u30d5\u30e9\u30f3\u30b9\u8a9e\u306e\u4e88\u9632\u30dd\u30b9\u30bf\u30fc\uff084\u8272\u5237\u308a\u306e\u6728\u88fd\u30d5\u30ec\u30fc\/","og_site_name":"Monsieur Pr\u00e9vention","article_modified_time":"2026-02-11T18:53:29+00:00","og_image":[{"width":2048,"height":2048,"url":"https:\/\/monsieur-prevention.com\/wp-content\/uploads\/2026\/02\/6aba765c-0a05-4e32-b722-f49de3869f59.jpg","type":"image\/jpeg"}],"twitter_card":"summary_large_image","twitter_site":"@SBrochot","twitter_misc":{"\u63a8\u5b9a\u8aad\u307f\u53d6\u308a\u6642\u9593":"1\u5206"},"schema":{"@context":"https:\/\/schema.org","@graph":[{"@type":"WebPage","@id":"https:\/\/monsieur-prevention.com\/product\/affiche-de-prevention-en-francais-dans-un-cadre-en-bois-4-couleurs\/","url":"https:\/\/monsieur-prevention.com\/product\/affiche-de-prevention-en-francais-dans-un-cadre-en-bois-4-couleurs\/","name":"\u30d5\u30e9\u30f3\u30b9\u8a9e\u306e\u4e88\u9632\u30dd\u30b9\u30bf\u30fc\uff08\u6728\u88fd\u30d5\u30ec\u30fc\u30e0\u5165\u308a\u30014\u8272\uff09 - \u30df\u30b9\u30bf\u30fc\u30fb\u30d7\u30ea\u30d9\u30f3\u30b7\u30e7\u30f3","isPartOf":{"@id":"https:\/\/monsieur-prevention.com\/#website"},"primaryImageOfPage":{"@id":"https:\/\/monsieur-prevention.com\/product\/affiche-de-prevention-en-francais-dans-un-cadre-en-bois-4-couleurs\/#primaryimage"},"image":{"@id":"https:\/\/monsieur-prevention.com\/product\/affiche-de-prevention-en-francais-dans-un-cadre-en-bois-4-couleurs\/#primaryimage"},"thumbnailUrl":"https:\/\/monsieur-prevention.com\/wp-content\/uploads\/2026\/02\/6aba765c-0a05-4e32-b722-f49de3869f59.jpg","datePublished":"2026-02-10T19:49:02+00:00","dateModified":"2026-02-11T18:53:29+00:00","breadcrumb":{"@id":"https:\/\/monsieur-prevention.com\/product\/affiche-de-prevention-en-francais-dans-un-cadre-en-bois-4-couleurs\/#breadcrumb"},"inLanguage":"ja","potentialAction":[{"@type":"ReadAction","target":["https:\/\/monsieur-prevention.com\/product\/affiche-de-prevention-en-francais-dans-un-cadre-en-bois-4-couleurs\/"]}]},{"@type":"ImageObject","inLanguage":"ja","@id":"https:\/\/monsieur-prevention.com\/product\/affiche-de-prevention-en-francais-dans-un-cadre-en-bois-4-couleurs\/#primaryimage","url":"https:\/\/monsieur-prevention.com\/wp-content\/uploads\/2026\/02\/6aba765c-0a05-4e32-b722-f49de3869f59.jpg","contentUrl":"https:\/\/monsieur-prevention.com\/wp-content\/uploads\/2026\/02\/6aba765c-0a05-4e32-b722-f49de3869f59.jpg","width":2048,"height":2048,"caption":"6aba765c-0a05-4e32-b722-f49de3869f59"},{"@type":"BreadcrumbList","@id":"https:\/\/monsieur-prevention.com\/product\/affiche-de-prevention-en-francais-dans-un-cadre-en-bois-4-couleurs\/#breadcrumb","itemListElement":[{"@type":"ListItem","position":1,"name":"Home","item":"https:\/\/monsieur-prevention.com\/"},{"@type":"ListItem","position":2,"name":"Boutique","item":"https:\/\/monsieur-prevention.com\/boutique\/"},{"@type":"ListItem","position":3,"name":"Affiche de pr\u00e9vention en fran\u00e7ais dans un cadre en bois (4 couleurs)"}]},{"@type":"WebSite","@id":"https:\/\/monsieur-prevention.com\/#website","url":"https:\/\/monsieur-prevention.com\/","name":"\u30df\u30b9\u30bf\u30fc\u30fb\u30d7\u30ea\u30d9\u30f3\u30b7\u30e7\u30f3 - \u30bb\u30d0\u30b9\u30c1\u30e3\u30f3\u30fb\u30d6\u30ed\u30b7\u30e7","description":"\u66b4\u529b\u9632\u6b62\u306e\u8ab2\u984c\u3078\u306e\u5b9f\u8df5\u7684\u5bfe\u5fdc","publisher":{"@id":"https:\/\/monsieur-prevention.com\/#\/schema\/person\/a98adec1ea87e537031f136cbe7ad955"},"alternateName":"Sebastien Brochot","potentialAction":[{"@type":"SearchAction","target":{"@type":"EntryPoint","urlTemplate":"https:\/\/monsieur-prevention.com\/?s={search_term_string}"},"query-input":{"@type":"PropertyValueSpecification","valueRequired":true,"valueName":"search_term_string"}}],"inLanguage":"ja"},{"@type":["Person","Organization"],"@id":"https:\/\/monsieur-prevention.com\/#\/schema\/person\/a98adec1ea87e537031f136cbe7ad955","name":"\u30bb\u30d0\u30b9\u30c1\u30e3\u30f3\u30fb\u30d6\u30ed\u30b7\u30e7","image":{"@type":"ImageObject","inLanguage":"ja","@id":"https:\/\/monsieur-prevention.com\/wp-content\/uploads\/2026\/01\/favicon.jpg","url":"https:\/\/monsieur-prevention.com\/wp-content\/uploads\/2026\/01\/favicon.jpg","contentUrl":"https:\/\/monsieur-prevention.com\/wp-content\/uploads\/2026\/01\/favicon.jpg","width":1024,"height":1024,"caption":"S\u00e9bastien Brochot"},"logo":{"@id":"https:\/\/monsieur-prevention.com\/wp-content\/uploads\/2026\/01\/favicon.jpg"},"description":"\u79c1\u306e\u540d\u524d\u306f\u30bb\u30d0\u30b9\u30c1\u30e3\u30f3\u30fb\u30d6\u30ed\u30b7\u30e7\u3067\u3001\u5c02\u9580\u306f\u66b4\u529b\u9632\u6b62\u6226\u7565\u3067\u3059\u3002.","sameAs":["https:\/\/sebastienbrochot.com\/","https:\/\/www.instagram.com\/sebastien.brochot\/","https:\/\/www.linkedin.com\/in\/sebastienbrochot\/","https:\/\/x.com\/SBrochot","https:\/\/www.youtube.com\/@preventoriumfr"]}]}},"_links":{"self":[{"href":"https:\/\/monsieur-prevention.com\/ja\/wp-json\/wp\/v2\/product\/8834","targetHints":{"allow":["GET"]}}],"collection":[{"href":"https:\/\/monsieur-prevention.com\/ja\/wp-json\/wp\/v2\/product"}],"about":[{"href":"https:\/\/monsieur-prevention.com\/ja\/wp-json\/wp\/v2\/types\/product"}],"wp:featuredmedia":[{"embeddable":true,"href":"https:\/\/monsieur-prevention.com\/ja\/wp-json\/wp\/v2\/media\/8852"}],"wp:attachment":[{"href":"https:\/\/monsieur-prevention.com\/ja\/wp-json\/wp\/v2\/media?parent=8834"}],"wp:term":[{"taxonomy":"product_brand","embeddable":true,"href":"https:\/\/monsieur-prevention.com\/ja\/wp-json\/wp\/v2\/product_brand?post=8834"},{"taxonomy":"product_cat","embeddable":true,"href":"https:\/\/monsieur-prevention.com\/ja\/wp-json\/wp\/v2\/product_cat?post=8834"},{"taxonomy":"product_tag","embeddable":true,"href":"https:\/\/monsieur-prevention.com\/ja\/wp-json\/wp\/v2\/product_tag?post=8834"}],"curies":[{"name":"wp","href":"https:\/\/api.w.org\/{rel}","templated":true}]}}