{"id":7541,"date":"2026-01-14T19:31:57","date_gmt":"2026-01-14T19:31:57","guid":{"rendered":"https:\/\/sebastienbrochot.com\/cart-2\/"},"modified":"2026-01-20T14:27:19","modified_gmt":"2026-01-20T14:27:19","slug":"%eb%b0%94%ea%b5%ac%eb%8b%88","status":"publish","type":"page","link":"https:\/\/monsieur-prevention.com\/ko\/panier\/","title":{"rendered":"\ubc14\uad6c\ub2c8"},"content":{"rendered":"<div data-block-name=\"woocommerce\/cart\" class=\"wp-block-woocommerce-cart alignwide is-loading\">\n<div data-block-name=\"woocommerce\/filled-cart-block\" class=\"wp-block-woocommerce-filled-cart-block\">\n<div data-block-name=\"woocommerce\/cart-items-block\" class=\"wp-block-woocommerce-cart-items-block\">\n<div data-block-name=\"woocommerce\/cart-line-items-block\" class=\"wp-block-woocommerce-cart-line-items-block\"><\/div>\n\n\n<\/div>\n\n\n\n\n<div data-block-name=\"woocommerce\/cart-totals-block\" class=\"wp-block-woocommerce-cart-totals-block\">\n<div data-block-name=\"woocommerce\/cart-order-summary-block\" class=\"wp-block-woocommerce-cart-order-summary-block\">\n<div data-block-name=\"woocommerce\/cart-order-summary-heading-block\" class=\"wp-block-woocommerce-cart-order-summary-heading-block\"><\/div><div data-block-name=\"woocommerce\/cart-order-summary-coupon-form-block\" class=\"wp-block-woocommerce-cart-order-summary-coupon-form-block\"><\/div><div data-block-name=\"woocommerce\/cart-order-summary-totals-block\" class=\"wp-block-woocommerce-cart-order-summary-totals-block\">\n<div data-block-name=\"woocommerce\/cart-order-summary-subtotal-block\" class=\"wp-block-woocommerce-cart-order-summary-subtotal-block\"><\/div>\n<div data-block-name=\"woocommerce\/cart-order-summary-discount-block\" class=\"wp-block-woocommerce-cart-order-summary-discount-block\"><\/div>\n<div data-block-name=\"woocommerce\/cart-order-summary-fee-block\" class=\"wp-block-woocommerce-cart-order-summary-fee-block\"><\/div>\n<div data-block-name=\"woocommerce\/cart-order-summary-shipping-block\" class=\"wp-block-woocommerce-cart-order-summary-shipping-block\"><\/div>\n<div data-block-name=\"woocommerce\/cart-order-summary-taxes-block\" class=\"wp-block-woocommerce-cart-order-summary-taxes-block\"><\/div><\/div>\n<\/div>\n\n\n\n<div data-block-name=\"woocommerce\/cart-express-payment-block\" class=\"wp-block-woocommerce-cart-express-payment-block\"><\/div>\n\n\n\n<div data-block-name=\"woocommerce\/proceed-to-checkout-block\" class=\"wp-block-woocommerce-proceed-to-checkout-block\"><\/div>\n\n\n\n<div data-block-name=\"woocommerce\/cart-accepted-payment-methods-block\" class=\"wp-block-woocommerce-cart-accepted-payment-methods-block\"><\/div>\n<\/div>\n<\/div>\n\n\n\n<div data-block-name=\"woocommerce\/empty-cart-block\" class=\"wp-block-woocommerce-empty-cart-block\">\n<h2 class=\"wp-block-heading has-text-align-center with-empty-cart-icon wc-block-cart__empty-cart__title\">\uc7a5\ubc14\uad6c\ub2c8\uac00 \ube44\uc5b4 \uc788\uc2b5\ub2c8\ub2e4.<\/h2>\n\n\n\n<hr class=\"wp-block-separator has-alpha-channel-opacity is-style-dots\"\/>\n\n\n\n<h2 class=\"wp-block-heading has-text-align-center\">\ub9e4\uc7a5\uc5d0 \uc0c8\ub85c\uc6b4 \uc0c1\ud488\uc774 \uc785\uace0\ub418\uc5c8\uc2b5\ub2c8\ub2e4<\/h2>\n\n\n<div data-block-name=\"woocommerce\/product-new\" data-columns=\"4\" data-rows=\"1\" class=\"wc-block-grid wp-block-product-new wp-block-woocommerce-product-new wc-block-product-new has-4-columns\"><ul class=\"wc-block-grid__products\"><li class=\"wc-block-grid__product\">\n\t\t\t\t<a href=\"https:\/\/monsieur-prevention.com\/ko\/product\/affiche-de-prevention-en-francais-dans-un-cadre-en-bois-4-couleurs-2\/\" class=\"wc-block-grid__product-link\">\n\t\t\t\t\t\n\t\t\t\t\t<div class=\"wc-block-grid__product-image\"><img fetchpriority=\"high\" decoding=\"async\" width=\"700\" height=\"700\" src=\"https:\/\/monsieur-prevention.com\/wp-content\/uploads\/2026\/02\/e65b11fd-d58b-47c8-8cf6-7ac10ccdfedf-700x700.jpg\" class=\"attachment-woocommerce_thumbnail size-woocommerce_thumbnail\" alt=\"e65b11fd-d58b-47c8-8cf6-7ac10ccdfedf\" srcset=\"https:\/\/monsieur-prevention.com\/wp-content\/uploads\/2026\/02\/e65b11fd-d58b-47c8-8cf6-7ac10ccdfedf-700x700.jpg 700w, https:\/\/monsieur-prevention.com\/wp-content\/uploads\/2026\/02\/e65b11fd-d58b-47c8-8cf6-7ac10ccdfedf-300x300.jpg 300w, https:\/\/monsieur-prevention.com\/wp-content\/uploads\/2026\/02\/e65b11fd-d58b-47c8-8cf6-7ac10ccdfedf-1024x1024.jpg 1024w, https:\/\/monsieur-prevention.com\/wp-content\/uploads\/2026\/02\/e65b11fd-d58b-47c8-8cf6-7ac10ccdfedf-150x150.jpg 150w, https:\/\/monsieur-prevention.com\/wp-content\/uploads\/2026\/02\/e65b11fd-d58b-47c8-8cf6-7ac10ccdfedf-768x768.jpg 768w, https:\/\/monsieur-prevention.com\/wp-content\/uploads\/2026\/02\/e65b11fd-d58b-47c8-8cf6-7ac10ccdfedf-1536x1536.jpg 1536w, https:\/\/monsieur-prevention.com\/wp-content\/uploads\/2026\/02\/e65b11fd-d58b-47c8-8cf6-7ac10ccdfedf-12x12.jpg 12w, https:\/\/monsieur-prevention.com\/wp-content\/uploads\/2026\/02\/e65b11fd-d58b-47c8-8cf6-7ac10ccdfedf-1120x1120.jpg 1120w, https:\/\/monsieur-prevention.com\/wp-content\/uploads\/2026\/02\/e65b11fd-d58b-47c8-8cf6-7ac10ccdfedf-420x420.jpg 420w, https:\/\/monsieur-prevention.com\/wp-content\/uploads\/2026\/02\/e65b11fd-d58b-47c8-8cf6-7ac10ccdfedf-90x90.jpg 90w, https:\/\/monsieur-prevention.com\/wp-content\/uploads\/2026\/02\/e65b11fd-d58b-47c8-8cf6-7ac10ccdfedf.jpg 2048w\" sizes=\"(max-width: 700px) 100vw, 700px\" \/><\/div>\n\t\t\t\t\t<div class=\"wc-block-grid__product-title\">\ud504\ub791\uc2a4\uc5b4\ub85c \ub41c \uc608\ubc29 \ud3ec\uc2a4\ud130 (\ub098\ubb34 \uc561\uc790, 4\uc0c9)<\/div>\n\t\t\t\t<\/a>\n\t\t\t\t<div class=\"wc-block-grid__product-price price\"><span class=\"woocommerce-Price-amount amount\" aria-hidden=\"true\">45,00&nbsp;<span class=\"woocommerce-Price-currencySymbol\">&euro;<\/span><\/span><span aria-hidden=\"true\">~<\/span><span class=\"woocommerce-Price-amount amount\" aria-hidden=\"true\">95,00&nbsp;<span class=\"woocommerce-Price-currencySymbol\">&euro;<\/span><\/span><span class=\"screen-reader-text\" data-no-translation=\"\" data-trp-gettext=\"\">\uac00\uaca9 \ubc94\uc704: 45,00&nbsp;&euro;~95,00&nbsp;&euro;<\/span><\/div>\n\t\t\t\t\n\t\t\t\t<div class=\"wp-block-button wc-block-grid__product-add-to-cart\"><a href=\"https:\/\/monsieur-prevention.com\/ko\/product\/affiche-de-prevention-en-francais-dans-un-cadre-en-bois-4-couleurs-2\/\" aria-label=\"\u201cAffiche de pr\u00e9vention en fran\u00e7ais dans un cadre en bois (4 couleurs)\u201d\uc5d0 \ub300\ud55c \uc635\uc158 \uc120\ud0dd\" data-quantity=\"1\" data-product_id=\"8863\" data-product_sku=\"\" data-price=\"45\" rel=\"nofollow\" class=\"wp-block-button__link  add_to_cart_button\" data-no-translation=\"\" data-trp-gettext=\"\" data-no-translation-aria-label=\"\">\uc635\uc158 \uc120\ud0dd<\/a><\/div>\n\t\t\t<\/li><li class=\"wc-block-grid__product\">\n\t\t\t\t<a href=\"https:\/\/monsieur-prevention.com\/ko\/product\/affiche-de-prevention-en-francais-dans-un-cadre-en-bois-4-couleurs\/\" class=\"wc-block-grid__product-link\">\n\t\t\t\t\t\n\t\t\t\t\t<div class=\"wc-block-grid__product-image\"><img decoding=\"async\" width=\"700\" height=\"700\" src=\"https:\/\/monsieur-prevention.com\/wp-content\/uploads\/2026\/02\/6aba765c-0a05-4e32-b722-f49de3869f59-700x700.jpg\" class=\"attachment-woocommerce_thumbnail size-woocommerce_thumbnail\" alt=\"6aba765c-0a05-4e32-b722-f49de3869f59\" srcset=\"https:\/\/monsieur-prevention.com\/wp-content\/uploads\/2026\/02\/6aba765c-0a05-4e32-b722-f49de3869f59-700x700.jpg 700w, https:\/\/monsieur-prevention.com\/wp-content\/uploads\/2026\/02\/6aba765c-0a05-4e32-b722-f49de3869f59-300x300.jpg 300w, https:\/\/monsieur-prevention.com\/wp-content\/uploads\/2026\/02\/6aba765c-0a05-4e32-b722-f49de3869f59-1024x1024.jpg 1024w, https:\/\/monsieur-prevention.com\/wp-content\/uploads\/2026\/02\/6aba765c-0a05-4e32-b722-f49de3869f59-150x150.jpg 150w, https:\/\/monsieur-prevention.com\/wp-content\/uploads\/2026\/02\/6aba765c-0a05-4e32-b722-f49de3869f59-768x768.jpg 768w, https:\/\/monsieur-prevention.com\/wp-content\/uploads\/2026\/02\/6aba765c-0a05-4e32-b722-f49de3869f59-1536x1536.jpg 1536w, https:\/\/monsieur-prevention.com\/wp-content\/uploads\/2026\/02\/6aba765c-0a05-4e32-b722-f49de3869f59-12x12.jpg 12w, https:\/\/monsieur-prevention.com\/wp-content\/uploads\/2026\/02\/6aba765c-0a05-4e32-b722-f49de3869f59-1120x1120.jpg 1120w, https:\/\/monsieur-prevention.com\/wp-content\/uploads\/2026\/02\/6aba765c-0a05-4e32-b722-f49de3869f59-420x420.jpg 420w, https:\/\/monsieur-prevention.com\/wp-content\/uploads\/2026\/02\/6aba765c-0a05-4e32-b722-f49de3869f59-90x90.jpg 90w, https:\/\/monsieur-prevention.com\/wp-content\/uploads\/2026\/02\/6aba765c-0a05-4e32-b722-f49de3869f59.jpg 2048w\" sizes=\"(max-width: 700px) 100vw, 700px\" \/><\/div>\n\t\t\t\t\t<div class=\"wc-block-grid__product-title\">\ud504\ub791\uc2a4\uc5b4\ub85c \ub41c \uc608\ubc29 \ud3ec\uc2a4\ud130 (\ub098\ubb34 \uc561\uc790, 4\uc0c9)<\/div>\n\t\t\t\t<\/a>\n\t\t\t\t<div class=\"wc-block-grid__product-price price\"><span class=\"woocommerce-Price-amount amount\" aria-hidden=\"true\">45,00&nbsp;<span class=\"woocommerce-Price-currencySymbol\">&euro;<\/span><\/span><span aria-hidden=\"true\">~<\/span><span class=\"woocommerce-Price-amount amount\" aria-hidden=\"true\">95,00&nbsp;<span class=\"woocommerce-Price-currencySymbol\">&euro;<\/span><\/span><span class=\"screen-reader-text\" data-no-translation=\"\" data-trp-gettext=\"\">\uac00\uaca9 \ubc94\uc704: 45,00&nbsp;&euro;~95,00&nbsp;&euro;<\/span><\/div>\n\t\t\t\t\n\t\t\t\t<div class=\"wp-block-button wc-block-grid__product-add-to-cart\"><a href=\"https:\/\/monsieur-prevention.com\/ko\/product\/affiche-de-prevention-en-francais-dans-un-cadre-en-bois-4-couleurs\/\" aria-label=\"\u201cAffiche de pr\u00e9vention en fran\u00e7ais dans un cadre en bois (4 couleurs)\u201d\uc5d0 \ub300\ud55c \uc635\uc158 \uc120\ud0dd\" data-quantity=\"1\" data-product_id=\"8834\" data-product_sku=\"\" data-price=\"45\" rel=\"nofollow\" class=\"wp-block-button__link  add_to_cart_button\" data-no-translation=\"\" data-trp-gettext=\"\" data-no-translation-aria-label=\"\">\uc635\uc158 \uc120\ud0dd<\/a><\/div>\n\t\t\t<\/li><li class=\"wc-block-grid__product\">\n\t\t\t\t<a href=\"https:\/\/monsieur-prevention.com\/ko\/product\/affiche-de-prevention-en-anglais-dans-un-cadre-en-bois-4-couleurs\/\" class=\"wc-block-grid__product-link\">\n\t\t\t\t\t\n\t\t\t\t\t<div class=\"wc-block-grid__product-image\"><img decoding=\"async\" width=\"700\" height=\"700\" src=\"https:\/\/monsieur-prevention.com\/wp-content\/uploads\/2026\/02\/3f71dee8-8257-487a-8bbf-4949dca4086a-700x700.jpg\" class=\"attachment-woocommerce_thumbnail size-woocommerce_thumbnail\" alt=\"3f71dee8-8257-487a-8bbf-4949dca4086a\" srcset=\"https:\/\/monsieur-prevention.com\/wp-content\/uploads\/2026\/02\/3f71dee8-8257-487a-8bbf-4949dca4086a-700x700.jpg 700w, https:\/\/monsieur-prevention.com\/wp-content\/uploads\/2026\/02\/3f71dee8-8257-487a-8bbf-4949dca4086a-300x300.jpg 300w, https:\/\/monsieur-prevention.com\/wp-content\/uploads\/2026\/02\/3f71dee8-8257-487a-8bbf-4949dca4086a-1024x1024.jpg 1024w, https:\/\/monsieur-prevention.com\/wp-content\/uploads\/2026\/02\/3f71dee8-8257-487a-8bbf-4949dca4086a-150x150.jpg 150w, https:\/\/monsieur-prevention.com\/wp-content\/uploads\/2026\/02\/3f71dee8-8257-487a-8bbf-4949dca4086a-768x768.jpg 768w, https:\/\/monsieur-prevention.com\/wp-content\/uploads\/2026\/02\/3f71dee8-8257-487a-8bbf-4949dca4086a-1536x1536.jpg 1536w, https:\/\/monsieur-prevention.com\/wp-content\/uploads\/2026\/02\/3f71dee8-8257-487a-8bbf-4949dca4086a-12x12.jpg 12w, https:\/\/monsieur-prevention.com\/wp-content\/uploads\/2026\/02\/3f71dee8-8257-487a-8bbf-4949dca4086a-1120x1120.jpg 1120w, https:\/\/monsieur-prevention.com\/wp-content\/uploads\/2026\/02\/3f71dee8-8257-487a-8bbf-4949dca4086a-420x420.jpg 420w, https:\/\/monsieur-prevention.com\/wp-content\/uploads\/2026\/02\/3f71dee8-8257-487a-8bbf-4949dca4086a-90x90.jpg 90w, https:\/\/monsieur-prevention.com\/wp-content\/uploads\/2026\/02\/3f71dee8-8257-487a-8bbf-4949dca4086a.jpg 2048w\" sizes=\"(max-width: 700px) 100vw, 700px\" \/><\/div>\n\t\t\t\t\t<div class=\"wc-block-grid__product-title\">\uc601\uc5b4 \uc608\ubc29 \ud3ec\uc2a4\ud130 (\ub098\ubb34 \uc561\uc790, 4\uc0c9)<\/div>\n\t\t\t\t<\/a>\n\t\t\t\t<div class=\"wc-block-grid__product-price price\"><span class=\"woocommerce-Price-amount amount\" aria-hidden=\"true\">45,00&nbsp;<span class=\"woocommerce-Price-currencySymbol\">&euro;<\/span><\/span><span aria-hidden=\"true\">~<\/span><span class=\"woocommerce-Price-amount amount\" aria-hidden=\"true\">95,00&nbsp;<span class=\"woocommerce-Price-currencySymbol\">&euro;<\/span><\/span><span class=\"screen-reader-text\" data-no-translation=\"\" data-trp-gettext=\"\">\uac00\uaca9 \ubc94\uc704: 45,00&nbsp;&euro;~95,00&nbsp;&euro;<\/span><\/div>\n\t\t\t\t\n\t\t\t\t<div class=\"wp-block-button wc-block-grid__product-add-to-cart\"><a href=\"https:\/\/monsieur-prevention.com\/ko\/product\/affiche-de-prevention-en-anglais-dans-un-cadre-en-bois-4-couleurs\/\" aria-label=\"\u201cAffiche de pr\u00e9vention en anglais dans un cadre en bois (4 couleurs)\u201d\uc5d0 \ub300\ud55c \uc635\uc158 \uc120\ud0dd\" data-quantity=\"1\" data-product_id=\"8775\" data-product_sku=\"\" data-price=\"45\" rel=\"nofollow\" class=\"wp-block-button__link  add_to_cart_button\" data-no-translation=\"\" data-trp-gettext=\"\" data-no-translation-aria-label=\"\">\uc635\uc158 \uc120\ud0dd<\/a><\/div>\n\t\t\t<\/li><li class=\"wc-block-grid__product\">\n\t\t\t\t<a href=\"https:\/\/monsieur-prevention.com\/ko\/product\/affiche-de-prevention-en-anglais-dans-un-cadre-en-bois-4-couleurs-2\/\" class=\"wc-block-grid__product-link\">\n\t\t\t\t\t\n\t\t\t\t\t<div class=\"wc-block-grid__product-image\"><img loading=\"lazy\" decoding=\"async\" width=\"700\" height=\"700\" src=\"https:\/\/monsieur-prevention.com\/wp-content\/uploads\/2026\/02\/5051d28f-dcc5-404d-bac7-d9cf1e66fd8b-700x700.jpg\" class=\"attachment-woocommerce_thumbnail size-woocommerce_thumbnail\" alt=\"5051d28f-dcc5-404d-bac7-d9cf1e66fd8b\" srcset=\"https:\/\/monsieur-prevention.com\/wp-content\/uploads\/2026\/02\/5051d28f-dcc5-404d-bac7-d9cf1e66fd8b-700x700.jpg 700w, https:\/\/monsieur-prevention.com\/wp-content\/uploads\/2026\/02\/5051d28f-dcc5-404d-bac7-d9cf1e66fd8b-300x300.jpg 300w, https:\/\/monsieur-prevention.com\/wp-content\/uploads\/2026\/02\/5051d28f-dcc5-404d-bac7-d9cf1e66fd8b-1024x1024.jpg 1024w, https:\/\/monsieur-prevention.com\/wp-content\/uploads\/2026\/02\/5051d28f-dcc5-404d-bac7-d9cf1e66fd8b-150x150.jpg 150w, https:\/\/monsieur-prevention.com\/wp-content\/uploads\/2026\/02\/5051d28f-dcc5-404d-bac7-d9cf1e66fd8b-768x768.jpg 768w, https:\/\/monsieur-prevention.com\/wp-content\/uploads\/2026\/02\/5051d28f-dcc5-404d-bac7-d9cf1e66fd8b-1536x1536.jpg 1536w, https:\/\/monsieur-prevention.com\/wp-content\/uploads\/2026\/02\/5051d28f-dcc5-404d-bac7-d9cf1e66fd8b-12x12.jpg 12w, https:\/\/monsieur-prevention.com\/wp-content\/uploads\/2026\/02\/5051d28f-dcc5-404d-bac7-d9cf1e66fd8b-1120x1120.jpg 1120w, https:\/\/monsieur-prevention.com\/wp-content\/uploads\/2026\/02\/5051d28f-dcc5-404d-bac7-d9cf1e66fd8b-420x420.jpg 420w, https:\/\/monsieur-prevention.com\/wp-content\/uploads\/2026\/02\/5051d28f-dcc5-404d-bac7-d9cf1e66fd8b-90x90.jpg 90w, https:\/\/monsieur-prevention.com\/wp-content\/uploads\/2026\/02\/5051d28f-dcc5-404d-bac7-d9cf1e66fd8b.jpg 2048w\" sizes=\"(max-width: 700px) 100vw, 700px\" \/><\/div>\n\t\t\t\t\t<div class=\"wc-block-grid__product-title\">\uc601\uc5b4 \uc608\ubc29 \ud3ec\uc2a4\ud130 (\ub098\ubb34 \uc561\uc790, 4\uc0c9)<\/div>\n\t\t\t\t<\/a>\n\t\t\t\t<div class=\"wc-block-grid__product-price price\"><span class=\"woocommerce-Price-amount amount\" aria-hidden=\"true\">45,00&nbsp;<span class=\"woocommerce-Price-currencySymbol\">&euro;<\/span><\/span><span aria-hidden=\"true\">~<\/span><span class=\"woocommerce-Price-amount amount\" aria-hidden=\"true\">95,00&nbsp;<span class=\"woocommerce-Price-currencySymbol\">&euro;<\/span><\/span><span class=\"screen-reader-text\" data-no-translation=\"\" data-trp-gettext=\"\">\uac00\uaca9 \ubc94\uc704: 45,00&nbsp;&euro;~95,00&nbsp;&euro;<\/span><\/div>\n\t\t\t\t\n\t\t\t\t<div class=\"wp-block-button wc-block-grid__product-add-to-cart\"><a href=\"https:\/\/monsieur-prevention.com\/ko\/product\/affiche-de-prevention-en-anglais-dans-un-cadre-en-bois-4-couleurs-2\/\" aria-label=\"\u201cAffiche de pr\u00e9vention en anglais dans un cadre en bois (4 couleurs)\u201d\uc5d0 \ub300\ud55c \uc635\uc158 \uc120\ud0dd\" data-quantity=\"1\" data-product_id=\"8804\" data-product_sku=\"\" data-price=\"45\" rel=\"nofollow\" class=\"wp-block-button__link  add_to_cart_button\" data-no-translation=\"\" data-trp-gettext=\"\" data-no-translation-aria-label=\"\">\uc635\uc158 \uc120\ud0dd<\/a><\/div>\n\t\t\t<\/li><\/ul><\/div><\/div>\n<\/div>","protected":false},"excerpt":{"rendered":"","protected":false},"author":1,"featured_media":0,"parent":0,"menu_order":0,"comment_status":"closed","ping_status":"closed","template":"","meta":{"_acf_changed":false,"footnotes":""},"class_list":["post-7541","page","type-page","status-publish","hentry"],"acf":{"choi\u0441e_menu_page":false,"full_width":false,"header_transparent":false,"header_white":false,"menu_align_page":"default","menu_style":""},"yoast_head":"<!-- This site is optimized with the Yoast SEO plugin v27.4 - https:\/\/yoast.com\/product\/yoast-seo-wordpress\/ -->\n<title>Panier - Monsieur Pr\u00e9vention<\/title>\n<meta name=\"description\" content=\"Des r\u00e9ponses concr\u00e8tes aux enjeux de la pr\u00e9vention des violences\" \/>\n<meta name=\"robots\" content=\"index, follow, max-snippet:-1, max-image-preview:large, max-video-preview:-1\" \/>\n<link rel=\"canonical\" href=\"https:\/\/monsieur-prevention.com\/ko\/\ubc14\uad6c\ub2c8\/\" \/>\n<meta property=\"og:locale\" content=\"ko_KR\" \/>\n<meta property=\"og:type\" content=\"article\" \/>\n<meta property=\"og:title\" content=\"Panier - Monsieur Pr\u00e9vention\" \/>\n<meta property=\"og:description\" content=\"Des r\u00e9ponses concr\u00e8tes aux enjeux de la pr\u00e9vention des violences\" \/>\n<meta property=\"og:url\" content=\"https:\/\/monsieur-prevention.com\/ko\/\ubc14\uad6c\ub2c8\/\" \/>\n<meta property=\"og:site_name\" content=\"Monsieur Pr\u00e9vention\" \/>\n<meta property=\"article:modified_time\" content=\"2026-01-20T14:27:19+00:00\" \/>\n<meta property=\"og:image\" content=\"https:\/\/monsieur-prevention.com\/wp-content\/uploads\/2026\/01\/1200.png\" \/>\n\t<meta property=\"og:image:width\" content=\"1200\" \/>\n\t<meta property=\"og:image:height\" content=\"800\" \/>\n\t<meta property=\"og:image:type\" content=\"image\/png\" \/>\n<meta name=\"twitter:card\" content=\"summary_large_image\" \/>\n<meta name=\"twitter:site\" content=\"@SBrochot\" \/>\n<script type=\"application\/ld+json\" class=\"yoast-schema-graph\">{\"@context\":\"https:\\\/\\\/schema.org\",\"@graph\":[{\"@type\":\"WebPage\",\"@id\":\"https:\\\/\\\/monsieur-prevention.com\\\/panier\\\/\",\"url\":\"https:\\\/\\\/monsieur-prevention.com\\\/panier\\\/\",\"name\":\"Panier - Monsieur Pr\u00e9vention\",\"isPartOf\":{\"@id\":\"https:\\\/\\\/monsieur-prevention.com\\\/#website\"},\"datePublished\":\"2026-01-14T19:31:57+00:00\",\"dateModified\":\"2026-01-20T14:27:19+00:00\",\"description\":\"Des r\u00e9ponses concr\u00e8tes aux enjeux de la pr\u00e9vention des violences\",\"breadcrumb\":{\"@id\":\"https:\\\/\\\/monsieur-prevention.com\\\/panier\\\/#breadcrumb\"},\"inLanguage\":\"ko-KR\",\"potentialAction\":[{\"@type\":\"ReadAction\",\"target\":[\"https:\\\/\\\/monsieur-prevention.com\\\/panier\\\/\"]}]},{\"@type\":\"BreadcrumbList\",\"@id\":\"https:\\\/\\\/monsieur-prevention.com\\\/panier\\\/#breadcrumb\",\"itemListElement\":[{\"@type\":\"ListItem\",\"position\":1,\"name\":\"Home\",\"item\":\"https:\\\/\\\/monsieur-prevention.com\\\/\"},{\"@type\":\"ListItem\",\"position\":2,\"name\":\"Panier\"}]},{\"@type\":\"WebSite\",\"@id\":\"https:\\\/\\\/monsieur-prevention.com\\\/#website\",\"url\":\"https:\\\/\\\/monsieur-prevention.com\\\/\",\"name\":\"Monsieur Pr\u00e9vention \u2013 S\u00e9bastien Brochot\",\"description\":\"Des r\u00e9ponses concr\u00e8tes aux enjeux de la pr\u00e9vention des violences\",\"publisher\":{\"@id\":\"https:\\\/\\\/monsieur-prevention.com\\\/#\\\/schema\\\/person\\\/a98adec1ea87e537031f136cbe7ad955\"},\"alternateName\":\"Sebastien Brochot\",\"potentialAction\":[{\"@type\":\"SearchAction\",\"target\":{\"@type\":\"EntryPoint\",\"urlTemplate\":\"https:\\\/\\\/monsieur-prevention.com\\\/?s={search_term_string}\"},\"query-input\":{\"@type\":\"PropertyValueSpecification\",\"valueRequired\":true,\"valueName\":\"search_term_string\"}}],\"inLanguage\":\"ko-KR\"},{\"@type\":[\"Person\",\"Organization\"],\"@id\":\"https:\\\/\\\/monsieur-prevention.com\\\/#\\\/schema\\\/person\\\/a98adec1ea87e537031f136cbe7ad955\",\"name\":\"S\u00e9bastien Brochot\",\"image\":{\"@type\":\"ImageObject\",\"inLanguage\":\"ko-KR\",\"@id\":\"https:\\\/\\\/monsieur-prevention.com\\\/wp-content\\\/uploads\\\/2026\\\/01\\\/favicon.jpg\",\"url\":\"https:\\\/\\\/monsieur-prevention.com\\\/wp-content\\\/uploads\\\/2026\\\/01\\\/favicon.jpg\",\"contentUrl\":\"https:\\\/\\\/monsieur-prevention.com\\\/wp-content\\\/uploads\\\/2026\\\/01\\\/favicon.jpg\",\"width\":1024,\"height\":1024,\"caption\":\"S\u00e9bastien Brochot\"},\"logo\":{\"@id\":\"https:\\\/\\\/monsieur-prevention.com\\\/wp-content\\\/uploads\\\/2026\\\/01\\\/favicon.jpg\"},\"description\":\"Je m'appelle S\u00e9bastien Brochot, je suis sp\u00e9cialiste en strat\u00e9gies de pr\u00e9vention des violences.\",\"sameAs\":[\"https:\\\/\\\/sebastienbrochot.com\\\/\",\"https:\\\/\\\/www.instagram.com\\\/sebastien.brochot\\\/\",\"https:\\\/\\\/www.linkedin.com\\\/in\\\/sebastienbrochot\\\/\",\"https:\\\/\\\/x.com\\\/SBrochot\",\"https:\\\/\\\/www.youtube.com\\\/@preventoriumfr\"]}]}<\/script>\n<!-- \/ Yoast SEO plugin. -->","yoast_head_json":{"title":"\ubc14\uad6c\ub2c8 - \ubbf8\uc2a4\ud130 \ud504\ub9ac\ubca4\uc158","description":"\ud3ed\ub825 \uc608\ubc29 \uacfc\uc81c\uc5d0 \ub300\ud55c \uc2e4\uc9c8\uc801\uc778 \ub300\uc751 \ubc29\uc548","robots":{"index":"index","follow":"follow","max-snippet":"max-snippet:-1","max-image-preview":"max-image-preview:large","max-video-preview":"max-video-preview:-1"},"canonical":"https:\/\/monsieur-prevention.com\/ko\/\ubc14\uad6c\ub2c8\/","og_locale":"ko_KR","og_type":"article","og_title":"Panier - Monsieur Pr\u00e9vention","og_description":"Des r\u00e9ponses concr\u00e8tes aux enjeux de la pr\u00e9vention des violences","og_url":"https:\/\/monsieur-prevention.com\/ko\/\ubc14\uad6c\ub2c8\/","og_site_name":"Monsieur Pr\u00e9vention","article_modified_time":"2026-01-20T14:27:19+00:00","og_image":[{"width":1200,"height":800,"url":"https:\/\/monsieur-prevention.com\/wp-content\/uploads\/2026\/01\/1200.png","type":"image\/png"}],"twitter_card":"summary_large_image","twitter_site":"@SBrochot","schema":{"@context":"https:\/\/schema.org","@graph":[{"@type":"WebPage","@id":"https:\/\/monsieur-prevention.com\/panier\/","url":"https:\/\/monsieur-prevention.com\/panier\/","name":"\ubc14\uad6c\ub2c8 - \ubbf8\uc2a4\ud130 \ud504\ub9ac\ubca4\uc158","isPartOf":{"@id":"https:\/\/monsieur-prevention.com\/#website"},"datePublished":"2026-01-14T19:31:57+00:00","dateModified":"2026-01-20T14:27:19+00:00","description":"\ud3ed\ub825 \uc608\ubc29 \uacfc\uc81c\uc5d0 \ub300\ud55c \uc2e4\uc9c8\uc801\uc778 \ub300\uc751 \ubc29\uc548","breadcrumb":{"@id":"https:\/\/monsieur-prevention.com\/panier\/#breadcrumb"},"inLanguage":"ko-KR","potentialAction":[{"@type":"ReadAction","target":["https:\/\/monsieur-prevention.com\/panier\/"]}]},{"@type":"BreadcrumbList","@id":"https:\/\/monsieur-prevention.com\/panier\/#breadcrumb","itemListElement":[{"@type":"ListItem","position":1,"name":"Home","item":"https:\/\/monsieur-prevention.com\/"},{"@type":"ListItem","position":2,"name":"Panier"}]},{"@type":"WebSite","@id":"https:\/\/monsieur-prevention.com\/#website","url":"https:\/\/monsieur-prevention.com\/","name":"\ubbf8\uc2a4\ud130 \ud504\ub9ac\ubca4\uc158 - \uc138\ubc14\uc2a4\ud2f0\uc559 \ube0c\ub85c\uc1fc","description":"\ud3ed\ub825 \uc608\ubc29 \uacfc\uc81c\uc5d0 \ub300\ud55c \uc2e4\uc9c8\uc801\uc778 \ub300\uc751 \ubc29\uc548","publisher":{"@id":"https:\/\/monsieur-prevention.com\/#\/schema\/person\/a98adec1ea87e537031f136cbe7ad955"},"alternateName":"Sebastien Brochot","potentialAction":[{"@type":"SearchAction","target":{"@type":"EntryPoint","urlTemplate":"https:\/\/monsieur-prevention.com\/?s={search_term_string}"},"query-input":{"@type":"PropertyValueSpecification","valueRequired":true,"valueName":"search_term_string"}}],"inLanguage":"ko-KR"},{"@type":["Person","Organization"],"@id":"https:\/\/monsieur-prevention.com\/#\/schema\/person\/a98adec1ea87e537031f136cbe7ad955","name":"\uc138\ubc14\uc2a4\ud2f0\uc559 \ube0c\ub85c\uc1fc","image":{"@type":"ImageObject","inLanguage":"ko-KR","@id":"https:\/\/monsieur-prevention.com\/wp-content\/uploads\/2026\/01\/favicon.jpg","url":"https:\/\/monsieur-prevention.com\/wp-content\/uploads\/2026\/01\/favicon.jpg","contentUrl":"https:\/\/monsieur-prevention.com\/wp-content\/uploads\/2026\/01\/favicon.jpg","width":1024,"height":1024,"caption":"S\u00e9bastien Brochot"},"logo":{"@id":"https:\/\/monsieur-prevention.com\/wp-content\/uploads\/2026\/01\/favicon.jpg"},"description":"\uc800\ub294 \ud3ed\ub825 \uc608\ubc29 \uc804\ub7b5\uc744 \uc804\ubb38\uc73c\ub85c \ud558\ub294 \uc138\ubc14\uc2a4\ud2f0\uc559 \ube0c\ub85c\uc1fc\uc785\ub2c8\ub2e4.","sameAs":["https:\/\/sebastienbrochot.com\/","https:\/\/www.instagram.com\/sebastien.brochot\/","https:\/\/www.linkedin.com\/in\/sebastienbrochot\/","https:\/\/x.com\/SBrochot","https:\/\/www.youtube.com\/@preventoriumfr"]}]}},"_links":{"self":[{"href":"https:\/\/monsieur-prevention.com\/ko\/wp-json\/wp\/v2\/pages\/7541","targetHints":{"allow":["GET"]}}],"collection":[{"href":"https:\/\/monsieur-prevention.com\/ko\/wp-json\/wp\/v2\/pages"}],"about":[{"href":"https:\/\/monsieur-prevention.com\/ko\/wp-json\/wp\/v2\/types\/page"}],"author":[{"embeddable":true,"href":"https:\/\/monsieur-prevention.com\/ko\/wp-json\/wp\/v2\/users\/1"}],"replies":[{"embeddable":true,"href":"https:\/\/monsieur-prevention.com\/ko\/wp-json\/wp\/v2\/comments?post=7541"}],"version-history":[{"count":1,"href":"https:\/\/monsieur-prevention.com\/ko\/wp-json\/wp\/v2\/pages\/7541\/revisions"}],"predecessor-version":[{"id":8634,"href":"https:\/\/monsieur-prevention.com\/ko\/wp-json\/wp\/v2\/pages\/7541\/revisions\/8634"}],"wp:attachment":[{"href":"https:\/\/monsieur-prevention.com\/ko\/wp-json\/wp\/v2\/media?parent=7541"}],"curies":[{"name":"wp","href":"https:\/\/api.w.org\/{rel}","templated":true}]}}