{"id":8705,"date":"2026-01-20T19:12:37","date_gmt":"2026-01-20T19:12:37","guid":{"rendered":"https:\/\/monsieur-prevention.com\/product\/mug-en-ceramique-monsieur-prevention-33-cl-11-oz\/"},"modified":"2026-01-20T19:13:30","modified_gmt":"2026-01-20T19:13:30","slug":"%eb%af%b8%ec%8a%a4%ed%84%b0-%ed%94%84%eb%a6%ac%eb%b2%a4%ec%85%98-%ec%84%b8%eb%9d%bc%eb%af%b9-%eb%a8%b8%ea%b7%b8%ec%bb%b5-33cl-11oz","status":"publish","type":"product","link":"https:\/\/monsieur-prevention.com\/ko\/product\/mug-en-ceramique-monsieur-prevention-33-cl-11-oz\/","title":{"rendered":"&quot;\ubb34\uc288 \ud504\ub9ac\ubca4\uc158&quot; \uc138\ub77c\ubbf9 \uba38\uadf8\ucef5, 33cl (11oz)"},"content":{"rendered":"<p>\uc774 \uc138\ub828\ub41c \uc138\ub77c\ubbf9 \uba38\uadf8\ucef5\uc740 \uc544\uce68 \ucee4\ud53c, \ud56b\ucd08\ucf54 \ub610\ub294 \uc88b\uc544\ud558\ub294 \uc5b4\ub5a4 \ub530\ub73b\ud55c \uc74c\ub8cc\ub4e0 \uc5b8\uc81c\ub4e0 \uc990\uae30\uae30\uc5d0 \uc644\ubcbd\ud569\ub2c8\ub2e4. \uc0b0\ub73b\ud55c \ud770\uc0c9 \ubc14\ud0d5\uc5d0 \ud14c\ub450\ub9ac, \ub0b4\ubd80, \uc190\uc7a1\uc774 \ubd80\ubd84\uc5d0 \uc0c9\uc0c1\uc774 \ub4e4\uc5b4\uac00 \uc788\uc5b4 \ub354\uc6b1 \ub3cb\ubcf4\uc785\ub2c8\ub2e4. \uc120\uba85\ud558\uace0 \ubc1d\uc740 \uc0c9\uac10\uc758 \ud504\ub9b0\ud2b8\uac00 \ub3cb\ubcf4\uc774\uba70, \uc804\uc790\ub808\uc778\uc9c0\ub098 \uc2dd\uae30\uc138\ucc99\uae30\uc5d0 \ub123\uc5b4\ub3c4 \ub514\uc790\uc778\uc758 \ud488\uc9c8\uacfc \uc0dd\ub3d9\uac10\uc774 \uadf8\ub300\ub85c \uc720\uc9c0\ub429\ub2c8\ub2e4.<\/p>\n<\/p>\n<ul>\n<li>\n<p>33cl (11oz) \uc138\ub77c\ubbf9 \uba38\uadf8\ucef5<\/p>\n<\/li>\n<li>\n<p>\uc2dd\uae30\uc138\ucc99\uae30 \ubc0f \uc804\uc790\ub808\uc778\uc9c0 \uc0ac\uc6a9 \uac00\ub2a5<\/p>\n<\/li>\n<li>\n<p>\uceec\ub7ec \ud2b8\ub9bc, \ub0b4\ubd80 \ubc0f \uc190\uc7a1\uc774<\/p>\n<\/li>\n<li>\n<p>\ud770\uc0c9 \uc778\uc1c4 \uc601\uc5ed<\/p>\n<\/li>\n<\/ul>","protected":false},"excerpt":{"rendered":"<p>Ce mug en c\u00e9ramique \u00e9l\u00e9gant est parfait \u00e0 tout moment de la journ\u00e9e\u202f: caf\u00e9 du matin, chocolat chaud ou toute autre boisson chaude que [&hellip;]<\/p>\n","protected":false},"featured_media":8704,"template":"","meta":{"_acf_changed":false},"product_brand":[],"product_cat":[255],"product_tag":[],"class_list":{"0":"post-8705","1":"product","2":"type-product","3":"status-publish","4":"has-post-thumbnail","6":"product_cat-goodies","8":"first","9":"instock","10":"shipping-taxable","11":"purchasable","12":"product-type-variable"},"acf":[],"yoast_head":"<!-- This site is optimized with the Yoast SEO plugin v27.6 - https:\/\/yoast.com\/product\/yoast-seo-wordpress\/ -->\n<title>Mug en c\u00e9ramique &quot;Monsieur PREVENTION&quot; 33 cl (11 oz) - Monsieur Pr\u00e9vention<\/title>\n<meta name=\"robots\" content=\"index, follow, max-snippet:-1, max-image-preview:large, max-video-preview:-1\" \/>\n<link rel=\"canonical\" href=\"https:\/\/monsieur-prevention.com\/ko\/\uc81c\ud488\/\ubbf8\uc2a4\ud130-\ud504\ub9ac\ubca4\uc158-\uc138\ub77c\ubbf9-\uba38\uadf8\ucef5-33cl-11oz\/\" \/>\n<meta property=\"og:locale\" content=\"ko_KR\" \/>\n<meta property=\"og:type\" content=\"article\" \/>\n<meta property=\"og:title\" content=\"Mug en c\u00e9ramique &quot;Monsieur PREVENTION&quot; 33 cl (11 oz) - Monsieur Pr\u00e9vention\" \/>\n<meta property=\"og:description\" content=\"Ce mug en c\u00e9ramique \u00e9l\u00e9gant est parfait \u00e0 tout moment de la journ\u00e9e\u202f: caf\u00e9 du matin, chocolat chaud ou toute autre boisson chaude que [&hellip;]\" \/>\n<meta property=\"og:url\" content=\"https:\/\/monsieur-prevention.com\/ko\/\uc81c\ud488\/\ubbf8\uc2a4\ud130-\ud504\ub9ac\ubca4\uc158-\uc138\ub77c\ubbf9-\uba38\uadf8\ucef5-33cl-11oz\/\" \/>\n<meta property=\"og:site_name\" content=\"Monsieur Pr\u00e9vention\" \/>\n<meta property=\"article:modified_time\" content=\"2026-01-20T19:13:30+00:00\" \/>\n<meta property=\"og:image\" content=\"https:\/\/monsieur-prevention.com\/wp-content\/uploads\/2026\/01\/1200.png\" \/>\n\t<meta property=\"og:image:width\" content=\"1200\" \/>\n\t<meta property=\"og:image:height\" content=\"800\" \/>\n\t<meta property=\"og:image:type\" content=\"image\/png\" \/>\n<meta name=\"twitter:card\" content=\"summary_large_image\" \/>\n<meta name=\"twitter:site\" content=\"@SBrochot\" \/>\n<meta name=\"twitter:label1\" content=\"\uc608\uc0c1 \ub418\ub294 \ud310\ub3c5 \uc2dc\uac04\" \/>\n\t<meta name=\"twitter:data1\" content=\"1\ubd84\" \/>\n<script type=\"application\/ld+json\" class=\"yoast-schema-graph\">{\"@context\":\"https:\\\/\\\/schema.org\",\"@graph\":[{\"@type\":\"WebPage\",\"@id\":\"https:\\\/\\\/monsieur-prevention.com\\\/product\\\/mug-en-ceramique-monsieur-prevention-33-cl-11-oz\\\/\",\"url\":\"https:\\\/\\\/monsieur-prevention.com\\\/product\\\/mug-en-ceramique-monsieur-prevention-33-cl-11-oz\\\/\",\"name\":\"Mug en c\u00e9ramique \\\"Monsieur PREVENTION\\\" 33 cl (11 oz) - Monsieur Pr\u00e9vention\",\"isPartOf\":{\"@id\":\"https:\\\/\\\/monsieur-prevention.com\\\/#website\"},\"primaryImageOfPage\":{\"@id\":\"https:\\\/\\\/monsieur-prevention.com\\\/product\\\/mug-en-ceramique-monsieur-prevention-33-cl-11-oz\\\/#primaryimage\"},\"image\":{\"@id\":\"https:\\\/\\\/monsieur-prevention.com\\\/product\\\/mug-en-ceramique-monsieur-prevention-33-cl-11-oz\\\/#primaryimage\"},\"thumbnailUrl\":\"https:\\\/\\\/monsieur-prevention.com\\\/wp-content\\\/uploads\\\/2026\\\/01\\\/eab7e87f-9a1e-43db-80d0-dcce3de1127a.jpg\",\"datePublished\":\"2026-01-20T19:12:37+00:00\",\"dateModified\":\"2026-01-20T19:13:30+00:00\",\"breadcrumb\":{\"@id\":\"https:\\\/\\\/monsieur-prevention.com\\\/product\\\/mug-en-ceramique-monsieur-prevention-33-cl-11-oz\\\/#breadcrumb\"},\"inLanguage\":\"ko-KR\",\"potentialAction\":[{\"@type\":\"ReadAction\",\"target\":[\"https:\\\/\\\/monsieur-prevention.com\\\/product\\\/mug-en-ceramique-monsieur-prevention-33-cl-11-oz\\\/\"]}]},{\"@type\":\"ImageObject\",\"inLanguage\":\"ko-KR\",\"@id\":\"https:\\\/\\\/monsieur-prevention.com\\\/product\\\/mug-en-ceramique-monsieur-prevention-33-cl-11-oz\\\/#primaryimage\",\"url\":\"https:\\\/\\\/monsieur-prevention.com\\\/wp-content\\\/uploads\\\/2026\\\/01\\\/eab7e87f-9a1e-43db-80d0-dcce3de1127a.jpg\",\"contentUrl\":\"https:\\\/\\\/monsieur-prevention.com\\\/wp-content\\\/uploads\\\/2026\\\/01\\\/eab7e87f-9a1e-43db-80d0-dcce3de1127a.jpg\",\"width\":2048,\"height\":2048,\"caption\":\"eab7e87f-9a1e-43db-80d0-dcce3de1127a\"},{\"@type\":\"BreadcrumbList\",\"@id\":\"https:\\\/\\\/monsieur-prevention.com\\\/product\\\/mug-en-ceramique-monsieur-prevention-33-cl-11-oz\\\/#breadcrumb\",\"itemListElement\":[{\"@type\":\"ListItem\",\"position\":1,\"name\":\"Home\",\"item\":\"https:\\\/\\\/monsieur-prevention.com\\\/\"},{\"@type\":\"ListItem\",\"position\":2,\"name\":\"Boutique\",\"item\":\"https:\\\/\\\/monsieur-prevention.com\\\/boutique\\\/\"},{\"@type\":\"ListItem\",\"position\":3,\"name\":\"Mug en c\u00e9ramique \u00ab\u00a0Monsieur PREVENTION\u00a0\u00bb 33 cl (11 oz)\"}]},{\"@type\":\"WebSite\",\"@id\":\"https:\\\/\\\/monsieur-prevention.com\\\/#website\",\"url\":\"https:\\\/\\\/monsieur-prevention.com\\\/\",\"name\":\"Monsieur Pr\u00e9vention \u2013 S\u00e9bastien Brochot\",\"description\":\"Des r\u00e9ponses concr\u00e8tes aux enjeux de la pr\u00e9vention des violences\",\"publisher\":{\"@id\":\"https:\\\/\\\/monsieur-prevention.com\\\/#\\\/schema\\\/person\\\/a98adec1ea87e537031f136cbe7ad955\"},\"alternateName\":\"Sebastien Brochot\",\"potentialAction\":[{\"@type\":\"SearchAction\",\"target\":{\"@type\":\"EntryPoint\",\"urlTemplate\":\"https:\\\/\\\/monsieur-prevention.com\\\/?s={search_term_string}\"},\"query-input\":{\"@type\":\"PropertyValueSpecification\",\"valueRequired\":true,\"valueName\":\"search_term_string\"}}],\"inLanguage\":\"ko-KR\"},{\"@type\":[\"Person\",\"Organization\"],\"@id\":\"https:\\\/\\\/monsieur-prevention.com\\\/#\\\/schema\\\/person\\\/a98adec1ea87e537031f136cbe7ad955\",\"name\":\"S\u00e9bastien Brochot\",\"image\":{\"@type\":\"ImageObject\",\"inLanguage\":\"ko-KR\",\"@id\":\"https:\\\/\\\/monsieur-prevention.com\\\/wp-content\\\/uploads\\\/2026\\\/01\\\/favicon.jpg\",\"url\":\"https:\\\/\\\/monsieur-prevention.com\\\/wp-content\\\/uploads\\\/2026\\\/01\\\/favicon.jpg\",\"contentUrl\":\"https:\\\/\\\/monsieur-prevention.com\\\/wp-content\\\/uploads\\\/2026\\\/01\\\/favicon.jpg\",\"width\":1024,\"height\":1024,\"caption\":\"S\u00e9bastien Brochot\"},\"logo\":{\"@id\":\"https:\\\/\\\/monsieur-prevention.com\\\/wp-content\\\/uploads\\\/2026\\\/01\\\/favicon.jpg\"},\"description\":\"Je m'appelle S\u00e9bastien Brochot, je suis sp\u00e9cialiste en strat\u00e9gies de pr\u00e9vention des violences.\",\"sameAs\":[\"https:\\\/\\\/sebastienbrochot.com\\\/\",\"https:\\\/\\\/www.instagram.com\\\/sebastien.brochot\\\/\",\"https:\\\/\\\/www.linkedin.com\\\/in\\\/sebastienbrochot\\\/\",\"https:\\\/\\\/x.com\\\/SBrochot\",\"https:\\\/\\\/www.youtube.com\\\/@preventoriumfr\"]}]}<\/script>\n<!-- \/ Yoast SEO plugin. -->","yoast_head_json":{"title":"&quot;Monsieur PREVENTION&quot; \uc138\ub77c\ubbf9 \uba38\uadf8, 33 cl(11oz) - Monsieur Pr\u00e9vention","robots":{"index":"index","follow":"follow","max-snippet":"max-snippet:-1","max-image-preview":"max-image-preview:large","max-video-preview":"max-video-preview:-1"},"canonical":"https:\/\/monsieur-prevention.com\/ko\/\uc81c\ud488\/\ubbf8\uc2a4\ud130-\ud504\ub9ac\ubca4\uc158-\uc138\ub77c\ubbf9-\uba38\uadf8\ucef5-33cl-11oz\/","og_locale":"ko_KR","og_type":"article","og_title":"Mug en c\u00e9ramique \"Monsieur PREVENTION\" 33 cl (11 oz) - Monsieur Pr\u00e9vention","og_description":"Ce mug en c\u00e9ramique \u00e9l\u00e9gant est parfait \u00e0 tout moment de la journ\u00e9e\u202f: caf\u00e9 du matin, chocolat chaud ou toute autre boisson chaude que [&hellip;]","og_url":"https:\/\/monsieur-prevention.com\/ko\/\uc81c\ud488\/\ubbf8\uc2a4\ud130-\ud504\ub9ac\ubca4\uc158-\uc138\ub77c\ubbf9-\uba38\uadf8\ucef5-33cl-11oz\/","og_site_name":"Monsieur Pr\u00e9vention","article_modified_time":"2026-01-20T19:13:30+00:00","og_image":[{"width":1200,"height":800,"url":"https:\/\/monsieur-prevention.com\/wp-content\/uploads\/2026\/01\/1200.png","type":"image\/png"}],"twitter_card":"summary_large_image","twitter_site":"@SBrochot","twitter_misc":{"\uc608\uc0c1 \ub418\ub294 \ud310\ub3c5 \uc2dc\uac04":"1\ubd84"},"schema":{"@context":"https:\/\/schema.org","@graph":[{"@type":"WebPage","@id":"https:\/\/monsieur-prevention.com\/product\/mug-en-ceramique-monsieur-prevention-33-cl-11-oz\/","url":"https:\/\/monsieur-prevention.com\/product\/mug-en-ceramique-monsieur-prevention-33-cl-11-oz\/","name":"&quot;Monsieur PREVENTION&quot; \uc138\ub77c\ubbf9 \uba38\uadf8, 33 cl(11oz) - Monsieur Pr\u00e9vention","isPartOf":{"@id":"https:\/\/monsieur-prevention.com\/#website"},"primaryImageOfPage":{"@id":"https:\/\/monsieur-prevention.com\/product\/mug-en-ceramique-monsieur-prevention-33-cl-11-oz\/#primaryimage"},"image":{"@id":"https:\/\/monsieur-prevention.com\/product\/mug-en-ceramique-monsieur-prevention-33-cl-11-oz\/#primaryimage"},"thumbnailUrl":"https:\/\/monsieur-prevention.com\/wp-content\/uploads\/2026\/01\/eab7e87f-9a1e-43db-80d0-dcce3de1127a.jpg","datePublished":"2026-01-20T19:12:37+00:00","dateModified":"2026-01-20T19:13:30+00:00","breadcrumb":{"@id":"https:\/\/monsieur-prevention.com\/product\/mug-en-ceramique-monsieur-prevention-33-cl-11-oz\/#breadcrumb"},"inLanguage":"ko-KR","potentialAction":[{"@type":"ReadAction","target":["https:\/\/monsieur-prevention.com\/product\/mug-en-ceramique-monsieur-prevention-33-cl-11-oz\/"]}]},{"@type":"ImageObject","inLanguage":"ko-KR","@id":"https:\/\/monsieur-prevention.com\/product\/mug-en-ceramique-monsieur-prevention-33-cl-11-oz\/#primaryimage","url":"https:\/\/monsieur-prevention.com\/wp-content\/uploads\/2026\/01\/eab7e87f-9a1e-43db-80d0-dcce3de1127a.jpg","contentUrl":"https:\/\/monsieur-prevention.com\/wp-content\/uploads\/2026\/01\/eab7e87f-9a1e-43db-80d0-dcce3de1127a.jpg","width":2048,"height":2048,"caption":"eab7e87f-9a1e-43db-80d0-dcce3de1127a"},{"@type":"BreadcrumbList","@id":"https:\/\/monsieur-prevention.com\/product\/mug-en-ceramique-monsieur-prevention-33-cl-11-oz\/#breadcrumb","itemListElement":[{"@type":"ListItem","position":1,"name":"Home","item":"https:\/\/monsieur-prevention.com\/"},{"@type":"ListItem","position":2,"name":"Boutique","item":"https:\/\/monsieur-prevention.com\/boutique\/"},{"@type":"ListItem","position":3,"name":"Mug en c\u00e9ramique \u00ab\u00a0Monsieur PREVENTION\u00a0\u00bb 33 cl (11 oz)"}]},{"@type":"WebSite","@id":"https:\/\/monsieur-prevention.com\/#website","url":"https:\/\/monsieur-prevention.com\/","name":"\ubbf8\uc2a4\ud130 \ud504\ub9ac\ubca4\uc158 - \uc138\ubc14\uc2a4\ud2f0\uc559 \ube0c\ub85c\uc1fc","description":"\ud3ed\ub825 \uc608\ubc29 \uacfc\uc81c\uc5d0 \ub300\ud55c \uc2e4\uc9c8\uc801\uc778 \ub300\uc751 \ubc29\uc548","publisher":{"@id":"https:\/\/monsieur-prevention.com\/#\/schema\/person\/a98adec1ea87e537031f136cbe7ad955"},"alternateName":"Sebastien Brochot","potentialAction":[{"@type":"SearchAction","target":{"@type":"EntryPoint","urlTemplate":"https:\/\/monsieur-prevention.com\/?s={search_term_string}"},"query-input":{"@type":"PropertyValueSpecification","valueRequired":true,"valueName":"search_term_string"}}],"inLanguage":"ko-KR"},{"@type":["Person","Organization"],"@id":"https:\/\/monsieur-prevention.com\/#\/schema\/person\/a98adec1ea87e537031f136cbe7ad955","name":"\uc138\ubc14\uc2a4\ud2f0\uc559 \ube0c\ub85c\uc1fc","image":{"@type":"ImageObject","inLanguage":"ko-KR","@id":"https:\/\/monsieur-prevention.com\/wp-content\/uploads\/2026\/01\/favicon.jpg","url":"https:\/\/monsieur-prevention.com\/wp-content\/uploads\/2026\/01\/favicon.jpg","contentUrl":"https:\/\/monsieur-prevention.com\/wp-content\/uploads\/2026\/01\/favicon.jpg","width":1024,"height":1024,"caption":"S\u00e9bastien Brochot"},"logo":{"@id":"https:\/\/monsieur-prevention.com\/wp-content\/uploads\/2026\/01\/favicon.jpg"},"description":"\uc800\ub294 \ud3ed\ub825 \uc608\ubc29 \uc804\ub7b5\uc744 \uc804\ubb38\uc73c\ub85c \ud558\ub294 \uc138\ubc14\uc2a4\ud2f0\uc559 \ube0c\ub85c\uc1fc\uc785\ub2c8\ub2e4.","sameAs":["https:\/\/sebastienbrochot.com\/","https:\/\/www.instagram.com\/sebastien.brochot\/","https:\/\/www.linkedin.com\/in\/sebastienbrochot\/","https:\/\/x.com\/SBrochot","https:\/\/www.youtube.com\/@preventoriumfr"]}]}},"_links":{"self":[{"href":"https:\/\/monsieur-prevention.com\/ko\/wp-json\/wp\/v2\/product\/8705","targetHints":{"allow":["GET"]}}],"collection":[{"href":"https:\/\/monsieur-prevention.com\/ko\/wp-json\/wp\/v2\/product"}],"about":[{"href":"https:\/\/monsieur-prevention.com\/ko\/wp-json\/wp\/v2\/types\/product"}],"wp:featuredmedia":[{"embeddable":true,"href":"https:\/\/monsieur-prevention.com\/ko\/wp-json\/wp\/v2\/media\/8704"}],"wp:attachment":[{"href":"https:\/\/monsieur-prevention.com\/ko\/wp-json\/wp\/v2\/media?parent=8705"}],"wp:term":[{"taxonomy":"product_brand","embeddable":true,"href":"https:\/\/monsieur-prevention.com\/ko\/wp-json\/wp\/v2\/product_brand?post=8705"},{"taxonomy":"product_cat","embeddable":true,"href":"https:\/\/monsieur-prevention.com\/ko\/wp-json\/wp\/v2\/product_cat?post=8705"},{"taxonomy":"product_tag","embeddable":true,"href":"https:\/\/monsieur-prevention.com\/ko\/wp-json\/wp\/v2\/product_tag?post=8705"}],"curies":[{"name":"wp","href":"https:\/\/api.w.org\/{rel}","templated":true}]}}