{"id":8804,"date":"2026-02-10T19:37:34","date_gmt":"2026-02-10T19:37:34","guid":{"rendered":"https:\/\/monsieur-prevention.com\/product\/affiche-de-prevention-en-anglais-dans-un-cadre-en-bois-4-couleurs-2\/"},"modified":"2026-02-11T18:53:19","modified_gmt":"2026-02-11T18:53:19","slug":"%ec%98%81%ec%96%b4-%ec%98%88%eb%b0%a9-%ed%8f%ac%ec%8a%a4%ed%84%b0-%eb%82%98%eb%ac%b4-%ec%95%a1%ec%9e%90-4%ec%83%89-2%ea%b0%9c%ec%9e%85","status":"publish","type":"product","link":"https:\/\/monsieur-prevention.com\/ko\/product\/affiche-de-prevention-en-anglais-dans-un-cadre-en-bois-4-couleurs-2\/","title":{"rendered":"\uc601\uc5b4 \uc608\ubc29 \ud3ec\uc2a4\ud130 (\ub098\ubb34 \uc561\uc790, 4\uc0c9)"},"content":{"rendered":"<p>\uacac\uace0\ud558\uace0 \ub0b4\uad6c\uc131\uc774 \ub6f0\uc5b4\ub09c \uc561\uc790 \ud3ec\uc2a4\ud130\ub294 \ubc14\ub85c \uac78 \uc218 \uc788\ub3c4\ub85d \uc81c\uc791\ub418\uc5c8\uc2b5\ub2c8\ub2e4. \ud074\ub798\uc2dd\ud558\uace0 \uac00\ubcbc\uc6b0\uba70 \uc6b0\uc544\ud55c \ubc18\uad11\ud0dd \uc6a9\uc9c0\uc5d0 \uc778\uc1c4\ub41c \uace0\ud488\uc9c8 \uc544\ud2b8 \ud504\ub9b0\ud2b8\ub97c \uac10\uc0c1\ud558\uc138\uc694.<\/p>\n<\/p>\n<ul>\n<li>\ubcbd\uc5d0 \uc9c1\uc811 \uc124\uce58\ud560 \uc218 \uc788\ub3c4\ub85d \uace0\uc815 \ud0a4\ud2b8\uac00 \ud568\uaed8 \uc81c\uacf5\ub429\ub2c8\ub2e4.<\/li>\n<li>\ud504\ub808\uc784 \uc18c\uc7ac: \ub0b4\uad6c\uc131\uc774 \ub6f0\uc5b4\ub09c \uc18c\ub098\ubb34.<\/li>\n<li>\ud504\ub808\uc784 \uc0c9\uc0c1: \ube14\ub799, \ud654\uc774\ud2b8(\ub9e4\ub044\ub7ec\uc6b4 \ub9c8\uac10), \ucc9c\uc5f0 \ub098\ubb34, \ub2e4\ud06c \ube0c\ub77c\uc6b4(\ub098\ubb47\uacb0\uc774 \ub4dc\ub7ec\ub0a8).<\/li>\n<li>\ud504\ub808\uc784 \uaddc\uaca9: \ub450\uaed8 20~25mm(0.79~0.98\uc778\uce58), \ub108\ube44 10~14mm(0.4~0.6\uc778\uce58).<\/li>\n<li>\uc6a9\uc9c0 \ubb34\uac8c: 170g\/m\u00b2(65lb), \ub450\uaed8: 0.19mm(7.5mil).<\/li>\n<li>\uc6a9\uc9c0 \ub9c8\uac10: \ubc18\uad11\ud0dd\uc73c\ub85c, \uc740\uc740\ud55c \uad11\ud0dd\uc73c\ub85c \uc0c9\uac10\uc744 \ub354\uc6b1 \ub3cb\ubcf4\uc774\uac8c \ud569\ub2c8\ub2e4.<\/li>\n<li>\ubcf4\ud638: \uae68\uc9c0\uc9c0 \uc54a\ub294 \ud50c\ub809\uc2dc\uae00\ub77c\uc2a4\ub85c \ud3ec\uc2a4\ud130\ub97c \ubcf4\ud638\ud569\ub2c8\ub2e4.<\/li>\n<li>\uc9c0\uc18d\uac00\ub2a5\ud55c \uc885\uc774: FSC \uc778\uc99d \uc7ac\ub8cc \ub610\ub294 \uadf8\uc5d0 \uc0c1\uc751\ud558\ub294 \uc7ac\ub8cc \uc0ac\uc6a9.<\/li>\n<\/ul>\n<p>\ucd5c\uc18c \uc8fc\ubb38 \uc218\ub7c9 \uc5c6\uc74c. \uc8fc\ubb38 \uc989\uc2dc \uc778\uc1c4 \ubc0f \ubc30\uc1a1.<\/p>","protected":false},"excerpt":{"rendered":"<p>Nos affiches encadr\u00e9es en bois, solides et durables, sont pr\u00eates \u00e0 \u00eatre accroch\u00e9es. Profitez d\u2019impressions artistiques de haute qualit\u00e9 sur un papier semi-brillant classique, [&hellip;]<\/p>\n","protected":false},"featured_media":8823,"template":"","meta":{"_acf_changed":false},"product_brand":[],"product_cat":[436],"product_tag":[],"class_list":{"0":"post-8804","1":"product","2":"type-product","3":"status-publish","4":"has-post-thumbnail","6":"product_cat-posters","8":"first","9":"instock","10":"shipping-taxable","11":"purchasable","12":"product-type-variable"},"acf":[],"yoast_head":"<!-- This site is optimized with the Yoast SEO plugin v27.6 - https:\/\/yoast.com\/product\/yoast-seo-wordpress\/ -->\n<title>Affiche de pr\u00e9vention en anglais dans un cadre en bois (4 couleurs) - Monsieur Pr\u00e9vention<\/title>\n<meta name=\"robots\" content=\"index, follow, max-snippet:-1, max-image-preview:large, max-video-preview:-1\" \/>\n<link rel=\"canonical\" href=\"https:\/\/monsieur-prevention.com\/ko\/\uc81c\ud488\/\uc601\uc5b4-\uc608\ubc29-\ud3ec\uc2a4\ud130-\ub098\ubb34-\uc561\uc790-4\uc0c9-2\uac1c\uc785\/\" \/>\n<meta property=\"og:locale\" content=\"ko_KR\" \/>\n<meta property=\"og:type\" content=\"article\" \/>\n<meta property=\"og:title\" content=\"Affiche de pr\u00e9vention en anglais dans un cadre en bois (4 couleurs) - Monsieur Pr\u00e9vention\" \/>\n<meta property=\"og:description\" content=\"Nos affiches encadr\u00e9es en bois, solides et durables, sont pr\u00eates \u00e0 \u00eatre accroch\u00e9es. Profitez d\u2019impressions artistiques de haute qualit\u00e9 sur un papier semi-brillant classique, [&hellip;]\" \/>\n<meta property=\"og:url\" content=\"https:\/\/monsieur-prevention.com\/ko\/\uc81c\ud488\/\uc601\uc5b4-\uc608\ubc29-\ud3ec\uc2a4\ud130-\ub098\ubb34-\uc561\uc790-4\uc0c9-2\uac1c\uc785\/\" \/>\n<meta property=\"og:site_name\" content=\"Monsieur Pr\u00e9vention\" \/>\n<meta property=\"article:modified_time\" content=\"2026-02-11T18:53:19+00:00\" \/>\n<meta property=\"og:image\" content=\"https:\/\/monsieur-prevention.com\/wp-content\/uploads\/2026\/02\/5051d28f-dcc5-404d-bac7-d9cf1e66fd8b.jpg\" \/>\n\t<meta property=\"og:image:width\" content=\"2048\" \/>\n\t<meta property=\"og:image:height\" content=\"2048\" \/>\n\t<meta property=\"og:image:type\" content=\"image\/jpeg\" \/>\n<meta name=\"twitter:card\" content=\"summary_large_image\" \/>\n<meta name=\"twitter:site\" content=\"@SBrochot\" \/>\n<meta name=\"twitter:label1\" content=\"\uc608\uc0c1 \ub418\ub294 \ud310\ub3c5 \uc2dc\uac04\" \/>\n\t<meta name=\"twitter:data1\" content=\"1\ubd84\" \/>\n<script type=\"application\/ld+json\" class=\"yoast-schema-graph\">{\"@context\":\"https:\\\/\\\/schema.org\",\"@graph\":[{\"@type\":\"WebPage\",\"@id\":\"https:\\\/\\\/monsieur-prevention.com\\\/product\\\/affiche-de-prevention-en-anglais-dans-un-cadre-en-bois-4-couleurs-2\\\/\",\"url\":\"https:\\\/\\\/monsieur-prevention.com\\\/product\\\/affiche-de-prevention-en-anglais-dans-un-cadre-en-bois-4-couleurs-2\\\/\",\"name\":\"Affiche de pr\u00e9vention en anglais dans un cadre en bois (4 couleurs) - Monsieur Pr\u00e9vention\",\"isPartOf\":{\"@id\":\"https:\\\/\\\/monsieur-prevention.com\\\/#website\"},\"primaryImageOfPage\":{\"@id\":\"https:\\\/\\\/monsieur-prevention.com\\\/product\\\/affiche-de-prevention-en-anglais-dans-un-cadre-en-bois-4-couleurs-2\\\/#primaryimage\"},\"image\":{\"@id\":\"https:\\\/\\\/monsieur-prevention.com\\\/product\\\/affiche-de-prevention-en-anglais-dans-un-cadre-en-bois-4-couleurs-2\\\/#primaryimage\"},\"thumbnailUrl\":\"https:\\\/\\\/monsieur-prevention.com\\\/wp-content\\\/uploads\\\/2026\\\/02\\\/5051d28f-dcc5-404d-bac7-d9cf1e66fd8b.jpg\",\"datePublished\":\"2026-02-10T19:37:34+00:00\",\"dateModified\":\"2026-02-11T18:53:19+00:00\",\"breadcrumb\":{\"@id\":\"https:\\\/\\\/monsieur-prevention.com\\\/product\\\/affiche-de-prevention-en-anglais-dans-un-cadre-en-bois-4-couleurs-2\\\/#breadcrumb\"},\"inLanguage\":\"ko-KR\",\"potentialAction\":[{\"@type\":\"ReadAction\",\"target\":[\"https:\\\/\\\/monsieur-prevention.com\\\/product\\\/affiche-de-prevention-en-anglais-dans-un-cadre-en-bois-4-couleurs-2\\\/\"]}]},{\"@type\":\"ImageObject\",\"inLanguage\":\"ko-KR\",\"@id\":\"https:\\\/\\\/monsieur-prevention.com\\\/product\\\/affiche-de-prevention-en-anglais-dans-un-cadre-en-bois-4-couleurs-2\\\/#primaryimage\",\"url\":\"https:\\\/\\\/monsieur-prevention.com\\\/wp-content\\\/uploads\\\/2026\\\/02\\\/5051d28f-dcc5-404d-bac7-d9cf1e66fd8b.jpg\",\"contentUrl\":\"https:\\\/\\\/monsieur-prevention.com\\\/wp-content\\\/uploads\\\/2026\\\/02\\\/5051d28f-dcc5-404d-bac7-d9cf1e66fd8b.jpg\",\"width\":2048,\"height\":2048,\"caption\":\"5051d28f-dcc5-404d-bac7-d9cf1e66fd8b\"},{\"@type\":\"BreadcrumbList\",\"@id\":\"https:\\\/\\\/monsieur-prevention.com\\\/product\\\/affiche-de-prevention-en-anglais-dans-un-cadre-en-bois-4-couleurs-2\\\/#breadcrumb\",\"itemListElement\":[{\"@type\":\"ListItem\",\"position\":1,\"name\":\"Home\",\"item\":\"https:\\\/\\\/monsieur-prevention.com\\\/\"},{\"@type\":\"ListItem\",\"position\":2,\"name\":\"Boutique\",\"item\":\"https:\\\/\\\/monsieur-prevention.com\\\/boutique\\\/\"},{\"@type\":\"ListItem\",\"position\":3,\"name\":\"Affiche de pr\u00e9vention en anglais dans un cadre en bois (4 couleurs)\"}]},{\"@type\":\"WebSite\",\"@id\":\"https:\\\/\\\/monsieur-prevention.com\\\/#website\",\"url\":\"https:\\\/\\\/monsieur-prevention.com\\\/\",\"name\":\"Monsieur Pr\u00e9vention \u2013 S\u00e9bastien Brochot\",\"description\":\"Des r\u00e9ponses concr\u00e8tes aux enjeux de la pr\u00e9vention des violences\",\"publisher\":{\"@id\":\"https:\\\/\\\/monsieur-prevention.com\\\/#\\\/schema\\\/person\\\/a98adec1ea87e537031f136cbe7ad955\"},\"alternateName\":\"Sebastien Brochot\",\"potentialAction\":[{\"@type\":\"SearchAction\",\"target\":{\"@type\":\"EntryPoint\",\"urlTemplate\":\"https:\\\/\\\/monsieur-prevention.com\\\/?s={search_term_string}\"},\"query-input\":{\"@type\":\"PropertyValueSpecification\",\"valueRequired\":true,\"valueName\":\"search_term_string\"}}],\"inLanguage\":\"ko-KR\"},{\"@type\":[\"Person\",\"Organization\"],\"@id\":\"https:\\\/\\\/monsieur-prevention.com\\\/#\\\/schema\\\/person\\\/a98adec1ea87e537031f136cbe7ad955\",\"name\":\"S\u00e9bastien Brochot\",\"image\":{\"@type\":\"ImageObject\",\"inLanguage\":\"ko-KR\",\"@id\":\"https:\\\/\\\/monsieur-prevention.com\\\/wp-content\\\/uploads\\\/2026\\\/01\\\/favicon.jpg\",\"url\":\"https:\\\/\\\/monsieur-prevention.com\\\/wp-content\\\/uploads\\\/2026\\\/01\\\/favicon.jpg\",\"contentUrl\":\"https:\\\/\\\/monsieur-prevention.com\\\/wp-content\\\/uploads\\\/2026\\\/01\\\/favicon.jpg\",\"width\":1024,\"height\":1024,\"caption\":\"S\u00e9bastien Brochot\"},\"logo\":{\"@id\":\"https:\\\/\\\/monsieur-prevention.com\\\/wp-content\\\/uploads\\\/2026\\\/01\\\/favicon.jpg\"},\"description\":\"Je m'appelle S\u00e9bastien Brochot, je suis sp\u00e9cialiste en strat\u00e9gies de pr\u00e9vention des violences.\",\"sameAs\":[\"https:\\\/\\\/sebastienbrochot.com\\\/\",\"https:\\\/\\\/www.instagram.com\\\/sebastien.brochot\\\/\",\"https:\\\/\\\/www.linkedin.com\\\/in\\\/sebastienbrochot\\\/\",\"https:\\\/\\\/x.com\\\/SBrochot\",\"https:\\\/\\\/www.youtube.com\\\/@preventoriumfr\"]}]}<\/script>\n<!-- \/ Yoast SEO plugin. -->","yoast_head_json":{"title":"\uc601\uc5b4 \uc608\ubc29 \ud3ec\uc2a4\ud130 (4\uc0c9) - \ub098\ubb34 \uc561\uc790 \ud3ec\ud568","robots":{"index":"index","follow":"follow","max-snippet":"max-snippet:-1","max-image-preview":"max-image-preview:large","max-video-preview":"max-video-preview:-1"},"canonical":"https:\/\/monsieur-prevention.com\/ko\/\uc81c\ud488\/\uc601\uc5b4-\uc608\ubc29-\ud3ec\uc2a4\ud130-\ub098\ubb34-\uc561\uc790-4\uc0c9-2\uac1c\uc785\/","og_locale":"ko_KR","og_type":"article","og_title":"Affiche de pr\u00e9vention en anglais dans un cadre en bois (4 couleurs) - Monsieur Pr\u00e9vention","og_description":"Nos affiches encadr\u00e9es en bois, solides et durables, sont pr\u00eates \u00e0 \u00eatre accroch\u00e9es. Profitez d\u2019impressions artistiques de haute qualit\u00e9 sur un papier semi-brillant classique, [&hellip;]","og_url":"https:\/\/monsieur-prevention.com\/ko\/\uc81c\ud488\/\uc601\uc5b4-\uc608\ubc29-\ud3ec\uc2a4\ud130-\ub098\ubb34-\uc561\uc790-4\uc0c9-2\uac1c\uc785\/","og_site_name":"Monsieur Pr\u00e9vention","article_modified_time":"2026-02-11T18:53:19+00:00","og_image":[{"width":2048,"height":2048,"url":"https:\/\/monsieur-prevention.com\/wp-content\/uploads\/2026\/02\/5051d28f-dcc5-404d-bac7-d9cf1e66fd8b.jpg","type":"image\/jpeg"}],"twitter_card":"summary_large_image","twitter_site":"@SBrochot","twitter_misc":{"\uc608\uc0c1 \ub418\ub294 \ud310\ub3c5 \uc2dc\uac04":"1\ubd84"},"schema":{"@context":"https:\/\/schema.org","@graph":[{"@type":"WebPage","@id":"https:\/\/monsieur-prevention.com\/product\/affiche-de-prevention-en-anglais-dans-un-cadre-en-bois-4-couleurs-2\/","url":"https:\/\/monsieur-prevention.com\/product\/affiche-de-prevention-en-anglais-dans-un-cadre-en-bois-4-couleurs-2\/","name":"\uc601\uc5b4 \uc608\ubc29 \ud3ec\uc2a4\ud130 (4\uc0c9) - \ub098\ubb34 \uc561\uc790 \ud3ec\ud568","isPartOf":{"@id":"https:\/\/monsieur-prevention.com\/#website"},"primaryImageOfPage":{"@id":"https:\/\/monsieur-prevention.com\/product\/affiche-de-prevention-en-anglais-dans-un-cadre-en-bois-4-couleurs-2\/#primaryimage"},"image":{"@id":"https:\/\/monsieur-prevention.com\/product\/affiche-de-prevention-en-anglais-dans-un-cadre-en-bois-4-couleurs-2\/#primaryimage"},"thumbnailUrl":"https:\/\/monsieur-prevention.com\/wp-content\/uploads\/2026\/02\/5051d28f-dcc5-404d-bac7-d9cf1e66fd8b.jpg","datePublished":"2026-02-10T19:37:34+00:00","dateModified":"2026-02-11T18:53:19+00:00","breadcrumb":{"@id":"https:\/\/monsieur-prevention.com\/product\/affiche-de-prevention-en-anglais-dans-un-cadre-en-bois-4-couleurs-2\/#breadcrumb"},"inLanguage":"ko-KR","potentialAction":[{"@type":"ReadAction","target":["https:\/\/monsieur-prevention.com\/product\/affiche-de-prevention-en-anglais-dans-un-cadre-en-bois-4-couleurs-2\/"]}]},{"@type":"ImageObject","inLanguage":"ko-KR","@id":"https:\/\/monsieur-prevention.com\/product\/affiche-de-prevention-en-anglais-dans-un-cadre-en-bois-4-couleurs-2\/#primaryimage","url":"https:\/\/monsieur-prevention.com\/wp-content\/uploads\/2026\/02\/5051d28f-dcc5-404d-bac7-d9cf1e66fd8b.jpg","contentUrl":"https:\/\/monsieur-prevention.com\/wp-content\/uploads\/2026\/02\/5051d28f-dcc5-404d-bac7-d9cf1e66fd8b.jpg","width":2048,"height":2048,"caption":"5051d28f-dcc5-404d-bac7-d9cf1e66fd8b"},{"@type":"BreadcrumbList","@id":"https:\/\/monsieur-prevention.com\/product\/affiche-de-prevention-en-anglais-dans-un-cadre-en-bois-4-couleurs-2\/#breadcrumb","itemListElement":[{"@type":"ListItem","position":1,"name":"Home","item":"https:\/\/monsieur-prevention.com\/"},{"@type":"ListItem","position":2,"name":"Boutique","item":"https:\/\/monsieur-prevention.com\/boutique\/"},{"@type":"ListItem","position":3,"name":"Affiche de pr\u00e9vention en anglais dans un cadre en bois (4 couleurs)"}]},{"@type":"WebSite","@id":"https:\/\/monsieur-prevention.com\/#website","url":"https:\/\/monsieur-prevention.com\/","name":"\ubbf8\uc2a4\ud130 \ud504\ub9ac\ubca4\uc158 - \uc138\ubc14\uc2a4\ud2f0\uc559 \ube0c\ub85c\uc1fc","description":"\ud3ed\ub825 \uc608\ubc29 \uacfc\uc81c\uc5d0 \ub300\ud55c \uc2e4\uc9c8\uc801\uc778 \ub300\uc751 \ubc29\uc548","publisher":{"@id":"https:\/\/monsieur-prevention.com\/#\/schema\/person\/a98adec1ea87e537031f136cbe7ad955"},"alternateName":"Sebastien Brochot","potentialAction":[{"@type":"SearchAction","target":{"@type":"EntryPoint","urlTemplate":"https:\/\/monsieur-prevention.com\/?s={search_term_string}"},"query-input":{"@type":"PropertyValueSpecification","valueRequired":true,"valueName":"search_term_string"}}],"inLanguage":"ko-KR"},{"@type":["Person","Organization"],"@id":"https:\/\/monsieur-prevention.com\/#\/schema\/person\/a98adec1ea87e537031f136cbe7ad955","name":"\uc138\ubc14\uc2a4\ud2f0\uc559 \ube0c\ub85c\uc1fc","image":{"@type":"ImageObject","inLanguage":"ko-KR","@id":"https:\/\/monsieur-prevention.com\/wp-content\/uploads\/2026\/01\/favicon.jpg","url":"https:\/\/monsieur-prevention.com\/wp-content\/uploads\/2026\/01\/favicon.jpg","contentUrl":"https:\/\/monsieur-prevention.com\/wp-content\/uploads\/2026\/01\/favicon.jpg","width":1024,"height":1024,"caption":"S\u00e9bastien Brochot"},"logo":{"@id":"https:\/\/monsieur-prevention.com\/wp-content\/uploads\/2026\/01\/favicon.jpg"},"description":"\uc800\ub294 \ud3ed\ub825 \uc608\ubc29 \uc804\ub7b5\uc744 \uc804\ubb38\uc73c\ub85c \ud558\ub294 \uc138\ubc14\uc2a4\ud2f0\uc559 \ube0c\ub85c\uc1fc\uc785\ub2c8\ub2e4.","sameAs":["https:\/\/sebastienbrochot.com\/","https:\/\/www.instagram.com\/sebastien.brochot\/","https:\/\/www.linkedin.com\/in\/sebastienbrochot\/","https:\/\/x.com\/SBrochot","https:\/\/www.youtube.com\/@preventoriumfr"]}]}},"_links":{"self":[{"href":"https:\/\/monsieur-prevention.com\/ko\/wp-json\/wp\/v2\/product\/8804","targetHints":{"allow":["GET"]}}],"collection":[{"href":"https:\/\/monsieur-prevention.com\/ko\/wp-json\/wp\/v2\/product"}],"about":[{"href":"https:\/\/monsieur-prevention.com\/ko\/wp-json\/wp\/v2\/types\/product"}],"wp:featuredmedia":[{"embeddable":true,"href":"https:\/\/monsieur-prevention.com\/ko\/wp-json\/wp\/v2\/media\/8823"}],"wp:attachment":[{"href":"https:\/\/monsieur-prevention.com\/ko\/wp-json\/wp\/v2\/media?parent=8804"}],"wp:term":[{"taxonomy":"product_brand","embeddable":true,"href":"https:\/\/monsieur-prevention.com\/ko\/wp-json\/wp\/v2\/product_brand?post=8804"},{"taxonomy":"product_cat","embeddable":true,"href":"https:\/\/monsieur-prevention.com\/ko\/wp-json\/wp\/v2\/product_cat?post=8804"},{"taxonomy":"product_tag","embeddable":true,"href":"https:\/\/monsieur-prevention.com\/ko\/wp-json\/wp\/v2\/product_tag?post=8804"}],"curies":[{"name":"wp","href":"https:\/\/api.w.org\/{rel}","templated":true}]}}