{"id":8700,"date":"2026-01-20T18:21:10","date_gmt":"2026-01-20T18:21:10","guid":{"rendered":"https:\/\/monsieur-prevention.com\/product\/mug-de-voyage-isotherme-monsieur-prevention-en-acier-inoxydable-blanc-45-cl-15-oz\/"},"modified":"2026-01-20T18:21:10","modified_gmt":"2026-01-20T18:21:10","slug":"%d1%82%d0%b5%d1%80%d0%bc%d0%be%d0%ba%d1%80%d1%83%d0%b6%d0%ba%d0%b0-monsieur-prevention-%d0%b8%d0%b7-%d0%b1%d0%b5%d0%bb%d0%be%d0%b9-%d0%bd%d0%b5%d1%80%d0%b6%d0%b0%d0%b2%d0%b5%d1%8e%d1%89%d0%b5%d0%b9","status":"publish","type":"product","link":"https:\/\/monsieur-prevention.com\/ru\/product\/mug-de-voyage-isotherme-monsieur-prevention-en-acier-inoxydable-blanc-45-cl-15-oz\/","title":{"rendered":"\u0422\u0435\u0440\u043c\u043e\u043a\u0440\u0443\u0436\u043a\u0430 &quot;Monsieur PREVENTION&quot; \u0438\u0437 \u0431\u0435\u043b\u043e\u0439 \u043d\u0435\u0440\u0436\u0430\u0432\u0435\u044e\u0449\u0435\u0439 \u0441\u0442\u0430\u043b\u0438 \u2013 45 cl (15 \u0443\u043d\u0446\u0438\u0439)"},"content":{"rendered":"<p>\u042d\u0442\u0430 \u0442\u0435\u0440\u043c\u043e\u043a\u0440\u0443\u0436\u043a\u0430 \u0438\u0437 \u043d\u0435\u0440\u0436\u0430\u0432\u0435\u044e\u0449\u0435\u0439 \u0441\u0442\u0430\u043b\u0438 \u043e\u0431\u044a\u0435\u043c\u043e\u043c 45 \u043c\u043b (15 \u0443\u043d\u0446\u0438\u0439) \u0441\u043e\u0445\u0440\u0430\u043d\u044f\u0435\u0442 \u0432\u0430\u0448\u0438 \u043d\u0430\u043f\u0438\u0442\u043a\u0438 \u043f\u0440\u0438 \u043d\u0443\u0436\u043d\u043e\u0439 \u0442\u0435\u043c\u043f\u0435\u0440\u0430\u0442\u0443\u0440\u0435 \u0432 \u0442\u0435\u0447\u0435\u043d\u0438\u0435 \u043d\u0435\u0441\u043a\u043e\u043b\u044c\u043a\u0438\u0445 \u0447\u0430\u0441\u043e\u0432. \u0413\u0435\u0440\u043c\u0435\u0442\u0438\u0447\u043d\u0430\u044f \u043a\u0440\u044b\u0448\u043a\u0430 \u043f\u0440\u0435\u0434\u043e\u0442\u0432\u0440\u0430\u0449\u0430\u0435\u0442 \u043f\u0440\u043e\u043b\u0438\u0432\u0430\u043d\u0438\u0435, \u0433\u0434\u0435 \u0431\u044b \u0432\u044b \u0435\u0435 \u043d\u0438 \u0432\u0437\u044f\u043b\u0438.<\/p>\n<ul>\n<li><span>\u0412\u044b\u0441\u043e\u0442\u0430: 180 \u043c\u043c (7,08 \u0434\u044e\u0439\u043c\u0430) \u0441 \u043a\u0440\u044b\u0448\u043a\u043e\u0439, 160 \u043c\u043c (6,29 \u0434\u044e\u0439\u043c\u0430) \u0431\u0435\u0437 \u043a\u0440\u044b\u0448\u043a\u0438.<\/span><\/li>\n<li><span>\u0414\u0438\u0430\u043c\u0435\u0442\u0440 \u043e\u0441\u043d\u043e\u0432\u0430\u043d\u0438\u044f: 61 \u043c\u043c (2,4 \u0434\u044e\u0439\u043c\u0430).\u00a0<\/span><span>\u0414\u0438\u0430\u043c\u0435\u0442\u0440 \u0432\u0435\u0440\u0445\u043d\u0435\u0439 \u0447\u0430\u0441\u0442\u0438: 84 \u043c\u043c (3,3 \u0434\u044e\u0439\u043c\u0430).<\/span><\/li>\n<\/ul>","protected":false},"excerpt":{"rendered":"<p>Ce mug de voyage isotherme en acier inoxydable de 45 cl (15 oz) maintient tes boissons \u00e0 la temp\u00e9rature souhait\u00e9e pendant des heures. Son [&hellip;]<\/p>\n","protected":false},"featured_media":8699,"template":"","meta":{"_acf_changed":false},"product_brand":[],"product_cat":[255],"product_tag":[],"class_list":{"0":"post-8700","1":"product","2":"type-product","3":"status-publish","4":"has-post-thumbnail","6":"product_cat-goodies","8":"first","9":"instock","10":"shipping-taxable","11":"purchasable","12":"product-type-simple"},"acf":[],"yoast_head":"<!-- This site is optimized with the Yoast SEO plugin v27.6 - https:\/\/yoast.com\/product\/yoast-seo-wordpress\/ -->\n<title>Mug de voyage isotherme &quot;Monsieur PREVENTION&quot; en acier inoxydable blanc \u2013 45 cl (15 oz) - Monsieur Pr\u00e9vention<\/title>\n<meta name=\"robots\" content=\"index, follow, max-snippet:-1, max-image-preview:large, max-video-preview:-1\" \/>\n<link rel=\"canonical\" href=\"https:\/\/monsieur-prevention.com\/ru\/\u043f\u0440\u043e\u0434\u0443\u043a\u0442\/\u0442\u0435\u0440\u043c\u043e\u043a\u0440\u0443\u0436\u043a\u0430-monsieur-prevention-\u0438\u0437-\u0431\u0435\u043b\u043e\u0439-\u043d\u0435\u0440\u0436\u0430\u0432\u0435\u044e\u0449\u0435\u0439\/\" \/>\n<meta property=\"og:locale\" content=\"ru_RU\" \/>\n<meta property=\"og:type\" content=\"article\" \/>\n<meta property=\"og:title\" content=\"Mug de voyage isotherme &quot;Monsieur PREVENTION&quot; en acier inoxydable blanc \u2013 45 cl (15 oz) - Monsieur Pr\u00e9vention\" \/>\n<meta property=\"og:description\" content=\"Ce mug de voyage isotherme en acier inoxydable de 45 cl (15 oz) maintient tes boissons \u00e0 la temp\u00e9rature souhait\u00e9e pendant des heures. Son [&hellip;]\" \/>\n<meta property=\"og:url\" content=\"https:\/\/monsieur-prevention.com\/ru\/\u043f\u0440\u043e\u0434\u0443\u043a\u0442\/\u0442\u0435\u0440\u043c\u043e\u043a\u0440\u0443\u0436\u043a\u0430-monsieur-prevention-\u0438\u0437-\u0431\u0435\u043b\u043e\u0439-\u043d\u0435\u0440\u0436\u0430\u0432\u0435\u044e\u0449\u0435\u0439\/\" \/>\n<meta property=\"og:site_name\" content=\"Monsieur Pr\u00e9vention\" \/>\n<meta property=\"og:image\" content=\"https:\/\/monsieur-prevention.com\/wp-content\/uploads\/2026\/01\/1200.png\" \/>\n\t<meta property=\"og:image:width\" content=\"1200\" \/>\n\t<meta property=\"og:image:height\" content=\"800\" \/>\n\t<meta property=\"og:image:type\" content=\"image\/png\" \/>\n<meta name=\"twitter:card\" content=\"summary_large_image\" \/>\n<meta name=\"twitter:site\" content=\"@SBrochot\" \/>\n<script type=\"application\/ld+json\" class=\"yoast-schema-graph\">{\"@context\":\"https:\\\/\\\/schema.org\",\"@graph\":[{\"@type\":\"WebPage\",\"@id\":\"https:\\\/\\\/monsieur-prevention.com\\\/product\\\/mug-de-voyage-isotherme-monsieur-prevention-en-acier-inoxydable-blanc-45-cl-15-oz\\\/\",\"url\":\"https:\\\/\\\/monsieur-prevention.com\\\/product\\\/mug-de-voyage-isotherme-monsieur-prevention-en-acier-inoxydable-blanc-45-cl-15-oz\\\/\",\"name\":\"Mug de voyage isotherme \\\"Monsieur PREVENTION\\\" en acier inoxydable blanc \u2013 45 cl (15 oz) - Monsieur Pr\u00e9vention\",\"isPartOf\":{\"@id\":\"https:\\\/\\\/monsieur-prevention.com\\\/#website\"},\"primaryImageOfPage\":{\"@id\":\"https:\\\/\\\/monsieur-prevention.com\\\/product\\\/mug-de-voyage-isotherme-monsieur-prevention-en-acier-inoxydable-blanc-45-cl-15-oz\\\/#primaryimage\"},\"image\":{\"@id\":\"https:\\\/\\\/monsieur-prevention.com\\\/product\\\/mug-de-voyage-isotherme-monsieur-prevention-en-acier-inoxydable-blanc-45-cl-15-oz\\\/#primaryimage\"},\"thumbnailUrl\":\"https:\\\/\\\/monsieur-prevention.com\\\/wp-content\\\/uploads\\\/2026\\\/01\\\/88211a17-3384-4ffb-bf63-9c8c41722c75.jpg\",\"datePublished\":\"2026-01-20T18:21:10+00:00\",\"breadcrumb\":{\"@id\":\"https:\\\/\\\/monsieur-prevention.com\\\/product\\\/mug-de-voyage-isotherme-monsieur-prevention-en-acier-inoxydable-blanc-45-cl-15-oz\\\/#breadcrumb\"},\"inLanguage\":\"ru-RU\",\"potentialAction\":[{\"@type\":\"ReadAction\",\"target\":[\"https:\\\/\\\/monsieur-prevention.com\\\/product\\\/mug-de-voyage-isotherme-monsieur-prevention-en-acier-inoxydable-blanc-45-cl-15-oz\\\/\"]}]},{\"@type\":\"ImageObject\",\"inLanguage\":\"ru-RU\",\"@id\":\"https:\\\/\\\/monsieur-prevention.com\\\/product\\\/mug-de-voyage-isotherme-monsieur-prevention-en-acier-inoxydable-blanc-45-cl-15-oz\\\/#primaryimage\",\"url\":\"https:\\\/\\\/monsieur-prevention.com\\\/wp-content\\\/uploads\\\/2026\\\/01\\\/88211a17-3384-4ffb-bf63-9c8c41722c75.jpg\",\"contentUrl\":\"https:\\\/\\\/monsieur-prevention.com\\\/wp-content\\\/uploads\\\/2026\\\/01\\\/88211a17-3384-4ffb-bf63-9c8c41722c75.jpg\",\"width\":2048,\"height\":2048},{\"@type\":\"BreadcrumbList\",\"@id\":\"https:\\\/\\\/monsieur-prevention.com\\\/product\\\/mug-de-voyage-isotherme-monsieur-prevention-en-acier-inoxydable-blanc-45-cl-15-oz\\\/#breadcrumb\",\"itemListElement\":[{\"@type\":\"ListItem\",\"position\":1,\"name\":\"Home\",\"item\":\"https:\\\/\\\/monsieur-prevention.com\\\/\"},{\"@type\":\"ListItem\",\"position\":2,\"name\":\"Boutique\",\"item\":\"https:\\\/\\\/monsieur-prevention.com\\\/boutique\\\/\"},{\"@type\":\"ListItem\",\"position\":3,\"name\":\"Mug de voyage isotherme \u00ab\u00a0Monsieur PREVENTION\u00a0\u00bb en acier inoxydable blanc \u2013 45 cl (15 oz)\"}]},{\"@type\":\"WebSite\",\"@id\":\"https:\\\/\\\/monsieur-prevention.com\\\/#website\",\"url\":\"https:\\\/\\\/monsieur-prevention.com\\\/\",\"name\":\"Monsieur Pr\u00e9vention \u2013 S\u00e9bastien Brochot\",\"description\":\"Des r\u00e9ponses concr\u00e8tes aux enjeux de la pr\u00e9vention des violences\",\"publisher\":{\"@id\":\"https:\\\/\\\/monsieur-prevention.com\\\/#\\\/schema\\\/person\\\/a98adec1ea87e537031f136cbe7ad955\"},\"alternateName\":\"Sebastien Brochot\",\"potentialAction\":[{\"@type\":\"SearchAction\",\"target\":{\"@type\":\"EntryPoint\",\"urlTemplate\":\"https:\\\/\\\/monsieur-prevention.com\\\/?s={search_term_string}\"},\"query-input\":{\"@type\":\"PropertyValueSpecification\",\"valueRequired\":true,\"valueName\":\"search_term_string\"}}],\"inLanguage\":\"ru-RU\"},{\"@type\":[\"Person\",\"Organization\"],\"@id\":\"https:\\\/\\\/monsieur-prevention.com\\\/#\\\/schema\\\/person\\\/a98adec1ea87e537031f136cbe7ad955\",\"name\":\"S\u00e9bastien Brochot\",\"image\":{\"@type\":\"ImageObject\",\"inLanguage\":\"ru-RU\",\"@id\":\"https:\\\/\\\/monsieur-prevention.com\\\/wp-content\\\/uploads\\\/2026\\\/01\\\/favicon.jpg\",\"url\":\"https:\\\/\\\/monsieur-prevention.com\\\/wp-content\\\/uploads\\\/2026\\\/01\\\/favicon.jpg\",\"contentUrl\":\"https:\\\/\\\/monsieur-prevention.com\\\/wp-content\\\/uploads\\\/2026\\\/01\\\/favicon.jpg\",\"width\":1024,\"height\":1024,\"caption\":\"S\u00e9bastien Brochot\"},\"logo\":{\"@id\":\"https:\\\/\\\/monsieur-prevention.com\\\/wp-content\\\/uploads\\\/2026\\\/01\\\/favicon.jpg\"},\"description\":\"Je m'appelle S\u00e9bastien Brochot, je suis sp\u00e9cialiste en strat\u00e9gies de pr\u00e9vention des violences.\",\"sameAs\":[\"https:\\\/\\\/sebastienbrochot.com\\\/\",\"https:\\\/\\\/www.instagram.com\\\/sebastien.brochot\\\/\",\"https:\\\/\\\/www.linkedin.com\\\/in\\\/sebastienbrochot\\\/\",\"https:\\\/\\\/x.com\\\/SBrochot\",\"https:\\\/\\\/www.youtube.com\\\/@preventoriumfr\"]}]}<\/script>\n<!-- \/ Yoast SEO plugin. -->","yoast_head_json":{"title":"\u0422\u0435\u0440\u043c\u043e\u043a\u0440\u0443\u0436\u043a\u0430 &quot;Monsieur PREVENTION&quot; \u0438\u0437 \u0431\u0435\u043b\u043e\u0439 \u043d\u0435\u0440\u0436\u0430\u0432\u0435\u044e\u0449\u0435\u0439 \u0441\u0442\u0430\u043b\u0438 \u2013 45 cl (15 oz) - Monsieur Pr\u00e9vention","robots":{"index":"index","follow":"follow","max-snippet":"max-snippet:-1","max-image-preview":"max-image-preview:large","max-video-preview":"max-video-preview:-1"},"canonical":"https:\/\/monsieur-prevention.com\/ru\/\u043f\u0440\u043e\u0434\u0443\u043a\u0442\/\u0442\u0435\u0440\u043c\u043e\u043a\u0440\u0443\u0436\u043a\u0430-monsieur-prevention-\u0438\u0437-\u0431\u0435\u043b\u043e\u0439-\u043d\u0435\u0440\u0436\u0430\u0432\u0435\u044e\u0449\u0435\u0439\/","og_locale":"ru_RU","og_type":"article","og_title":"Mug de voyage isotherme \"Monsieur PREVENTION\" en acier inoxydable blanc \u2013 45 cl (15 oz) - Monsieur Pr\u00e9vention","og_description":"Ce mug de voyage isotherme en acier inoxydable de 45 cl (15 oz) maintient tes boissons \u00e0 la temp\u00e9rature souhait\u00e9e pendant des heures. Son [&hellip;]","og_url":"https:\/\/monsieur-prevention.com\/ru\/\u043f\u0440\u043e\u0434\u0443\u043a\u0442\/\u0442\u0435\u0440\u043c\u043e\u043a\u0440\u0443\u0436\u043a\u0430-monsieur-prevention-\u0438\u0437-\u0431\u0435\u043b\u043e\u0439-\u043d\u0435\u0440\u0436\u0430\u0432\u0435\u044e\u0449\u0435\u0439\/","og_site_name":"Monsieur Pr\u00e9vention","og_image":[{"width":1200,"height":800,"url":"https:\/\/monsieur-prevention.com\/wp-content\/uploads\/2026\/01\/1200.png","type":"image\/png"}],"twitter_card":"summary_large_image","twitter_site":"@SBrochot","schema":{"@context":"https:\/\/schema.org","@graph":[{"@type":"WebPage","@id":"https:\/\/monsieur-prevention.com\/product\/mug-de-voyage-isotherme-monsieur-prevention-en-acier-inoxydable-blanc-45-cl-15-oz\/","url":"https:\/\/monsieur-prevention.com\/product\/mug-de-voyage-isotherme-monsieur-prevention-en-acier-inoxydable-blanc-45-cl-15-oz\/","name":"\u0422\u0435\u0440\u043c\u043e\u043a\u0440\u0443\u0436\u043a\u0430 &quot;Monsieur PREVENTION&quot; \u0438\u0437 \u0431\u0435\u043b\u043e\u0439 \u043d\u0435\u0440\u0436\u0430\u0432\u0435\u044e\u0449\u0435\u0439 \u0441\u0442\u0430\u043b\u0438 \u2013 45 cl (15 oz) - Monsieur Pr\u00e9vention","isPartOf":{"@id":"https:\/\/monsieur-prevention.com\/#website"},"primaryImageOfPage":{"@id":"https:\/\/monsieur-prevention.com\/product\/mug-de-voyage-isotherme-monsieur-prevention-en-acier-inoxydable-blanc-45-cl-15-oz\/#primaryimage"},"image":{"@id":"https:\/\/monsieur-prevention.com\/product\/mug-de-voyage-isotherme-monsieur-prevention-en-acier-inoxydable-blanc-45-cl-15-oz\/#primaryimage"},"thumbnailUrl":"https:\/\/monsieur-prevention.com\/wp-content\/uploads\/2026\/01\/88211a17-3384-4ffb-bf63-9c8c41722c75.jpg","datePublished":"2026-01-20T18:21:10+00:00","breadcrumb":{"@id":"https:\/\/monsieur-prevention.com\/product\/mug-de-voyage-isotherme-monsieur-prevention-en-acier-inoxydable-blanc-45-cl-15-oz\/#breadcrumb"},"inLanguage":"ru-RU","potentialAction":[{"@type":"ReadAction","target":["https:\/\/monsieur-prevention.com\/product\/mug-de-voyage-isotherme-monsieur-prevention-en-acier-inoxydable-blanc-45-cl-15-oz\/"]}]},{"@type":"ImageObject","inLanguage":"ru-RU","@id":"https:\/\/monsieur-prevention.com\/product\/mug-de-voyage-isotherme-monsieur-prevention-en-acier-inoxydable-blanc-45-cl-15-oz\/#primaryimage","url":"https:\/\/monsieur-prevention.com\/wp-content\/uploads\/2026\/01\/88211a17-3384-4ffb-bf63-9c8c41722c75.jpg","contentUrl":"https:\/\/monsieur-prevention.com\/wp-content\/uploads\/2026\/01\/88211a17-3384-4ffb-bf63-9c8c41722c75.jpg","width":2048,"height":2048},{"@type":"BreadcrumbList","@id":"https:\/\/monsieur-prevention.com\/product\/mug-de-voyage-isotherme-monsieur-prevention-en-acier-inoxydable-blanc-45-cl-15-oz\/#breadcrumb","itemListElement":[{"@type":"ListItem","position":1,"name":"Home","item":"https:\/\/monsieur-prevention.com\/"},{"@type":"ListItem","position":2,"name":"Boutique","item":"https:\/\/monsieur-prevention.com\/boutique\/"},{"@type":"ListItem","position":3,"name":"Mug de voyage isotherme \u00ab\u00a0Monsieur PREVENTION\u00a0\u00bb en acier inoxydable blanc \u2013 45 cl (15 oz)"}]},{"@type":"WebSite","@id":"https:\/\/monsieur-prevention.com\/#website","url":"https:\/\/monsieur-prevention.com\/","name":"\u041c\u0438\u0441\u0442\u0435\u0440 \u041f\u0440\u043e\u0444\u0438\u043b\u0430\u043a\u0442\u0438\u043a\u0430 - \u0421\u0435\u0431\u0430\u0441\u0442\u044c\u0435\u043d \u0411\u0440\u043e\u0448\u043e","description":"\u041f\u0440\u0430\u043a\u0442\u0438\u0447\u0435\u0441\u043a\u0438\u0435 \u043e\u0442\u0432\u0435\u0442\u044b \u043d\u0430 \u0432\u044b\u0437\u043e\u0432\u044b, \u0441\u0432\u044f\u0437\u0430\u043d\u043d\u044b\u0435 \u0441 \u043f\u0440\u0435\u0434\u043e\u0442\u0432\u0440\u0430\u0449\u0435\u043d\u0438\u0435\u043c \u043d\u0430\u0441\u0438\u043b\u0438\u044f","publisher":{"@id":"https:\/\/monsieur-prevention.com\/#\/schema\/person\/a98adec1ea87e537031f136cbe7ad955"},"alternateName":"Sebastien Brochot","potentialAction":[{"@type":"SearchAction","target":{"@type":"EntryPoint","urlTemplate":"https:\/\/monsieur-prevention.com\/?s={search_term_string}"},"query-input":{"@type":"PropertyValueSpecification","valueRequired":true,"valueName":"search_term_string"}}],"inLanguage":"ru-RU"},{"@type":["Person","Organization"],"@id":"https:\/\/monsieur-prevention.com\/#\/schema\/person\/a98adec1ea87e537031f136cbe7ad955","name":"\u0421\u0435\u0431\u0430\u0441\u0442\u044c\u0435\u043d \u0411\u0440\u043e\u0448\u043e","image":{"@type":"ImageObject","inLanguage":"ru-RU","@id":"https:\/\/monsieur-prevention.com\/wp-content\/uploads\/2026\/01\/favicon.jpg","url":"https:\/\/monsieur-prevention.com\/wp-content\/uploads\/2026\/01\/favicon.jpg","contentUrl":"https:\/\/monsieur-prevention.com\/wp-content\/uploads\/2026\/01\/favicon.jpg","width":1024,"height":1024,"caption":"S\u00e9bastien Brochot"},"logo":{"@id":"https:\/\/monsieur-prevention.com\/wp-content\/uploads\/2026\/01\/favicon.jpg"},"description":"\u041c\u0435\u043d\u044f \u0437\u043e\u0432\u0443\u0442 \u0421\u0435\u0431\u0430\u0441\u0442\u044c\u0435\u043d \u0411\u0440\u043e\u0448\u043e, \u0438 \u044f \u0441\u043f\u0435\u0446\u0438\u0430\u043b\u0438\u0437\u0438\u0440\u0443\u044e\u0441\u044c \u043d\u0430 \u0441\u0442\u0440\u0430\u0442\u0435\u0433\u0438\u044f\u0445 \u043f\u0440\u0435\u0434\u043e\u0442\u0432\u0440\u0430\u0449\u0435\u043d\u0438\u044f \u043d\u0430\u0441\u0438\u043b\u0438\u044f.","sameAs":["https:\/\/sebastienbrochot.com\/","https:\/\/www.instagram.com\/sebastien.brochot\/","https:\/\/www.linkedin.com\/in\/sebastienbrochot\/","https:\/\/x.com\/SBrochot","https:\/\/www.youtube.com\/@preventoriumfr"]}]}},"_links":{"self":[{"href":"https:\/\/monsieur-prevention.com\/ru\/wp-json\/wp\/v2\/product\/8700","targetHints":{"allow":["GET"]}}],"collection":[{"href":"https:\/\/monsieur-prevention.com\/ru\/wp-json\/wp\/v2\/product"}],"about":[{"href":"https:\/\/monsieur-prevention.com\/ru\/wp-json\/wp\/v2\/types\/product"}],"wp:featuredmedia":[{"embeddable":true,"href":"https:\/\/monsieur-prevention.com\/ru\/wp-json\/wp\/v2\/media\/8699"}],"wp:attachment":[{"href":"https:\/\/monsieur-prevention.com\/ru\/wp-json\/wp\/v2\/media?parent=8700"}],"wp:term":[{"taxonomy":"product_brand","embeddable":true,"href":"https:\/\/monsieur-prevention.com\/ru\/wp-json\/wp\/v2\/product_brand?post=8700"},{"taxonomy":"product_cat","embeddable":true,"href":"https:\/\/monsieur-prevention.com\/ru\/wp-json\/wp\/v2\/product_cat?post=8700"},{"taxonomy":"product_tag","embeddable":true,"href":"https:\/\/monsieur-prevention.com\/ru\/wp-json\/wp\/v2\/product_tag?post=8700"}],"curies":[{"name":"WP","href":"https:\/\/api.w.org\/{rel}","templated":true}]}}