{"id":8775,"date":"2026-02-10T19:39:22","date_gmt":"2026-02-10T19:39:22","guid":{"rendered":"https:\/\/monsieur-prevention.com\/product\/affiche-de-prevention-en-anglais-dans-un-cadre-en-bois-4-couleurs\/"},"modified":"2026-02-11T18:53:23","modified_gmt":"2026-02-11T18:53:23","slug":"%d0%bf%d1%80%d0%be%d1%84%d0%b8%d0%bb%d0%b0%d0%ba%d1%82%d0%b8%d1%87%d0%b5%d1%81%d0%ba%d0%b8%d0%b9-%d0%bf%d0%bb%d0%b0%d0%ba%d0%b0%d1%82-%d0%bd%d0%b0-%d0%b0%d0%bd%d0%b3%d0%bb%d0%b8%d0%b9%d1%81%d0%ba","status":"publish","type":"product","link":"https:\/\/monsieur-prevention.com\/ru\/product\/affiche-de-prevention-en-anglais-dans-un-cadre-en-bois-4-couleurs\/","title":{"rendered":"\u041f\u043b\u0430\u043a\u0430\u0442 \u0441 \u043f\u0440\u043e\u0444\u0438\u043b\u0430\u043a\u0442\u0438\u043a\u043e\u0439 \u043d\u0430 \u0430\u043d\u0433\u043b\u0438\u0439\u0441\u043a\u043e\u043c \u044f\u0437\u044b\u043a\u0435 \u0432 \u0434\u0435\u0440\u0435\u0432\u044f\u043d\u043d\u043e\u0439 \u0440\u0430\u043c\u043a\u0435 (4 \u0446\u0432\u0435\u0442\u0430)"},"content":{"rendered":"<p>\u041d\u0430\u0448\u0438 \u043f\u0440\u043e\u0447\u043d\u044b\u0435 \u0438 \u0434\u043e\u043b\u0433\u043e\u0432\u0435\u0447\u043d\u044b\u0435 \u043f\u043e\u0441\u0442\u0435\u0440\u044b \u0432 \u0440\u0430\u043c\u0430\u0445 \u0433\u043e\u0442\u043e\u0432\u044b \u043a \u0440\u0430\u0437\u0432\u0435\u0448\u0438\u0432\u0430\u043d\u0438\u044e. \u041d\u0430\u0441\u043b\u0430\u0436\u0434\u0430\u0439\u0442\u0435\u0441\u044c \u0432\u044b\u0441\u043e\u043a\u043e\u043a\u0430\u0447\u0435\u0441\u0442\u0432\u0435\u043d\u043d\u044b\u043c\u0438 \u0445\u0443\u0434\u043e\u0436\u0435\u0441\u0442\u0432\u0435\u043d\u043d\u044b\u043c\u0438 \u043f\u0440\u0438\u043d\u0442\u0430\u043c\u0438 \u043d\u0430 \u043a\u043b\u0430\u0441\u0441\u0438\u0447\u0435\u0441\u043a\u043e\u0439, \u043b\u0435\u0433\u043a\u043e\u0439 \u0438 \u044d\u043b\u0435\u0433\u0430\u043d\u0442\u043d\u043e\u0439 \u043f\u043e\u043b\u0443\u0433\u043b\u044f\u043d\u0446\u0435\u0432\u043e\u0439 \u0431\u0443\u043c\u0430\u0433\u0435.<\/p>\n<\/p>\n<ul>\n<li>\u0412 \u043a\u043e\u043c\u043f\u043b\u0435\u043a\u0442 \u0432\u0445\u043e\u0434\u0438\u0442 \u043a\u0440\u0435\u043f\u0435\u0436\u043d\u044b\u0439 \u043d\u0430\u0431\u043e\u0440 \u0434\u043b\u044f \u043d\u0435\u043f\u043e\u0441\u0440\u0435\u0434\u0441\u0442\u0432\u0435\u043d\u043d\u043e\u0433\u043e \u043c\u043e\u043d\u0442\u0430\u0436\u0430 \u043d\u0430 \u0441\u0442\u0435\u043d\u0443.<\/li>\n<li>\u041c\u0430\u0442\u0435\u0440\u0438\u0430\u043b \u0440\u0430\u043c\u044b: \u043f\u0440\u043e\u0447\u043d\u0430\u044f \u0441\u043e\u0441\u043d\u043e\u0432\u0430\u044f \u0434\u0440\u0435\u0432\u0435\u0441\u0438\u043d\u0430.<\/li>\n<li>\u0426\u0432\u0435\u0442\u0430 \u0440\u0430\u043c\u044b: \u0447\u0435\u0440\u043d\u044b\u0439, \u0431\u0435\u043b\u044b\u0439 (\u0433\u043b\u0430\u0434\u043a\u0430\u044f \u043f\u043e\u0432\u0435\u0440\u0445\u043d\u043e\u0441\u0442\u044c), \u043d\u0430\u0442\u0443\u0440\u0430\u043b\u044c\u043d\u043e\u0435 \u0434\u0435\u0440\u0435\u0432\u043e \u0438 \u0442\u0435\u043c\u043d\u043e-\u043a\u043e\u0440\u0438\u0447\u043d\u0435\u0432\u044b\u0439 (\u0432\u0438\u0434\u0438\u043c\u0430\u044f \u0442\u0435\u043a\u0441\u0442\u0443\u0440\u0430 \u0434\u0435\u0440\u0435\u0432\u0430).<\/li>\n<li>\u0420\u0430\u0437\u043c\u0435\u0440\u044b \u0440\u0430\u043c\u044b: \u0442\u043e\u043b\u0449\u0438\u043d\u0430 \u043e\u0442 20 \u0434\u043e 25 \u043c\u043c (\u043e\u0442 0,79 \u0434\u043e 0,98 \u0434\u044e\u0439\u043c\u0430), \u0448\u0438\u0440\u0438\u043d\u0430 \u043e\u0442 10 \u0434\u043e 14 \u043c\u043c (\u043e\u0442 0,4 \u0434\u043e 0,6 \u0434\u044e\u0439\u043c\u0430).<\/li>\n<li>\u041f\u043b\u043e\u0442\u043d\u043e\u0441\u0442\u044c \u0431\u0443\u043c\u0430\u0433\u0438: 170 \u0433\/\u043c\u00b2 (65 \u0444\u0443\u043d\u0442\u043e\u0432), \u0442\u043e\u043b\u0449\u0438\u043d\u0430: 0,19 \u043c\u043c (7,5 \u043c\u0438\u043b).<\/li>\n<li>\u041f\u043e\u0432\u0435\u0440\u0445\u043d\u043e\u0441\u0442\u044c \u0431\u0443\u043c\u0430\u0433\u0438: \u043f\u043e\u043b\u0443\u0433\u043b\u044f\u043d\u0446\u0435\u0432\u0430\u044f, \u043f\u043e\u0434\u0447\u0435\u0440\u043a\u0438\u0432\u0430\u0435\u0442 \u0446\u0432\u0435\u0442\u0430 \u0438 \u043f\u0440\u0438\u0434\u0430\u0435\u0442 \u0438\u043c \u043b\u0435\u0433\u043a\u0438\u0439 \u0431\u043b\u0435\u0441\u043a.<\/li>\n<li>\u0417\u0430\u0449\u0438\u0442\u0430: \u043d\u0435\u0431\u044c\u044e\u0449\u0435\u0435\u0441\u044f \u043e\u0440\u0433\u0441\u0442\u0435\u043a\u043b\u043e, \u0437\u0430\u0449\u0438\u0449\u0430\u044e\u0449\u0435\u0435 \u043f\u043e\u0441\u0442\u0435\u0440.<\/li>\n<li>\u042d\u043a\u043e\u043b\u043e\u0433\u0438\u0447\u0435\u0441\u043a\u0438 \u0447\u0438\u0441\u0442\u0430\u044f \u0431\u0443\u043c\u0430\u0433\u0430: \u043c\u0430\u0442\u0435\u0440\u0438\u0430\u043b\u044b, \u0441\u0435\u0440\u0442\u0438\u0444\u0438\u0446\u0438\u0440\u043e\u0432\u0430\u043d\u043d\u044b\u0435 FSC \u0438\u043b\u0438 \u0430\u043d\u0430\u043b\u043e\u0433\u0438\u0447\u043d\u044b\u0435.<\/li>\n<\/ul>\n<p>\u041d\u0435\u0442 \u043c\u0438\u043d\u0438\u043c\u0430\u043b\u044c\u043d\u043e\u0433\u043e \u0437\u0430\u043a\u0430\u0437\u0430. \u041f\u0435\u0447\u0430\u0442\u044c \u0438 \u0434\u043e\u0441\u0442\u0430\u0432\u043a\u0430 \u043f\u043e \u0437\u0430\u043f\u0440\u043e\u0441\u0443.<\/p>","protected":false},"excerpt":{"rendered":"<p>Nos affiches encadr\u00e9es en bois, solides et durables, sont pr\u00eates \u00e0 \u00eatre accroch\u00e9es. Profitez d\u2019impressions artistiques de haute qualit\u00e9 sur un papier semi-brillant classique, [&hellip;]<\/p>\n","protected":false},"featured_media":8788,"template":"","meta":{"_acf_changed":false},"product_brand":[],"product_cat":[436],"product_tag":[],"class_list":{"0":"post-8775","1":"product","2":"type-product","3":"status-publish","4":"has-post-thumbnail","6":"product_cat-posters","8":"first","9":"instock","10":"shipping-taxable","11":"purchasable","12":"product-type-variable"},"acf":[],"yoast_head":"<!-- This site is optimized with the Yoast SEO plugin v27.6 - https:\/\/yoast.com\/product\/yoast-seo-wordpress\/ -->\n<title>Affiche de pr\u00e9vention en anglais dans un cadre en bois (4 couleurs) - Monsieur Pr\u00e9vention<\/title>\n<meta name=\"robots\" content=\"index, follow, max-snippet:-1, max-image-preview:large, max-video-preview:-1\" \/>\n<link rel=\"canonical\" href=\"https:\/\/monsieur-prevention.com\/ru\/\u043f\u0440\u043e\u0434\u0443\u043a\u0442\/\u043f\u0440\u043e\u0444\u0438\u043b\u0430\u043a\u0442\u0438\u0447\u0435\u0441\u043a\u0438\u0439-\u043f\u043b\u0430\u043a\u0430\u0442-\u043d\u0430-\u0430\u043d\u0433\u043b\u0438\u0439\u0441\u043a\/\" \/>\n<meta property=\"og:locale\" content=\"ru_RU\" \/>\n<meta property=\"og:type\" content=\"article\" \/>\n<meta property=\"og:title\" content=\"Affiche de pr\u00e9vention en anglais dans un cadre en bois (4 couleurs) - Monsieur Pr\u00e9vention\" \/>\n<meta property=\"og:description\" content=\"Nos affiches encadr\u00e9es en bois, solides et durables, sont pr\u00eates \u00e0 \u00eatre accroch\u00e9es. Profitez d\u2019impressions artistiques de haute qualit\u00e9 sur un papier semi-brillant classique, [&hellip;]\" \/>\n<meta property=\"og:url\" content=\"https:\/\/monsieur-prevention.com\/ru\/\u043f\u0440\u043e\u0434\u0443\u043a\u0442\/\u043f\u0440\u043e\u0444\u0438\u043b\u0430\u043a\u0442\u0438\u0447\u0435\u0441\u043a\u0438\u0439-\u043f\u043b\u0430\u043a\u0430\u0442-\u043d\u0430-\u0430\u043d\u0433\u043b\u0438\u0439\u0441\u043a\/\" \/>\n<meta property=\"og:site_name\" content=\"Monsieur Pr\u00e9vention\" \/>\n<meta property=\"article:modified_time\" content=\"2026-02-11T18:53:23+00:00\" \/>\n<meta property=\"og:image\" content=\"https:\/\/monsieur-prevention.com\/wp-content\/uploads\/2026\/02\/3f71dee8-8257-487a-8bbf-4949dca4086a.jpg\" \/>\n\t<meta property=\"og:image:width\" content=\"2048\" \/>\n\t<meta property=\"og:image:height\" content=\"2048\" \/>\n\t<meta property=\"og:image:type\" content=\"image\/jpeg\" \/>\n<meta name=\"twitter:card\" content=\"summary_large_image\" \/>\n<meta name=\"twitter:site\" content=\"@SBrochot\" \/>\n<meta name=\"twitter:label1\" content=\"\u041f\u0440\u0438\u043c\u0435\u0440\u043d\u043e\u0435 \u0432\u0440\u0435\u043c\u044f \u0434\u043b\u044f \u0447\u0442\u0435\u043d\u0438\u044f\" \/>\n\t<meta name=\"twitter:data1\" content=\"1 \u043c\u0438\u043d\u0443\u0442\u0430\" \/>\n<script type=\"application\/ld+json\" class=\"yoast-schema-graph\">{\"@context\":\"https:\\\/\\\/schema.org\",\"@graph\":[{\"@type\":\"WebPage\",\"@id\":\"https:\\\/\\\/monsieur-prevention.com\\\/product\\\/affiche-de-prevention-en-anglais-dans-un-cadre-en-bois-4-couleurs\\\/\",\"url\":\"https:\\\/\\\/monsieur-prevention.com\\\/product\\\/affiche-de-prevention-en-anglais-dans-un-cadre-en-bois-4-couleurs\\\/\",\"name\":\"Affiche de pr\u00e9vention en anglais dans un cadre en bois (4 couleurs) - Monsieur Pr\u00e9vention\",\"isPartOf\":{\"@id\":\"https:\\\/\\\/monsieur-prevention.com\\\/#website\"},\"primaryImageOfPage\":{\"@id\":\"https:\\\/\\\/monsieur-prevention.com\\\/product\\\/affiche-de-prevention-en-anglais-dans-un-cadre-en-bois-4-couleurs\\\/#primaryimage\"},\"image\":{\"@id\":\"https:\\\/\\\/monsieur-prevention.com\\\/product\\\/affiche-de-prevention-en-anglais-dans-un-cadre-en-bois-4-couleurs\\\/#primaryimage\"},\"thumbnailUrl\":\"https:\\\/\\\/monsieur-prevention.com\\\/wp-content\\\/uploads\\\/2026\\\/02\\\/3f71dee8-8257-487a-8bbf-4949dca4086a.jpg\",\"datePublished\":\"2026-02-10T19:39:22+00:00\",\"dateModified\":\"2026-02-11T18:53:23+00:00\",\"breadcrumb\":{\"@id\":\"https:\\\/\\\/monsieur-prevention.com\\\/product\\\/affiche-de-prevention-en-anglais-dans-un-cadre-en-bois-4-couleurs\\\/#breadcrumb\"},\"inLanguage\":\"ru-RU\",\"potentialAction\":[{\"@type\":\"ReadAction\",\"target\":[\"https:\\\/\\\/monsieur-prevention.com\\\/product\\\/affiche-de-prevention-en-anglais-dans-un-cadre-en-bois-4-couleurs\\\/\"]}]},{\"@type\":\"ImageObject\",\"inLanguage\":\"ru-RU\",\"@id\":\"https:\\\/\\\/monsieur-prevention.com\\\/product\\\/affiche-de-prevention-en-anglais-dans-un-cadre-en-bois-4-couleurs\\\/#primaryimage\",\"url\":\"https:\\\/\\\/monsieur-prevention.com\\\/wp-content\\\/uploads\\\/2026\\\/02\\\/3f71dee8-8257-487a-8bbf-4949dca4086a.jpg\",\"contentUrl\":\"https:\\\/\\\/monsieur-prevention.com\\\/wp-content\\\/uploads\\\/2026\\\/02\\\/3f71dee8-8257-487a-8bbf-4949dca4086a.jpg\",\"width\":2048,\"height\":2048,\"caption\":\"3f71dee8-8257-487a-8bbf-4949dca4086a\"},{\"@type\":\"BreadcrumbList\",\"@id\":\"https:\\\/\\\/monsieur-prevention.com\\\/product\\\/affiche-de-prevention-en-anglais-dans-un-cadre-en-bois-4-couleurs\\\/#breadcrumb\",\"itemListElement\":[{\"@type\":\"ListItem\",\"position\":1,\"name\":\"Home\",\"item\":\"https:\\\/\\\/monsieur-prevention.com\\\/\"},{\"@type\":\"ListItem\",\"position\":2,\"name\":\"Boutique\",\"item\":\"https:\\\/\\\/monsieur-prevention.com\\\/boutique\\\/\"},{\"@type\":\"ListItem\",\"position\":3,\"name\":\"Affiche de pr\u00e9vention en anglais dans un cadre en bois (4 couleurs)\"}]},{\"@type\":\"WebSite\",\"@id\":\"https:\\\/\\\/monsieur-prevention.com\\\/#website\",\"url\":\"https:\\\/\\\/monsieur-prevention.com\\\/\",\"name\":\"Monsieur Pr\u00e9vention \u2013 S\u00e9bastien Brochot\",\"description\":\"Des r\u00e9ponses concr\u00e8tes aux enjeux de la pr\u00e9vention des violences\",\"publisher\":{\"@id\":\"https:\\\/\\\/monsieur-prevention.com\\\/#\\\/schema\\\/person\\\/a98adec1ea87e537031f136cbe7ad955\"},\"alternateName\":\"Sebastien Brochot\",\"potentialAction\":[{\"@type\":\"SearchAction\",\"target\":{\"@type\":\"EntryPoint\",\"urlTemplate\":\"https:\\\/\\\/monsieur-prevention.com\\\/?s={search_term_string}\"},\"query-input\":{\"@type\":\"PropertyValueSpecification\",\"valueRequired\":true,\"valueName\":\"search_term_string\"}}],\"inLanguage\":\"ru-RU\"},{\"@type\":[\"Person\",\"Organization\"],\"@id\":\"https:\\\/\\\/monsieur-prevention.com\\\/#\\\/schema\\\/person\\\/a98adec1ea87e537031f136cbe7ad955\",\"name\":\"S\u00e9bastien Brochot\",\"image\":{\"@type\":\"ImageObject\",\"inLanguage\":\"ru-RU\",\"@id\":\"https:\\\/\\\/monsieur-prevention.com\\\/wp-content\\\/uploads\\\/2026\\\/01\\\/favicon.jpg\",\"url\":\"https:\\\/\\\/monsieur-prevention.com\\\/wp-content\\\/uploads\\\/2026\\\/01\\\/favicon.jpg\",\"contentUrl\":\"https:\\\/\\\/monsieur-prevention.com\\\/wp-content\\\/uploads\\\/2026\\\/01\\\/favicon.jpg\",\"width\":1024,\"height\":1024,\"caption\":\"S\u00e9bastien Brochot\"},\"logo\":{\"@id\":\"https:\\\/\\\/monsieur-prevention.com\\\/wp-content\\\/uploads\\\/2026\\\/01\\\/favicon.jpg\"},\"description\":\"Je m'appelle S\u00e9bastien Brochot, je suis sp\u00e9cialiste en strat\u00e9gies de pr\u00e9vention des violences.\",\"sameAs\":[\"https:\\\/\\\/sebastienbrochot.com\\\/\",\"https:\\\/\\\/www.instagram.com\\\/sebastien.brochot\\\/\",\"https:\\\/\\\/www.linkedin.com\\\/in\\\/sebastienbrochot\\\/\",\"https:\\\/\\\/x.com\\\/SBrochot\",\"https:\\\/\\\/www.youtube.com\\\/@preventoriumfr\"]}]}<\/script>\n<!-- \/ Yoast SEO plugin. -->","yoast_head_json":{"title":"\u041f\u0440\u043e\u0444\u0438\u043b\u0430\u043a\u0442\u0438\u0447\u0435\u0441\u043a\u0438\u0439 \u043f\u043b\u0430\u043a\u0430\u0442 \u043d\u0430 \u0430\u043d\u0433\u043b\u0438\u0439\u0441\u043a\u043e\u043c \u044f\u0437\u044b\u043a\u0435 \u0432 \u0434\u0435\u0440\u0435\u0432\u044f\u043d\u043d\u043e\u0439 \u0440\u0430\u043c\u043a\u0435 (4 \u0446\u0432\u0435\u0442\u0430) - Mr. Prevention","robots":{"index":"index","follow":"follow","max-snippet":"max-snippet:-1","max-image-preview":"max-image-preview:large","max-video-preview":"max-video-preview:-1"},"canonical":"https:\/\/monsieur-prevention.com\/ru\/\u043f\u0440\u043e\u0434\u0443\u043a\u0442\/\u043f\u0440\u043e\u0444\u0438\u043b\u0430\u043a\u0442\u0438\u0447\u0435\u0441\u043a\u0438\u0439-\u043f\u043b\u0430\u043a\u0430\u0442-\u043d\u0430-\u0430\u043d\u0433\u043b\u0438\u0439\u0441\u043a\/","og_locale":"ru_RU","og_type":"article","og_title":"Affiche de pr\u00e9vention en anglais dans un cadre en bois (4 couleurs) - Monsieur Pr\u00e9vention","og_description":"Nos affiches encadr\u00e9es en bois, solides et durables, sont pr\u00eates \u00e0 \u00eatre accroch\u00e9es. Profitez d\u2019impressions artistiques de haute qualit\u00e9 sur un papier semi-brillant classique, [&hellip;]","og_url":"https:\/\/monsieur-prevention.com\/ru\/\u043f\u0440\u043e\u0434\u0443\u043a\u0442\/\u043f\u0440\u043e\u0444\u0438\u043b\u0430\u043a\u0442\u0438\u0447\u0435\u0441\u043a\u0438\u0439-\u043f\u043b\u0430\u043a\u0430\u0442-\u043d\u0430-\u0430\u043d\u0433\u043b\u0438\u0439\u0441\u043a\/","og_site_name":"Monsieur Pr\u00e9vention","article_modified_time":"2026-02-11T18:53:23+00:00","og_image":[{"width":2048,"height":2048,"url":"https:\/\/monsieur-prevention.com\/wp-content\/uploads\/2026\/02\/3f71dee8-8257-487a-8bbf-4949dca4086a.jpg","type":"image\/jpeg"}],"twitter_card":"summary_large_image","twitter_site":"@SBrochot","twitter_misc":{"\u041f\u0440\u0438\u043c\u0435\u0440\u043d\u043e\u0435 \u0432\u0440\u0435\u043c\u044f \u0434\u043b\u044f \u0447\u0442\u0435\u043d\u0438\u044f":"1 \u043c\u0438\u043d\u0443\u0442\u0430"},"schema":{"@context":"https:\/\/schema.org","@graph":[{"@type":"WebPage","@id":"https:\/\/monsieur-prevention.com\/product\/affiche-de-prevention-en-anglais-dans-un-cadre-en-bois-4-couleurs\/","url":"https:\/\/monsieur-prevention.com\/product\/affiche-de-prevention-en-anglais-dans-un-cadre-en-bois-4-couleurs\/","name":"\u041f\u0440\u043e\u0444\u0438\u043b\u0430\u043a\u0442\u0438\u0447\u0435\u0441\u043a\u0438\u0439 \u043f\u043b\u0430\u043a\u0430\u0442 \u043d\u0430 \u0430\u043d\u0433\u043b\u0438\u0439\u0441\u043a\u043e\u043c \u044f\u0437\u044b\u043a\u0435 \u0432 \u0434\u0435\u0440\u0435\u0432\u044f\u043d\u043d\u043e\u0439 \u0440\u0430\u043c\u043a\u0435 (4 \u0446\u0432\u0435\u0442\u0430) - Mr. Prevention","isPartOf":{"@id":"https:\/\/monsieur-prevention.com\/#website"},"primaryImageOfPage":{"@id":"https:\/\/monsieur-prevention.com\/product\/affiche-de-prevention-en-anglais-dans-un-cadre-en-bois-4-couleurs\/#primaryimage"},"image":{"@id":"https:\/\/monsieur-prevention.com\/product\/affiche-de-prevention-en-anglais-dans-un-cadre-en-bois-4-couleurs\/#primaryimage"},"thumbnailUrl":"https:\/\/monsieur-prevention.com\/wp-content\/uploads\/2026\/02\/3f71dee8-8257-487a-8bbf-4949dca4086a.jpg","datePublished":"2026-02-10T19:39:22+00:00","dateModified":"2026-02-11T18:53:23+00:00","breadcrumb":{"@id":"https:\/\/monsieur-prevention.com\/product\/affiche-de-prevention-en-anglais-dans-un-cadre-en-bois-4-couleurs\/#breadcrumb"},"inLanguage":"ru-RU","potentialAction":[{"@type":"ReadAction","target":["https:\/\/monsieur-prevention.com\/product\/affiche-de-prevention-en-anglais-dans-un-cadre-en-bois-4-couleurs\/"]}]},{"@type":"ImageObject","inLanguage":"ru-RU","@id":"https:\/\/monsieur-prevention.com\/product\/affiche-de-prevention-en-anglais-dans-un-cadre-en-bois-4-couleurs\/#primaryimage","url":"https:\/\/monsieur-prevention.com\/wp-content\/uploads\/2026\/02\/3f71dee8-8257-487a-8bbf-4949dca4086a.jpg","contentUrl":"https:\/\/monsieur-prevention.com\/wp-content\/uploads\/2026\/02\/3f71dee8-8257-487a-8bbf-4949dca4086a.jpg","width":2048,"height":2048,"caption":"3f71dee8-8257-487a-8bbf-4949dca4086a"},{"@type":"BreadcrumbList","@id":"https:\/\/monsieur-prevention.com\/product\/affiche-de-prevention-en-anglais-dans-un-cadre-en-bois-4-couleurs\/#breadcrumb","itemListElement":[{"@type":"ListItem","position":1,"name":"Home","item":"https:\/\/monsieur-prevention.com\/"},{"@type":"ListItem","position":2,"name":"Boutique","item":"https:\/\/monsieur-prevention.com\/boutique\/"},{"@type":"ListItem","position":3,"name":"Affiche de pr\u00e9vention en anglais dans un cadre en bois (4 couleurs)"}]},{"@type":"WebSite","@id":"https:\/\/monsieur-prevention.com\/#website","url":"https:\/\/monsieur-prevention.com\/","name":"\u041c\u0438\u0441\u0442\u0435\u0440 \u041f\u0440\u043e\u0444\u0438\u043b\u0430\u043a\u0442\u0438\u043a\u0430 - \u0421\u0435\u0431\u0430\u0441\u0442\u044c\u0435\u043d \u0411\u0440\u043e\u0448\u043e","description":"\u041f\u0440\u0430\u043a\u0442\u0438\u0447\u0435\u0441\u043a\u0438\u0435 \u043e\u0442\u0432\u0435\u0442\u044b \u043d\u0430 \u0432\u044b\u0437\u043e\u0432\u044b, \u0441\u0432\u044f\u0437\u0430\u043d\u043d\u044b\u0435 \u0441 \u043f\u0440\u0435\u0434\u043e\u0442\u0432\u0440\u0430\u0449\u0435\u043d\u0438\u0435\u043c \u043d\u0430\u0441\u0438\u043b\u0438\u044f","publisher":{"@id":"https:\/\/monsieur-prevention.com\/#\/schema\/person\/a98adec1ea87e537031f136cbe7ad955"},"alternateName":"Sebastien Brochot","potentialAction":[{"@type":"SearchAction","target":{"@type":"EntryPoint","urlTemplate":"https:\/\/monsieur-prevention.com\/?s={search_term_string}"},"query-input":{"@type":"PropertyValueSpecification","valueRequired":true,"valueName":"search_term_string"}}],"inLanguage":"ru-RU"},{"@type":["Person","Organization"],"@id":"https:\/\/monsieur-prevention.com\/#\/schema\/person\/a98adec1ea87e537031f136cbe7ad955","name":"\u0421\u0435\u0431\u0430\u0441\u0442\u044c\u0435\u043d \u0411\u0440\u043e\u0448\u043e","image":{"@type":"ImageObject","inLanguage":"ru-RU","@id":"https:\/\/monsieur-prevention.com\/wp-content\/uploads\/2026\/01\/favicon.jpg","url":"https:\/\/monsieur-prevention.com\/wp-content\/uploads\/2026\/01\/favicon.jpg","contentUrl":"https:\/\/monsieur-prevention.com\/wp-content\/uploads\/2026\/01\/favicon.jpg","width":1024,"height":1024,"caption":"S\u00e9bastien Brochot"},"logo":{"@id":"https:\/\/monsieur-prevention.com\/wp-content\/uploads\/2026\/01\/favicon.jpg"},"description":"\u041c\u0435\u043d\u044f \u0437\u043e\u0432\u0443\u0442 \u0421\u0435\u0431\u0430\u0441\u0442\u044c\u0435\u043d \u0411\u0440\u043e\u0448\u043e, \u0438 \u044f \u0441\u043f\u0435\u0446\u0438\u0430\u043b\u0438\u0437\u0438\u0440\u0443\u044e\u0441\u044c \u043d\u0430 \u0441\u0442\u0440\u0430\u0442\u0435\u0433\u0438\u044f\u0445 \u043f\u0440\u0435\u0434\u043e\u0442\u0432\u0440\u0430\u0449\u0435\u043d\u0438\u044f \u043d\u0430\u0441\u0438\u043b\u0438\u044f.","sameAs":["https:\/\/sebastienbrochot.com\/","https:\/\/www.instagram.com\/sebastien.brochot\/","https:\/\/www.linkedin.com\/in\/sebastienbrochot\/","https:\/\/x.com\/SBrochot","https:\/\/www.youtube.com\/@preventoriumfr"]}]}},"_links":{"self":[{"href":"https:\/\/monsieur-prevention.com\/ru\/wp-json\/wp\/v2\/product\/8775","targetHints":{"allow":["GET"]}}],"collection":[{"href":"https:\/\/monsieur-prevention.com\/ru\/wp-json\/wp\/v2\/product"}],"about":[{"href":"https:\/\/monsieur-prevention.com\/ru\/wp-json\/wp\/v2\/types\/product"}],"wp:featuredmedia":[{"embeddable":true,"href":"https:\/\/monsieur-prevention.com\/ru\/wp-json\/wp\/v2\/media\/8788"}],"wp:attachment":[{"href":"https:\/\/monsieur-prevention.com\/ru\/wp-json\/wp\/v2\/media?parent=8775"}],"wp:term":[{"taxonomy":"product_brand","embeddable":true,"href":"https:\/\/monsieur-prevention.com\/ru\/wp-json\/wp\/v2\/product_brand?post=8775"},{"taxonomy":"product_cat","embeddable":true,"href":"https:\/\/monsieur-prevention.com\/ru\/wp-json\/wp\/v2\/product_cat?post=8775"},{"taxonomy":"product_tag","embeddable":true,"href":"https:\/\/monsieur-prevention.com\/ru\/wp-json\/wp\/v2\/product_tag?post=8775"}],"curies":[{"name":"WP","href":"https:\/\/api.w.org\/{rel}","templated":true}]}}