{"id":8834,"date":"2026-02-10T19:49:02","date_gmt":"2026-02-10T19:49:02","guid":{"rendered":"https:\/\/monsieur-prevention.com\/product\/affiche-de-prevention-en-francais-dans-un-cadre-en-bois-4-couleurs\/"},"modified":"2026-02-11T18:53:29","modified_gmt":"2026-02-11T18:53:29","slug":"dort-renkli-ahsap-cerceveli-fransizca-yazilmis-onleme-posteri","status":"publish","type":"product","link":"https:\/\/monsieur-prevention.com\/tr\/product\/affiche-de-prevention-en-francais-dans-un-cadre-en-bois-4-couleurs\/","title":{"rendered":"Ah\u015fap \u00e7er\u00e7eve i\u00e7inde Frans\u0131zca \u00f6nleme posteri (4 renk)"},"content":{"rendered":"<p>Sa\u011flam ve dayan\u0131kl\u0131 \u00e7er\u00e7eveli posterlerimiz as\u0131lmaya haz\u0131r. Klasik, hafif ve zarif yar\u0131 parlak ka\u011f\u0131t \u00fczerine y\u00fcksek kaliteli sanat bask\u0131lar\u0131n\u0131n keyfini \u00e7\u0131kar\u0131n.<\/p>\n<ul>\n<li>Do\u011frudan duvara monte etmek i\u00e7in montaj kiti ile birlikte verilir.<\/li>\n<li>\u00c7er\u00e7eve malzemesi: dayan\u0131kl\u0131 \u00e7am a\u011fac\u0131.<\/li>\n<li>\u00c7er\u00e7eve renkleri: siyah, beyaz (p\u00fcr\u00fczs\u00fcz y\u00fczey), do\u011fal ah\u015fap ve koyu kahverengi (g\u00f6r\u00fcn\u00fcr ah\u015fap dokusu).<\/li>\n<li>\u00c7er\u00e7eve \u00f6l\u00e7\u00fcleri: kal\u0131nl\u0131k 20 ila 25 mm (0,79\u2033 ila 0,98\u2033), geni\u015flik 10 ila 14 mm (0,4\u2033 ila 0,6\u2033).<\/li>\n<li>Ka\u011f\u0131t a\u011f\u0131rl\u0131\u011f\u0131: 170 g\/m\u00b2 (65 lb), kal\u0131nl\u0131k: 0,19 mm (7,5 mil).<\/li>\n<li>Ka\u011f\u0131t y\u00fczeyi: yar\u0131 parlak, hafif bir parlakl\u0131kla renkleri daha belirgin hale getirir.<\/li>\n<li>Koruma: Posteri koruyan k\u0131r\u0131lmaz pleksiglas.<\/li>\n<li>S\u00fcrd\u00fcr\u00fclebilir ka\u011f\u0131t: FSC sertifikal\u0131 malzemeler veya e\u015fde\u011feri.<\/li>\n<\/ul>\n<p>Minimum sipari\u015f \u015fart\u0131 yok. Talep \u00fczerine bask\u0131 ve g\u00f6nderim.<\/p>","protected":false},"excerpt":{"rendered":"<p>Nos affiches encadr\u00e9es en bois, solides et durables, sont pr\u00eates \u00e0 \u00eatre accroch\u00e9es. Profitez d\u2019impressions artistiques de haute qualit\u00e9 sur un papier semi-brillant classique, [&hellip;]<\/p>\n","protected":false},"featured_media":8852,"template":"","meta":{"_acf_changed":false},"product_brand":[],"product_cat":[436],"product_tag":[],"class_list":{"0":"post-8834","1":"product","2":"type-product","3":"status-publish","4":"has-post-thumbnail","6":"product_cat-posters","8":"first","9":"instock","10":"shipping-taxable","11":"purchasable","12":"product-type-variable"},"acf":[],"yoast_head":"<!-- This site is optimized with the Yoast SEO plugin v27.5 - https:\/\/yoast.com\/product\/yoast-seo-wordpress\/ -->\n<title>Affiche de pr\u00e9vention en fran\u00e7ais dans un cadre en bois (4 couleurs) - Monsieur Pr\u00e9vention<\/title>\n<meta name=\"robots\" content=\"index, follow, max-snippet:-1, max-image-preview:large, max-video-preview:-1\" \/>\n<link rel=\"canonical\" href=\"https:\/\/monsieur-prevention.com\/tr\/product\/dort-renkli-ahsap-cerceveli-fransizca-yazilmis-onleme-posteri\/\" \/>\n<meta property=\"og:locale\" content=\"tr_TR\" \/>\n<meta property=\"og:type\" content=\"article\" \/>\n<meta property=\"og:title\" content=\"Affiche de pr\u00e9vention en fran\u00e7ais dans un cadre en bois (4 couleurs) - Monsieur Pr\u00e9vention\" \/>\n<meta property=\"og:description\" content=\"Nos affiches encadr\u00e9es en bois, solides et durables, sont pr\u00eates \u00e0 \u00eatre accroch\u00e9es. Profitez d\u2019impressions artistiques de haute qualit\u00e9 sur un papier semi-brillant classique, [&hellip;]\" \/>\n<meta property=\"og:url\" content=\"https:\/\/monsieur-prevention.com\/tr\/product\/dort-renkli-ahsap-cerceveli-fransizca-yazilmis-onleme-posteri\/\" \/>\n<meta property=\"og:site_name\" content=\"Monsieur Pr\u00e9vention\" \/>\n<meta property=\"article:modified_time\" content=\"2026-02-11T18:53:29+00:00\" \/>\n<meta property=\"og:image\" content=\"https:\/\/monsieur-prevention.com\/wp-content\/uploads\/2026\/02\/6aba765c-0a05-4e32-b722-f49de3869f59.jpg\" \/>\n\t<meta property=\"og:image:width\" content=\"2048\" \/>\n\t<meta property=\"og:image:height\" content=\"2048\" \/>\n\t<meta property=\"og:image:type\" content=\"image\/jpeg\" \/>\n<meta name=\"twitter:card\" content=\"summary_large_image\" \/>\n<meta name=\"twitter:site\" content=\"@SBrochot\" \/>\n<meta name=\"twitter:label1\" content=\"Tahmini okuma s\u00fcresi\" \/>\n\t<meta name=\"twitter:data1\" content=\"1 dakika\" \/>\n<script type=\"application\/ld+json\" class=\"yoast-schema-graph\">{\"@context\":\"https:\\\/\\\/schema.org\",\"@graph\":[{\"@type\":\"WebPage\",\"@id\":\"https:\\\/\\\/monsieur-prevention.com\\\/product\\\/affiche-de-prevention-en-francais-dans-un-cadre-en-bois-4-couleurs\\\/\",\"url\":\"https:\\\/\\\/monsieur-prevention.com\\\/product\\\/affiche-de-prevention-en-francais-dans-un-cadre-en-bois-4-couleurs\\\/\",\"name\":\"Affiche de pr\u00e9vention en fran\u00e7ais dans un cadre en bois (4 couleurs) - Monsieur Pr\u00e9vention\",\"isPartOf\":{\"@id\":\"https:\\\/\\\/monsieur-prevention.com\\\/#website\"},\"primaryImageOfPage\":{\"@id\":\"https:\\\/\\\/monsieur-prevention.com\\\/product\\\/affiche-de-prevention-en-francais-dans-un-cadre-en-bois-4-couleurs\\\/#primaryimage\"},\"image\":{\"@id\":\"https:\\\/\\\/monsieur-prevention.com\\\/product\\\/affiche-de-prevention-en-francais-dans-un-cadre-en-bois-4-couleurs\\\/#primaryimage\"},\"thumbnailUrl\":\"https:\\\/\\\/monsieur-prevention.com\\\/wp-content\\\/uploads\\\/2026\\\/02\\\/6aba765c-0a05-4e32-b722-f49de3869f59.jpg\",\"datePublished\":\"2026-02-10T19:49:02+00:00\",\"dateModified\":\"2026-02-11T18:53:29+00:00\",\"breadcrumb\":{\"@id\":\"https:\\\/\\\/monsieur-prevention.com\\\/product\\\/affiche-de-prevention-en-francais-dans-un-cadre-en-bois-4-couleurs\\\/#breadcrumb\"},\"inLanguage\":\"tr\",\"potentialAction\":[{\"@type\":\"ReadAction\",\"target\":[\"https:\\\/\\\/monsieur-prevention.com\\\/product\\\/affiche-de-prevention-en-francais-dans-un-cadre-en-bois-4-couleurs\\\/\"]}]},{\"@type\":\"ImageObject\",\"inLanguage\":\"tr\",\"@id\":\"https:\\\/\\\/monsieur-prevention.com\\\/product\\\/affiche-de-prevention-en-francais-dans-un-cadre-en-bois-4-couleurs\\\/#primaryimage\",\"url\":\"https:\\\/\\\/monsieur-prevention.com\\\/wp-content\\\/uploads\\\/2026\\\/02\\\/6aba765c-0a05-4e32-b722-f49de3869f59.jpg\",\"contentUrl\":\"https:\\\/\\\/monsieur-prevention.com\\\/wp-content\\\/uploads\\\/2026\\\/02\\\/6aba765c-0a05-4e32-b722-f49de3869f59.jpg\",\"width\":2048,\"height\":2048,\"caption\":\"6aba765c-0a05-4e32-b722-f49de3869f59\"},{\"@type\":\"BreadcrumbList\",\"@id\":\"https:\\\/\\\/monsieur-prevention.com\\\/product\\\/affiche-de-prevention-en-francais-dans-un-cadre-en-bois-4-couleurs\\\/#breadcrumb\",\"itemListElement\":[{\"@type\":\"ListItem\",\"position\":1,\"name\":\"Home\",\"item\":\"https:\\\/\\\/monsieur-prevention.com\\\/\"},{\"@type\":\"ListItem\",\"position\":2,\"name\":\"Boutique\",\"item\":\"https:\\\/\\\/monsieur-prevention.com\\\/boutique\\\/\"},{\"@type\":\"ListItem\",\"position\":3,\"name\":\"Affiche de pr\u00e9vention en fran\u00e7ais dans un cadre en bois (4 couleurs)\"}]},{\"@type\":\"WebSite\",\"@id\":\"https:\\\/\\\/monsieur-prevention.com\\\/#website\",\"url\":\"https:\\\/\\\/monsieur-prevention.com\\\/\",\"name\":\"Monsieur Pr\u00e9vention \u2013 S\u00e9bastien Brochot\",\"description\":\"Des r\u00e9ponses concr\u00e8tes aux enjeux de la pr\u00e9vention des violences\",\"publisher\":{\"@id\":\"https:\\\/\\\/monsieur-prevention.com\\\/#\\\/schema\\\/person\\\/a98adec1ea87e537031f136cbe7ad955\"},\"alternateName\":\"Sebastien Brochot\",\"potentialAction\":[{\"@type\":\"SearchAction\",\"target\":{\"@type\":\"EntryPoint\",\"urlTemplate\":\"https:\\\/\\\/monsieur-prevention.com\\\/?s={search_term_string}\"},\"query-input\":{\"@type\":\"PropertyValueSpecification\",\"valueRequired\":true,\"valueName\":\"search_term_string\"}}],\"inLanguage\":\"tr\"},{\"@type\":[\"Person\",\"Organization\"],\"@id\":\"https:\\\/\\\/monsieur-prevention.com\\\/#\\\/schema\\\/person\\\/a98adec1ea87e537031f136cbe7ad955\",\"name\":\"S\u00e9bastien Brochot\",\"image\":{\"@type\":\"ImageObject\",\"inLanguage\":\"tr\",\"@id\":\"https:\\\/\\\/monsieur-prevention.com\\\/wp-content\\\/uploads\\\/2026\\\/01\\\/favicon.jpg\",\"url\":\"https:\\\/\\\/monsieur-prevention.com\\\/wp-content\\\/uploads\\\/2026\\\/01\\\/favicon.jpg\",\"contentUrl\":\"https:\\\/\\\/monsieur-prevention.com\\\/wp-content\\\/uploads\\\/2026\\\/01\\\/favicon.jpg\",\"width\":1024,\"height\":1024,\"caption\":\"S\u00e9bastien Brochot\"},\"logo\":{\"@id\":\"https:\\\/\\\/monsieur-prevention.com\\\/wp-content\\\/uploads\\\/2026\\\/01\\\/favicon.jpg\"},\"description\":\"Je m'appelle S\u00e9bastien Brochot, je suis sp\u00e9cialiste en strat\u00e9gies de pr\u00e9vention des violences.\",\"sameAs\":[\"https:\\\/\\\/sebastienbrochot.com\\\/\",\"https:\\\/\\\/www.instagram.com\\\/sebastien.brochot\\\/\",\"https:\\\/\\\/www.linkedin.com\\\/in\\\/sebastienbrochot\\\/\",\"https:\\\/\\\/x.com\\\/SBrochot\",\"https:\\\/\\\/www.youtube.com\\\/@preventoriumfr\"]}]}<\/script>\n<!-- \/ Yoast SEO plugin. -->","yoast_head_json":{"title":"Frans\u0131zca yaz\u0131lm\u0131\u015f, ah\u015fap \u00e7er\u00e7eveli (4 renkli) \u00f6nleme posteri - Bay \u00d6nleme","robots":{"index":"index","follow":"follow","max-snippet":"max-snippet:-1","max-image-preview":"max-image-preview:large","max-video-preview":"max-video-preview:-1"},"canonical":"https:\/\/monsieur-prevention.com\/tr\/product\/dort-renkli-ahsap-cerceveli-fransizca-yazilmis-onleme-posteri\/","og_locale":"tr_TR","og_type":"article","og_title":"Affiche de pr\u00e9vention en fran\u00e7ais dans un cadre en bois (4 couleurs) - Monsieur Pr\u00e9vention","og_description":"Nos affiches encadr\u00e9es en bois, solides et durables, sont pr\u00eates \u00e0 \u00eatre accroch\u00e9es. Profitez d\u2019impressions artistiques de haute qualit\u00e9 sur un papier semi-brillant classique, [&hellip;]","og_url":"https:\/\/monsieur-prevention.com\/tr\/product\/dort-renkli-ahsap-cerceveli-fransizca-yazilmis-onleme-posteri\/","og_site_name":"Monsieur Pr\u00e9vention","article_modified_time":"2026-02-11T18:53:29+00:00","og_image":[{"width":2048,"height":2048,"url":"https:\/\/monsieur-prevention.com\/wp-content\/uploads\/2026\/02\/6aba765c-0a05-4e32-b722-f49de3869f59.jpg","type":"image\/jpeg"}],"twitter_card":"summary_large_image","twitter_site":"@SBrochot","twitter_misc":{"Tahmini okuma s\u00fcresi":"1 dakika"},"schema":{"@context":"https:\/\/schema.org","@graph":[{"@type":"WebPage","@id":"https:\/\/monsieur-prevention.com\/product\/affiche-de-prevention-en-francais-dans-un-cadre-en-bois-4-couleurs\/","url":"https:\/\/monsieur-prevention.com\/product\/affiche-de-prevention-en-francais-dans-un-cadre-en-bois-4-couleurs\/","name":"Frans\u0131zca yaz\u0131lm\u0131\u015f, ah\u015fap \u00e7er\u00e7eveli (4 renkli) \u00f6nleme posteri - Bay \u00d6nleme","isPartOf":{"@id":"https:\/\/monsieur-prevention.com\/#website"},"primaryImageOfPage":{"@id":"https:\/\/monsieur-prevention.com\/product\/affiche-de-prevention-en-francais-dans-un-cadre-en-bois-4-couleurs\/#primaryimage"},"image":{"@id":"https:\/\/monsieur-prevention.com\/product\/affiche-de-prevention-en-francais-dans-un-cadre-en-bois-4-couleurs\/#primaryimage"},"thumbnailUrl":"https:\/\/monsieur-prevention.com\/wp-content\/uploads\/2026\/02\/6aba765c-0a05-4e32-b722-f49de3869f59.jpg","datePublished":"2026-02-10T19:49:02+00:00","dateModified":"2026-02-11T18:53:29+00:00","breadcrumb":{"@id":"https:\/\/monsieur-prevention.com\/product\/affiche-de-prevention-en-francais-dans-un-cadre-en-bois-4-couleurs\/#breadcrumb"},"inLanguage":"tr","potentialAction":[{"@type":"ReadAction","target":["https:\/\/monsieur-prevention.com\/product\/affiche-de-prevention-en-francais-dans-un-cadre-en-bois-4-couleurs\/"]}]},{"@type":"ImageObject","inLanguage":"tr","@id":"https:\/\/monsieur-prevention.com\/product\/affiche-de-prevention-en-francais-dans-un-cadre-en-bois-4-couleurs\/#primaryimage","url":"https:\/\/monsieur-prevention.com\/wp-content\/uploads\/2026\/02\/6aba765c-0a05-4e32-b722-f49de3869f59.jpg","contentUrl":"https:\/\/monsieur-prevention.com\/wp-content\/uploads\/2026\/02\/6aba765c-0a05-4e32-b722-f49de3869f59.jpg","width":2048,"height":2048,"caption":"6aba765c-0a05-4e32-b722-f49de3869f59"},{"@type":"BreadcrumbList","@id":"https:\/\/monsieur-prevention.com\/product\/affiche-de-prevention-en-francais-dans-un-cadre-en-bois-4-couleurs\/#breadcrumb","itemListElement":[{"@type":"ListItem","position":1,"name":"Home","item":"https:\/\/monsieur-prevention.com\/"},{"@type":"ListItem","position":2,"name":"Boutique","item":"https:\/\/monsieur-prevention.com\/boutique\/"},{"@type":"ListItem","position":3,"name":"Affiche de pr\u00e9vention en fran\u00e7ais dans un cadre en bois (4 couleurs)"}]},{"@type":"WebSite","@id":"https:\/\/monsieur-prevention.com\/#website","url":"https:\/\/monsieur-prevention.com\/","name":"Bay \u00d6nleme - S\u00e9bastien Brochot","description":"\u015eiddeti \u00f6nlemenin zorluklar\u0131na pratik yan\u0131tlar","publisher":{"@id":"https:\/\/monsieur-prevention.com\/#\/schema\/person\/a98adec1ea87e537031f136cbe7ad955"},"alternateName":"Sebastien Brochot","potentialAction":[{"@type":"SearchAction","target":{"@type":"EntryPoint","urlTemplate":"https:\/\/monsieur-prevention.com\/?s={search_term_string}"},"query-input":{"@type":"PropertyValueSpecification","valueRequired":true,"valueName":"search_term_string"}}],"inLanguage":"tr"},{"@type":["Person","Organization"],"@id":"https:\/\/monsieur-prevention.com\/#\/schema\/person\/a98adec1ea87e537031f136cbe7ad955","name":"S\u00e9bastien Brochot","image":{"@type":"ImageObject","inLanguage":"tr","@id":"https:\/\/monsieur-prevention.com\/wp-content\/uploads\/2026\/01\/favicon.jpg","url":"https:\/\/monsieur-prevention.com\/wp-content\/uploads\/2026\/01\/favicon.jpg","contentUrl":"https:\/\/monsieur-prevention.com\/wp-content\/uploads\/2026\/01\/favicon.jpg","width":1024,"height":1024,"caption":"S\u00e9bastien Brochot"},"logo":{"@id":"https:\/\/monsieur-prevention.com\/wp-content\/uploads\/2026\/01\/favicon.jpg"},"description":"Ad\u0131m S\u00e9bastien Brochot ve \u015fiddet \u00f6nleme stratejileri konusunda uzman\u0131m.","sameAs":["https:\/\/sebastienbrochot.com\/","https:\/\/www.instagram.com\/sebastien.brochot\/","https:\/\/www.linkedin.com\/in\/sebastienbrochot\/","https:\/\/x.com\/SBrochot","https:\/\/www.youtube.com\/@preventoriumfr"]}]}},"_links":{"self":[{"href":"https:\/\/monsieur-prevention.com\/tr\/wp-json\/wp\/v2\/product\/8834","targetHints":{"allow":["GET"]}}],"collection":[{"href":"https:\/\/monsieur-prevention.com\/tr\/wp-json\/wp\/v2\/product"}],"about":[{"href":"https:\/\/monsieur-prevention.com\/tr\/wp-json\/wp\/v2\/types\/product"}],"wp:featuredmedia":[{"embeddable":true,"href":"https:\/\/monsieur-prevention.com\/tr\/wp-json\/wp\/v2\/media\/8852"}],"wp:attachment":[{"href":"https:\/\/monsieur-prevention.com\/tr\/wp-json\/wp\/v2\/media?parent=8834"}],"wp:term":[{"taxonomy":"product_brand","embeddable":true,"href":"https:\/\/monsieur-prevention.com\/tr\/wp-json\/wp\/v2\/product_brand?post=8834"},{"taxonomy":"product_cat","embeddable":true,"href":"https:\/\/monsieur-prevention.com\/tr\/wp-json\/wp\/v2\/product_cat?post=8834"},{"taxonomy":"product_tag","embeddable":true,"href":"https:\/\/monsieur-prevention.com\/tr\/wp-json\/wp\/v2\/product_tag?post=8834"}],"curies":[{"name":"wp","href":"https:\/\/api.w.org\/{rel}","templated":true}]}}