{"id":8705,"date":"2026-01-20T19:12:37","date_gmt":"2026-01-20T19:12:37","guid":{"rendered":"https:\/\/monsieur-prevention.com\/product\/mug-en-ceramique-monsieur-prevention-33-cl-11-oz\/"},"modified":"2026-01-20T19:13:30","modified_gmt":"2026-01-20T19:13:30","slug":"mr-prevention-%e9%99%b6%e7%93%b7%e9%a9%ac%e5%85%8b%e6%9d%af%ef%bc%8c33-%e5%8e%98%e5%8d%87%ef%bc%8811-%e7%9b%8e%e5%8f%b8%ef%bc%89","status":"publish","type":"product","link":"https:\/\/monsieur-prevention.com\/zh\/product\/mug-en-ceramique-monsieur-prevention-33-cl-11-oz\/","title":{"rendered":"\u9884\u9632\u5148\u751f \u00ab\u9676\u74f7\u676f 33 \u5347\uff0811 \u76ce\u53f8\uff09"},"content":{"rendered":"<p>\u8fd9\u6b3e\u65f6\u5c1a\u7684\u9676\u74f7\u9a6c\u514b\u676f\u9002\u5408\u4e00\u5929\u4e2d\u7684\u4efb\u4f55\u65f6\u523b\uff1a\u65e9\u6668\u7684\u5496\u5561\u3001\u70ed\u5de7\u514b\u529b\uff0c\u6216\u4efb\u4f55\u60a8\u559c\u6b22\u7684\u70ed\u996e\u3002\u676f\u8eab\u6d01\u767d\u660e\u4eae\uff0c\u676f\u53e3\u3001\u5185\u58c1\u548c\u628a\u624b\u5747\u9970\u4ee5\u5f69\u8272\u56fe\u6848\u3002\u5370\u82b1\u6e05\u6670\u9192\u76ee\uff0c\u8272\u5f69\u8fd8\u539f\u5ea6\u6781\u4f73\u3002\u5373\u4f7f\u7ecf\u8fc7\u5fae\u6ce2\u7089\u52a0\u70ed\u6216\u6d17\u7897\u673a\u6e05\u6d17\uff0c\u56fe\u6848\u4f9d\u7136\u4fdd\u6301\u9c9c\u8273\u4eae\u4e3d\u3002.<\/p>\n<\/p>\n<ul>\n<li>\n<p>33 \u5398\u5347\uff0811 \u76ce\u53f8\uff09\u9676\u74f7\u9a6c\u514b\u676f<\/p>\n<\/li>\n<li>\n<p>\u53ef\u7528\u6d17\u7897\u673a\u6e05\u6d17\uff0c\u53ef\u7528\u5fae\u6ce2\u7089\u52a0\u70ed<\/p>\n<\/li>\n<li>\n<p>\u5f69\u8272\u9970\u8fb9\u3001\u5185\u9970\u548c\u628a\u624b<\/p>\n<\/li>\n<li>\n<p>\u767d\u8272\u6253\u5370\u533a\u57df<\/p>\n<\/li>\n<\/ul>","protected":false},"excerpt":{"rendered":"<p>Ce mug en c\u00e9ramique \u00e9l\u00e9gant est parfait \u00e0 tout moment de la journ\u00e9e\u202f: caf\u00e9 du matin, chocolat chaud ou toute autre boisson chaude que [&hellip;]<\/p>\n","protected":false},"featured_media":8704,"template":"","meta":{"_acf_changed":false},"product_brand":[],"product_cat":[255],"product_tag":[],"class_list":{"0":"post-8705","1":"product","2":"type-product","3":"status-publish","4":"has-post-thumbnail","6":"product_cat-goodies","8":"first","9":"instock","10":"shipping-taxable","11":"purchasable","12":"product-type-variable"},"acf":[],"yoast_head":"<!-- This site is optimized with the Yoast SEO plugin v27.6 - https:\/\/yoast.com\/product\/yoast-seo-wordpress\/ -->\n<title>Mug en c\u00e9ramique &quot;Monsieur PREVENTION&quot; 33 cl (11 oz) - Monsieur Pr\u00e9vention<\/title>\n<meta name=\"robots\" content=\"index, follow, max-snippet:-1, max-image-preview:large, max-video-preview:-1\" \/>\n<link rel=\"canonical\" href=\"https:\/\/monsieur-prevention.com\/zh\/\u4ea7\u54c1\/mr-prevention-\u9676\u74f7\u9a6c\u514b\u676f\uff0c33-\u5398\u5347\uff0811-\u76ce\u53f8\uff09\/\" \/>\n<meta property=\"og:locale\" content=\"zh_CN\" \/>\n<meta property=\"og:type\" content=\"article\" \/>\n<meta property=\"og:title\" content=\"Mug en c\u00e9ramique &quot;Monsieur PREVENTION&quot; 33 cl (11 oz) - Monsieur Pr\u00e9vention\" \/>\n<meta property=\"og:description\" content=\"Ce mug en c\u00e9ramique \u00e9l\u00e9gant est parfait \u00e0 tout moment de la journ\u00e9e\u202f: caf\u00e9 du matin, chocolat chaud ou toute autre boisson chaude que [&hellip;]\" \/>\n<meta property=\"og:url\" content=\"https:\/\/monsieur-prevention.com\/zh\/\u4ea7\u54c1\/mr-prevention-\u9676\u74f7\u9a6c\u514b\u676f\uff0c33-\u5398\u5347\uff0811-\u76ce\u53f8\uff09\/\" \/>\n<meta property=\"og:site_name\" content=\"Monsieur Pr\u00e9vention\" \/>\n<meta property=\"article:modified_time\" content=\"2026-01-20T19:13:30+00:00\" \/>\n<meta property=\"og:image\" content=\"https:\/\/monsieur-prevention.com\/wp-content\/uploads\/2026\/01\/1200.png\" \/>\n\t<meta property=\"og:image:width\" content=\"1200\" \/>\n\t<meta property=\"og:image:height\" content=\"800\" \/>\n\t<meta property=\"og:image:type\" content=\"image\/png\" \/>\n<meta name=\"twitter:card\" content=\"summary_large_image\" \/>\n<meta name=\"twitter:site\" content=\"@SBrochot\" \/>\n<meta name=\"twitter:label1\" content=\"\u9884\u8ba1\u9605\u8bfb\u65f6\u95f4\" \/>\n\t<meta name=\"twitter:data1\" content=\"1 \u5206\" \/>\n<script type=\"application\/ld+json\" class=\"yoast-schema-graph\">{\"@context\":\"https:\\\/\\\/schema.org\",\"@graph\":[{\"@type\":\"WebPage\",\"@id\":\"https:\\\/\\\/monsieur-prevention.com\\\/product\\\/mug-en-ceramique-monsieur-prevention-33-cl-11-oz\\\/\",\"url\":\"https:\\\/\\\/monsieur-prevention.com\\\/product\\\/mug-en-ceramique-monsieur-prevention-33-cl-11-oz\\\/\",\"name\":\"Mug en c\u00e9ramique \\\"Monsieur PREVENTION\\\" 33 cl (11 oz) - Monsieur Pr\u00e9vention\",\"isPartOf\":{\"@id\":\"https:\\\/\\\/monsieur-prevention.com\\\/#website\"},\"primaryImageOfPage\":{\"@id\":\"https:\\\/\\\/monsieur-prevention.com\\\/product\\\/mug-en-ceramique-monsieur-prevention-33-cl-11-oz\\\/#primaryimage\"},\"image\":{\"@id\":\"https:\\\/\\\/monsieur-prevention.com\\\/product\\\/mug-en-ceramique-monsieur-prevention-33-cl-11-oz\\\/#primaryimage\"},\"thumbnailUrl\":\"https:\\\/\\\/monsieur-prevention.com\\\/wp-content\\\/uploads\\\/2026\\\/01\\\/eab7e87f-9a1e-43db-80d0-dcce3de1127a.jpg\",\"datePublished\":\"2026-01-20T19:12:37+00:00\",\"dateModified\":\"2026-01-20T19:13:30+00:00\",\"breadcrumb\":{\"@id\":\"https:\\\/\\\/monsieur-prevention.com\\\/product\\\/mug-en-ceramique-monsieur-prevention-33-cl-11-oz\\\/#breadcrumb\"},\"inLanguage\":\"zh-Hans\",\"potentialAction\":[{\"@type\":\"ReadAction\",\"target\":[\"https:\\\/\\\/monsieur-prevention.com\\\/product\\\/mug-en-ceramique-monsieur-prevention-33-cl-11-oz\\\/\"]}]},{\"@type\":\"ImageObject\",\"inLanguage\":\"zh-Hans\",\"@id\":\"https:\\\/\\\/monsieur-prevention.com\\\/product\\\/mug-en-ceramique-monsieur-prevention-33-cl-11-oz\\\/#primaryimage\",\"url\":\"https:\\\/\\\/monsieur-prevention.com\\\/wp-content\\\/uploads\\\/2026\\\/01\\\/eab7e87f-9a1e-43db-80d0-dcce3de1127a.jpg\",\"contentUrl\":\"https:\\\/\\\/monsieur-prevention.com\\\/wp-content\\\/uploads\\\/2026\\\/01\\\/eab7e87f-9a1e-43db-80d0-dcce3de1127a.jpg\",\"width\":2048,\"height\":2048,\"caption\":\"eab7e87f-9a1e-43db-80d0-dcce3de1127a\"},{\"@type\":\"BreadcrumbList\",\"@id\":\"https:\\\/\\\/monsieur-prevention.com\\\/product\\\/mug-en-ceramique-monsieur-prevention-33-cl-11-oz\\\/#breadcrumb\",\"itemListElement\":[{\"@type\":\"ListItem\",\"position\":1,\"name\":\"Home\",\"item\":\"https:\\\/\\\/monsieur-prevention.com\\\/\"},{\"@type\":\"ListItem\",\"position\":2,\"name\":\"Boutique\",\"item\":\"https:\\\/\\\/monsieur-prevention.com\\\/boutique\\\/\"},{\"@type\":\"ListItem\",\"position\":3,\"name\":\"Mug en c\u00e9ramique \u00ab\u00a0Monsieur PREVENTION\u00a0\u00bb 33 cl (11 oz)\"}]},{\"@type\":\"WebSite\",\"@id\":\"https:\\\/\\\/monsieur-prevention.com\\\/#website\",\"url\":\"https:\\\/\\\/monsieur-prevention.com\\\/\",\"name\":\"Monsieur Pr\u00e9vention \u2013 S\u00e9bastien Brochot\",\"description\":\"Des r\u00e9ponses concr\u00e8tes aux enjeux de la pr\u00e9vention des violences\",\"publisher\":{\"@id\":\"https:\\\/\\\/monsieur-prevention.com\\\/#\\\/schema\\\/person\\\/a98adec1ea87e537031f136cbe7ad955\"},\"alternateName\":\"Sebastien Brochot\",\"potentialAction\":[{\"@type\":\"SearchAction\",\"target\":{\"@type\":\"EntryPoint\",\"urlTemplate\":\"https:\\\/\\\/monsieur-prevention.com\\\/?s={search_term_string}\"},\"query-input\":{\"@type\":\"PropertyValueSpecification\",\"valueRequired\":true,\"valueName\":\"search_term_string\"}}],\"inLanguage\":\"zh-Hans\"},{\"@type\":[\"Person\",\"Organization\"],\"@id\":\"https:\\\/\\\/monsieur-prevention.com\\\/#\\\/schema\\\/person\\\/a98adec1ea87e537031f136cbe7ad955\",\"name\":\"S\u00e9bastien Brochot\",\"image\":{\"@type\":\"ImageObject\",\"inLanguage\":\"zh-Hans\",\"@id\":\"https:\\\/\\\/monsieur-prevention.com\\\/wp-content\\\/uploads\\\/2026\\\/01\\\/favicon.jpg\",\"url\":\"https:\\\/\\\/monsieur-prevention.com\\\/wp-content\\\/uploads\\\/2026\\\/01\\\/favicon.jpg\",\"contentUrl\":\"https:\\\/\\\/monsieur-prevention.com\\\/wp-content\\\/uploads\\\/2026\\\/01\\\/favicon.jpg\",\"width\":1024,\"height\":1024,\"caption\":\"S\u00e9bastien Brochot\"},\"logo\":{\"@id\":\"https:\\\/\\\/monsieur-prevention.com\\\/wp-content\\\/uploads\\\/2026\\\/01\\\/favicon.jpg\"},\"description\":\"Je m'appelle S\u00e9bastien Brochot, je suis sp\u00e9cialiste en strat\u00e9gies de pr\u00e9vention des violences.\",\"sameAs\":[\"https:\\\/\\\/sebastienbrochot.com\\\/\",\"https:\\\/\\\/www.instagram.com\\\/sebastien.brochot\\\/\",\"https:\\\/\\\/www.linkedin.com\\\/in\\\/sebastienbrochot\\\/\",\"https:\\\/\\\/x.com\\\/SBrochot\",\"https:\\\/\\\/www.youtube.com\\\/@preventoriumfr\"]}]}<\/script>\n<!-- \/ Yoast SEO plugin. -->","yoast_head_json":{"title":"\"Monsieur PREVENTION\"\u9676\u74f7\u676f\uff0c33 \u5398\u5347\uff0811 \u76ce\u53f8\uff09 - Monsieur Pr\u00e9vention","robots":{"index":"index","follow":"follow","max-snippet":"max-snippet:-1","max-image-preview":"max-image-preview:large","max-video-preview":"max-video-preview:-1"},"canonical":"https:\/\/monsieur-prevention.com\/zh\/\u4ea7\u54c1\/mr-prevention-\u9676\u74f7\u9a6c\u514b\u676f\uff0c33-\u5398\u5347\uff0811-\u76ce\u53f8\uff09\/","og_locale":"zh_CN","og_type":"article","og_title":"Mug en c\u00e9ramique \"Monsieur PREVENTION\" 33 cl (11 oz) - Monsieur Pr\u00e9vention","og_description":"Ce mug en c\u00e9ramique \u00e9l\u00e9gant est parfait \u00e0 tout moment de la journ\u00e9e\u202f: caf\u00e9 du matin, chocolat chaud ou toute autre boisson chaude que [&hellip;]","og_url":"https:\/\/monsieur-prevention.com\/zh\/\u4ea7\u54c1\/mr-prevention-\u9676\u74f7\u9a6c\u514b\u676f\uff0c33-\u5398\u5347\uff0811-\u76ce\u53f8\uff09\/","og_site_name":"Monsieur Pr\u00e9vention","article_modified_time":"2026-01-20T19:13:30+00:00","og_image":[{"width":1200,"height":800,"url":"https:\/\/monsieur-prevention.com\/wp-content\/uploads\/2026\/01\/1200.png","type":"image\/png"}],"twitter_card":"summary_large_image","twitter_site":"@SBrochot","twitter_misc":{"\u9884\u8ba1\u9605\u8bfb\u65f6\u95f4":"1 \u5206"},"schema":{"@context":"https:\/\/schema.org","@graph":[{"@type":"WebPage","@id":"https:\/\/monsieur-prevention.com\/product\/mug-en-ceramique-monsieur-prevention-33-cl-11-oz\/","url":"https:\/\/monsieur-prevention.com\/product\/mug-en-ceramique-monsieur-prevention-33-cl-11-oz\/","name":"\"Monsieur PREVENTION\"\u9676\u74f7\u676f\uff0c33 \u5398\u5347\uff0811 \u76ce\u53f8\uff09 - Monsieur Pr\u00e9vention","isPartOf":{"@id":"https:\/\/monsieur-prevention.com\/#website"},"primaryImageOfPage":{"@id":"https:\/\/monsieur-prevention.com\/product\/mug-en-ceramique-monsieur-prevention-33-cl-11-oz\/#primaryimage"},"image":{"@id":"https:\/\/monsieur-prevention.com\/product\/mug-en-ceramique-monsieur-prevention-33-cl-11-oz\/#primaryimage"},"thumbnailUrl":"https:\/\/monsieur-prevention.com\/wp-content\/uploads\/2026\/01\/eab7e87f-9a1e-43db-80d0-dcce3de1127a.jpg","datePublished":"2026-01-20T19:12:37+00:00","dateModified":"2026-01-20T19:13:30+00:00","breadcrumb":{"@id":"https:\/\/monsieur-prevention.com\/product\/mug-en-ceramique-monsieur-prevention-33-cl-11-oz\/#breadcrumb"},"inLanguage":"zh-Hans","potentialAction":[{"@type":"ReadAction","target":["https:\/\/monsieur-prevention.com\/product\/mug-en-ceramique-monsieur-prevention-33-cl-11-oz\/"]}]},{"@type":"ImageObject","inLanguage":"zh-Hans","@id":"https:\/\/monsieur-prevention.com\/product\/mug-en-ceramique-monsieur-prevention-33-cl-11-oz\/#primaryimage","url":"https:\/\/monsieur-prevention.com\/wp-content\/uploads\/2026\/01\/eab7e87f-9a1e-43db-80d0-dcce3de1127a.jpg","contentUrl":"https:\/\/monsieur-prevention.com\/wp-content\/uploads\/2026\/01\/eab7e87f-9a1e-43db-80d0-dcce3de1127a.jpg","width":2048,"height":2048,"caption":"eab7e87f-9a1e-43db-80d0-dcce3de1127a"},{"@type":"BreadcrumbList","@id":"https:\/\/monsieur-prevention.com\/product\/mug-en-ceramique-monsieur-prevention-33-cl-11-oz\/#breadcrumb","itemListElement":[{"@type":"ListItem","position":1,"name":"Home","item":"https:\/\/monsieur-prevention.com\/"},{"@type":"ListItem","position":2,"name":"Boutique","item":"https:\/\/monsieur-prevention.com\/boutique\/"},{"@type":"ListItem","position":3,"name":"Mug en c\u00e9ramique \u00ab\u00a0Monsieur PREVENTION\u00a0\u00bb 33 cl (11 oz)"}]},{"@type":"WebSite","@id":"https:\/\/monsieur-prevention.com\/#website","url":"https:\/\/monsieur-prevention.com\/","name":"\u9884\u9632\u5148\u751f - \u585e\u5df4\u65af\u8482\u5b89-\u5e03\u7f57\u8096","description":"\u5207\u5b9e\u5e94\u5bf9\u9884\u9632\u66b4\u529b\u7684\u6311\u6218","publisher":{"@id":"https:\/\/monsieur-prevention.com\/#\/schema\/person\/a98adec1ea87e537031f136cbe7ad955"},"alternateName":"Sebastien Brochot","potentialAction":[{"@type":"SearchAction","target":{"@type":"EntryPoint","urlTemplate":"https:\/\/monsieur-prevention.com\/?s={search_term_string}"},"query-input":{"@type":"PropertyValueSpecification","valueRequired":true,"valueName":"search_term_string"}}],"inLanguage":"zh-Hans"},{"@type":["Person","Organization"],"@id":"https:\/\/monsieur-prevention.com\/#\/schema\/person\/a98adec1ea87e537031f136cbe7ad955","name":"\u585e\u5df4\u65af\u8482\u5b89-\u5e03\u7f57\u8096","image":{"@type":"ImageObject","inLanguage":"zh-Hans","@id":"https:\/\/monsieur-prevention.com\/wp-content\/uploads\/2026\/01\/favicon.jpg","url":"https:\/\/monsieur-prevention.com\/wp-content\/uploads\/2026\/01\/favicon.jpg","contentUrl":"https:\/\/monsieur-prevention.com\/wp-content\/uploads\/2026\/01\/favicon.jpg","width":1024,"height":1024,"caption":"S\u00e9bastien Brochot"},"logo":{"@id":"https:\/\/monsieur-prevention.com\/wp-content\/uploads\/2026\/01\/favicon.jpg"},"description":"\u6211\u53eb\u585e\u5df4\u65af\u8482\u5b89-\u5e03\u7f57\u8096\uff08S\u00e9bastien Brochot\uff09\uff0c\u4e13\u95e8\u7814\u7a76\u9884\u9632\u66b4\u529b\u6218\u7565\u3002.","sameAs":["https:\/\/sebastienbrochot.com\/","https:\/\/www.instagram.com\/sebastien.brochot\/","https:\/\/www.linkedin.com\/in\/sebastienbrochot\/","https:\/\/x.com\/SBrochot","https:\/\/www.youtube.com\/@preventoriumfr"]}]}},"_links":{"self":[{"href":"https:\/\/monsieur-prevention.com\/zh\/wp-json\/wp\/v2\/product\/8705","targetHints":{"allow":["GET"]}}],"collection":[{"href":"https:\/\/monsieur-prevention.com\/zh\/wp-json\/wp\/v2\/product"}],"about":[{"href":"https:\/\/monsieur-prevention.com\/zh\/wp-json\/wp\/v2\/types\/product"}],"wp:featuredmedia":[{"embeddable":true,"href":"https:\/\/monsieur-prevention.com\/zh\/wp-json\/wp\/v2\/media\/8704"}],"wp:attachment":[{"href":"https:\/\/monsieur-prevention.com\/zh\/wp-json\/wp\/v2\/media?parent=8705"}],"wp:term":[{"taxonomy":"product_brand","embeddable":true,"href":"https:\/\/monsieur-prevention.com\/zh\/wp-json\/wp\/v2\/product_brand?post=8705"},{"taxonomy":"product_cat","embeddable":true,"href":"https:\/\/monsieur-prevention.com\/zh\/wp-json\/wp\/v2\/product_cat?post=8705"},{"taxonomy":"product_tag","embeddable":true,"href":"https:\/\/monsieur-prevention.com\/zh\/wp-json\/wp\/v2\/product_tag?post=8705"}],"curies":[{"name":"wp","href":"https:\/\/api.w.org\/{rel}","templated":true}]}}