{"id":8804,"date":"2026-02-10T19:37:34","date_gmt":"2026-02-10T19:37:34","guid":{"rendered":"https:\/\/monsieur-prevention.com\/product\/affiche-de-prevention-en-anglais-dans-un-cadre-en-bois-4-couleurs-2\/"},"modified":"2026-02-11T18:53:19","modified_gmt":"2026-02-11T18:53:19","slug":"%e8%8b%b1%e6%96%87%e9%a2%84%e9%98%b2%e6%b5%b7%e6%8a%a5%ef%bc%8c%e6%9c%a8%e6%a1%86%e8%a3%85%e8%a3%b1%ef%bc%8c4%e8%89%b2%ef%bc%8c2","status":"publish","type":"product","link":"https:\/\/monsieur-prevention.com\/zh\/product\/affiche-de-prevention-en-anglais-dans-un-cadre-en-bois-4-couleurs-2\/","title":{"rendered":"\u6728\u6846\u82f1\u6587\u9884\u9632\u6d77\u62a5\uff084 \u79cd\u989c\u8272\uff09"},"content":{"rendered":"<p>\u6211\u4eec\u575a\u56fa\u8010\u7528\u7684\u88c5\u88f1\u6d77\u62a5\u53ef\u76f4\u63a5\u60ac\u6302\u3002\u4eab\u53d7\u5370\u5236\u5728\u7ecf\u5178\u3001\u8f7b\u76c8\u3001\u4f18\u96c5\u7684\u534a\u5149\u6cfd\u7eb8\u4e0a\u7684\u9ad8\u54c1\u8d28\u827a\u672f\u5370\u5237\u54c1\u3002.<\/p>\n<\/p>\n<ul>\n<li>\u914d\u6709\u5b89\u88c5\u5957\u4ef6\uff0c\u53ef\u76f4\u63a5\u5b89\u88c5\u5728\u5899\u4e0a\u3002.<\/li>\n<li>\u6846\u67b6\u6750\u8d28\uff1a\u8010\u7528\u677e\u6728\u3002.<\/li>\n<li>\u753b\u6846\u989c\u8272\uff1a\u9ed1\u8272\u3001\u767d\u8272\uff08\u5149\u6ed1\u8868\u9762\uff09\u3001\u539f\u6728\u8272\u548c\u6df1\u68d5\u8272\uff08\u53ef\u89c1\u7eb9\u7406\uff09\u3002.<\/li>\n<li>\u6846\u67b6\u5c3a\u5bf8\uff1a\u539a\u5ea6 20 \u81f3 25 \u6beb\u7c73\uff080.79 \u82f1\u5bf8\u81f3 0.98 \u82f1\u5bf8\uff09\uff0c\u5bbd\u5ea6 10 \u81f3 14 \u6beb\u7c73\uff080.4 \u82f1\u5bf8\u81f3 0.6 \u82f1\u5bf8\uff09\u3002.<\/li>\n<li>\u7eb8\u5f20\u91cd\u91cf\uff1a170 \u514b\/\u5e73\u65b9\u7c73\uff0865 \u78c5\uff09\uff0c\u539a\u5ea6\uff1a0.19 \u6beb\u7c73\uff087.5 \u5bc6\u8033\uff09\u3002.<\/li>\n<li>\u7eb8\u5f20\u8868\u9762\uff1a\u534a\u5149\u6cfd\uff0c\u7565\u5e26\u5149\u6cfd\uff0c\u589e\u5f3a\u8272\u5f69\u9971\u548c\u5ea6\u3002.<\/li>\n<li>\u4fdd\u62a4\u63aa\u65bd\uff1a\u6d77\u62a5\u7531\u4e0d\u6613\u788e\u7684\u6709\u673a\u73bb\u7483\u4fdd\u62a4\u3002.<\/li>\n<li>\u53ef\u6301\u7eed\u7eb8\u5f20\uff1a\u91c7\u7528\u7ecfFSC\u8ba4\u8bc1\u7684\u6750\u6599\u6216\u540c\u7b49\u6750\u6599\u3002.<\/li>\n<\/ul>\n<p>\u65e0\u6700\u4f4e\u8ba2\u8d2d\u91cf\u9650\u5236\u3002\u6309\u9700\u5370\u5237\u548c\u53d1\u8d27\u3002.<\/p>","protected":false},"excerpt":{"rendered":"<p>Nos affiches encadr\u00e9es en bois, solides et durables, sont pr\u00eates \u00e0 \u00eatre accroch\u00e9es. Profitez d\u2019impressions artistiques de haute qualit\u00e9 sur un papier semi-brillant classique, [&hellip;]<\/p>\n","protected":false},"featured_media":8823,"template":"","meta":{"_acf_changed":false},"product_brand":[],"product_cat":[436],"product_tag":[],"class_list":{"0":"post-8804","1":"product","2":"type-product","3":"status-publish","4":"has-post-thumbnail","6":"product_cat-posters","8":"first","9":"instock","10":"shipping-taxable","11":"purchasable","12":"product-type-variable"},"acf":[],"yoast_head":"<!-- This site is optimized with the Yoast SEO plugin v27.5 - https:\/\/yoast.com\/product\/yoast-seo-wordpress\/ -->\n<title>Affiche de pr\u00e9vention en anglais dans un cadre en bois (4 couleurs) - Monsieur Pr\u00e9vention<\/title>\n<meta name=\"robots\" content=\"index, follow, max-snippet:-1, max-image-preview:large, max-video-preview:-1\" \/>\n<link rel=\"canonical\" href=\"https:\/\/monsieur-prevention.com\/zh\/product\/\u82f1\u6587\u9884\u9632\u6d77\u62a5\uff0c\u6728\u6846\u88c5\u88f1\uff0c4\u8272\uff0c2\/\" \/>\n<meta property=\"og:locale\" content=\"zh_CN\" \/>\n<meta property=\"og:type\" content=\"article\" \/>\n<meta property=\"og:title\" content=\"Affiche de pr\u00e9vention en anglais dans un cadre en bois (4 couleurs) - Monsieur Pr\u00e9vention\" \/>\n<meta property=\"og:description\" content=\"Nos affiches encadr\u00e9es en bois, solides et durables, sont pr\u00eates \u00e0 \u00eatre accroch\u00e9es. Profitez d\u2019impressions artistiques de haute qualit\u00e9 sur un papier semi-brillant classique, [&hellip;]\" \/>\n<meta property=\"og:url\" content=\"https:\/\/monsieur-prevention.com\/zh\/product\/\u82f1\u6587\u9884\u9632\u6d77\u62a5\uff0c\u6728\u6846\u88c5\u88f1\uff0c4\u8272\uff0c2\/\" \/>\n<meta property=\"og:site_name\" content=\"Monsieur Pr\u00e9vention\" \/>\n<meta property=\"article:modified_time\" content=\"2026-02-11T18:53:19+00:00\" \/>\n<meta property=\"og:image\" content=\"https:\/\/monsieur-prevention.com\/wp-content\/uploads\/2026\/02\/5051d28f-dcc5-404d-bac7-d9cf1e66fd8b.jpg\" \/>\n\t<meta property=\"og:image:width\" content=\"2048\" \/>\n\t<meta property=\"og:image:height\" content=\"2048\" \/>\n\t<meta property=\"og:image:type\" content=\"image\/jpeg\" \/>\n<meta name=\"twitter:card\" content=\"summary_large_image\" \/>\n<meta name=\"twitter:site\" content=\"@SBrochot\" \/>\n<meta name=\"twitter:label1\" content=\"\u9884\u8ba1\u9605\u8bfb\u65f6\u95f4\" \/>\n\t<meta name=\"twitter:data1\" content=\"1 \u5206\" \/>\n<script type=\"application\/ld+json\" class=\"yoast-schema-graph\">{\"@context\":\"https:\\\/\\\/schema.org\",\"@graph\":[{\"@type\":\"WebPage\",\"@id\":\"https:\\\/\\\/monsieur-prevention.com\\\/product\\\/affiche-de-prevention-en-anglais-dans-un-cadre-en-bois-4-couleurs-2\\\/\",\"url\":\"https:\\\/\\\/monsieur-prevention.com\\\/product\\\/affiche-de-prevention-en-anglais-dans-un-cadre-en-bois-4-couleurs-2\\\/\",\"name\":\"Affiche de pr\u00e9vention en anglais dans un cadre en bois (4 couleurs) - Monsieur Pr\u00e9vention\",\"isPartOf\":{\"@id\":\"https:\\\/\\\/monsieur-prevention.com\\\/#website\"},\"primaryImageOfPage\":{\"@id\":\"https:\\\/\\\/monsieur-prevention.com\\\/product\\\/affiche-de-prevention-en-anglais-dans-un-cadre-en-bois-4-couleurs-2\\\/#primaryimage\"},\"image\":{\"@id\":\"https:\\\/\\\/monsieur-prevention.com\\\/product\\\/affiche-de-prevention-en-anglais-dans-un-cadre-en-bois-4-couleurs-2\\\/#primaryimage\"},\"thumbnailUrl\":\"https:\\\/\\\/monsieur-prevention.com\\\/wp-content\\\/uploads\\\/2026\\\/02\\\/5051d28f-dcc5-404d-bac7-d9cf1e66fd8b.jpg\",\"datePublished\":\"2026-02-10T19:37:34+00:00\",\"dateModified\":\"2026-02-11T18:53:19+00:00\",\"breadcrumb\":{\"@id\":\"https:\\\/\\\/monsieur-prevention.com\\\/product\\\/affiche-de-prevention-en-anglais-dans-un-cadre-en-bois-4-couleurs-2\\\/#breadcrumb\"},\"inLanguage\":\"zh-Hans\",\"potentialAction\":[{\"@type\":\"ReadAction\",\"target\":[\"https:\\\/\\\/monsieur-prevention.com\\\/product\\\/affiche-de-prevention-en-anglais-dans-un-cadre-en-bois-4-couleurs-2\\\/\"]}]},{\"@type\":\"ImageObject\",\"inLanguage\":\"zh-Hans\",\"@id\":\"https:\\\/\\\/monsieur-prevention.com\\\/product\\\/affiche-de-prevention-en-anglais-dans-un-cadre-en-bois-4-couleurs-2\\\/#primaryimage\",\"url\":\"https:\\\/\\\/monsieur-prevention.com\\\/wp-content\\\/uploads\\\/2026\\\/02\\\/5051d28f-dcc5-404d-bac7-d9cf1e66fd8b.jpg\",\"contentUrl\":\"https:\\\/\\\/monsieur-prevention.com\\\/wp-content\\\/uploads\\\/2026\\\/02\\\/5051d28f-dcc5-404d-bac7-d9cf1e66fd8b.jpg\",\"width\":2048,\"height\":2048,\"caption\":\"5051d28f-dcc5-404d-bac7-d9cf1e66fd8b\"},{\"@type\":\"BreadcrumbList\",\"@id\":\"https:\\\/\\\/monsieur-prevention.com\\\/product\\\/affiche-de-prevention-en-anglais-dans-un-cadre-en-bois-4-couleurs-2\\\/#breadcrumb\",\"itemListElement\":[{\"@type\":\"ListItem\",\"position\":1,\"name\":\"Home\",\"item\":\"https:\\\/\\\/monsieur-prevention.com\\\/\"},{\"@type\":\"ListItem\",\"position\":2,\"name\":\"Boutique\",\"item\":\"https:\\\/\\\/monsieur-prevention.com\\\/boutique\\\/\"},{\"@type\":\"ListItem\",\"position\":3,\"name\":\"Affiche de pr\u00e9vention en anglais dans un cadre en bois (4 couleurs)\"}]},{\"@type\":\"WebSite\",\"@id\":\"https:\\\/\\\/monsieur-prevention.com\\\/#website\",\"url\":\"https:\\\/\\\/monsieur-prevention.com\\\/\",\"name\":\"Monsieur Pr\u00e9vention \u2013 S\u00e9bastien Brochot\",\"description\":\"Des r\u00e9ponses concr\u00e8tes aux enjeux de la pr\u00e9vention des violences\",\"publisher\":{\"@id\":\"https:\\\/\\\/monsieur-prevention.com\\\/#\\\/schema\\\/person\\\/a98adec1ea87e537031f136cbe7ad955\"},\"alternateName\":\"Sebastien Brochot\",\"potentialAction\":[{\"@type\":\"SearchAction\",\"target\":{\"@type\":\"EntryPoint\",\"urlTemplate\":\"https:\\\/\\\/monsieur-prevention.com\\\/?s={search_term_string}\"},\"query-input\":{\"@type\":\"PropertyValueSpecification\",\"valueRequired\":true,\"valueName\":\"search_term_string\"}}],\"inLanguage\":\"zh-Hans\"},{\"@type\":[\"Person\",\"Organization\"],\"@id\":\"https:\\\/\\\/monsieur-prevention.com\\\/#\\\/schema\\\/person\\\/a98adec1ea87e537031f136cbe7ad955\",\"name\":\"S\u00e9bastien Brochot\",\"image\":{\"@type\":\"ImageObject\",\"inLanguage\":\"zh-Hans\",\"@id\":\"https:\\\/\\\/monsieur-prevention.com\\\/wp-content\\\/uploads\\\/2026\\\/01\\\/favicon.jpg\",\"url\":\"https:\\\/\\\/monsieur-prevention.com\\\/wp-content\\\/uploads\\\/2026\\\/01\\\/favicon.jpg\",\"contentUrl\":\"https:\\\/\\\/monsieur-prevention.com\\\/wp-content\\\/uploads\\\/2026\\\/01\\\/favicon.jpg\",\"width\":1024,\"height\":1024,\"caption\":\"S\u00e9bastien Brochot\"},\"logo\":{\"@id\":\"https:\\\/\\\/monsieur-prevention.com\\\/wp-content\\\/uploads\\\/2026\\\/01\\\/favicon.jpg\"},\"description\":\"Je m'appelle S\u00e9bastien Brochot, je suis sp\u00e9cialiste en strat\u00e9gies de pr\u00e9vention des violences.\",\"sameAs\":[\"https:\\\/\\\/sebastienbrochot.com\\\/\",\"https:\\\/\\\/www.instagram.com\\\/sebastien.brochot\\\/\",\"https:\\\/\\\/www.linkedin.com\\\/in\\\/sebastienbrochot\\\/\",\"https:\\\/\\\/x.com\\\/SBrochot\",\"https:\\\/\\\/www.youtube.com\\\/@preventoriumfr\"]}]}<\/script>\n<!-- \/ Yoast SEO plugin. -->","yoast_head_json":{"title":"\u82f1\u6587\u7248\u9884\u9632\u5ba3\u4f20\u6d77\u62a5\uff0c\u6728\u6846\u88c5\u88f1\uff08\u56db\u8272\uff09\u2014\u2014\u9884\u9632\u5148\u751f","robots":{"index":"index","follow":"follow","max-snippet":"max-snippet:-1","max-image-preview":"max-image-preview:large","max-video-preview":"max-video-preview:-1"},"canonical":"https:\/\/monsieur-prevention.com\/zh\/product\/\u82f1\u6587\u9884\u9632\u6d77\u62a5\uff0c\u6728\u6846\u88c5\u88f1\uff0c4\u8272\uff0c2\/","og_locale":"zh_CN","og_type":"article","og_title":"Affiche de pr\u00e9vention en anglais dans un cadre en bois (4 couleurs) - Monsieur Pr\u00e9vention","og_description":"Nos affiches encadr\u00e9es en bois, solides et durables, sont pr\u00eates \u00e0 \u00eatre accroch\u00e9es. Profitez d\u2019impressions artistiques de haute qualit\u00e9 sur un papier semi-brillant classique, [&hellip;]","og_url":"https:\/\/monsieur-prevention.com\/zh\/product\/\u82f1\u6587\u9884\u9632\u6d77\u62a5\uff0c\u6728\u6846\u88c5\u88f1\uff0c4\u8272\uff0c2\/","og_site_name":"Monsieur Pr\u00e9vention","article_modified_time":"2026-02-11T18:53:19+00:00","og_image":[{"width":2048,"height":2048,"url":"https:\/\/monsieur-prevention.com\/wp-content\/uploads\/2026\/02\/5051d28f-dcc5-404d-bac7-d9cf1e66fd8b.jpg","type":"image\/jpeg"}],"twitter_card":"summary_large_image","twitter_site":"@SBrochot","twitter_misc":{"\u9884\u8ba1\u9605\u8bfb\u65f6\u95f4":"1 \u5206"},"schema":{"@context":"https:\/\/schema.org","@graph":[{"@type":"WebPage","@id":"https:\/\/monsieur-prevention.com\/product\/affiche-de-prevention-en-anglais-dans-un-cadre-en-bois-4-couleurs-2\/","url":"https:\/\/monsieur-prevention.com\/product\/affiche-de-prevention-en-anglais-dans-un-cadre-en-bois-4-couleurs-2\/","name":"\u82f1\u6587\u7248\u9884\u9632\u5ba3\u4f20\u6d77\u62a5\uff0c\u6728\u6846\u88c5\u88f1\uff08\u56db\u8272\uff09\u2014\u2014\u9884\u9632\u5148\u751f","isPartOf":{"@id":"https:\/\/monsieur-prevention.com\/#website"},"primaryImageOfPage":{"@id":"https:\/\/monsieur-prevention.com\/product\/affiche-de-prevention-en-anglais-dans-un-cadre-en-bois-4-couleurs-2\/#primaryimage"},"image":{"@id":"https:\/\/monsieur-prevention.com\/product\/affiche-de-prevention-en-anglais-dans-un-cadre-en-bois-4-couleurs-2\/#primaryimage"},"thumbnailUrl":"https:\/\/monsieur-prevention.com\/wp-content\/uploads\/2026\/02\/5051d28f-dcc5-404d-bac7-d9cf1e66fd8b.jpg","datePublished":"2026-02-10T19:37:34+00:00","dateModified":"2026-02-11T18:53:19+00:00","breadcrumb":{"@id":"https:\/\/monsieur-prevention.com\/product\/affiche-de-prevention-en-anglais-dans-un-cadre-en-bois-4-couleurs-2\/#breadcrumb"},"inLanguage":"zh-Hans","potentialAction":[{"@type":"ReadAction","target":["https:\/\/monsieur-prevention.com\/product\/affiche-de-prevention-en-anglais-dans-un-cadre-en-bois-4-couleurs-2\/"]}]},{"@type":"ImageObject","inLanguage":"zh-Hans","@id":"https:\/\/monsieur-prevention.com\/product\/affiche-de-prevention-en-anglais-dans-un-cadre-en-bois-4-couleurs-2\/#primaryimage","url":"https:\/\/monsieur-prevention.com\/wp-content\/uploads\/2026\/02\/5051d28f-dcc5-404d-bac7-d9cf1e66fd8b.jpg","contentUrl":"https:\/\/monsieur-prevention.com\/wp-content\/uploads\/2026\/02\/5051d28f-dcc5-404d-bac7-d9cf1e66fd8b.jpg","width":2048,"height":2048,"caption":"5051d28f-dcc5-404d-bac7-d9cf1e66fd8b"},{"@type":"BreadcrumbList","@id":"https:\/\/monsieur-prevention.com\/product\/affiche-de-prevention-en-anglais-dans-un-cadre-en-bois-4-couleurs-2\/#breadcrumb","itemListElement":[{"@type":"ListItem","position":1,"name":"Home","item":"https:\/\/monsieur-prevention.com\/"},{"@type":"ListItem","position":2,"name":"Boutique","item":"https:\/\/monsieur-prevention.com\/boutique\/"},{"@type":"ListItem","position":3,"name":"Affiche de pr\u00e9vention en anglais dans un cadre en bois (4 couleurs)"}]},{"@type":"WebSite","@id":"https:\/\/monsieur-prevention.com\/#website","url":"https:\/\/monsieur-prevention.com\/","name":"\u9884\u9632\u5148\u751f - \u585e\u5df4\u65af\u8482\u5b89-\u5e03\u7f57\u8096","description":"\u5207\u5b9e\u5e94\u5bf9\u9884\u9632\u66b4\u529b\u7684\u6311\u6218","publisher":{"@id":"https:\/\/monsieur-prevention.com\/#\/schema\/person\/a98adec1ea87e537031f136cbe7ad955"},"alternateName":"Sebastien Brochot","potentialAction":[{"@type":"SearchAction","target":{"@type":"EntryPoint","urlTemplate":"https:\/\/monsieur-prevention.com\/?s={search_term_string}"},"query-input":{"@type":"PropertyValueSpecification","valueRequired":true,"valueName":"search_term_string"}}],"inLanguage":"zh-Hans"},{"@type":["Person","Organization"],"@id":"https:\/\/monsieur-prevention.com\/#\/schema\/person\/a98adec1ea87e537031f136cbe7ad955","name":"\u585e\u5df4\u65af\u8482\u5b89-\u5e03\u7f57\u8096","image":{"@type":"ImageObject","inLanguage":"zh-Hans","@id":"https:\/\/monsieur-prevention.com\/wp-content\/uploads\/2026\/01\/favicon.jpg","url":"https:\/\/monsieur-prevention.com\/wp-content\/uploads\/2026\/01\/favicon.jpg","contentUrl":"https:\/\/monsieur-prevention.com\/wp-content\/uploads\/2026\/01\/favicon.jpg","width":1024,"height":1024,"caption":"S\u00e9bastien Brochot"},"logo":{"@id":"https:\/\/monsieur-prevention.com\/wp-content\/uploads\/2026\/01\/favicon.jpg"},"description":"\u6211\u53eb\u585e\u5df4\u65af\u8482\u5b89-\u5e03\u7f57\u8096\uff08S\u00e9bastien Brochot\uff09\uff0c\u4e13\u95e8\u7814\u7a76\u9884\u9632\u66b4\u529b\u6218\u7565\u3002.","sameAs":["https:\/\/sebastienbrochot.com\/","https:\/\/www.instagram.com\/sebastien.brochot\/","https:\/\/www.linkedin.com\/in\/sebastienbrochot\/","https:\/\/x.com\/SBrochot","https:\/\/www.youtube.com\/@preventoriumfr"]}]}},"_links":{"self":[{"href":"https:\/\/monsieur-prevention.com\/zh\/wp-json\/wp\/v2\/product\/8804","targetHints":{"allow":["GET"]}}],"collection":[{"href":"https:\/\/monsieur-prevention.com\/zh\/wp-json\/wp\/v2\/product"}],"about":[{"href":"https:\/\/monsieur-prevention.com\/zh\/wp-json\/wp\/v2\/types\/product"}],"wp:featuredmedia":[{"embeddable":true,"href":"https:\/\/monsieur-prevention.com\/zh\/wp-json\/wp\/v2\/media\/8823"}],"wp:attachment":[{"href":"https:\/\/monsieur-prevention.com\/zh\/wp-json\/wp\/v2\/media?parent=8804"}],"wp:term":[{"taxonomy":"product_brand","embeddable":true,"href":"https:\/\/monsieur-prevention.com\/zh\/wp-json\/wp\/v2\/product_brand?post=8804"},{"taxonomy":"product_cat","embeddable":true,"href":"https:\/\/monsieur-prevention.com\/zh\/wp-json\/wp\/v2\/product_cat?post=8804"},{"taxonomy":"product_tag","embeddable":true,"href":"https:\/\/monsieur-prevention.com\/zh\/wp-json\/wp\/v2\/product_tag?post=8804"}],"curies":[{"name":"wp","href":"https:\/\/api.w.org\/{rel}","templated":true}]}}